{"id":1010,"date":"2013-08-06T19:26:17","date_gmt":"2013-08-06T19:26:17","guid":{"rendered":"http:\/\/www.ciencianews.com.br\/homologacao\/?page_id=1010"},"modified":"2015-08-22T13:38:49","modified_gmt":"2015-08-22T13:38:49","slug":"revista-eletronica-virtual-artigos","status":"publish","type":"page","link":"https:\/\/www.ciencianews.com.br\/index.php\/revista-eletronica-virtual\/revista-eletronica-virtual-artigos\/","title":{"rendered":"Revista Eletr\u00f4nica Virtual &#8211; Artigos"},"content":{"rendered":"<ol>\n<li>\n<h3><em><span style=\"color: #0000ff;\"><span style=\"color: #0000ff;\"><strong><a title=\"ARTIGOS DE AN\u00c1LISES CL\u00cdNICAS\" href=\"http:\/\/www.ciencianews.com.br\/index.php\/revista-eletronica-virtual\/revista-eletronica-virtual-artigos\/artigos-de-analises-clinicas\/\">An\u00e1lises Cl\u00ednicas<\/a><\/strong><\/span><\/span><em><\/em><\/em><\/h3>\n<\/li>\n<li>\n<h3><em><span style=\"color: #0000ff;\"><span style=\"color: #0000ff;\"><strong><a title=\"ARTIGOS DE HEMATOLOGIA\" href=\"http:\/\/www.ciencianews.com.br\/index.php\/revista-eletronica-virtual\/revista-eletronica-virtual-artigos\/artigos-de-hematologia\/\">Hematologia<\/a><\/strong><\/span><\/span><em><\/em><\/em><\/h3>\n<\/li>\n<li>\n<h3><em><span style=\"color: #0000ff;\"><span style=\"color: #0000ff;\"><strong><a title=\"ARTIGOS DE BIOLOGIA MOLECULAR\" href=\"http:\/\/www.ciencianews.com.br\/index.php\/revista-eletronica-virtual\/revista-eletronica-virtual-artigos\/artigos-de-biologia-molecular\/\">Biologia Molecular<\/a><\/strong><\/span><\/span><em><\/em><\/em><\/h3>\n<\/li>\n<li>\n<h3><em><span style=\"color: #0000ff;\"><span style=\"color: #0000ff;\"><strong><a title=\"ARTIGOS DE IMUNOLOGIA\" href=\"http:\/\/www.ciencianews.com.br\/index.php\/revista-eletronica-virtual\/revista-eletronica-virtual-artigos\/artigos-de-imunologia\/\">Imunologia<\/a><\/strong><\/span><\/span><\/em><\/h3>\n<\/li>\n<li>\n<h3><em><span style=\"color: #0000ff;\"><span style=\"color: #0000ff;\"><strong><a title=\"ARTIGOS DE MICROBIOLOGIA\" href=\"http:\/\/www.ciencianews.com.br\/index.php\/revista-eletronica-virtual\/revista-eletronica-virtual-artigos\/artigos-de-microbiologia\/\">Microbiologia<\/a><\/strong><\/span><\/span><\/em><\/h3>\n<\/li>\n<li>\n<h3><em><span style=\"color: #0000ff;\"><span style=\"color: #0000ff;\"><strong><a title=\"ADMINISTRA\u00c7\u00c3O LABORATORIAL\" href=\"http:\/\/www.ciencianews.com.br\/index.php\/revista-eletronica-virtual\/revista-eletronica-virtual-artigos\/administracao-laboratorial\/\">Administra\u00e7\u00e3o Laboratorial<\/a><\/strong><\/span><\/span><\/em><\/h3>\n<\/li>\n<li>\n<h3><em><span style=\"color: #0000ff;\"><span style=\"color: #0000ff;\"><strong><a title=\"BIOQU\u00cdMICA CL\u00cdNICA E LABORATORIAL\" href=\"\/arquivos\/ACET\/IMAGENS\/revista_virtual\/bioquimica_clinica_laboratorial\/artigo_Kayo.pdf\" target=\"_blank\">Bioqu\u00edmica Cl\u00ednica e Laboratorial<\/a><\/strong><\/span><\/span><\/em><\/h3>\n<\/li>\n<li>\n<h3><em><span style=\"color: #0000ff;\"><span style=\"color: #0000ff;\"><strong><a title=\"Contribui\u00e7\u00e3o a padroniza\u00e7\u00e3o dos perfis bioqu\u00edmicos em c\u00e3es com Peso entre 8 a 20Kg na cidade de Ourinho - SP, Brasil\" href=\"\/arquivos\/ACET\/IMAGENS\/revista_virtual\/padronizacao\/contribuicao_padronizacao.pdf\" target=\"_blank\">Contribui\u00e7\u00e3o a padroniza\u00e7\u00e3o dos perfis bioqu\u00edmicos em c\u00e3es com Peso entre 8 a 20Kg na cidade de Ourinho &#8211; SP, Brasil<\/a><\/strong><\/span><\/span><\/em> &nbsp;<\/h3>\n<\/li>\n<\/ol>\n<p>&nbsp;<\/p>\n<blockquote>\n<p style=\"text-align: justify;\">Os artigos aqui vinculados s\u00e3o de total responsabilidade de seus autores. N\u00e3o nos responsabilizamos por quaisquer informa\u00e7\u00f5es err\u00f4neas ou infundadas. Este material \u00e9 de uso exclusivo para consulta pessoal ou cient\u00edfica, ficando proibida a reprodu\u00e7\u00e3o sem a pr\u00e9via autoriza\u00e7\u00e3o dos autores.<\/p>\n<p style=\"text-align: right;\">A Reda\u00e7\u00e3o<\/p>\n<\/blockquote>\n","protected":false},"excerpt":{"rendered":"<p>An\u00e1lises Cl\u00ednicas Hematologia Biologia Molecular Imunologia Microbiologia Administra\u00e7\u00e3o Laboratorial Bioqu\u00edmica Cl\u00ednica e Laboratorial Contribui\u00e7\u00e3o a padroniza\u00e7\u00e3o dos perfis bioqu\u00edmicos em c\u00e3es com Peso entre 8 a 20Kg na cidade de Ourinho &#8211; SP, Brasil &nbsp; &nbsp; Os artigos aqui vinculados [&hellip;]<\/p>\n","protected":false},"author":1,"featured_media":0,"parent":133,"menu_order":0,"comment_status":"open","ping_status":"open","template":"","meta":{"_uag_custom_page_level_css":"","_joinchat":[],"footnotes":""},"class_list":["post-1010","page","type-page","status-publish","hentry"],"uagb_featured_image_src":{"full":false,"thumbnail":false,"medium":false,"medium_large":false,"large":false,"1536x1536":false,"2048x2048":false,"post-thumbnail":false,"business-hub-blog":false,"business-hub-work":false},"uagb_author_info":{"display_name":"real","author_link":"https:\/\/www.ciencianews.com.br\/index.php\/author\/real\/"},"uagb_comment_info":0,"uagb_excerpt":"An\u00e1lises Cl\u00ednicas Hematologia Biologia Molecular Imunologia Microbiologia Administra\u00e7\u00e3o Laboratorial Bioqu\u00edmica Cl\u00ednica e Laboratorial Contribui\u00e7\u00e3o a padroniza\u00e7\u00e3o dos perfis bioqu\u00edmicos em c\u00e3es com Peso entre 8 a 20Kg na cidade de Ourinho &#8211; SP, Brasil &nbsp; &nbsp; Os artigos aqui vinculados [&hellip;]","_links":{"self":[{"href":"https:\/\/www.ciencianews.com.br\/index.php\/wp-json\/wp\/v2\/pages\/1010","targetHints":{"allow":["GET"]}}],"collection":[{"href":"https:\/\/www.ciencianews.com.br\/index.php\/wp-json\/wp\/v2\/pages"}],"about":[{"href":"https:\/\/www.ciencianews.com.br\/index.php\/wp-json\/wp\/v2\/types\/page"}],"author":[{"embeddable":true,"href":"https:\/\/www.ciencianews.com.br\/index.php\/wp-json\/wp\/v2\/users\/1"}],"replies":[{"embeddable":true,"href":"https:\/\/www.ciencianews.com.br\/index.php\/wp-json\/wp\/v2\/comments?post=1010"}],"version-history":[{"count":23,"href":"https:\/\/www.ciencianews.com.br\/index.php\/wp-json\/wp\/v2\/pages\/1010\/revisions"}],"predecessor-version":[{"id":3055,"href":"https:\/\/www.ciencianews.com.br\/index.php\/wp-json\/wp\/v2\/pages\/1010\/revisions\/3055"}],"up":[{"embeddable":true,"href":"https:\/\/www.ciencianews.com.br\/index.php\/wp-json\/wp\/v2\/pages\/133"}],"wp:attachment":[{"href":"https:\/\/www.ciencianews.com.br\/index.php\/wp-json\/wp\/v2\/media?parent=1010"}],"curies":[{"name":"wp","href":"https:\/\/api.w.org\/{rel}","templated":true}]}}