{"id":1156,"date":"2013-08-13T19:31:05","date_gmt":"2013-08-13T19:31:05","guid":{"rendered":"http:\/\/www.ciencianews.com.br\/homologacao\/?page_id=1156"},"modified":"2019-09-17T11:13:07","modified_gmt":"2019-09-17T11:13:07","slug":"artigos-de-microbiologia","status":"publish","type":"page","link":"https:\/\/www.ciencianews.com.br\/index.php\/revista-eletronica-virtual\/revista-eletronica-virtual-artigos\/artigos-de-microbiologia\/","title":{"rendered":"ARTIGOS DE MICROBIOLOGIA"},"content":{"rendered":"<ol>\n<li style=\"text-align: justify;\">\n<h4><span style=\"color: #0000ff;\"><span style=\"color: #0000ff;\"><strong><a href=\"http:\/\/www.ciencianews.com.br\/arquivos\/ACET\/IMAGENS\/Artigos_cientificos\/1-Atividade-antibacteriana-alho.pdf\" target=\"_blank\">ATIVIDADES ANTIBACTERIANAS DO ALHO <\/a><\/strong><\/span><\/span><span style=\"text-align: justify; line-height: 1.7;\">,<span style=\"line-height: 1.7; font-size: 12px;\"> SANTOS MORENO, Rafaella L. <\/span><\/h4>\n<\/li>\n<li style=\"text-align: justify;\">\n<h4><span style=\"color: #0000ff;\"><span style=\"color: #0000ff;\"><strong><a href=\"http:\/\/www.ciencianews.com.br\/arquivos\/ACET\/IMAGENS\/Artigos_cientificos\/4-Infeccoes-bacterias-resistentes.pdf\" target=\"_blank\">INFEC\u00c7\u00d5ES POR BACTERIAS RESISTENTES <\/a><\/strong><\/span><\/span><span style=\"text-align: justify; line-height: 1.7;\">,<span style=\"line-height: 1.7; font-size: 12px;\"> CAMP\u00caLO, Ana L\u00facia. <\/span><\/h4>\n<\/li>\n<li style=\"text-align: justify;\">\n<h4><span style=\"color: #0000ff;\"><span style=\"color: #0000ff;\"><strong><a href=\"http:\/\/www.ciencianews.com.br\/arquivos\/ACET\/IMAGENS\/Artigos_cientificos\/3-contaminacao_bacteriana.pdf\" target=\"_blank\">CONTAMINA\u00c7\u00c3O BACTERIANA EM CONCENTRADOS PLAQUET\u00c1RIOS <\/a><\/strong><\/span><\/span><span style=\"text-align: justify; line-height: 1.7;\">,<span style=\"line-height: 1.7; font-size: 12px;\"> RIBEIRO MEZA, Gabriela de Moraes. <\/span><\/h4>\n<\/li>\n<li style=\"text-align: justify;\">\n<h4><span style=\"color: #0000ff;\"><span style=\"color: #0000ff;\"><strong><a href=\"http:\/\/www.ciencianews.com.br\/arquivos\/ACET\/IMAGENS\/Artigos_cientificos\/1-Artigo-Coloniza\u00e7\u00e3o-de-estreptococos.pdf\" target=\"_blank\">COLONIZA\u00c7\u00c3O DO STREPTOCOCCUS AGALACTIAE EM MULHERES GR\u00c1VIDAS <\/a><\/strong><\/span><\/span><span style=\"text-align: justify; line-height: 1.7;\">,<span style=\"line-height: 1.7; font-size: 12px;\"> MUNIZ DE ANDRADE, Giovana Ribeiro. <\/span><\/h4>\n<\/li>\n<li style=\"text-align: justify;\">\n<h4><span style=\"color: #0000ff;\"><span style=\"color: #0000ff;\"><strong><a href=\"\/arquivos\/ACET\/IMAGENS\/Noticias_ACET\/noticia_1_carbapenemases.pdf\" target=\"_blank\">CARBAPENEMASES: Um Problema em Evolu\u00e7\u00e3o<\/a><\/strong><\/span><\/span><span style=\"text-align: justify; line-height: 1.7;\">,<span style=\"line-height: 1.7; font-size: 12px;\"> RIOS, Valesca Magalh\u00e3es, ALMEIDA, Margarete Teresa Gottardo <\/span><\/h4>\n<\/li>\n<li style=\"text-align: justify;\">\n<h4><span style=\"color: #0000ff;\"><span style=\"color: #0000ff;\"><strong><a href=\"\/arquivos\/ACET\/IMAGENS\/Noticias_ACET\/noticia1-investigacao_laboratorial.pdf\" target=\"_blank\">INVESTIGA\u00c7\u00c3O DE BETA-LACTAMASES EM KLEBSIELLA PNEUMONIAE E ESCHERICHA COLI DE UM HOSPITAL TERCI\u00c1RIO DE CAMPO GRANDE-MS<\/a><\/strong><\/span><\/span><span style=\"text-align: justify; line-height: 1.7;\">,<span style=\"line-height: 1.7; font-size: 12px;\"> FERREIRA, Kalinca Miranda AC&amp;T CIENT\u00cdFICA, 09\/2015.<\/span><\/h4>\n<\/li>\n<li style=\"text-align: justify;\">\n<h4><span style=\"color: #0000ff;\"><span style=\"color: #0000ff;\"><strong><a href=\"\/arquivos\/ACET\/IMAGENS\/revista_virtual\/microbiologia\/trabmicro.pdf\" target=\"_blank\">AVALIA\u00c7\u00c3O DA QUALIDADE DOS DISCOS DE ANTIMICROBIANOS PARA TESTE DE DISCO-DIFUS\u00c3O PRODUZIDOS NO BRASIL<\/a><\/strong><\/span><\/span><span style=\"text-align: justify; line-height: 1.7;\">,<span style=\"line-height: 1.7; font-size: 12px;\"> XIMENES, L. A. AC&amp;T CIENT\u00cdFICA, vol 4, n\u00famero 1, 09\/01\/2009.<\/span><\/h4>\n<\/li>\n<li style=\"text-align: justify;\">\n<h4><span style=\"color: #0000ff;\"><span style=\"color: #0000ff;\"><strong><a href=\"\/arquivos\/ACET\/IMAGENS\/revista_virtual\/microbiologia\/trabmicro2.pdf\" target=\"_blank\">A FREQ\u00dc\u00caNCIA E A SUSCEPTIBILIDADE DE BACT\u00c9RIAS QUE CAUSAM INFEC\u00c7\u00d5ES DO TRATO URIN\u00c1RIO NO HOSPITAL DA CRIAN\u00c7A UBERABA MINAS GERAIS<\/a><\/strong><\/span><\/span><span style=\"text-align: justify; line-height: 1.7;\">,<span style=\"line-height: 1.7; font-size: 12px;\"> ARRUDA, R. AC&amp;T CIENT\u00cdFICA, vol 4, n\u00famero 1, 16\/02\/09.<\/span><\/h4>\n<\/li>\n<li style=\"text-align: justify;\">\n<h4><span style=\"color: #0000ff;\"><span style=\"color: #0000ff;\"><strong><a href=\"\/arquivos\/ACET\/IMAGENS\/revista_virtual\/microbiologia\/artigoximenes.pdf\" target=\"_blank\">AVALIA\u00c7\u00c3O T\u00c9CNICA E FINANCEIRA ENTRE O CHROMAGAR E OS MEIOS USUAIS DE AN\u00c1LISE MICROBIOL\u00d3GICA<\/a><\/strong><\/span><\/span><span style=\"text-align: justify; line-height: 1.7;\">,<span style=\"line-height: 1.7; font-size: 12px;\"> XIMENES, L. A. AC&amp;T CIENT\u00cdFICA, vol 4, n\u00famero 1, 09\/11\/2009.<\/span><\/h4>\n<\/li>\n<li style=\"text-align: justify;\">\n<h4><span style=\"color: #0000ff;\"><span style=\"color: #0000ff;\"><strong><a href=\"\/arquivos\/ACET\/IMAGENS\/revista_virtual\/microbiologia\/artigomichele.pdf\" target=\"_blank\">A IMPORT\u00c2NCIA DO DIAGN\u00d3STICO PARA O TRATAMENTO EFICAZ DAS DOEN\u00c7AS PULMONARES CAUSADAS POR FUNGOS<\/a><\/strong><\/span><\/span><span style=\"text-align: justify; line-height: 1.7;\">,<span style=\"line-height: 1.7; font-size: 12px;\"> RIBEIRO, M. C. AC&amp;T CIENT\u00cdFICA, vol 4, n\u00famero 2, 23\/02\/2010.<\/span><\/h4>\n<\/li>\n<li style=\"text-align: justify;\">\n<h4><span style=\"color: #0000ff;\"><span style=\"color: #0000ff;\"><strong><a href=\"\/arquivos\/ACET\/IMAGENS\/revista_virtual\/microbiologia\/artigomoises.pdf\" target=\"_blank\">RELA\u00c7\u00c3O DA MANIFESTA\u00c7\u00c3O DE PARACOCCIDIOIDOMICOSE COM A IMUNIDADE DO INDIV\u00cdDUO<\/a><\/strong><\/span><\/span><span style=\"text-align: justify; line-height: 1.7;\">,<span style=\"line-height: 1.7; font-size: 12px;\"> ARRUDA, M. C. AC&amp;T CIENT\u00cdFICA, vol 4, n\u00famero 3, 28\/02\/2011.<\/span><\/h4>\n<\/li>\n<li style=\"text-align: justify;\">\n<h4><span style=\"color: #0000ff;\"><span style=\"color: #0000ff;\"><strong><a href=\"\/arquivos\/ACET\/IMAGENS\/revista_virtual\/microbiologia\/micro06.pdf\" target=\"_blank\">PRINCIPAIS GRUPOS DE BACT\u00c9RIAS ENCONTRADOS EM JALECO NOS PROFISSIONAIS DE SA\u00daDE<\/a><\/strong><\/span><\/span><span style=\"text-align: justify; line-height: 1.7;\">,<span style=\"line-height: 1.7; font-size: 12px;\"> SILVA, F.K.A., AC&amp;T CIENT\u00cdFICA, vol 4 n\u00famero 1, 2012.<\/h4>\n<\/li>\n<li style=\"text-align: justify;\">\n<h4><span style=\"color: #0000ff;\"><span style=\"color: #0000ff;\"><strong><a href=\"\/arquivos\/ACET\/IMAGENS\/revista_virtual\/microbiologia\/micro07.pdf\" target=\"_blank\">INFEC\u00c7\u00d5ES POR PSEUDOMONAS AERUGINOSA<\/a><\/strong><\/span><\/span><span style=\"text-align: justify; line-height: 1.7;\">,<span style=\"line-height: 1.7; font-size: 12px;\"> MORAIS, F.V., AC&amp;T CIENT\u00cdFICA, vol 4 n\u00famero 2, 2012.<\/h4>\n<\/li>\n<li style=\"text-align: justify;\">\n<h4><span style=\"color: #0000ff;\"><span style=\"color: #0000ff;\"><strong><a href=\"\/arquivos\/ACET\/IMAGENS\/revista_virtual\/microbiologia\/micro08.pdf\" target=\"_blank\">PRINCIPAIS AGENTES CAUSADORES DE PNEUMONIA AGUDA ADQUIRIDA NA COMUNIDADE<\/a><\/strong><\/span><\/span><span style=\"text-align: justify; line-height: 1.7;\">,<span style=\"line-height: 1.7; font-size: 12px;\"> ORTOLAN, P.R.B., AC&amp;T CIENT\u00cdFICA, vol 4 n\u00famero 3, 2012.<\/h4>\n<\/li>\n<li style=\"text-align: justify;\">\n<h4><span style=\"color: #0000ff;\"><span style=\"color: #0000ff;\"><strong><a href=\"\/arquivos\/ACET\/IMAGENS\/revista_virtual\/microbiologia\/micro09.pdf\" target=\"_blank\">LISTERIA MONOCYTOGENES<\/a><\/strong><\/span><\/span><span style=\"text-align: justify; line-height: 1.7;\">,<span style=\"line-height: 1.7; font-size: 12px;\"> TURATO, C., AC&amp;T CIENT\u00cdFICA, vol 4 n\u00famero 4, 2012.<\/h4>\n<\/li>\n<li style=\"text-align: justify;\">\n<h4><span style=\"color: #0000ff;\"><span style=\"color: #0000ff;\"><strong><a href=\"\/arquivos\/ACET\/IMAGENS\/revista_virtual\/microbiologia\/micro10.pdf\" target=\"_blank\">FREQU\u00caNCIA DE FUNGOS DERMAT\u00d3FITOS EM ONICOMICOSES<\/a><\/strong><\/span><\/span><span style=\"text-align: justify; line-height: 1.7;\">,<span style=\"line-height: 1.7; font-size: 12px;\"> CATT\u00c2NEO, F.C., AC&amp;T CIENT\u00cdFICA, vol 4 n\u00famero 5, 2012.<\/h4>\n<\/li>\n<li style=\"text-align: justify;\">\n<h4><span style=\"color: #0000ff;\"><span style=\"color: #0000ff;\"><strong><a href=\"\/arquivos\/ACET\/IMAGENS\/revista_virtual\/microbiologia\/micro11.pdf\" target=\"_blank\">CONCEITOS GERAIS SOBRE AGENTES ANTIMICROBIANOS<\/a><\/strong><\/span><\/span><span style=\"text-align: justify; line-height: 1.7;\">,<span style=\"line-height: 1.7; font-size: 12px;\"> ARRUDA, N., AC&amp;T CIENT\u00cdFICA, vol 4 n\u00famero 6, 2012.<\/h4>\n<\/li>\n<\/ol>\n","protected":false},"excerpt":{"rendered":"<p>ATIVIDADES ANTIBACTERIANAS DO ALHO , SANTOS MORENO, Rafaella L. INFEC\u00c7\u00d5ES POR BACTERIAS RESISTENTES , CAMP\u00caLO, Ana L\u00facia. CONTAMINA\u00c7\u00c3O BACTERIANA EM CONCENTRADOS PLAQUET\u00c1RIOS , RIBEIRO MEZA, Gabriela de Moraes. COLONIZA\u00c7\u00c3O DO STREPTOCOCCUS AGALACTIAE EM MULHERES GR\u00c1VIDAS , MUNIZ DE ANDRADE, Giovana [&hellip;]<\/p>\n","protected":false},"author":1,"featured_media":0,"parent":1010,"menu_order":0,"comment_status":"closed","ping_status":"closed","template":"","meta":{"_uag_custom_page_level_css":"","_joinchat":[],"footnotes":""},"class_list":["post-1156","page","type-page","status-publish","hentry"],"uagb_featured_image_src":{"full":false,"thumbnail":false,"medium":false,"medium_large":false,"large":false,"1536x1536":false,"2048x2048":false,"post-thumbnail":false,"business-hub-blog":false,"business-hub-work":false},"uagb_author_info":{"display_name":"real","author_link":"https:\/\/www.ciencianews.com.br\/index.php\/author\/real\/"},"uagb_comment_info":0,"uagb_excerpt":"ATIVIDADES ANTIBACTERIANAS DO ALHO , SANTOS MORENO, Rafaella L. INFEC\u00c7\u00d5ES POR BACTERIAS RESISTENTES , CAMP\u00caLO, Ana L\u00facia. CONTAMINA\u00c7\u00c3O BACTERIANA EM CONCENTRADOS PLAQUET\u00c1RIOS , RIBEIRO MEZA, Gabriela de Moraes. COLONIZA\u00c7\u00c3O DO STREPTOCOCCUS AGALACTIAE EM MULHERES GR\u00c1VIDAS , MUNIZ DE ANDRADE, Giovana [&hellip;]","_links":{"self":[{"href":"https:\/\/www.ciencianews.com.br\/index.php\/wp-json\/wp\/v2\/pages\/1156","targetHints":{"allow":["GET"]}}],"collection":[{"href":"https:\/\/www.ciencianews.com.br\/index.php\/wp-json\/wp\/v2\/pages"}],"about":[{"href":"https:\/\/www.ciencianews.com.br\/index.php\/wp-json\/wp\/v2\/types\/page"}],"author":[{"embeddable":true,"href":"https:\/\/www.ciencianews.com.br\/index.php\/wp-json\/wp\/v2\/users\/1"}],"replies":[{"embeddable":true,"href":"https:\/\/www.ciencianews.com.br\/index.php\/wp-json\/wp\/v2\/comments?post=1156"}],"version-history":[{"count":11,"href":"https:\/\/www.ciencianews.com.br\/index.php\/wp-json\/wp\/v2\/pages\/1156\/revisions"}],"predecessor-version":[{"id":5531,"href":"https:\/\/www.ciencianews.com.br\/index.php\/wp-json\/wp\/v2\/pages\/1156\/revisions\/5531"}],"up":[{"embeddable":true,"href":"https:\/\/www.ciencianews.com.br\/index.php\/wp-json\/wp\/v2\/pages\/1010"}],"wp:attachment":[{"href":"https:\/\/www.ciencianews.com.br\/index.php\/wp-json\/wp\/v2\/media?parent=1156"}],"curies":[{"name":"wp","href":"https:\/\/api.w.org\/{rel}","templated":true}]}}