{"id":121,"date":"2013-07-23T01:43:28","date_gmt":"2013-07-23T01:43:28","guid":{"rendered":"http:\/\/localhost\/wordpress\/?page_id=121"},"modified":"2016-04-16T17:28:28","modified_gmt":"2016-04-16T17:28:28","slug":"fotos-cientificas","status":"publish","type":"page","link":"https:\/\/www.ciencianews.com.br\/index.php\/fotos-e-videos\/fotos-cientificas\/","title":{"rendered":"Fotos Cient\u00edficas"},"content":{"rendered":"<ol>\n<li>\n<h4><em><strong><a title=\"Fotos Cient\u00edficas \u2013 Sedimentos Urin\u00e1rios\" href=\"http:\/\/www.ciencianews.com.br\/index.php\/fotos-e-videos\/fotos-cientificas\/fotos-cientificas-sedimentos-urinarios\/\">Sedimentos Urin\u00e1rios<br \/>\n<\/a><\/strong><\/em><\/h4>\n<\/li>\n<li>\n<h4><em><strong><a title=\"Fotos Cient\u00edficas \u2013 Universo Celular 1\" href=\"http:\/\/www.ciencianews.com.br\/index.php\/fotos-e-videos\/fotos-cientificas\/fotos-cientificas-universo-celular-1\/\">Universo Celular 1<br \/>\n<\/a><\/strong><\/em><\/h4>\n<\/li>\n<li>\n<h4><em><strong><a title=\"Fotos Cient\u00edficas \u2013 Universo Celular 2\" href=\"http:\/\/www.ciencianews.com.br\/index.php\/fotos-e-videos\/fotos-cientificas\/fotos-cientificas-universo-celular-2\/\">Universo Celular 2<br \/>\n<\/a><\/strong><\/em><\/h4>\n<\/li>\n<li>\n<h4><em><strong><a title=\"Fotos Cient\u00edficas \u2013 Universo Celular 3\" href=\"http:\/\/www.ciencianews.com.br\/index.php\/fotos-e-videos\/fotos-cientificas\/fotos-cientificas-universo-celular-3\/\">Universo Celular 3<\/a><\/strong><\/em><\/h4>\n<\/li>\n<li>\n<h4><em><strong><a title=\"Fotos Cient\u00edficas \u2013 Universo Celular 4\" href=\"http:\/\/www.ciencianews.com.br\/index.php\/fotos-e-videos\/fotos-cientificas\/fotos-cientificas-universo-celular-4\/\">Universo Celular 4<\/a><\/strong><\/em><\/h4>\n<\/li>\n<li>\n<h4><em><strong><a title=\"Fotos Cient\u00edficas \u2013 Universo Celular 5\" href=\"http:\/\/www.ciencianews.com.br\/index.php\/fotos-e-videos\/fotos-cientificas\/fotos-cientificas-universo-celular-5\/\">Universo Celular 5<\/a><\/strong><\/em><\/h4>\n<\/li>\n<li>\n<h4><em><strong><a title=\"Fotos Cient\u00edficas \u2013 Universo Celular 6\" href=\"http:\/\/www.ciencianews.com.br\/index.php\/fotos-e-videos\/fotos-cientificas\/fotos-cientificas-universo-celular-6\/\"> Universo Celular 6 <\/a><\/strong><\/em><\/h4>\n<\/li>\n<li>\n<h4><em><strong><a title=\"Fotos Cient\u00edficas \u2013 \u201cVeneno Doce\u201d Contra o C\u00e2ncer e Produ\u00e7\u00e3o de C\u00e9lula Tronco por Clonagem Terap\u00eautica\" href=\"http:\/\/www.ciencianews.com.br\/index.php\/fotos-e-videos\/fotos-cientificas\/fotos-cientificas-veneno-doce-contra-o-cancer-e-producao-de-celula-tronco-por-clonagem-terapeutica\/\">&#8220;Veneno Doce&#8221; Contra o C\u00e2ncer e Produ\u00e7\u00e3o de C\u00e9lula Tronco por Clonagem Terap\u00eautica<\/a><\/strong><\/em><\/h4>\n<\/li>\n<li>\n<h4><em><strong><a title=\"Fotos Cient\u00edficas \u2013 A Origem das C\u00e9lulas Tronco\" href=\"http:\/\/www.ciencianews.com.br\/index.php\/fotos-e-videos\/fotos-cientificas\/fotos-cientificas-a-origem-das-celulas-tronco\/\">A Origem das C\u00e9lulas Troncos<br \/>\n<\/a><\/strong><\/em><\/h4>\n<\/li>\n<li>\n<h4><em><strong><a title=\"Fotos Cient\u00edficas \u2013 Vida e Morte dos Eritr\u00f3citos\" href=\"http:\/\/www.ciencianews.com.br\/index.php\/fotos-e-videos\/fotos-cientificas\/fotos-cientificas-vida-e-morte-dos-eritrocitos\/\">Vida e Morte dos Eritr\u00f3citos<br \/>\n<\/a><\/strong><\/em><\/h4>\n<\/li>\n<li>\n<h4><em><strong><a title=\"Fotos Cient\u00edficas \u2013 Imunologia dos Leuc\u00f3citos\" href=\"http:\/\/www.ciencianews.com.br\/index.php\/fotos-e-videos\/fotos-cientificas\/fotos-cientificas-imunologia-dos-leucocitos\/\">Imunologia dos Leuc\u00f3citos<br \/>\n<\/a><\/strong><\/em><\/h4>\n<\/li>\n<li>\n<h4><em><strong><a title=\"Fotos Cient\u00edficas \u2013 C\u00e9lulas Tronco\" href=\"http:\/\/www.ciencianews.com.br\/index.php\/fotos-e-videos\/fotos-cientificas\/fotos-cientificas-celulas-tronco\/\">C\u00e9lulas Tronco<br \/>\n<\/a><\/strong><\/em><\/h4>\n<\/li>\n<li>\n<h4><em><strong><a title=\"Fotos Cient\u00edficas \u2013 Bact\u00e9rias e V\u00edrus\" href=\"http:\/\/www.ciencianews.com.br\/index.php\/fotos-e-videos\/fotos-cientificas\/fotos-cientificas-bacterias-e-virus\/\">Bact\u00e9rias e V\u00edrus &#8211; Microscopia Eletr\u00f4nica<br \/>\n<\/a><\/strong><\/em><\/h4>\n<\/li>\n<li>\n<h4><em><strong><a title=\"Fotos Cient\u00edficas \u2013 Parasitas de Tecidos\" href=\"http:\/\/www.ciencianews.com.br\/index.php\/fotos-e-videos\/fotos-cientificas\/fotos-cientificas-parasitas-de-tecidos\/\">Parasitas de Tecidos &#8211; Microscopia Eletr\u00f4nica<br \/>\n<\/a><\/strong><\/em><\/h4>\n<\/li>\n<li>\n<h4><em><strong><a title=\"Fotos Cient\u00edficas \u2013 Horm\u00f4nios e Estruturas Qu\u00edmicas\" href=\"http:\/\/www.ciencianews.com.br\/index.php\/fotos-e-videos\/fotos-cientificas\/fotos-cientificas-hormonios-e-estruturas-quimicas\/\">Horm\u00f4nios e Estruturas Qu\u00edmicas &#8211; Microscopia de Polariza\u00e7\u00e3o<br \/>\n<\/a><\/strong><\/em><\/h4>\n<\/li>\n<li>\n<h4><em><strong><a title=\"Fotos Cient\u00edficas \u2013 Hemostasia e Coagula\u00e7\u00e3o\" href=\"http:\/\/www.ciencianews.com.br\/index.php\/fotos-e-videos\/fotos-cientificas\/fotos-cientificas-hemostasia-e-coagulacao\/\">Hemostasia e Coagula\u00e7\u00e3o<br \/>\n<\/a><\/strong><\/em><\/h4>\n<\/li>\n<li>\n<h4><em><strong><a title=\"Fotos Cient\u00edficas \u2013 O Microcosmo Humano\" href=\"http:\/\/www.ciencianews.com.br\/index.php\/fotos-e-videos\/fotos-cientificas\/fotos-cientificas-o-microcosmo-humano\/\">O Microcosmo Humano<br \/>\n<\/a><\/strong><\/em><\/h4>\n<\/li>\n<\/ol>\n","protected":false},"excerpt":{"rendered":"<p>Sedimentos Urin\u00e1rios Universo Celular 1 Universo Celular 2 Universo Celular 3 Universo Celular 4 Universo Celular 5 Universo Celular 6 &#8220;Veneno Doce&#8221; Contra o C\u00e2ncer e Produ\u00e7\u00e3o de C\u00e9lula Tronco por Clonagem Terap\u00eautica A Origem das C\u00e9lulas Troncos Vida e [&hellip;]<\/p>\n","protected":false},"author":2,"featured_media":0,"parent":118,"menu_order":0,"comment_status":"closed","ping_status":"open","template":"","meta":{"_uag_custom_page_level_css":"","_joinchat":[],"footnotes":""},"class_list":["post-121","page","type-page","status-publish","hentry"],"uagb_featured_image_src":{"full":false,"thumbnail":false,"medium":false,"medium_large":false,"large":false,"1536x1536":false,"2048x2048":false,"post-thumbnail":false,"business-hub-blog":false,"business-hub-work":false},"uagb_author_info":{"display_name":"admin","author_link":"https:\/\/www.ciencianews.com.br\/index.php\/author\/admin\/"},"uagb_comment_info":0,"uagb_excerpt":"Sedimentos Urin\u00e1rios Universo Celular 1 Universo Celular 2 Universo Celular 3 Universo Celular 4 Universo Celular 5 Universo Celular 6 &#8220;Veneno Doce&#8221; Contra o C\u00e2ncer e Produ\u00e7\u00e3o de C\u00e9lula Tronco por Clonagem Terap\u00eautica A Origem das C\u00e9lulas Troncos Vida e [&hellip;]","_links":{"self":[{"href":"https:\/\/www.ciencianews.com.br\/index.php\/wp-json\/wp\/v2\/pages\/121","targetHints":{"allow":["GET"]}}],"collection":[{"href":"https:\/\/www.ciencianews.com.br\/index.php\/wp-json\/wp\/v2\/pages"}],"about":[{"href":"https:\/\/www.ciencianews.com.br\/index.php\/wp-json\/wp\/v2\/types\/page"}],"author":[{"embeddable":true,"href":"https:\/\/www.ciencianews.com.br\/index.php\/wp-json\/wp\/v2\/users\/2"}],"replies":[{"embeddable":true,"href":"https:\/\/www.ciencianews.com.br\/index.php\/wp-json\/wp\/v2\/comments?post=121"}],"version-history":[{"count":19,"href":"https:\/\/www.ciencianews.com.br\/index.php\/wp-json\/wp\/v2\/pages\/121\/revisions"}],"predecessor-version":[{"id":3409,"href":"https:\/\/www.ciencianews.com.br\/index.php\/wp-json\/wp\/v2\/pages\/121\/revisions\/3409"}],"up":[{"embeddable":true,"href":"https:\/\/www.ciencianews.com.br\/index.php\/wp-json\/wp\/v2\/pages\/118"}],"wp:attachment":[{"href":"https:\/\/www.ciencianews.com.br\/index.php\/wp-json\/wp\/v2\/media?parent=121"}],"curies":[{"name":"wp","href":"https:\/\/api.w.org\/{rel}","templated":true}]}}