{"id":1223,"date":"2013-08-14T18:45:28","date_gmt":"2013-08-14T18:45:28","guid":{"rendered":"http:\/\/www.ciencianews.com.br\/homologacao\/?page_id=1223"},"modified":"2013-08-14T19:00:06","modified_gmt":"2013-08-14T19:00:06","slug":"alunos-2a-turma-do-curso-de-analises-clinicas","status":"publish","type":"page","link":"https:\/\/www.ciencianews.com.br\/index.php\/publicacoes\/monografias\/monografias-analises-clinicas\/alunos-2a-turma-do-curso-de-analises-clinicas\/","title":{"rendered":"Alunos &#8211; 2\u00aa Turma do curso de An\u00e1lises Cl\u00ednicas"},"content":{"rendered":"<p style=\"text-align: center;\"><a href=\"http:\/\/www.ciencianews.com.br\/homologacao\/wp-content\/uploads\/2013\/08\/foto2analisesclinicas.jpg\" rel=\"lightbox-0\"><img loading=\"lazy\" decoding=\"async\" class=\"size-full wp-image-1188 aligncenter\" alt=\"\" src=\"http:\/\/www.ciencianews.com.br\/homologacao\/wp-content\/uploads\/2013\/08\/foto2analisesclinicas.jpg\" width=\"694\" height=\"375\" srcset=\"https:\/\/www.ciencianews.com.br\/wp-content\/uploads\/2013\/08\/foto2analisesclinicas.jpg 694w, https:\/\/www.ciencianews.com.br\/wp-content\/uploads\/2013\/08\/foto2analisesclinicas-300x162.jpg 300w, https:\/\/www.ciencianews.com.br\/wp-content\/uploads\/2013\/08\/foto2analisesclinicas-680x367.jpg 680w\" sizes=\"auto, (max-width: 694px) 100vw, 694px\" \/><\/a><\/p>\n<p style=\"text-align: center;\">\n<p style=\"text-align: center;\">Alberto Grangeiro da Costa J\u00fanior, Jardim-MS<\/p>\n<p style=\"text-align: center;\">Alexandre Ayres, Catal\u00e3o-GO<\/p>\n<p style=\"text-align: center;\">Ana Lucia Pacheco Neto Confortini, Palmas-TO<\/p>\n<p style=\"text-align: center;\">Andr\u00e9 Luiz Gomes Coutinho, Campo Grande-MS<\/p>\n<p style=\"text-align: center;\">Andr\u00e9 Polizelli Moreira, Colina-SP<\/p>\n<p style=\"text-align: center;\">Andressa C. Lechado Colletes, S\u00e3o Jos\u00e9 do Rio Preto-SP<\/p>\n<p style=\"text-align: center;\">Bruna Maria Copetti, Mineiros-GO<\/p>\n<p style=\"text-align: center;\">Carolina Medeiros, Franca-SP<\/p>\n<p style=\"text-align: center;\">Cl\u00e1udia Regina Mesquita Martins, Osvaldo Cruz-SP<\/p>\n<p style=\"text-align: center;\">Cl\u00e1udio Antonio de Oliveira, Campo Grande-MS<\/p>\n<p style=\"text-align: center;\">Cristiano Ortega, Len\u00e7\u00f3is Paulista-SP<\/p>\n<p style=\"text-align: center;\">Dalmy Colm\u00e1n Gimenez, Pedro Juan Caballero (Paraguay)<\/p>\n<p style=\"text-align: center;\">Daniela de Paula Moreno, S\u00e3o Jos\u00e9 do Rio Preto-SP<\/p>\n<p style=\"text-align: center;\">Daniela Rezende Marchio, Mineiros-GO<\/p>\n<p style=\"text-align: center;\">Eder Gon\u00e7alves Curiel, Promiss\u00e3o-SP<\/p>\n<p style=\"text-align: center;\">Edi Carlos Iacida, Tup\u00e3-SP<\/p>\n<p style=\"text-align: center;\">Ed\u00edlson Di\u00f3genes Pinheiro Junior, S\u00e3o Paulo-SP<\/p>\n<p style=\"text-align: center;\">Eliana da Silva Nascimento, S\u00e3o Paulo-SP<\/p>\n<p style=\"text-align: center;\">Erica Pugliesi, Franca-SP<\/p>\n<p style=\"text-align: center;\">Fabiana Contini, Franca-SP<\/p>\n<p style=\"text-align: center;\">F\u00e1bio Seidinger, Tup\u00e3-SP<\/p>\n<p style=\"text-align: center;\">Fabr\u00edcio Augusto Silva Carneiro, Osvaldo Cruz-SP<\/p>\n<p style=\"text-align: center;\">Jos\u00e9 Eduardo Afonso, Botucatu-SP<\/p>\n<p style=\"text-align: center;\">Jos\u00e9 Guilherme Casella, Santa F\u00e9 do Sul-SP<\/p>\n<p style=\"text-align: center;\">Kelly Christine Berto, S\u00e3o Jos\u00e9 do Rio Preto-SP<\/p>\n<p style=\"text-align: center;\">Kiyoko Miyauchi Yamamoto, Martin\u00f3polis-SP<\/p>\n<p style=\"text-align: center;\">Leonardo Manzato dos Santos, S\u00e3o Jos\u00e9 do Rio Preto-SP<\/p>\n<p style=\"text-align: center;\">Lic\u00e9lia Fornazieri, Arapongas-PR<\/p>\n<p style=\"text-align: center;\">Luciana Sanches Silva, Birigui-SP<\/p>\n<p style=\"text-align: center;\">M\u00e1rcia Aparecida Nascimento Rodrigues, S\u00e3o Paulo-SP<\/p>\n<p style=\"text-align: center;\">Maria Aparecida F. Galvanin, Presidente Prudente-SP<\/p>\n<p style=\"text-align: center;\">Marina de Queiroz Cozza, Iturama-MG<\/p>\n<p style=\"text-align: center;\">Marlise Maria S Ribeiro dos Santos, Luc\u00e9lia-SP<\/p>\n<p style=\"text-align: center;\">Martinho Palma Mello Junior, Parana\u00edba-MS<\/p>\n<p style=\"text-align: center;\">Meire Aparecida Mendes, Bauru-SP<\/p>\n<p style=\"text-align: center;\">Milene Aparecida Gomes, Jos\u00e9 Bonif\u00e1cio-SP<\/p>\n<p style=\"text-align: center;\">Mirian Mariza Pereira, Buritis-MG<\/p>\n<p style=\"text-align: center;\">Myrelle Duarte da Costa, Catal\u00e3o-GO<\/p>\n<p style=\"text-align: center;\">Narcisao Almeida Vieira, Bauru-SP<\/p>\n<p style=\"text-align: center;\">Norma G. Villalba Cristaldo, Pedro J. Caballero-Paraguay<\/p>\n<p style=\"text-align: center;\">Odila Maria Azzolini Gonzalez, Ponta-Por\u00e3-MS<\/p>\n<p style=\"text-align: center;\">Paula Silva Costanzo, S\u00e3o Jos\u00e9 do Rio Preto-SP<\/p>\n<p style=\"text-align: center;\">Paulo C\u00e9sar da Silva, Maced\u00f4nia-SP<\/p>\n<p style=\"text-align: center;\">Reinalto Taminato, Len\u00e7\u00f3is Paulista-SP<\/p>\n<p style=\"text-align: center;\">Ronald Feitosa Pinheiro, S\u00e3o Paulo-SP<\/p>\n<p style=\"text-align: center;\">Sandra Elisa Faune Gessi Nunes, Chapad\u00e3o do Sul-MS<\/p>\n<p style=\"text-align: center;\">Susiane Aguiar, S\u00e3o Jos\u00e9 do Rio Preto-SP<\/p>\n<p style=\"text-align: center;\">T\u00e2nia Regina Lopes Costa, Arapongas-PR<\/p>\n<p style=\"text-align: center;\">Tatiana Bonan Negri, Campinas-SP<\/p>\n<p style=\"text-align: center;\">Tatiana Mary Sakamoto, Campo Grande-MS<\/p>\n<p style=\"text-align: center;\">Vanessa de Souza Sacomano, Ibitinga-SP<\/p>\n<p style=\"text-align: center;\">Vanessa Pizarro Baconcelo, Bauru-SP<\/p>\n<p style=\"text-align: center;\">Vivian de Souza Sacomano Ibitinga-SP<\/p>\n","protected":false},"excerpt":{"rendered":"<p>Alberto Grangeiro da Costa J\u00fanior, Jardim-MS Alexandre Ayres, Catal\u00e3o-GO Ana Lucia Pacheco Neto Confortini, Palmas-TO Andr\u00e9 Luiz Gomes Coutinho, Campo Grande-MS Andr\u00e9 Polizelli Moreira, Colina-SP Andressa C. Lechado Colletes, S\u00e3o Jos\u00e9 do Rio Preto-SP Bruna Maria Copetti, Mineiros-GO Carolina Medeiros, [&hellip;]<\/p>\n","protected":false},"author":1,"featured_media":0,"parent":1178,"menu_order":0,"comment_status":"closed","ping_status":"closed","template":"","meta":{"_uag_custom_page_level_css":"","_joinchat":[],"footnotes":""},"class_list":["post-1223","page","type-page","status-publish","hentry"],"uagb_featured_image_src":{"full":false,"thumbnail":false,"medium":false,"medium_large":false,"large":false,"1536x1536":false,"2048x2048":false,"post-thumbnail":false,"business-hub-blog":false,"business-hub-work":false},"uagb_author_info":{"display_name":"real","author_link":"https:\/\/www.ciencianews.com.br\/index.php\/author\/real\/"},"uagb_comment_info":0,"uagb_excerpt":"Alberto Grangeiro da Costa J\u00fanior, Jardim-MS Alexandre Ayres, Catal\u00e3o-GO Ana Lucia Pacheco Neto Confortini, Palmas-TO Andr\u00e9 Luiz Gomes Coutinho, Campo Grande-MS Andr\u00e9 Polizelli Moreira, Colina-SP Andressa C. Lechado Colletes, S\u00e3o Jos\u00e9 do Rio Preto-SP Bruna Maria Copetti, Mineiros-GO Carolina Medeiros, [&hellip;]","_links":{"self":[{"href":"https:\/\/www.ciencianews.com.br\/index.php\/wp-json\/wp\/v2\/pages\/1223","targetHints":{"allow":["GET"]}}],"collection":[{"href":"https:\/\/www.ciencianews.com.br\/index.php\/wp-json\/wp\/v2\/pages"}],"about":[{"href":"https:\/\/www.ciencianews.com.br\/index.php\/wp-json\/wp\/v2\/types\/page"}],"author":[{"embeddable":true,"href":"https:\/\/www.ciencianews.com.br\/index.php\/wp-json\/wp\/v2\/users\/1"}],"replies":[{"embeddable":true,"href":"https:\/\/www.ciencianews.com.br\/index.php\/wp-json\/wp\/v2\/comments?post=1223"}],"version-history":[{"count":3,"href":"https:\/\/www.ciencianews.com.br\/index.php\/wp-json\/wp\/v2\/pages\/1223\/revisions"}],"predecessor-version":[{"id":1232,"href":"https:\/\/www.ciencianews.com.br\/index.php\/wp-json\/wp\/v2\/pages\/1223\/revisions\/1232"}],"up":[{"embeddable":true,"href":"https:\/\/www.ciencianews.com.br\/index.php\/wp-json\/wp\/v2\/pages\/1178"}],"wp:attachment":[{"href":"https:\/\/www.ciencianews.com.br\/index.php\/wp-json\/wp\/v2\/media?parent=1223"}],"curies":[{"name":"wp","href":"https:\/\/api.w.org\/{rel}","templated":true}]}}