{"id":1236,"date":"2013-08-14T19:09:42","date_gmt":"2013-08-14T19:09:42","guid":{"rendered":"http:\/\/www.ciencianews.com.br\/homologacao\/?page_id=1236"},"modified":"2013-08-14T19:17:59","modified_gmt":"2013-08-14T19:17:59","slug":"alunos-3a-turma-do-curso-de-analises-clinicas","status":"publish","type":"page","link":"https:\/\/www.ciencianews.com.br\/index.php\/publicacoes\/monografias\/monografias-analises-clinicas\/alunos-3a-turma-do-curso-de-analises-clinicas\/","title":{"rendered":"Alunos &#8211; 3\u00aa Turma do curso de An\u00e1lises Cl\u00ednicas"},"content":{"rendered":"<p style=\"text-align: center;\"><img loading=\"lazy\" decoding=\"async\" class=\"aligncenter size-full wp-image-1190\" alt=\"\" src=\"http:\/\/www.ciencianews.com.br\/homologacao\/wp-content\/uploads\/2013\/08\/foto3analisesclinicas.jpg\" width=\"675\" height=\"474\" srcset=\"https:\/\/www.ciencianews.com.br\/wp-content\/uploads\/2013\/08\/foto3analisesclinicas.jpg 675w, https:\/\/www.ciencianews.com.br\/wp-content\/uploads\/2013\/08\/foto3analisesclinicas-300x210.jpg 300w\" sizes=\"auto, (max-width: 675px) 100vw, 675px\" \/><\/p>\n<p style=\"text-align: center;\">\n<p style=\"text-align: center;\">Alan Silveira Lemos, Bras\u00edlia \u2013 DF<\/p>\n<p style=\"text-align: center;\">Amilton Rezende Sticca, Mococa-SP<\/p>\n<p style=\"text-align: center;\">Ana Carolina Cuttin Siqueira Melo, Bauru \u2013 SP<\/p>\n<p style=\"text-align: center;\">Ana L\u00facia Rosa de Faria, S\u00e3o Paulo \u2013 SP<\/p>\n<p style=\"text-align: center;\">Ana Maria Carvalho de Ara\u00fajo Ramos, Caip\u00f4nia-GO<\/p>\n<p style=\"text-align: center;\">Ana Paula Duran Sim\u00f5es, Presidente Epit\u00e1cio-SP<\/p>\n<p style=\"text-align: center;\">Andr\u00e9 Luiz Martins de Oliveira, Muzambinho-MG<\/p>\n<p style=\"text-align: center;\">Anne Vanessa Varga Pinheiro, Chapad\u00e3o do Sul-MS<\/p>\n<p style=\"text-align: center;\">Bruno Dias Batista, Arax\u00e1 &#8211; MG<\/p>\n<p style=\"text-align: center;\">Camila Gon\u00e7alves da Silva, Ara\u00e7atuba \u2013 SP<\/p>\n<p style=\"text-align: center;\">Carla Borges Ferreira Picinato, Ribeir\u00e3o Preto \u2013 SP<\/p>\n<p style=\"text-align: center;\">Carla Roberta de Melo Tizzo, Itumbiara \u2013 GO<\/p>\n<p style=\"text-align: center;\">Cristiane Benkard, Santa Cruz do Rio Pardo-SP<\/p>\n<p style=\"text-align: center;\">Daiana Cristina Gambaroto, Jaborandi \u2013 SP<\/p>\n<p style=\"text-align: center;\">Denis Baffi Silveira, Petr\u00f3polis &#8211; RJ<\/p>\n<p style=\"text-align: center;\">Edna Maria Mascarenhas Oliveira, Barreiras \u2013 BA<\/p>\n<p style=\"text-align: center;\">\u00c9rica Fabiana Camolezi, Jaborandi \u2013 SP<\/p>\n<p style=\"text-align: center;\">F\u00e1bio Hiroshi Lima Kimura, Cristalina \u2013 GO<\/p>\n<p style=\"text-align: center;\">Fernanda Ribeiro Morais, Goi\u00e2nia \u2013 GO<\/p>\n<p style=\"text-align: center;\">Filipe Azevedo Costa e Silva, Guaratinguet\u00e1 \u2013 SP<\/p>\n<p style=\"text-align: center;\">Giandrez Teixeira, Pacaembu \u2013 SP<\/p>\n<p style=\"text-align: center;\">H\u00e9lio Ant\u00f4nio de Almeida, S\u00e3o Jo\u00e3o da Para\u00fana &#8211; GO<\/p>\n<p style=\"text-align: center;\">Ivanilda Martins dos Anjos, S\u00e3o Miguel do Araguaia \u2013 GO<\/p>\n<p style=\"text-align: center;\">Jacqueline Aparecida Cintra, Franca \u2013 SP<\/p>\n<p style=\"text-align: center;\">Jo\u00e3o Batista Coelho de Moraes, Bras\u00edlia &#8211; DF<\/p>\n<p style=\"text-align: center;\">Karina, Ibitinga \u2013 SP<\/p>\n<p style=\"text-align: center;\">Kelly Andres B. Oliveira, Santa Cruz das Palmeiras \u2013 SP<\/p>\n<p style=\"text-align: center;\">Laura Maria Lopes Cansado, Jales \u2013 SP<\/p>\n<p style=\"text-align: center;\">Leandro Ara\u00fajo Tezim, Bras\u00edlia \u2013 DF<\/p>\n<p style=\"text-align: center;\">L\u00edlian Cristina Rodrigues Colina, S\u00e3o Paulo-SP<\/p>\n<p style=\"text-align: center;\">Milena Samartino, Iturama \u2013 MG<\/p>\n<p style=\"text-align: center;\">Nat\u00e1lia Satim Vieira Hummel, Cachoeira Paulista &#8211; SP<\/p>\n<p style=\"text-align: center;\">Neiva Aparecida Garcia Santana, Rondon\u00f3polis \u2013 MT<\/p>\n<p style=\"text-align: center;\">N\u00edvia Maria Martins Pinheiro Souza, S\u00e3o Paulo- SP<\/p>\n<p style=\"text-align: center;\">Olinda Maria de Queiroz, Carneirinho &#8211; MG<\/p>\n<p style=\"text-align: center;\">Ov\u00eddio Augusto de Vito, Goian\u00e9sia \u2013 GO<\/p>\n<p style=\"text-align: center;\">Raquel Furtado Costa, Adamantina \u2013 SP<\/p>\n<p style=\"text-align: center;\">Renata Cristina Vidal, Avanhandava \u2013 SP<\/p>\n<p style=\"text-align: center;\">Renata Silva Freire, Santa Helena de Goi\u00e1s \u2013 GO<\/p>\n<p style=\"text-align: center;\">Rodrigo Luis Taminato, Piracicaba \u2013 SP<\/p>\n<p style=\"text-align: center;\">Rodrigo Murai Minholi, Andradina &#8211; SP<\/p>\n<p style=\"text-align: center;\">Rog\u00e9rio Tiveron Toffol,i Campo Grande \u2013 MS<\/p>\n<p style=\"text-align: center;\">Romilda Aparecida Lemes, S\u00e3o Paulo \u2013 SP<\/p>\n<p style=\"text-align: center;\">Ros\u00e2ngela Maria Botan Nomura, Adamantina \u2013 SP<\/p>\n<p style=\"text-align: center;\">Sabrina Godoy, Adamantina \u2013 SP<\/p>\n<p style=\"text-align: center;\">Sidnei Juliani, Barra do Gar\u00e7as \u2013 MT<\/p>\n<p style=\"text-align: center;\">Silvana C. de F. da Silva, S\u00e3o Bernardo do Campo \u2013 SP<\/p>\n<p style=\"text-align: center;\">Thaise Voltarelli, S\u00e3o Jos\u00e9 do Rio Preto \u2013 SP<\/p>\n<p style=\"text-align: center;\">Talge Murad \u2013 Biologia, Bauru \u2013 SP<\/p>\n<p style=\"text-align: center;\">Valdilene Pereira Borges, Chapad\u00e3o do Sul \u2013 MS<\/p>\n<p style=\"text-align: center;\">Viviane Coriolano Pereira, Goi\u00e2nia \u2013 GO<\/p>\n<p style=\"text-align: center;\">\n","protected":false},"excerpt":{"rendered":"<p>Alan Silveira Lemos, Bras\u00edlia \u2013 DF Amilton Rezende Sticca, Mococa-SP Ana Carolina Cuttin Siqueira Melo, Bauru \u2013 SP Ana L\u00facia Rosa de Faria, S\u00e3o Paulo \u2013 SP Ana Maria Carvalho de Ara\u00fajo Ramos, Caip\u00f4nia-GO Ana Paula Duran Sim\u00f5es, Presidente Epit\u00e1cio-SP [&hellip;]<\/p>\n","protected":false},"author":1,"featured_media":0,"parent":1178,"menu_order":0,"comment_status":"closed","ping_status":"closed","template":"","meta":{"_uag_custom_page_level_css":"","_joinchat":[],"footnotes":""},"class_list":["post-1236","page","type-page","status-publish","hentry"],"uagb_featured_image_src":{"full":false,"thumbnail":false,"medium":false,"medium_large":false,"large":false,"1536x1536":false,"2048x2048":false,"post-thumbnail":false,"business-hub-blog":false,"business-hub-work":false},"uagb_author_info":{"display_name":"real","author_link":"https:\/\/www.ciencianews.com.br\/index.php\/author\/real\/"},"uagb_comment_info":0,"uagb_excerpt":"Alan Silveira Lemos, Bras\u00edlia \u2013 DF Amilton Rezende Sticca, Mococa-SP Ana Carolina Cuttin Siqueira Melo, Bauru \u2013 SP Ana L\u00facia Rosa de Faria, S\u00e3o Paulo \u2013 SP Ana Maria Carvalho de Ara\u00fajo Ramos, Caip\u00f4nia-GO Ana Paula Duran Sim\u00f5es, Presidente Epit\u00e1cio-SP [&hellip;]","_links":{"self":[{"href":"https:\/\/www.ciencianews.com.br\/index.php\/wp-json\/wp\/v2\/pages\/1236","targetHints":{"allow":["GET"]}}],"collection":[{"href":"https:\/\/www.ciencianews.com.br\/index.php\/wp-json\/wp\/v2\/pages"}],"about":[{"href":"https:\/\/www.ciencianews.com.br\/index.php\/wp-json\/wp\/v2\/types\/page"}],"author":[{"embeddable":true,"href":"https:\/\/www.ciencianews.com.br\/index.php\/wp-json\/wp\/v2\/users\/1"}],"replies":[{"embeddable":true,"href":"https:\/\/www.ciencianews.com.br\/index.php\/wp-json\/wp\/v2\/comments?post=1236"}],"version-history":[{"count":3,"href":"https:\/\/www.ciencianews.com.br\/index.php\/wp-json\/wp\/v2\/pages\/1236\/revisions"}],"predecessor-version":[{"id":1249,"href":"https:\/\/www.ciencianews.com.br\/index.php\/wp-json\/wp\/v2\/pages\/1236\/revisions\/1249"}],"up":[{"embeddable":true,"href":"https:\/\/www.ciencianews.com.br\/index.php\/wp-json\/wp\/v2\/pages\/1178"}],"wp:attachment":[{"href":"https:\/\/www.ciencianews.com.br\/index.php\/wp-json\/wp\/v2\/media?parent=1236"}],"curies":[{"name":"wp","href":"https:\/\/api.w.org\/{rel}","templated":true}]}}