{"id":128,"date":"2013-07-23T01:52:09","date_gmt":"2013-07-23T01:52:09","guid":{"rendered":"http:\/\/localhost\/wordpress\/?page_id=128"},"modified":"2015-08-22T13:32:33","modified_gmt":"2015-08-22T13:32:33","slug":"casos-clinicos","status":"publish","type":"page","link":"https:\/\/www.ciencianews.com.br\/index.php\/publicacoes\/casos-clinicos\/","title":{"rendered":"Casos Cl\u00ednicos"},"content":{"rendered":"<ol>\n<li>\n<h4><em><span style=\"color: #0000ff;\"><span style=\"color: #0000ff;\"><strong><a title=\"CASOS BIOQU\u00cdMICOS\" href=\"http:\/\/www.ciencianews.com.br\/index.php\/publicacoes\/casos-clinicos\/casos-bioquimicos\/\">CASOS BIOQU\u00cdMICOS<\/a><\/strong><\/span><\/span><\/em><\/h4>\n<\/li>\n<li>\n<h4><em><span style=\"color: #0000ff;\"><span style=\"color: #0000ff;\"><strong><a title=\"CASOS HEMATOL\u00d3GICOS\" href=\"http:\/\/www.ciencianews.com.br\/index.php\/publicacoes\/casos-clinicos\/casos-hematologicos\/\">CASOS HEMATOL\u00d3GICOS<\/a><\/strong><\/span><\/span><\/em><\/h4>\n<\/li>\n<li>\n<h4><em><span style=\"color: #0000ff;\"><span style=\"color: #0000ff;\"><strong><a href=\"\/arquivos\/ACET\/IMAGENS\/casos_clinicos\/leocemia\/inthemo.pdf\" target=\"_blank\">LEUCEMIAS E OUTRAS DOEN\u00c7AS PROLIFERATIVAS<\/a><\/strong><\/span><\/span><\/em><\/h4>\n<\/li>\n<li>\n<h4><em><span style=\"color: #0000ff;\"><span style=\"color: #0000ff;\"><strong><a href=\"\/arquivos\/ACET\/IMAGENS\/casos_clinicos\/citologia\/citopratica3.pdf\" target=\"_blank\">CITOLOGIA DE ERITR\u00d3CITOS<\/a><\/strong><\/span><\/span><\/em><\/h4>\n<\/li>\n<li>\n<h4><em><span style=\"color: #0000ff;\"><span style=\"color: #0000ff;\"><strong><a href=\"\/arquivos\/ACET\/IMAGENS\/casos_clinicos\/citologia_leucocitos\/leucocitos.pdf\" target=\"_blank\">CITOLOGIA DE LEUC\u00d3CITOS<\/a><\/strong><\/span><\/span><\/em><\/h4>\n<\/li>\n<li>\n<h4><em><span style=\"color: #0000ff;\"><span style=\"color: #0000ff;\"><strong><a href=\"\/arquivos\/ACET\/IMAGENS\/casos_clinicos\/clinicos_laboratoriais\/questoes.pdf\" target=\"_blank\">CASOS CL\u00cdNICOS E LABORATORIAIS<\/a><\/strong><\/span><\/span><\/em><\/h4>\n<\/li>\n<li>\n<h4><em><span style=\"color: #0000ff;\"><span style=\"color: #0000ff;\"><strong><a href=\"\/arquivos\/ACET\/IMAGENS\/casos_clinicos\/clinicos_laboratoriais\/questions.pdf\" target=\"_blank\">SAMPLE QUESTIONS AND CASE HISTORIES<\/a><\/strong><\/span><\/span><\/em><\/h4>\n<\/li>\n<li>\n<h4><em><span style=\"color: #0000ff;\"><span style=\"color: #0000ff;\"><strong><a href=\"\/arquivos\/ACET\/IMAGENS\/imunologia\/imunocancer.pdf\" target=\"_blank\">IMUNOLOGIA DO C\u00c2NCER<\/a><\/strong><\/span><\/span><\/em><\/h4>\n<\/li>\n<li>\n<h4><em><span style=\"color: #0000ff;\"><span style=\"color: #0000ff;\"><strong><a href=\"\/arquivos\/ACET\/IMAGENS\/citologia\/Citologia das altera\u00e7\u00f5es leucocit\u00e1rias.pdf\" target=\"_blank\">ALTERA\u00c7\u00d5ES LEUCOCIT\u00c1RIAS<\/a><\/strong><\/span><\/span><\/em><\/h4>\n<\/li>\n<\/ol>\n","protected":false},"excerpt":{"rendered":"<p>CASOS BIOQU\u00cdMICOS CASOS HEMATOL\u00d3GICOS LEUCEMIAS E OUTRAS DOEN\u00c7AS PROLIFERATIVAS CITOLOGIA DE ERITR\u00d3CITOS CITOLOGIA DE LEUC\u00d3CITOS CASOS CL\u00cdNICOS E LABORATORIAIS SAMPLE QUESTIONS AND CASE HISTORIES IMUNOLOGIA DO C\u00c2NCER ALTERA\u00c7\u00d5ES LEUCOCIT\u00c1RIAS<\/p>\n","protected":false},"author":2,"featured_media":0,"parent":1073,"menu_order":0,"comment_status":"closed","ping_status":"closed","template":"","meta":{"_uag_custom_page_level_css":"","_joinchat":[],"footnotes":""},"class_list":["post-128","page","type-page","status-publish","hentry"],"uagb_featured_image_src":{"full":false,"thumbnail":false,"medium":false,"medium_large":false,"large":false,"1536x1536":false,"2048x2048":false,"post-thumbnail":false,"business-hub-blog":false,"business-hub-work":false},"uagb_author_info":{"display_name":"admin","author_link":"https:\/\/www.ciencianews.com.br\/index.php\/author\/admin\/"},"uagb_comment_info":0,"uagb_excerpt":"CASOS BIOQU\u00cdMICOS CASOS HEMATOL\u00d3GICOS LEUCEMIAS E OUTRAS DOEN\u00c7AS PROLIFERATIVAS CITOLOGIA DE ERITR\u00d3CITOS CITOLOGIA DE LEUC\u00d3CITOS CASOS CL\u00cdNICOS E LABORATORIAIS SAMPLE QUESTIONS AND CASE HISTORIES IMUNOLOGIA DO C\u00c2NCER ALTERA\u00c7\u00d5ES LEUCOCIT\u00c1RIAS","_links":{"self":[{"href":"https:\/\/www.ciencianews.com.br\/index.php\/wp-json\/wp\/v2\/pages\/128","targetHints":{"allow":["GET"]}}],"collection":[{"href":"https:\/\/www.ciencianews.com.br\/index.php\/wp-json\/wp\/v2\/pages"}],"about":[{"href":"https:\/\/www.ciencianews.com.br\/index.php\/wp-json\/wp\/v2\/types\/page"}],"author":[{"embeddable":true,"href":"https:\/\/www.ciencianews.com.br\/index.php\/wp-json\/wp\/v2\/users\/2"}],"replies":[{"embeddable":true,"href":"https:\/\/www.ciencianews.com.br\/index.php\/wp-json\/wp\/v2\/comments?post=128"}],"version-history":[{"count":17,"href":"https:\/\/www.ciencianews.com.br\/index.php\/wp-json\/wp\/v2\/pages\/128\/revisions"}],"predecessor-version":[{"id":3042,"href":"https:\/\/www.ciencianews.com.br\/index.php\/wp-json\/wp\/v2\/pages\/128\/revisions\/3042"}],"up":[{"embeddable":true,"href":"https:\/\/www.ciencianews.com.br\/index.php\/wp-json\/wp\/v2\/pages\/1073"}],"wp:attachment":[{"href":"https:\/\/www.ciencianews.com.br\/index.php\/wp-json\/wp\/v2\/media?parent=128"}],"curies":[{"name":"wp","href":"https:\/\/api.w.org\/{rel}","templated":true}]}}