{"id":130,"date":"2013-07-23T01:52:39","date_gmt":"2013-07-23T01:52:39","guid":{"rendered":"http:\/\/localhost\/wordpress\/?page_id=130"},"modified":"2025-07-15T13:37:51","modified_gmt":"2025-07-15T13:37:51","slug":"artigos-cientificos","status":"publish","type":"page","link":"https:\/\/www.ciencianews.com.br\/index.php\/publicacoes\/artigos-cientificos\/","title":{"rendered":"Artigos Cient\u00edficos"},"content":{"rendered":"<p><strong>Textos publicados e\/ou editados pela AC&amp;T. Escolha o tema de sua prefer\u00eancia:<\/strong><\/p>\n<ol>\n<li>\n<h4><a href=\"https:\/\/www.ciencianews.com.br\/wp-content\/uploads\/2025\/07\/Intelige\u0302ncia-Artificial.pdf\" target=\"_blank\" rel=\"noopener noreferrer\"><strong>Intelig\u00eancia artificial: realidade que n\u00e3o pode se tornar um bezerro de ouro<\/strong><\/a><\/h4>\n<\/li>\n<li>\n<h4><a href=\"https:\/\/www.ciencianews.com.br\/wp-content\/uploads\/2023\/01\/Transfuso%CC%83es-com-eritro%CC%81citos-de-laborato%CC%81rios.pdf\" target=\"_blank\" rel=\"noopener noreferrer\"><strong>Hem\u00e1cias laboratoriais para transfus\u00f5es de sangue<\/strong><\/a><\/h4>\n<\/li>\n<li>\n<h4><a href=\"https:\/\/www.ciencianews.com.br\/wp-content\/uploads\/2022\/09\/D-di\u0301meros.pdf\" target=\"_blank\" rel=\"noopener noreferrer\"><strong>D-D\u00edmero elevado &#8211; a quest\u00e3o do momento<\/strong><\/a><\/h4>\n<\/li>\n<li>\n<h4><strong><a title=\"COVID19\" href=\"http:\/\/www.ciencianews.com.br\/arquivos\/ACET\/IMAGENS\/coronavirus-covid19\/coronavirus-covid19.pdf\" target=\"_blank\" rel=\"noopener noreferrer\">Explicando a biologia da infec\u00e7\u00e3o causada pelo coronav\u00edrus (COVID19)<\/a><\/strong><\/h4>\n<\/li>\n<li>\n<h4><strong><a title=\"COVID19\" href=\"http:\/\/www.hemoglobinopatias.com.br\/hemoglobinopatias\/Hemoglobinas_artigo.pdf\" target=\"_blank\" rel=\"noopener noreferrer\">Hemoglobinopatias: Doen\u00e7a Falciforme, Talassemias e Hemoglobinas Inst\u00e1veis<\/a><\/strong><\/h4>\n<\/li>\n<li>\n<h4><strong><a title=\"COVID19\" href=\"https:\/\/www.ciencianews.com.br\/wp-content\/uploads\/2023\/08\/Artigo-site-Por-que-os-leucocitos-e-as-plaquetas-tambem-passeiam.pdf\" target=\"_blank\" rel=\"noopener noreferrer\">Por qu\u00ea os leuc\u00f3citos e as plaquetas tamb\u00e9m passeiam?<\/a><\/strong><\/h4>\n<\/li>\n<li>\n<h4><strong><a title=\"Em Nome do DNA\" href=\"http:\/\/www.ciencianews.com.br\/arquivos\/ACET\/IMAGENS\/temas-avancados\/Marcadores_tumorais.pdf\" target=\"_blank\" rel=\"noopener noreferrer\">Marcadores Tumorais<\/a><\/strong><\/h4>\n<\/li>\n<li>\n<h4><strong><a title=\"Em Nome do DNA\" href=\"http:\/\/www.ciencianews.com.br\/arquivos\/ACET\/IMAGENS\/temas-avancados\/Artigo%20Hematologia%20molecular.pdf\" target=\"_blank\" rel=\"noopener noreferrer\"> Hematologia Molecular<\/a><\/strong><\/h4>\n<\/li>\n<li>\n<h4><strong><a title=\"Em Nome do DNA\" href=\"http:\/\/www.ciencianews.com.br\/arquivos\/ACET\/IMAGENS\/temas-avancados\/Artigo%20O%20uso%20do%20grafeno%20em%20analises.pdf\" target=\"_blank\" rel=\"noopener noreferrer\"> O uso do Grafeno em an\u00e1lises Laboratoriais e Moleculares<\/a><\/strong><\/h4>\n<\/li>\n<li>\n<h4><strong><a title=\"Em Nome do DNA\" href=\"http:\/\/www.ciencianews.com.br\/arquivos\/ACET\/IMAGENS\/Artigos_cientificos\/Em nome do DNA.pdf\" target=\"_blank\" rel=\"noopener noreferrer\"> Em Nome do DNA<\/a><\/strong><\/h4>\n<\/li>\n<li>\n<h4><strong><a title=\"Biomedicina do C\u00e3ncer Humano(Quick-Class)\" href=\"https:\/\/www.youtube.com\/embed\/XJgGCyGHf_0\" target=\"_blank\" rel=\"noopener noreferrer\"> Biomedicina do C\u00e2ncer Humano(Quick-Class)<\/a><\/strong><\/h4>\n<\/li>\n<li>\n<h4><strong><a title=\"Hematologia Molecular\" href=\"http:\/\/www.ciencianews.com.br\/arquivos\/ACET\/IMAGENS\/Noticias_ACET\/2-Hematologia molecular - noticia3.pdf\" target=\"_blank\" rel=\"noopener noreferrer\"> Hematologia Molecular<\/a><\/strong><\/h4>\n<\/li>\n<li>\n<h4><strong><a title=\"Doen\u00e7as que elevam a HB Fetal\" href=\"http:\/\/www.ciencianews.com.br\/arquivos\/ACET\/IMAGENS\/Noticias_ACET\/1- Doen\u00e7as que elevam a Hb FETAL - noticia2.pdf\" target=\"_blank\" rel=\"noopener noreferrer\"> Doen\u00e7as que elevam a HB Fetal<\/a><\/strong><\/h4>\n<\/li>\n<li>\n<h4><strong><a title=\"Microbiologia da Pneumonia\" href=\"http:\/\/www.ciencianews.com.br\/arquivos\/ACET\/IMAGENS\/Noticias_ACET\/Microbiologia da Pneumonia - kalinca_noticia1.pdf\" target=\"_blank\" rel=\"noopener noreferrer\"> Microbiologia da Pneumonia<\/a><\/strong><\/h4>\n<\/li>\n<li>\n<h4><strong><a title=\"Hemocromatose\" href=\"http:\/\/www.ciencianews.com.br\/arquivos\/ACET\/IMAGENS\/Noticias_ACET\/noticia4_artigo_Hemocromatose.pdf\" target=\"_blank\" rel=\"noopener noreferrer\"> Hemocromatose<\/a><\/strong><\/h4>\n<\/li>\n<li>\n<h4><strong><a title=\"Preval\u00eancia de Anemias em Gestantes\" href=\"http:\/\/www.ciencianews.com.br\/arquivos\/ACET\/IMAGENS\/Noticias_ACET\/noticia3_Artigo_Sergio_Nicolodi.pdf\" target=\"_blank\" rel=\"noopener noreferrer\"> Preval\u00eancia de Anemias em Gestantes <\/a><\/strong><\/h4>\n<\/li>\n<li>\n<h4><strong><a title=\"Vitamina C e C\u00e2ncer\" href=\"http:\/\/www.ciencianews.com.br\/arquivos\/ACET\/IMAGENS\/Noticias_ACET\/noticia2-vitamina_c_e_cancer_artigo.pdf\" target=\"_blank\" rel=\"noopener noreferrer\"> Vitamina C e C\u00e2ncer <\/a> &#8211; (QuickClass &#8211; <a href=\"https:\/\/www.youtube.com\/embed\/2sS6JPuNf9E\" target=\"_blank\" rel=\"noopener noreferrer\"> clique aqui <\/a>)<\/strong><\/h4>\n<\/li>\n<li>\n<h4><strong><a title=\"Diagnostico da Talassemia Alfa\" href=\"http:\/\/www.ciencianews.com.br\/arquivos\/ACET\/IMAGENS\/Noticias_ACET\/noticia1-Diagnostico_talassemia_alfa.pdf\" target=\"_blank\" rel=\"noopener noreferrer\"> Diagnostico da Talassemia Alfa <\/a><\/strong><\/h4>\n<\/li>\n<li>\n<h4><strong><a title=\"Leucograma do Futuro\" href=\"http:\/\/www.ciencianews.com.br\/arquivos\/ACET\/IMAGENS\/Noticias_ACET\/noticia3_Leucograma do futuro.pdf\" target=\"_blank\" rel=\"noopener noreferrer\"> Leucograma do Futuro <\/a><\/strong><\/h4>\n<\/li>\n<li>\n<h4><strong><a title=\"Estresse e C\u00e2ncer\" href=\"http:\/\/www.ciencianews.com.br\/arquivos\/ACET\/IMAGENS\/Noticias_ACET\/noticia2_Estresse e c\u00e2ncer.pdf\" target=\"_blank\" rel=\"noopener noreferrer\"> Estresse e C\u00e2ncer <\/a><\/strong><\/h4>\n<\/li>\n<li>\n<h4><strong><a title=\"Fun\u00e7\u00e3o Plaquet\u00e1ria\" href=\"http:\/\/www.ciencianews.com.br\/arquivos\/ACET\/IMAGENS\/Noticias_ACET\/noticia1_funcao-plaquetaria.pdf\" target=\"_blank\" rel=\"noopener noreferrer\"> Fun\u00e7\u00e3o Plaquet\u00e1ria <\/a><\/strong><\/h4>\n<\/li>\n<li>\n<h4><strong><a title=\"A Origem da Doen\u00e7a Falciforme no Brasil\" href=\"http:\/\/www.ciencianews.com.br\/arquivos\/ACET\/IMAGENS\/Noticias_ACET\/noticia1_FALCIFORME-NO-BRASIL.pdf\" target=\"_blank\" rel=\"noopener noreferrer\">A Origem da Doen\u00e7a Falciforme no Brasil<\/a><\/strong><\/h4>\n<\/li>\n<li>\n<h4><strong><a title=\"Novos Modelos Terap\u00eauticos contra o C\u00e2ncer\" href=\"http:\/\/www.ciencianews.com.br\/arquivos\/ACET\/IMAGENS\/Noticias_ACET\/noticia2_novos-modelos-terapeuticos-contra-cancer.pdf\" target=\"_blank\" rel=\"noopener noreferrer\">Novos Modelos Terap\u00eauticos contra o C\u00e2ncer<\/a><\/strong><\/h4>\n<\/li>\n<li>\n<h4><strong><a title=\"A Biologia da Viol\u00eancia Humana\" href=\"http:\/\/www.ciencianews.com.br\/arquivos\/ACET\/IMAGENS\/Noticias_ACET\/noticia3_A BIOLOGIA DA VIOL\u00caNCIA HUMANA.pdf\" target=\"_blank\" rel=\"noopener noreferrer\">A Biologia da Viol\u00eancia Humana<\/a><\/strong><\/h4>\n<\/li>\n<li>\n<h4><strong><a title=\"Sinaliza\u00e7\u00e3o do C\u00e2ncer Humano\" href=\"\/arquivos\/ACET\/IMAGENS\/Artigos_cientificos\/sinalizacao_do_cancer\/SINALIZA\u00c7\u00c3ODOC\u00c2NCER.pdf\" target=\"_blank\" rel=\"noopener noreferrer\">Sinaliza\u00e7\u00e3o do C\u00e2ncer Humano<\/a><\/strong><\/h4>\n<\/li>\n<li>\n<h4><strong><a title=\"Morfologia Leucocit\u00e1ria em Seis L\u00e2minas\" href=\"\/arquivos\/morfologia\/morfologia6.pdf\" target=\"_blank\" rel=\"noopener noreferrer\">Morfologia Leucocit\u00e1ria em Seis L\u00e2minas<\/a><\/strong><\/h4>\n<\/li>\n<li>\n<h4><strong><a title=\"Perfil das Hemotransfus\u00f5es\" href=\"\/arquivos\/ACET\/IMAGENS\/artigos\/Perfil_das_Hemotransfusoes.pdf\" target=\"_blank\" rel=\"noopener noreferrer\">Perfil das Hemotransfus\u00f5es<\/a><\/strong><\/h4>\n<\/li>\n<li>\n<h4><strong><a title=\"Prote\u00ednas Plasm\u00e1ticas com Interesse Cl\u00ednico\" href=\"\/arquivos\/ACET\/IMAGENS\/casos_clinicos\/proteinas\/Prote\u00ednas Plasm\u00e1ticas de Interesse Cl\u00ednico.pdf\" target=\"_blank\" rel=\"noopener noreferrer\">Prote\u00ednas Plasm\u00e1ticas com Interesse Cl\u00ednico<\/a><\/strong><\/h4>\n<\/li>\n<li>\n<h4><strong><a title=\"Imagens da Vida\" href=\"\/arquivos\/ACET\/IMAGENS\/imagens_da_vida\/imagens_da_vida.pdf\" target=\"&quot;_blank\" rel=\"noopener noreferrer\">Imagens da Vida<\/a><\/strong><\/h4>\n<\/li>\n<li>\n<h4><strong><a title=\"Linguagens das C\u00e9lulas\" href=\"\/arquivos\/ACET\/IMAGENS\/citologia\/linguagem das c\u00e9lulas.pdf\" target=\"&quot;_blank\" rel=\"noopener noreferrer\">Linguagens das C\u00e9lulas<\/a><\/strong><\/h4>\n<\/li>\n<li>\n<h4><strong><a title=\"Anemias Classifica\u00e7\u00e3o e Diagn\u00f3stico Deiferencial\" href=\"\/arquivos\/ACET\/IMAGENS\/anemias\/Anemias_Classifica\u00e7\u00e3o_Diagn\u00f3stico_Diferencial.pdf\" target=\"&quot;_blank\" rel=\"noopener noreferrer\">Anemias Classifica\u00e7\u00e3o e Diagn\u00f3stico Deiferencial<\/a><\/strong><\/h4>\n<\/li>\n<li>\n<h4><strong><a title=\"Gen\u00e9tica do C\u00e2ncer\" href=\"\/arquivos\/ACET\/IMAGENS\/genetica\/Genetica_do_cancer.pdf\" target=\"&quot;_blank\" rel=\"noopener noreferrer\">Gen\u00e9tica do C\u00e2ncer<\/a><\/strong><\/h4>\n<\/li>\n<li>\n<h4><strong><a title=\"Testes de Coagula\u00e7\u00e3o e Trombofilias\" href=\"\/arquivos\/ACET\/IMAGENS\/casos_hematologicos\/coagulopatias e trombofilias.pdf\" target=\"&quot;_blank\" rel=\"noopener noreferrer\">Testes de Coagula\u00e7\u00e3o e Trombofilias<\/a><\/strong><\/h4>\n<\/li>\n<li>\n<h4><strong><a title=\"Espiritualidade cura o C\u00e2ncer\" href=\"\/arquivos\/ACET\/IMAGENS\/Artigos_cientificos\/ESPIRITUALIDADE NA CURA DO C\u00c3NCER.pdf\" target=\"&quot;_blank\" rel=\"noopener noreferrer\">Espiritualidade cura o C\u00e2ncer<\/a><\/strong><\/h4>\n<\/li>\n<li>\n<h4><strong><a title=\"DNA de Alzheimer\" href=\"\/arquivos\/ACET\/IMAGENS\/Artigos_cientificos\/DNA DE ALZHEIMER.pdf\" target=\"&quot;_blank\" rel=\"noopener noreferrer\">DNA de Alzheimer<\/a><\/strong><\/h4>\n<\/li>\n<li>\n<h4><strong><a title=\"DIABETES\" href=\"\/arquivos\/ACET\/IMAGENS\/Artigos_cientificos\/a matabol\u00f4mica do diabetes.pdf\" target=\"&quot;_blank\" rel=\"noopener noreferrer\">Diabetes<\/a><\/strong><\/h4>\n<\/li>\n<li>\n<h4><strong><a title=\"BIOQU\u00cdMICA DA DEPRESS\u00c3O\" href=\"http:\/\/www.ciencianews.com.br\/arquivos\/ACET\/IMAGENS\/Artigos_cientificos\/metabolomica_Depressao.pdf\">Bioqu\u00edmica da Press\u00e3o<\/a><\/strong><\/h4>\n<\/li>\n<li>\n<h4><strong><a title=\"C\u00c9LULAS T REGULADORAS (T REGS)\" href=\"http:\/\/www.ciencianews.com.br\/index.php\/artigos-cientificos\/celulas-t-reguladoras-t-regs\/\">C\u00e9lulas T Reguladoras (T REGS)<\/a><\/strong><\/h4>\n<\/li>\n<li>\n<h4><strong><a title=\"IMUNOLOGIA DO C\u00c2NCER\" href=\"http:\/\/www.ciencianews.com.br\/index.php\/artigos-cientificos\/imunologia-do-cancer\/\">Imunologia do C\u00e2ncer<\/a><\/strong><\/h4>\n<\/li>\n<li>\n<h4><strong><a title=\"INTERPRETA\u00c7\u00c3O LABORATORIAL DO HEMOGRAMA\" href=\"\/arquivos\/ACET\/IMAGENS\/Artigos_cientificos\/Interphemo.pdf\" target=\"_blank\" rel=\"noopener noreferrer\">Interpreta\u00e7\u00e3o laboratorial do hemograma<\/a><\/strong><\/h4>\n<\/li>\n<li>\n<h4><strong><a title=\"SPECTROMETRIC MEASUREMENT OF METHEMOGLOBIN WITHOUT INTERFERENCE OF CHEMICAL OR ENZYMATIC REAGENTS\" href=\"http:\/\/www.ciencianews.com.br\/index.php\/artigos-cientificos\/spectrometric-measurement-of-methemoglobin-without-interference-of-chemical-or-enzymatic-reagents\/\">Metahemoglobinas (Vers\u00e3o em ingl\u00eas)<\/a><\/strong><\/h4>\n<\/li>\n<li>\n<h4><strong><a title=\"C\u00c9LULAS TRONCO: ESCLARECENDO E DISCUTINDO A POL\u00caMICA\" href=\"http:\/\/www.ciencianews.com.br\/index.php\/artigos-cientificos\/celulastronco-esclarecendo-e-discutindo-a-polemica\/\">C\u00e9lulas tronco: Esclarecendo e discutindo a pol\u00eamica<\/a><\/strong><\/h4>\n<\/li>\n<li>\n<h4><strong><a title=\"APLICA\u00c7\u00d5ES DA CITOGEN\u00c9TICA E DA GEN\u00c9TICA MOLECULAR EM LEUCEMIAS\" href=\"http:\/\/www.ciencianews.com.br\/index.php\/artigos-cientificos\/aplicacoes-da-citogenetica-e-da-genetica-molecular-em-leucemias\/\">Aplica\u00e7\u00f5es da citogen\u00e9tica e da gen\u00e9tica molecular e leucemias<\/a><\/strong><\/h4>\n<\/li>\n<li>\n<h4><strong><a title=\"BIOLOGIA DO C\u00c2NCER\" href=\"http:\/\/www.ciencianews.com.br\/index.php\/artigos-cientificos\/biologia-do-cancer\/\">Biologia do c\u00e2ncer<\/a><\/strong><\/h4>\n<\/li>\n<li>\n<h4><strong><a title=\"HORM\u00d4NIO \u2013 A ARTE EM CRISTAIS\" href=\"http:\/\/www.ciencianews.com.br\/index.php\/artigos-cientificos\/hormonio-a-arte-em-cristais\/\">Horm\u00f4nios &#8211; A arte em cristais<\/a><\/strong><\/h4>\n<\/li>\n<li>\n<h4><strong><a href=\"\/arquivos\/ACET\/IMAGENS\/hemofilias\/hemofilias.pdf\" target=\"_blank\" rel=\"noopener noreferrer\">Hemofilias Adquiridas<\/a><\/strong><\/h4>\n<\/li>\n<li>\n<h4><strong><a href=\"\/arquivos\/ACET\/IMAGENS\/anemias_imigrantes\/imigrantes.pdf\" target=\"_blank\" rel=\"noopener noreferrer\">Anemias Imigrantes<\/a><\/strong><\/h4>\n<\/li>\n<li>\n<h4><strong><a title=\"Citocinas e Interleucinas\" href=\"http:\/\/www.youtube.com\/watch?v=ucWctU5r63o\" target=\"_blank\" rel=\"noopener noreferrer lightbox-video-0\">Citocinas e Interleucinas<\/a><\/strong><\/h4>\n<\/li>\n<li>\n<h4><strong><a href=\"\/arquivos\/ACET\/IMAGENS\/avaliacao_laboratorial\/metodos.pdf\" target=\"_blank\" rel=\"noopener noreferrer\">M\u00e9todos de Avalia\u00e7\u00e3o Laboratorial<\/a><\/strong><\/h4>\n<\/li>\n<li>\n<h4><strong><a href=\"\/arquivos\/ACET\/IMAGENS\/dna_incrivel\/dnaincrivel.pdf\" target=\"_blank\" rel=\"noopener noreferrer\">O DNA, Seus Incr\u00edveis N\u00fameros e Seus Segredos<\/a><\/strong><\/h4>\n<\/li>\n<li>\n<h4><strong><a href=\"\/arquivos\/ACET\/IMAGENS\/plaquetas_dengue\/plaquetas.pdf\" target=\"_blank\" rel=\"noopener noreferrer\">Plaquetas e Dengue<\/a><\/strong><\/h4>\n<\/li>\n<li>\n<h4><strong><a href=\"\/arquivos\/ACET\/IMAGENS\/geneses\/genescorruptos.pdf\" target=\"_blank\" rel=\"noopener noreferrer\">Genes Corruptos<\/a><\/strong><\/h4>\n<\/li>\n<li>\n<h4><strong><a href=\"\/arquivos\/ACET\/IMAGENS\/porfirias\/porfirias.pdf\" target=\"_blank\" rel=\"noopener noreferrer\">Porfirias: Classifica\u00e7\u00e3o, Fisiopatologia, Gen\u00e9tica e Diagn\u00f3stico Laboratorial<\/a><\/strong><\/h4>\n<\/li>\n<li>\n<h4><strong><a href=\"\/arquivos\/ACET\/IMAGENS\/Artigos_cientificos\/tendencias em tecnologias laboratoriais.pdf\" target=\"_blank\" rel=\"noopener noreferrer\">Tend\u00eancias em T\u00e9cnicas Laboratoriais<\/a><\/strong><\/h4>\n<\/li>\n<li>\n<h4><strong><a href=\"\/arquivos\/ACET\/IMAGENS\/Artigos_cientificos\/VACINA DE MACR\u00d3FAGOS CONTRA O C\u00c2NCER.pdf\" target=\"_blank\" rel=\"noopener noreferrer\">Vacina de Macr\u00f3fagos contra o C\u00e2ncer<\/a><\/strong><\/h4>\n<\/li>\n<li>\n<h4><strong><a href=\"\/arquivos\/ACET\/IMAGENS\/citologia\/Citologia das altera\u00e7\u00f5es leucocit\u00e1rias.pdf\" target=\"_blank\" rel=\"noopener noreferrer\">Altera\u00e7\u00f5es Leucocit\u00e1rias<\/a><\/strong><\/h4>\n<\/li>\n<li>\n<h4><strong><a href=\"\/index.php\/artigos-cientificos\/sinalizacao_celular_e_imunologia_molecular\">Sinaliza\u00e7\u00e3o Celular e Imunologia Molecular na Cl\u00ednica e no Laborat\u00f3rio<\/a><\/strong><\/h4>\n<\/li>\n<li>\n<h4><strong><a href=\"http:\/\/www.ciencianews.com.br\/arquivos\/ACET\/IMAGENS\/Noticias_ACET\/noticia1_Teste%20laboratorial%20para%20HPN.pdf\">Teste laboratorial para HPN<\/a><\/strong><\/h4>\n<\/li>\n<li>\n<h4><strong><a href=\"http:\/\/www.ciencianews.com.br\/arquivos\/ACET\/IMAGENS\/Noticias_ACET\/noticia2_Encurtamento%20do%20tempo%20de%20protrombina.pdf\">Encurtamento do tempo de protrombina<\/a><\/strong><\/h4>\n<\/li>\n<li>\n<h4><strong><a href=\"http:\/\/www.ciencianews.com.br\/arquivos\/ACET\/IMAGENS\/Artigos_cientificos\/55 An\u00e1lise das anemias.pdf\" data-wplink-url-error=\"true\">An\u00e1lise das anemias<\/a><\/strong><\/h4>\n<\/li>\n<li>\n<h4><a href=\"http:\/\/www.ciencianews.com.br\/arquivos\/ACET\/IMAGENS\/Artigos_cientificos\/56 Anemias normoc\u00edticas e normocr\u00f4micas.pdf\" target=\"_blank\" rel=\"noopener noreferrer\" data-wplink-url-error=\"true\"><strong>Anemias normoc\u00edticas e normocr\u00f4micas<\/strong><\/a><\/h4>\n<\/li>\n<li>\n<h4><strong><a href=\"http:\/\/www.ciencianews.com.br\/arquivos\/ACET\/IMAGENS\/Artigos_cientificos\/57 Anemias microc\u00edticas e hipocr\u00f4micas.pdf\" target=\"_blank\" rel=\"noopener noreferrer\" data-wplink-url-error=\"true\">Anemias microc\u00edticas e hipocr\u00f4micas<\/a><\/strong><\/h4>\n<\/li>\n<li>\n<h4><strong><a href=\"http:\/\/www.ciencianews.com.br\/arquivos\/ACET\/IMAGENS\/Artigos_cientificos\/58 Anemias macroc\u00edticas.pdf\" target=\"_blank\" rel=\"noopener noreferrer\" data-wplink-url-error=\"true\">Anemias macroc\u00edticas<\/a><\/strong><\/h4>\n<\/li>\n<li>\n<h4><strong><a href=\"http:\/\/www.ciencianews.com.br\/arquivos\/ACET\/IMAGENS\/Artigos_cientificos\/59 Anemia ferropriva.pdf\" target=\"_blank\" rel=\"noopener noreferrer\" data-wplink-url-error=\"true\">Anemia ferropriva<\/a><\/strong><\/h4>\n<\/li>\n<li>\n<h4><strong><a href=\"http:\/\/www.ciencianews.com.br\/arquivos\/ACET\/IMAGENS\/Artigos_cientificos\/60 Anemia na talassemia alfa.pdf\" data-wplink-url-error=\"true\">Anemia na talassemia alfa<\/a><\/strong><\/h4>\n<\/li>\n<li>\n<h4><strong><a href=\"http:\/\/www.ciencianews.com.br\/arquivos\/ACET\/IMAGENS\/Artigos_cientificos\/61 Anemia na talassemia beta.pdf\" target=\"_blank\" rel=\"noopener noreferrer\" data-wplink-url-error=\"true\">Anemia na talassemia beta<\/a><\/strong><\/h4>\n<\/li>\n<li>\n<h4><strong><a href=\"http:\/\/www.ciencianews.com.br\/arquivos\/ACET\/IMAGENS\/Artigos_cientificos\/62 Anemias silenciosas.pdf\" target=\"_blank\" rel=\"noopener noreferrer\" data-wplink-url-error=\"true\">Anemias silenciosas<\/a><\/strong><\/h4>\n<\/li>\n<li>\n<h4><strong><a href=\"http:\/\/www.ciencianews.com.br\/arquivos\/ACET\/IMAGENS\/Artigos_cientificos\/63 Contagem corrigida de reticul\u00f3citos.pdf\" target=\"_blank\" rel=\"noopener noreferrer\" data-wplink-url-error=\"true\">Contagem corrigida de reticul\u00f3citos<\/a><\/strong><\/h4>\n<\/li>\n<li>\n<h4><strong><a href=\"http:\/\/www.ciencianews.com.br\/arquivos\/ACET\/IMAGENS\/Artigos_cientificos\/64 Doen\u00e7as que elevam a Hb Fetal.pdf\" target=\"_blank\" rel=\"noopener noreferrer\" data-wplink-url-error=\"true\">Doen\u00e7as que elevam a Hb Fetal<\/a><\/strong><\/h4>\n<\/li>\n<li>\n<h4><strong><a href=\"http:\/\/www.ciencianews.com.br\/arquivos\/ACET\/IMAGENS\/Artigos_cientificos\/65 Eosinofilia de causa ambiental.pdf\" target=\"_blank\" rel=\"noopener noreferrer\" data-wplink-url-error=\"true\">Eosinofilia de causa ambiental<\/a><\/strong><\/h4>\n<\/li>\n<li>\n<h4><strong><a href=\"http:\/\/www.ciencianews.com.br\/arquivos\/ACET\/IMAGENS\/Artigos_cientificos\/66 Hemograma ou Hemograma completo.pdf\" target=\"_blank\" rel=\"noopener noreferrer\" data-wplink-url-error=\"true\">Hemograma ou Hemograma completo<\/a><\/strong><\/h4>\n<\/li>\n<li>\n<h4><strong><a href=\"http:\/\/www.ciencianews.com.br\/arquivos\/ACET\/IMAGENS\/Artigos_cientificos\/67 O hemograma nas infec\u00e7\u00f5es.pdf\" target=\"_blank\" rel=\"noopener noreferrer\" data-wplink-url-error=\"true\">O hemograma nas infec\u00e7\u00f5es<\/a><\/strong><\/h4>\n<\/li>\n<li>\n<h4><strong><a href=\"http:\/\/www.ciencianews.com.br\/arquivos\/ACET\/IMAGENS\/Artigos_cientificos\/68 Bases da identifica\u00e7\u00e3o laboratorial das leucemias.pdf\" target=\"_blank\" rel=\"noopener noreferrer\" data-wplink-url-error=\"true\">Bases da identifica\u00e7\u00e3o laboratorial das leucemias<\/a><\/strong><\/h4>\n<\/li>\n<li>\n<h4><strong><a href=\"http:\/\/www.ciencianews.com.br\/arquivos\/ACET\/IMAGENS\/Artigos_cientificos\/69 Linfomas em 10 t\u00f3picos.pdf\" target=\"_blank\" rel=\"noopener noreferrer\" data-wplink-url-error=\"true\">Linfomas em 10 t\u00f3picos<\/a><\/strong><\/h4>\n<\/li>\n<li>\n<h4><strong><a href=\"http:\/\/www.ciencianews.com.br\/arquivos\/ACET\/IMAGENS\/Artigos_cientificos\/70 A linguagem celular dos eritr\u00f3citos.pdf\" target=\"_blank\" rel=\"noopener noreferrer\" data-wplink-url-error=\"true\">A linguagem celular dos eritr\u00f3citos<\/a><\/strong><\/h4>\n<\/li>\n<li>\n<h4><strong><a href=\"http:\/\/www.ciencianews.com.br\/arquivos\/ACET\/IMAGENS\/Artigos_cientificos\/71 Todas as cores do sangue.pdf\" target=\"_blank\" rel=\"noopener noreferrer\" data-wplink-url-error=\"true\">Todas as cores do sangue<\/a><\/strong><\/h4>\n<\/li>\n<li>\n<h4><strong><a href=\"http:\/\/www.ciencianews.com.br\/arquivos\/ACET\/IMAGENS\/Artigos_cientificos\/72 Plaquetopenias e suas causas.pdf\" target=\"_blank\" rel=\"noopener noreferrer\" data-wplink-url-error=\"true\">Plaquetopenias e suas causas<\/a><\/strong><\/h4>\n<\/li>\n<li>\n<h4><strong><a href=\"http:\/\/www.ciencianews.com.br\/arquivos\/ACET\/IMAGENS\/Artigos_cientificos\/73 Tempo de protrombina diminu\u00eddo.pdf\" target=\"_blank\" rel=\"noopener noreferrer\" data-wplink-url-error=\"true\">Tempo de protrombina diminu\u00eddo<\/a><\/strong><\/h4>\n<\/li>\n<li>\n<h4><strong><a href=\"http:\/\/www.ciencianews.com.br\/arquivos\/ACET\/IMAGENS\/Artigos_cientificos\/74 Magias da Hemoglobina Fetal.pdf\" target=\"_blank\" rel=\"noopener noreferrer\" data-wplink-url-error=\"true\">Magias da Hemoglobina Fetal<\/a><\/strong><\/h4>\n<\/li>\n<li>\n<h4><strong><a href=\"http:\/\/www.ciencianews.com.br\/arquivos\/ACET\/IMAGENS\/Artigos_cientificos\/75 Morfologia hematol\u00f3gica e automa\u00e7\u00e3o.pdf\" target=\"_blank\" rel=\"noopener noreferrer\" data-wplink-url-error=\"true\">Morfologia hematol\u00f3gica e automa\u00e7\u00e3o<\/a><\/strong><\/h4>\n<\/li>\n<li>\n<h4><strong><a href=\"http:\/\/www.ciencianews.com.br\/arquivos\/ACET\/IMAGENS\/Artigos_cientificos\/76 Resultados irreais em hemogramas causados por roleaux.pdf\" target=\"_blank\" rel=\"noopener noreferrer\" data-wplink-url-error=\"true\">Resultados irreais em hemogramas causados por roleaux<\/a><\/strong><\/h4>\n<\/li>\n<li>\n<h4><strong><a href=\"http:\/\/www.ciencianews.com.br\/arquivos\/ACET\/IMAGENS\/Artigos_cientificos\/77 Resultados irreais de hemograma causado por crioaglutininas e crioglobulinas.pdf\" target=\"_blank\" rel=\"noopener noreferrer\" data-wplink-url-error=\"true\">Resultados irreais de hemograma causado por crioaglutininas e crioglobulinas<\/a><\/strong><\/h4>\n<\/li>\n<li>\n<h4><strong><a href=\"http:\/\/www.ciencianews.com.br\/arquivos\/ACET\/IMAGENS\/Artigos_cientificos\/78 Qual o verdadeiro valor do VCM.pdf\" target=\"_blank\" rel=\"noopener noreferrer\" data-wplink-url-error=\"true\">Qual o verdadeiro valor do VCM?<\/a><\/strong><\/h4>\n<\/li>\n<li>\n<h4><strong><a href=\"http:\/\/www.ciencianews.com.br\/arquivos\/ACET\/IMAGENS\/Artigos_cientificos\/79 O futuro da Hematologia molecular.pdf\" target=\"_blank\" rel=\"noopener noreferrer\" data-wplink-url-error=\"true\">O futuro da Hematologia molecular<\/a><\/strong><\/h4>\n<\/li>\n<\/ol>\n\n\n<p><\/p>\n","protected":false},"excerpt":{"rendered":"<p>Textos publicados e\/ou editados pela AC&amp;T. Escolha o tema de sua prefer\u00eancia: Intelig\u00eancia artificial: realidade que n\u00e3o pode se tornar um bezerro de ouro Hem\u00e1cias laboratoriais para transfus\u00f5es de sangue D-D\u00edmero elevado &#8211; a quest\u00e3o do momento Explicando a biologia [&hellip;]<\/p>\n","protected":false},"author":2,"featured_media":0,"parent":1073,"menu_order":0,"comment_status":"closed","ping_status":"open","template":"","meta":{"_uag_custom_page_level_css":"","_joinchat":[],"footnotes":""},"class_list":["post-130","page","type-page","status-publish","hentry"],"uagb_featured_image_src":{"full":false,"thumbnail":false,"medium":false,"medium_large":false,"large":false,"1536x1536":false,"2048x2048":false,"post-thumbnail":false,"business-hub-blog":false,"business-hub-work":false},"uagb_author_info":{"display_name":"admin","author_link":"https:\/\/www.ciencianews.com.br\/index.php\/author\/admin\/"},"uagb_comment_info":0,"uagb_excerpt":"Textos publicados e\/ou editados pela AC&amp;T. Escolha o tema de sua prefer\u00eancia: Intelig\u00eancia artificial: realidade que n\u00e3o pode se tornar um bezerro de ouro Hem\u00e1cias laboratoriais para transfus\u00f5es de sangue D-D\u00edmero elevado &#8211; a quest\u00e3o do momento Explicando a biologia [&hellip;]","_links":{"self":[{"href":"https:\/\/www.ciencianews.com.br\/index.php\/wp-json\/wp\/v2\/pages\/130","targetHints":{"allow":["GET"]}}],"collection":[{"href":"https:\/\/www.ciencianews.com.br\/index.php\/wp-json\/wp\/v2\/pages"}],"about":[{"href":"https:\/\/www.ciencianews.com.br\/index.php\/wp-json\/wp\/v2\/types\/page"}],"author":[{"embeddable":true,"href":"https:\/\/www.ciencianews.com.br\/index.php\/wp-json\/wp\/v2\/users\/2"}],"replies":[{"embeddable":true,"href":"https:\/\/www.ciencianews.com.br\/index.php\/wp-json\/wp\/v2\/comments?post=130"}],"version-history":[{"count":80,"href":"https:\/\/www.ciencianews.com.br\/index.php\/wp-json\/wp\/v2\/pages\/130\/revisions"}],"predecessor-version":[{"id":7783,"href":"https:\/\/www.ciencianews.com.br\/index.php\/wp-json\/wp\/v2\/pages\/130\/revisions\/7783"}],"up":[{"embeddable":true,"href":"https:\/\/www.ciencianews.com.br\/index.php\/wp-json\/wp\/v2\/pages\/1073"}],"wp:attachment":[{"href":"https:\/\/www.ciencianews.com.br\/index.php\/wp-json\/wp\/v2\/media?parent=130"}],"curies":[{"name":"wp","href":"https:\/\/api.w.org\/{rel}","templated":true}]}}