{"id":133,"date":"2013-07-23T01:55:28","date_gmt":"2013-07-23T01:55:28","guid":{"rendered":"http:\/\/localhost\/wordpress\/?page_id=133"},"modified":"2015-08-22T13:38:27","modified_gmt":"2015-08-22T13:38:27","slug":"revista-eletronica-virtual","status":"publish","type":"page","link":"https:\/\/www.ciencianews.com.br\/index.php\/revista-eletronica-virtual\/","title":{"rendered":"Revista Eletr\u00f4nica Virtual"},"content":{"rendered":"<h3 style=\"text-align: center;\">AC&amp;T Cient\u00edfica \u00e9 a revista eletr\u00f4nica da Academia de Ci\u00eancia e Tecnologia<\/h3>\n<p style=\"text-align: justify;\">\u00a0AC&amp;T Cient\u00edfica apresenta as produ\u00e7\u00f5es cient\u00edficas de nossos alunos e ex-alunos de p\u00f3s-gradua\u00e7\u00e3o. No link &#8220;Artigos&#8221;, encontram-se os artigos de p\u00f3s-graduandos das turmas de hematologia, microbiologia, an\u00e1lises cl\u00ednicas, imunologia e biologia molecular.<\/p>\n<ol>\n<ol>\n<li>\n<h3><span style=\"color: #0000ff;\"><span style=\"color: #0000ff;\"><strong><a title=\"Revista Eletr\u00f4nica Virtual \u2013 Artigos\" href=\"http:\/\/www.ciencianews.com.br\/index.php\/revista-eletronica-virtual\/revista-eletronica-virtual-artigos\/\"><em><span style=\"text-decoration: underline;\"><span style=\"text-decoration: underline;\"><strong>Artigos<\/strong><\/span><\/span><\/em><\/a><\/strong><\/span><\/span><\/h3>\n<\/li>\n<li>\n<h3><span style=\"color: #0000ff;\"><span style=\"color: #0000ff;\"><strong><a title=\"Monografias\" href=\"http:\/\/www.ciencianews.com.br\/index.php\/publicacoes\/monografias\/\"><em><span style=\"text-decoration: underline;\"><span style=\"text-decoration: underline;\"><strong>Monografias<\/strong><\/span><\/span><\/em><\/a><\/strong><\/span><\/span><\/h3>\n<\/li>\n<\/ol>\n<\/ol>\n<p style=\"text-align: justify;\">Os artigos aqui vinculados s\u00e3o de total responsabilidade de seus autores. N\u00e3o nos responsabilizamos por quaisquer informa\u00e7\u00f5es err\u00f4neas ou infundadas. Este material \u00e9 de uso exclusivo para consulta pessoal ou cient\u00edfica, ficando proibida a reprodu\u00e7\u00e3o sem a pr\u00e9via autoriza\u00e7\u00e3o dos autores.<\/p>\n<p style=\"text-align: justify;\">Editores<\/p>\n<ul style=\"text-align: justify;\">\n<li>Paulo Cesar Naoum<\/li>\n<li>Fl\u00e1vio Augusto Naoum<\/li>\n<\/ul>\n<p style=\"text-align: justify;\">Editores Associados:<\/p>\n<ul style=\"text-align: justify;\">\n<li>Profa. Dra. Margarete T. Gottardo de Almeida<\/li>\n<li>Prof. Dr. Luis Carlos de Mattos<\/li>\n<li>Dr. Nadilson Cunha<\/li>\n<\/ul>\n<p style=\"text-align: justify;\">Redator:<\/p>\n<ul style=\"text-align: justify;\">\n<li>Paulo Francisco Naoum<\/li>\n<\/ul>\n<blockquote>\n<p style=\"text-align: justify;\">PARA PUBLICA\u00c7\u00c3O:<\/p>\n<p style=\"text-align: justify;\" align=\"justify\">A AC&amp;T Cient\u00edfica \u00e9 uma revista eletr\u00f4nica exclusiva para publica\u00e7\u00e3o de trabalhos dos nossos alunos e ex-alunos; por\u00e9m dispon\u00edvel para todos consultarem os artigos. Para os alunos que desejam publicar seus artigos, favor enviar uma c\u00f3pia para o e-mail:\u00a0<a href=\"mailto:a.c.t@terra.com.br\">a.c.t@terra.com.br<\/a>para que possamos avaliar seu trabalho.<\/p>\n<\/blockquote>\n","protected":false},"excerpt":{"rendered":"<p>AC&amp;T Cient\u00edfica \u00e9 a revista eletr\u00f4nica da Academia de Ci\u00eancia e Tecnologia \u00a0AC&amp;T Cient\u00edfica apresenta as produ\u00e7\u00f5es cient\u00edficas de nossos alunos e ex-alunos de p\u00f3s-gradua\u00e7\u00e3o. No link &#8220;Artigos&#8221;, encontram-se os artigos de p\u00f3s-graduandos das turmas de hematologia, microbiologia, an\u00e1lises cl\u00ednicas, [&hellip;]<\/p>\n","protected":false},"author":2,"featured_media":0,"parent":0,"menu_order":0,"comment_status":"closed","ping_status":"open","template":"","meta":{"_uag_custom_page_level_css":"","_joinchat":[],"footnotes":""},"class_list":["post-133","page","type-page","status-publish","hentry"],"uagb_featured_image_src":{"full":false,"thumbnail":false,"medium":false,"medium_large":false,"large":false,"1536x1536":false,"2048x2048":false,"post-thumbnail":false,"business-hub-blog":false,"business-hub-work":false},"uagb_author_info":{"display_name":"admin","author_link":"https:\/\/www.ciencianews.com.br\/index.php\/author\/admin\/"},"uagb_comment_info":0,"uagb_excerpt":"AC&amp;T Cient\u00edfica \u00e9 a revista eletr\u00f4nica da Academia de Ci\u00eancia e Tecnologia \u00a0AC&amp;T Cient\u00edfica apresenta as produ\u00e7\u00f5es cient\u00edficas de nossos alunos e ex-alunos de p\u00f3s-gradua\u00e7\u00e3o. No link &#8220;Artigos&#8221;, encontram-se os artigos de p\u00f3s-graduandos das turmas de hematologia, microbiologia, an\u00e1lises cl\u00ednicas, [&hellip;]","_links":{"self":[{"href":"https:\/\/www.ciencianews.com.br\/index.php\/wp-json\/wp\/v2\/pages\/133","targetHints":{"allow":["GET"]}}],"collection":[{"href":"https:\/\/www.ciencianews.com.br\/index.php\/wp-json\/wp\/v2\/pages"}],"about":[{"href":"https:\/\/www.ciencianews.com.br\/index.php\/wp-json\/wp\/v2\/types\/page"}],"author":[{"embeddable":true,"href":"https:\/\/www.ciencianews.com.br\/index.php\/wp-json\/wp\/v2\/users\/2"}],"replies":[{"embeddable":true,"href":"https:\/\/www.ciencianews.com.br\/index.php\/wp-json\/wp\/v2\/comments?post=133"}],"version-history":[{"count":11,"href":"https:\/\/www.ciencianews.com.br\/index.php\/wp-json\/wp\/v2\/pages\/133\/revisions"}],"predecessor-version":[{"id":3054,"href":"https:\/\/www.ciencianews.com.br\/index.php\/wp-json\/wp\/v2\/pages\/133\/revisions\/3054"}],"wp:attachment":[{"href":"https:\/\/www.ciencianews.com.br\/index.php\/wp-json\/wp\/v2\/media?parent=133"}],"curies":[{"name":"wp","href":"https:\/\/api.w.org\/{rel}","templated":true}]}}