{"id":134,"date":"2013-07-23T01:55:41","date_gmt":"2013-07-23T01:55:41","guid":{"rendered":"http:\/\/localhost\/wordpress\/?page_id=134"},"modified":"2015-08-22T13:39:25","modified_gmt":"2015-08-22T13:39:25","slug":"monografias","status":"publish","type":"page","link":"https:\/\/www.ciencianews.com.br\/index.php\/publicacoes\/monografias\/","title":{"rendered":"Monografias"},"content":{"rendered":"<ol>\n<li>\n<h3><em><span style=\"color: #0000ff;\"><span style=\"color: #0000ff;\"><strong><a title=\"Monografias \u2013 An\u00e1lises Cl\u00ednicas\" href=\"http:\/\/www.ciencianews.com.br\/index.php\/publicacoes\/monografias\/monografias-analises-clinicas\/\">An\u00e1lises Cl\u00ednicas<\/a><\/strong><\/span><\/span><\/em><\/h3>\n<\/li>\n<li>\n<h3><em><span style=\"color: #0000ff;\"><span style=\"color: #0000ff;\"><strong><a title=\"Monografias \u2013 Citologia Hematol\u00f3gica\" href=\"http:\/\/www.ciencianews.com.br\/index.php\/publicacoes\/monografias\/monografias-citologia-hematologica\/\">Citologia Hematol\u00f3gica<\/a><\/strong><\/span><\/span><\/em><\/h3>\n<\/li>\n<li>\n<h3><em><span style=\"color: #0000ff;\"><span style=\"color: #0000ff;\"><strong><a title=\"Monografias \u2013 Biologia Molecular\" href=\"http:\/\/www.ciencianews.com.br\/index.php\/publicacoes\/monografias\/monografias-biologia-molecular\/\">Biologia Molecular<\/a><\/strong><\/span><\/span><\/em><\/h3>\n<\/li>\n<li>\n<h3><em><span style=\"color: #0000ff;\"><span style=\"color: #0000ff;\"><strong><a title=\"Monografias \u2013 Hematologia e Banco de Sangue\" href=\"http:\/\/www.ciencianews.com.br\/index.php\/publicacoes\/monografias\/monografias-hematologia-e-banco-de-sangue\/\">Hematologia e Banco de Sangue<\/a><\/strong><\/span><\/span><\/em><\/h3>\n<\/li>\n<li>\n<h3><em><span style=\"color: #0000ff;\"><span style=\"color: #0000ff;\"><strong><a title=\"Monografias \u2013 Citogen\u00e9tica, Biologia Molecular e Imunologia aplicadas \u00e0 Hematologia \u2013 HEMATOLOGIA AVAN\u00c7ADA\" href=\"http:\/\/www.ciencianews.com.br\/index.php\/publicacoes\/monografias\/monografias-1a-turma-do-curso-de-citogenetica-biologia-molecular-e-imunologia-aplicadas-a-hematologia-hematologia-avancada\/\">Citogen\u00e9tica, Biologia Molecular e Imunologia aplicadas \u00e0 Hematologia<\/a><\/strong><\/span><\/span><\/em><\/h3>\n<\/li>\n<li>\n<h3><em><span style=\"color: #0000ff;\"><span style=\"color: #0000ff;\"><strong><a title=\"Monografias \u2013 P\u00f3s-Gradua\u00e7\u00e3o Lato Sensu em Hematologia Laboratorial\" href=\"http:\/\/www.ciencianews.com.br\/index.php\/publicacoes\/monografias\/monografias-pos-graduacao-lato-sensu-em-hematologia-laboratorial\/\">Hematologia Laboratorial<\/a><\/strong><\/span><\/span><\/em><\/h3>\n<\/li>\n<li>\n<h3><em><span style=\"color: #0000ff;\"><span style=\"color: #0000ff;\"><strong><a title=\"Monografias \u2013 Hemoterapia Celular\" href=\"http:\/\/www.ciencianews.com.br\/index.php\/publicacoes\/monografias\/monografias-hemoterapia-celular\/\">Hemoterapia Celular<\/a><\/strong><\/span><\/span><\/em><\/h3>\n<\/li>\n<li>\n<h3><em><span style=\"color: #0000ff;\"><span style=\"color: #0000ff;\"><strong><a title=\"Monografias \u2013 Imunologia\" href=\"http:\/\/www.ciencianews.com.br\/index.php\/publicacoes\/monografias\/monografias-imunologia\/\">Imunologia<\/a><\/strong><\/span><\/span><\/em><\/h3>\n<\/li>\n<li>\n<h3><em><span style=\"color: #0000ff;\"><span style=\"color: #0000ff;\"><strong><a title=\"Monografias \u2013 Microbiologia Cl\u00ednica\" href=\"http:\/\/www.ciencianews.com.br\/index.php\/publicacoes\/monografias\/monografias-microbiologia-clinica\/\">Microbiologia Cl\u00ednica<\/a><\/strong><\/span><\/span><\/em><\/h3>\n<\/li>\n<\/ol>\n<h3><\/h3>\n","protected":false},"excerpt":{"rendered":"<p>An\u00e1lises Cl\u00ednicas Citologia Hematol\u00f3gica Biologia Molecular Hematologia e Banco de Sangue Citogen\u00e9tica, Biologia Molecular e Imunologia aplicadas \u00e0 Hematologia Hematologia Laboratorial Hemoterapia Celular Imunologia Microbiologia Cl\u00ednica<\/p>\n","protected":false},"author":2,"featured_media":0,"parent":1073,"menu_order":0,"comment_status":"closed","ping_status":"open","template":"","meta":{"_uag_custom_page_level_css":"","_joinchat":[],"footnotes":""},"class_list":["post-134","page","type-page","status-publish","hentry"],"uagb_featured_image_src":{"full":false,"thumbnail":false,"medium":false,"medium_large":false,"large":false,"1536x1536":false,"2048x2048":false,"post-thumbnail":false,"business-hub-blog":false,"business-hub-work":false},"uagb_author_info":{"display_name":"admin","author_link":"https:\/\/www.ciencianews.com.br\/index.php\/author\/admin\/"},"uagb_comment_info":0,"uagb_excerpt":"An\u00e1lises Cl\u00ednicas Citologia Hematol\u00f3gica Biologia Molecular Hematologia e Banco de Sangue Citogen\u00e9tica, Biologia Molecular e Imunologia aplicadas \u00e0 Hematologia Hematologia Laboratorial Hemoterapia Celular Imunologia Microbiologia Cl\u00ednica","_links":{"self":[{"href":"https:\/\/www.ciencianews.com.br\/index.php\/wp-json\/wp\/v2\/pages\/134","targetHints":{"allow":["GET"]}}],"collection":[{"href":"https:\/\/www.ciencianews.com.br\/index.php\/wp-json\/wp\/v2\/pages"}],"about":[{"href":"https:\/\/www.ciencianews.com.br\/index.php\/wp-json\/wp\/v2\/types\/page"}],"author":[{"embeddable":true,"href":"https:\/\/www.ciencianews.com.br\/index.php\/wp-json\/wp\/v2\/users\/2"}],"replies":[{"embeddable":true,"href":"https:\/\/www.ciencianews.com.br\/index.php\/wp-json\/wp\/v2\/comments?post=134"}],"version-history":[{"count":20,"href":"https:\/\/www.ciencianews.com.br\/index.php\/wp-json\/wp\/v2\/pages\/134\/revisions"}],"predecessor-version":[{"id":3056,"href":"https:\/\/www.ciencianews.com.br\/index.php\/wp-json\/wp\/v2\/pages\/134\/revisions\/3056"}],"up":[{"embeddable":true,"href":"https:\/\/www.ciencianews.com.br\/index.php\/wp-json\/wp\/v2\/pages\/1073"}],"wp:attachment":[{"href":"https:\/\/www.ciencianews.com.br\/index.php\/wp-json\/wp\/v2\/media?parent=134"}],"curies":[{"name":"wp","href":"https:\/\/api.w.org\/{rel}","templated":true}]}}