{"id":1387,"date":"2013-08-15T17:24:33","date_gmt":"2013-08-15T17:24:33","guid":{"rendered":"http:\/\/www.ciencianews.com.br\/homologacao\/?page_id=1387"},"modified":"2013-08-15T17:24:33","modified_gmt":"2013-08-15T17:24:33","slug":"alunos-6a-turma-de-pos-graduacao-lato-sensu-em-hematologia-laboratorial","status":"publish","type":"page","link":"https:\/\/www.ciencianews.com.br\/index.php\/publicacoes\/monografias\/monografias-pos-graduacao-lato-sensu-em-hematologia-laboratorial\/alunos-6a-turma-de-pos-graduacao-lato-sensu-em-hematologia-laboratorial\/","title":{"rendered":"Alunos &#8211; 6\u00aa Turma de P\u00f3s-Gradua\u00e7\u00e3o Lato Sensu em Hematologia Laboratorial"},"content":{"rendered":"<p style=\"text-align: center;\"><img loading=\"lazy\" decoding=\"async\" class=\"aligncenter size-full wp-image-1356\" alt=\"\" src=\"http:\/\/www.ciencianews.com.br\/homologacao\/wp-content\/uploads\/2013\/08\/foto6hematologialaboratorial.jpg\" width=\"650\" height=\"347\" srcset=\"https:\/\/www.ciencianews.com.br\/wp-content\/uploads\/2013\/08\/foto6hematologialaboratorial.jpg 650w, https:\/\/www.ciencianews.com.br\/wp-content\/uploads\/2013\/08\/foto6hematologialaboratorial-300x160.jpg 300w\" sizes=\"auto, (max-width: 650px) 100vw, 650px\" \/><\/p>\n<p style=\"text-align: center;\">Alessandro Gazoto, Campo Grande-MS<\/p>\n<p style=\"text-align: center;\">Alonso Borges Campos Neto, Franca-SP<\/p>\n<p style=\"text-align: center;\">Andr\u00e9 Viu Matheus, Ribeir\u00e3o Preto-SP<\/p>\n<p style=\"text-align: center;\">Antonio Ricardo Paulino Fontanari, Pirassununga-SP<\/p>\n<p style=\"text-align: center;\">Carmen Silvia S. Taraborrelli, S\u00e3o Jos\u00e9 do Rio Preto-SP<\/p>\n<p style=\"text-align: center;\">Christiane Almeida Rodrigues, Tr\u00eas Rios-RJ<\/p>\n<p style=\"text-align: center;\">Cleonice Maria Garcia de Souza, An\u00e1polis-GO<\/p>\n<p style=\"text-align: center;\">Cristiane Maria dos Anjos, Patroc\u00ednio-MG<\/p>\n<p style=\"text-align: center;\">Cristiane Pirollo Fonseca, Brodowski-SP<\/p>\n<p style=\"text-align: center;\">Cristiane Scandi\u00fazi Gusson, Londrina-PR<\/p>\n<p style=\"text-align: center;\">Daniela Alves Madella, Leme-SP<\/p>\n<p style=\"text-align: center;\">Daniela Dambroso Altafini, Maring\u00e1-SP<\/p>\n<p style=\"text-align: center;\">Daniela Karine Perdig\u00e3o, Limeira-SP<\/p>\n<p style=\"text-align: center;\">Daniela Sanches R. Moraes Rodrigues, Santa B\u00e1rbara-MG<\/p>\n<p style=\"text-align: center;\">Daniele Cristina Bas\u00edlio de Oliveira, Patroc\u00ednio-MG<\/p>\n<p style=\"text-align: center;\">Daniele Moreira de Souza, Campo Grande-MS<\/p>\n<p style=\"text-align: center;\">Eduardo Holowacz Alves Menino, Jundia\u00ed-SP<\/p>\n<p style=\"text-align: center;\">Eliane Birck Lopes, Pelotas-RS<\/p>\n<p style=\"text-align: center;\">Elisangela Patr\u00edcia Barbosa Corazza, Maring\u00e1-PR<\/p>\n<p style=\"text-align: center;\">\u00c9rika Cristina do Nascimento, Mirand\u00f3polis-SP<\/p>\n<p style=\"text-align: center;\">Fabio Augusto Frare, Jundia\u00ed-SP<\/p>\n<p style=\"text-align: center;\">F\u00e1bio Carrilho de Oliveira, Goi\u00e2nia-GO<\/p>\n<p style=\"text-align: center;\">Fabio Netto Ferreira, Pelotas-RS<\/p>\n<p style=\"text-align: center;\">Fl\u00e1via Patr\u00edcia Moreira, Palmas-TO<\/p>\n<p style=\"text-align: center;\">Helenise Garcia Holmo, Palmital-SP<\/p>\n<p style=\"text-align: center;\">Jaime Gama Camba\u00fava, Palmas-TO<\/p>\n<p style=\"text-align: center;\">Jana\u00edna Radispiel, S\u00e3o Jos\u00e9 do Rio Preto-SP<\/p>\n<p style=\"text-align: center;\">Jos\u00e9 Ailton Severo, S\u00e3o Paulo-SP<\/p>\n<p style=\"text-align: center;\">Karina Soeiro Prestes, Sorocaba-SP<\/p>\n<p style=\"text-align: center;\">Kleber William Rodrigues, Pirassununga-SP<\/p>\n<p style=\"text-align: center;\">Laura Vannuchi Tomazini, Franca-SP<\/p>\n<p style=\"text-align: center;\">Ligia F\u00e9lix de Farias, S\u00e3o Paulo-SP<\/p>\n<p style=\"text-align: center;\">Lucimara Conrado Arnoni, Porto Ferreira-SP<\/p>\n<p style=\"text-align: center;\">Marcelo Holowacz Alves Menino, Jundia\u00ed-SP<\/p>\n<p style=\"text-align: center;\">M\u00e1rcia Luiz da Silva, Campinas-SP<\/p>\n<p style=\"text-align: center;\">Marcius Vess\u00e1lio Traple, Pariquera A\u00e7u-SP<\/p>\n<p style=\"text-align: center;\">Marcos Aur\u00e9lio Raniero, Bom Sucesso-PR<\/p>\n<p style=\"text-align: center;\">Mariza Pimenta, Franca-SP<\/p>\n<p style=\"text-align: center;\">Nilson Lima Lopes, Feira de Santana-BA<\/p>\n<p style=\"text-align: center;\">Rafael Gonzalez da Costa, Jundia\u00ed-SP<\/p>\n<p style=\"text-align: center;\">Renata Mosconi Moreira, Guaira-SP<\/p>\n<p style=\"text-align: center;\">Ricardo Mioni Coltro, S\u00e3o Jos\u00e9 dos Campos-SP<\/p>\n<p style=\"text-align: center;\">Rinaldo Aparecido Ramos, Ibitinga-SP<\/p>\n<p style=\"text-align: center;\">Roberto Venerando, Cassil\u00e2ndia-MS<\/p>\n<p style=\"text-align: center;\">Sandra de oliveira Nunes, Goi\u00e2nia-GO<\/p>\n","protected":false},"excerpt":{"rendered":"<p>Alessandro Gazoto, Campo Grande-MS Alonso Borges Campos Neto, Franca-SP Andr\u00e9 Viu Matheus, Ribeir\u00e3o Preto-SP Antonio Ricardo Paulino Fontanari, Pirassununga-SP Carmen Silvia S. Taraborrelli, S\u00e3o Jos\u00e9 do Rio Preto-SP Christiane Almeida Rodrigues, Tr\u00eas Rios-RJ Cleonice Maria Garcia de Souza, An\u00e1polis-GO Cristiane [&hellip;]<\/p>\n","protected":false},"author":1,"featured_media":0,"parent":1345,"menu_order":0,"comment_status":"closed","ping_status":"closed","template":"","meta":{"_uag_custom_page_level_css":"","_joinchat":[],"footnotes":""},"class_list":["post-1387","page","type-page","status-publish","hentry"],"uagb_featured_image_src":{"full":false,"thumbnail":false,"medium":false,"medium_large":false,"large":false,"1536x1536":false,"2048x2048":false,"post-thumbnail":false,"business-hub-blog":false,"business-hub-work":false},"uagb_author_info":{"display_name":"real","author_link":"https:\/\/www.ciencianews.com.br\/index.php\/author\/real\/"},"uagb_comment_info":0,"uagb_excerpt":"Alessandro Gazoto, Campo Grande-MS Alonso Borges Campos Neto, Franca-SP Andr\u00e9 Viu Matheus, Ribeir\u00e3o Preto-SP Antonio Ricardo Paulino Fontanari, Pirassununga-SP Carmen Silvia S. Taraborrelli, S\u00e3o Jos\u00e9 do Rio Preto-SP Christiane Almeida Rodrigues, Tr\u00eas Rios-RJ Cleonice Maria Garcia de Souza, An\u00e1polis-GO Cristiane [&hellip;]","_links":{"self":[{"href":"https:\/\/www.ciencianews.com.br\/index.php\/wp-json\/wp\/v2\/pages\/1387","targetHints":{"allow":["GET"]}}],"collection":[{"href":"https:\/\/www.ciencianews.com.br\/index.php\/wp-json\/wp\/v2\/pages"}],"about":[{"href":"https:\/\/www.ciencianews.com.br\/index.php\/wp-json\/wp\/v2\/types\/page"}],"author":[{"embeddable":true,"href":"https:\/\/www.ciencianews.com.br\/index.php\/wp-json\/wp\/v2\/users\/1"}],"replies":[{"embeddable":true,"href":"https:\/\/www.ciencianews.com.br\/index.php\/wp-json\/wp\/v2\/comments?post=1387"}],"version-history":[{"count":1,"href":"https:\/\/www.ciencianews.com.br\/index.php\/wp-json\/wp\/v2\/pages\/1387\/revisions"}],"predecessor-version":[{"id":1388,"href":"https:\/\/www.ciencianews.com.br\/index.php\/wp-json\/wp\/v2\/pages\/1387\/revisions\/1388"}],"up":[{"embeddable":true,"href":"https:\/\/www.ciencianews.com.br\/index.php\/wp-json\/wp\/v2\/pages\/1345"}],"wp:attachment":[{"href":"https:\/\/www.ciencianews.com.br\/index.php\/wp-json\/wp\/v2\/media?parent=1387"}],"curies":[{"name":"wp","href":"https:\/\/api.w.org\/{rel}","templated":true}]}}