{"id":1418,"date":"2013-08-15T18:09:03","date_gmt":"2013-08-15T18:09:03","guid":{"rendered":"http:\/\/www.ciencianews.com.br\/homologacao\/?page_id=1418"},"modified":"2013-08-15T18:09:03","modified_gmt":"2013-08-15T18:09:03","slug":"alunos-1a-turma-de-hemoterapia-celular","status":"publish","type":"page","link":"https:\/\/www.ciencianews.com.br\/index.php\/publicacoes\/monografias\/monografias-hemoterapia-celular\/alunos-1a-turma-de-hemoterapia-celular\/","title":{"rendered":"Alunos &#8211; 1\u00aa Turma de Hemoterapia Celular"},"content":{"rendered":"<p style=\"text-align: center;\"><img loading=\"lazy\" decoding=\"async\" class=\"aligncenter size-full wp-image-1419\" alt=\"\" src=\"http:\/\/www.ciencianews.com.br\/homologacao\/wp-content\/uploads\/2013\/08\/foto1hemoterapiacelular.jpg\" width=\"560\" height=\"338\" srcset=\"https:\/\/www.ciencianews.com.br\/wp-content\/uploads\/2013\/08\/foto1hemoterapiacelular.jpg 560w, https:\/\/www.ciencianews.com.br\/wp-content\/uploads\/2013\/08\/foto1hemoterapiacelular-300x181.jpg 300w\" sizes=\"auto, (max-width: 560px) 100vw, 560px\" \/><\/p>\n<p style=\"text-align: center;\">\n<p style=\"text-align: center;\">Andrea Ranuci de Oliveira, S\u00e3o Jos\u00e9 do Rio Preto-SP<\/p>\n<p style=\"text-align: center;\">Andreia Nery da Silva, S\u00e3o Paulo-SP<\/p>\n<p style=\"text-align: center;\">Andrea Capelete de Oliveira Lima, Franca-SP<\/p>\n<p style=\"text-align: center;\">Adriana Patr\u00edcia Sim\u00f5es, Lutecia-SP<\/p>\n<p style=\"text-align: center;\">Aldenor Alexandre de Souza, Rondon\u00f3polis-MT<\/p>\n<p style=\"text-align: center;\">Alexandre Ayres, Catal\u00e3o-GO<\/p>\n<p style=\"text-align: center;\">Antonio de Paula Silveira, S\u00e3o Jos\u00e9 do Rio Preto-SP<\/p>\n<p style=\"text-align: center;\">Aparecida Cristiane Oficiati Anholeto, Franca-SP<\/p>\n<p style=\"text-align: center;\">Aparecida Regina Ferreira, Santo Andr\u00e9-SP<\/p>\n<p style=\"text-align: center;\">Camila Fraga de Andrade, Goi\u00e2nia-GO<\/p>\n<p style=\"text-align: center;\">Carlos Alberto Gomes, Morro Agudo-SP<\/p>\n<p style=\"text-align: center;\">Carlos Augusto Codogno, Vera Cruz-SP<\/p>\n<p style=\"text-align: center;\">Cintia Gisele de Andrade, Camb\u00e9-PR<\/p>\n<p style=\"text-align: center;\">Cristiane Pereira Domingues, Ourinhos-SP<\/p>\n<p style=\"text-align: center;\">Cristiane Benkard, Santa Cruz do Rio Pardo-SP<\/p>\n<p style=\"text-align: center;\">Claudia Elaine Monteiro, Mogi das Cruzes-SP<\/p>\n<p style=\"text-align: center;\">Cl\u00e1udia Helena Perone, Ribeir\u00e3o Preto-SP<\/p>\n<p style=\"text-align: center;\">Clotilde F\u00e1tima Barros, Franca-SP<\/p>\n<p style=\"text-align: center;\">Cristina Scalia da Cunha Hoshino, Itumbiara-GO<\/p>\n<p style=\"text-align: center;\">Daniela Fernanda Dias, Goi\u00e2nia-GO<\/p>\n<p style=\"text-align: center;\">Daniela de Oliveira Borges, Ourinhos-SP<\/p>\n<p style=\"text-align: center;\">Elaine Cristina Negri Santos, Presidente Prudente-SP<\/p>\n<p style=\"text-align: center;\">Edna Maria Masotti Imbriani, Ja\u00fa-SP<\/p>\n<p style=\"text-align: center;\">Frank Sousa Castro, Goi\u00e2nia-GO<\/p>\n<p style=\"text-align: center;\">Gabriele de Andrade Noronha, Franca-SP<\/p>\n<p style=\"text-align: center;\">Giselda Mara Orlando, Catanduva-SP<\/p>\n<p style=\"text-align: center;\">Gildasio Cairo dos Santos Neto, Vit\u00f3ria da Conquista-BA<\/p>\n<p style=\"text-align: center;\">H\u00e9lia Flavia Lot, Santa Cruz das Palmeiras-SP<\/p>\n<p style=\"text-align: center;\">Luci Mara Sant\u2019Anna, Presidente Prudente-SP<\/p>\n<p style=\"text-align: center;\">Luiz Augusto da Silva, Marilia-SP<\/p>\n<p style=\"text-align: center;\">Luiz Antonio Castilho de Oliveira, Machado-MG<\/p>\n<p style=\"text-align: center;\">Magaly da Silva Moraes, S\u00e3o Jos\u00e9 do Rio Preto-SP<\/p>\n<p style=\"text-align: center;\">Maria Benedita Esgotti, Bauru-SP<\/p>\n<p style=\"text-align: center;\">Maria Paula Zanetti R\u00e9sio, Franca-SP<\/p>\n<p style=\"text-align: center;\">Maria Cristina Lang, S\u00e3o Bernardo do Campo-SP<\/p>\n<p style=\"text-align: center;\">Rodrigo Faria Cola, Marilia-SP<\/p>\n<p style=\"text-align: center;\">Rodrigo Hidalgo de Mendon\u00e7a, Frutal-MG<\/p>\n<p style=\"text-align: center;\">Vanina Antonia de Paula, Joinvile-SC<\/p>\n<p style=\"text-align: center;\">Vladimir Menezes Alves, Votuporanga-SP<\/p>\n","protected":false},"excerpt":{"rendered":"<p>Andrea Ranuci de Oliveira, S\u00e3o Jos\u00e9 do Rio Preto-SP Andreia Nery da Silva, S\u00e3o Paulo-SP Andrea Capelete de Oliveira Lima, Franca-SP Adriana Patr\u00edcia Sim\u00f5es, Lutecia-SP Aldenor Alexandre de Souza, Rondon\u00f3polis-MT Alexandre Ayres, Catal\u00e3o-GO Antonio de Paula Silveira, S\u00e3o Jos\u00e9 do [&hellip;]<\/p>\n","protected":false},"author":1,"featured_media":0,"parent":1416,"menu_order":0,"comment_status":"closed","ping_status":"closed","template":"","meta":{"_uag_custom_page_level_css":"","_joinchat":[],"footnotes":""},"class_list":["post-1418","page","type-page","status-publish","hentry"],"uagb_featured_image_src":{"full":false,"thumbnail":false,"medium":false,"medium_large":false,"large":false,"1536x1536":false,"2048x2048":false,"post-thumbnail":false,"business-hub-blog":false,"business-hub-work":false},"uagb_author_info":{"display_name":"real","author_link":"https:\/\/www.ciencianews.com.br\/index.php\/author\/real\/"},"uagb_comment_info":0,"uagb_excerpt":"Andrea Ranuci de Oliveira, S\u00e3o Jos\u00e9 do Rio Preto-SP Andreia Nery da Silva, S\u00e3o Paulo-SP Andrea Capelete de Oliveira Lima, Franca-SP Adriana Patr\u00edcia Sim\u00f5es, Lutecia-SP Aldenor Alexandre de Souza, Rondon\u00f3polis-MT Alexandre Ayres, Catal\u00e3o-GO Antonio de Paula Silveira, S\u00e3o Jos\u00e9 do [&hellip;]","_links":{"self":[{"href":"https:\/\/www.ciencianews.com.br\/index.php\/wp-json\/wp\/v2\/pages\/1418","targetHints":{"allow":["GET"]}}],"collection":[{"href":"https:\/\/www.ciencianews.com.br\/index.php\/wp-json\/wp\/v2\/pages"}],"about":[{"href":"https:\/\/www.ciencianews.com.br\/index.php\/wp-json\/wp\/v2\/types\/page"}],"author":[{"embeddable":true,"href":"https:\/\/www.ciencianews.com.br\/index.php\/wp-json\/wp\/v2\/users\/1"}],"replies":[{"embeddable":true,"href":"https:\/\/www.ciencianews.com.br\/index.php\/wp-json\/wp\/v2\/comments?post=1418"}],"version-history":[{"count":1,"href":"https:\/\/www.ciencianews.com.br\/index.php\/wp-json\/wp\/v2\/pages\/1418\/revisions"}],"predecessor-version":[{"id":1421,"href":"https:\/\/www.ciencianews.com.br\/index.php\/wp-json\/wp\/v2\/pages\/1418\/revisions\/1421"}],"up":[{"embeddable":true,"href":"https:\/\/www.ciencianews.com.br\/index.php\/wp-json\/wp\/v2\/pages\/1416"}],"wp:attachment":[{"href":"https:\/\/www.ciencianews.com.br\/index.php\/wp-json\/wp\/v2\/media?parent=1418"}],"curies":[{"name":"wp","href":"https:\/\/api.w.org\/{rel}","templated":true}]}}