{"id":146,"date":"2013-07-23T02:08:23","date_gmt":"2013-07-23T02:08:23","guid":{"rendered":"http:\/\/localhost\/wordpress\/?page_id=146"},"modified":"2015-08-22T13:33:46","modified_gmt":"2015-08-22T13:33:46","slug":"doenca-dos-eritrocitos","status":"publish","type":"page","link":"https:\/\/www.ciencianews.com.br\/index.php\/publicacoes\/doenca-dos-eritrocitos\/","title":{"rendered":"Doen\u00e7a dos Eritr\u00f3citos"},"content":{"rendered":"<h3 style=\"text-align: center;\">Autor: Prof. Dr. Paulo Cesar Naoum<\/h3>\n<h4 style=\"text-align: center;\"><span style=\"text-decoration: underline;\"><em style=\"color: #474747; line-height: 1.25;\"><strong><a title=\"Colaboradores\" href=\"\/arquivos\/ACET\/IMAGENS\/doenca_dos_eritrocitos\/Colaboradores.pdf\" target=\"_blank\">Colaboradores<\/a><\/strong><\/em><\/span><\/h4>\n<p>[wpcol_1half id=&#8221;&#8221; class=&#8221;&#8221; style=&#8221;&#8221;]<\/p>\n<ul>\n<li>\n<h4><em style=\"color: #474747; line-height: 1.25;\"><strong>O Eritr\u00f3cito<\/strong><\/em><\/h4>\n<\/li>\n<li>\n<h4><em style=\"color: #474747; line-height: 1.25;\"><strong>O Reticul\u00f3cito<\/strong><\/em><\/h4>\n<\/li>\n<li>\n<h4><em style=\"color: #474747; line-height: 1.25;\"><strong>Fisiologia da Destrui\u00e7\u00e3o dos Eritr\u00f3citos<\/strong><\/em><\/h4>\n<\/li>\n<li>\n<h4><em style=\"color: #474747; line-height: 1.25;\"><strong>Avalia\u00e7\u00e3o laboratorial dos Eritr\u00f3citos<\/strong><\/em><\/h4>\n<\/li>\n<li>\n<h4><em style=\"color: #474747; line-height: 1.25;\"><strong>Principais Altera\u00e7\u00f5es Morfol\u00f3gicas dos Eritr\u00f3citos<\/strong><\/em><\/h4>\n<\/li>\n<li>\n<h4><em style=\"color: #474747; line-height: 1.25;\"><strong>As Anemias<\/strong><\/em><\/h4>\n<\/li>\n<li>\n<h4><em style=\"color: #474747; line-height: 1.25;\"><strong>Altera\u00e7\u00f5es Eritrocit\u00e1rias nos Defeitos de Membrana<\/strong><\/em><\/h4>\n<\/li>\n<\/ul>\n<p>[\/wpcol_1half] [wpcol_1half_end id=&#8221;&#8221; class=&#8221;&#8221; style=&#8221;&#8221;]<\/p>\n<ul>\n<li>\n<h4><em style=\"color: #474747; line-height: 1.25;\"><strong>Altera\u00e7\u00f5es Eritrocit\u00e1rias nas Enzimopatias<\/strong><\/em><\/h4>\n<\/li>\n<li>\n<h4><em style=\"color: #474747; line-height: 1.25;\"><strong>Altera\u00e7\u00f5es Eritrocit\u00e1rias nas Talassemias<\/strong><\/em><\/h4>\n<\/li>\n<li>\n<h4><em style=\"color: #474747; ulne-height: 1.25;\"><strong>C\u00e9lulas Falciformes<\/strong><\/em><\/h4>\n<\/li>\n<li>\n<h4><em style=\"color: #474747; ulne-height: 1.25;\"><strong>Radicais Livres<\/strong><\/em><\/h4>\n<\/li>\n<li>\n<h4><em style=\"color: #474747; ulne-height: 1.25;\"><strong>Policitemia e Eritrocitose<\/strong><\/em><\/h4>\n<\/li>\n<li>\n<h4><em style=\"color: #474747; ulne-height: 1.25;\"><strong>T\u00e9cnicas Laboratoriais Aplicadas aos Estudos dos Eritr\u00f3citos<\/strong><\/em><\/h4>\n<\/li>\n<\/ul>\n<p>[\/wpcol_1half_end]<\/p>\n<h3 style=\"text-align: center;\"><iframe loading=\"lazy\" src=\"\/\/e.issuu.com\/embed.html#0\/5158523\" height=\"525\" width=\"525\" allowfullscreen=\"\" frameborder=\"0\"><\/iframe><\/h3>\n<h4><strong>\u00a0<\/strong><\/h4>\n","protected":false},"excerpt":{"rendered":"<p>Autor: Prof. Dr. Paulo Cesar Naoum Colaboradores [wpcol_1half id=&#8221;&#8221; class=&#8221;&#8221; style=&#8221;&#8221;] O Eritr\u00f3cito O Reticul\u00f3cito Fisiologia da Destrui\u00e7\u00e3o dos Eritr\u00f3citos Avalia\u00e7\u00e3o laboratorial dos Eritr\u00f3citos Principais Altera\u00e7\u00f5es Morfol\u00f3gicas dos Eritr\u00f3citos As Anemias Altera\u00e7\u00f5es Eritrocit\u00e1rias nos Defeitos de Membrana [\/wpcol_1half] [wpcol_1half_end id=&#8221;&#8221; [&hellip;]<\/p>\n","protected":false},"author":2,"featured_media":0,"parent":1073,"menu_order":0,"comment_status":"closed","ping_status":"open","template":"","meta":{"_uag_custom_page_level_css":"","_joinchat":[],"footnotes":""},"class_list":["post-146","page","type-page","status-publish","hentry"],"uagb_featured_image_src":{"full":false,"thumbnail":false,"medium":false,"medium_large":false,"large":false,"1536x1536":false,"2048x2048":false,"post-thumbnail":false,"business-hub-blog":false,"business-hub-work":false},"uagb_author_info":{"display_name":"admin","author_link":"https:\/\/www.ciencianews.com.br\/index.php\/author\/admin\/"},"uagb_comment_info":0,"uagb_excerpt":"Autor: Prof. Dr. Paulo Cesar Naoum Colaboradores [wpcol_1half id=&#8221;&#8221; class=&#8221;&#8221; style=&#8221;&#8221;] O Eritr\u00f3cito O Reticul\u00f3cito Fisiologia da Destrui\u00e7\u00e3o dos Eritr\u00f3citos Avalia\u00e7\u00e3o laboratorial dos Eritr\u00f3citos Principais Altera\u00e7\u00f5es Morfol\u00f3gicas dos Eritr\u00f3citos As Anemias Altera\u00e7\u00f5es Eritrocit\u00e1rias nos Defeitos de Membrana [\/wpcol_1half] [wpcol_1half_end id=&#8221;&#8221; [&hellip;]","_links":{"self":[{"href":"https:\/\/www.ciencianews.com.br\/index.php\/wp-json\/wp\/v2\/pages\/146","targetHints":{"allow":["GET"]}}],"collection":[{"href":"https:\/\/www.ciencianews.com.br\/index.php\/wp-json\/wp\/v2\/pages"}],"about":[{"href":"https:\/\/www.ciencianews.com.br\/index.php\/wp-json\/wp\/v2\/types\/page"}],"author":[{"embeddable":true,"href":"https:\/\/www.ciencianews.com.br\/index.php\/wp-json\/wp\/v2\/users\/2"}],"replies":[{"embeddable":true,"href":"https:\/\/www.ciencianews.com.br\/index.php\/wp-json\/wp\/v2\/comments?post=146"}],"version-history":[{"count":29,"href":"https:\/\/www.ciencianews.com.br\/index.php\/wp-json\/wp\/v2\/pages\/146\/revisions"}],"predecessor-version":[{"id":1935,"href":"https:\/\/www.ciencianews.com.br\/index.php\/wp-json\/wp\/v2\/pages\/146\/revisions\/1935"}],"up":[{"embeddable":true,"href":"https:\/\/www.ciencianews.com.br\/index.php\/wp-json\/wp\/v2\/pages\/1073"}],"wp:attachment":[{"href":"https:\/\/www.ciencianews.com.br\/index.php\/wp-json\/wp\/v2\/media?parent=146"}],"curies":[{"name":"wp","href":"https:\/\/api.w.org\/{rel}","templated":true}]}}