{"id":148,"date":"2013-07-23T02:08:55","date_gmt":"2013-07-23T02:08:55","guid":{"rendered":"http:\/\/localhost\/wordpress\/?page_id=148"},"modified":"2020-05-21T15:24:50","modified_gmt":"2020-05-21T15:24:50","slug":"no-you-tube","status":"publish","type":"page","link":"https:\/\/www.ciencianews.com.br\/index.php\/publicacoes\/no-you-tube\/","title":{"rendered":"no You Tube"},"content":{"rendered":"<div style=\"text-align: left;\"><img loading=\"lazy\" decoding=\"async\" src=\"http:\/\/www.ciencianews.com.br\/wp-content\/uploads\/2017\/05\/videos_hematologia.png\" alt=\"pos_graduacao\" width=\"632\" height=\"46\" \/><\/div>\n<p>[ezcol_1quarter]<\/p>\n<div style=\"text-align: center;\">\n\t<iframe loading=\"lazy\" width=\"220\" height=\"157\" src=\"https:\/\/www.youtube.com\/embed\/5fR9i_lfheM\" frameborder=\"0\" allowfullscreen><\/iframe>\n\t<\/div>\n<h3 style=\"text-align: center;\">Metabolismo do Ferro<\/h3>\n<p>[\/ezcol_1quarter]<br \/>\n[ezcol_1quarter]<\/p>\n<div style=\"text-align: center;\">\n\t<iframe loading=\"lazy\" width=\"220\" height=\"157\" src=\"https:\/\/www.youtube.com\/embed\/ghzHQ5WKQho\" frameborder=\"0\" allowfullscreen><\/iframe>\n\t<\/div>\n<h3 style=\"text-align: center;\">Mieloma M\u00faltiplo<\/h3>\n<p>[\/ezcol_1quarter]<br \/>\n[ezcol_1quarter]<\/p>\n<div style=\"text-align: center;\">\n\t<iframe loading=\"lazy\" width=\"220\" height=\"157\" src=\"https:\/\/www.youtube.com\/embed\/nTh_qi_Ad44\" frameborder=\"0\" allowfullscreen><\/iframe>\n\t<\/div>\n<h3 style=\"text-align: center;\">Dengue e Plaquetopenia<\/h3>\n<p>[\/ezcol_1quarter]<br \/>\n[ezcol_1quarter_end]<\/p>\n<div style=\"text-align: center;\">\n\t<iframe loading=\"lazy\" width=\"220\" height=\"157\" src=\"https:\/\/www.youtube.com\/embed\/3R0lMW7xLP8\" frameborder=\"0\" allowfullscreen><\/iframe>\n\t<\/div>\n<h3 style=\"text-align: center;\">Linf\u00f3citos At\u00edpicos 2016<\/h3>\n<p>[\/ezcol_1quarter_end]<\/p>\n<p><!-- --><\/p>\n<p>[ezcol_1quarter]<\/p>\n<div style=\"text-align: center;\">\n\t<iframe loading=\"lazy\" width=\"220\" height=\"157\" src=\"https:\/\/www.youtube.com\/embed\/yPzZ0t0B5jo\" frameborder=\"0\" allowfullscreen><\/iframe>\n\t<\/div>\n<h3 style=\"text-align: center;\">C\u00e9luas do Sangue<\/h3>\n<p>[\/ezcol_1quarter]<br \/>\n[ezcol_1quarter]<\/p>\n<div style=\"text-align: center;\">\n\t<iframe loading=\"lazy\" width=\"220\" height=\"157\" src=\"https:\/\/www.youtube.com\/embed\/FBXcJN1ETa4\" frameborder=\"0\" allowfullscreen><\/iframe>\n\t<\/div>\n<h3 style=\"text-align: center;\">Anemia Falciforme<\/h3>\n<p>[\/ezcol_1quarter]<br \/>\n[ezcol_1quarter]<\/p>\n<div style=\"text-align: center;\">\n\t<iframe loading=\"lazy\" width=\"220\" height=\"157\" src=\"https:\/\/www.youtube.com\/embed\/R4-c3hUhhyc\" frameborder=\"0\" allowfullscreen><\/iframe>\n\t<\/div>\n<h3 style=\"text-align: center;\">Sickle Cell Disease<\/h3>\n<p>[\/ezcol_1quarter]<br \/>\n[ezcol_1quarter_end]<\/p>\n<div style=\"text-align: center;\">\n\t<iframe loading=\"lazy\" width=\"220\" height=\"157\" src=\"https:\/\/www.youtube.com\/embed\/e4cQw70owYA\" frameborder=\"0\" allowfullscreen><\/iframe>\n\t<\/div>\n<h3 style=\"text-align: center;\">Coagula\u00e7\u00e3o<\/h3>\n<p>[\/ezcol_1quarter_end]<\/p>\n<p><!-- --><\/p>\n<p>[ezcol_1quarter]<\/p>\n<div style=\"text-align: center;\">\n\t<iframe loading=\"lazy\" width=\"220\" height=\"157\" src=\"https:\/\/www.youtube.com\/embed\/9QVTHDM90io\" frameborder=\"0\" allowfullscreen><\/iframe>\n\t<\/div>\n<h3 style=\"text-align: center;\">Coagulation<\/h3>\n<p>[\/ezcol_1quarter]<br \/>\n[ezcol_1quarter]<\/p>\n<div style=\"text-align: center;\">\n\t<iframe loading=\"lazy\" width=\"220\" height=\"157\" src=\"https:\/\/www.youtube.com\/embed\/lBn3SNO04UU\" frameborder=\"0\" allowfullscreen><\/iframe>\n\t<\/div>\n<h3 style=\"text-align: center;\">Invas\u00e3o do V\u00edrus<\/h3>\n<p>[\/ezcol_1quarter]<br \/>\n[ezcol_1quarter]<\/p>\n<div style=\"text-align: center;\">\n\t<iframe loading=\"lazy\" width=\"220\" height=\"157\" src=\"https:\/\/www.youtube.com\/embed\/SOqxylSm6fY\" frameborder=\"0\" allowfullscreen><\/iframe>\n\t<\/div>\n<h3 style=\"text-align: center;\">Imagens Cient\u00edficas<\/h3>\n<p>[\/ezcol_1quarter]<br \/>\n[ezcol_1quarter_end]<\/p>\n<div style=\"text-align: center;\">\n\t<iframe loading=\"lazy\" width=\"220\" height=\"157\" src=\"https:\/\/www.youtube.com\/embed\/OPv6zCsIEPo\" frameborder=\"0\" allowfullscreen><\/iframe>\n\t<\/div>\n<h3 style=\"text-align: center;\">HIV no Sangue<\/h3>\n<p>[\/ezcol_1quarter_end]<\/p>\n<p><!-- --><\/p>\n<p>[ezcol_1quarter]<\/p>\n<div style=\"text-align: center;\">\n\t<iframe loading=\"lazy\" width=\"220\" height=\"157\" src=\"https:\/\/www.youtube.com\/embed\/sL43oaMSnAM\" frameborder=\"0\" allowfullscreen><\/iframe>\n\t<\/div>\n<h3 style=\"text-align: center;\">Contagem de Reticul\u00f3citos<\/h3>\n<p>[\/ezcol_1quarter]<br \/>\n[ezcol_1quarter]<\/p>\n<div style=\"text-align: center;\">\n\t<iframe loading=\"lazy\" width=\"220\" height=\"157\" src=\"https:\/\/www.youtube.com\/embed\/HIQx_4cWBbE\" frameborder=\"0\" allowfullscreen><\/iframe>\n\t<\/div>\n<h3 style=\"text-align: center;\">Eletroforese e Hemoglobinas<\/h3>\n<p>[\/ezcol_1quarter]<br \/>\n[ezcol_1quarter]<\/p>\n<p>[\/ezcol_1quarter]<br \/>\n[ezcol_1quarter_end]<\/p>\n<p>[\/ezcol_1quarter_end]<\/p>\n<p>&nbsp;<\/p>\n<div style=\"text-align: left;\"><img loading=\"lazy\" decoding=\"async\" src=\"http:\/\/www.ciencianews.com.br\/wp-content\/uploads\/2013\/07\/videos_bioquimica.png\" alt=\"pos_graduacao\" width=\"763\" height=\"44\" \/><\/div>\n<p>[ezcol_1quarter]<\/p>\n<div style=\"text-align: center;\">\n\t<iframe loading=\"lazy\" width=\"220\" height=\"157\" src=\"https:\/\/www.youtube.com\/embed\/nyvu2euX8tM\" frameborder=\"0\" allowfullscreen><\/iframe>\n\t<\/div>\n<h3 style=\"text-align: center;\">Diabetes<\/h3>\n<p>[\/ezcol_1quarter]<br \/>\n[ezcol_1quarter]<\/p>\n<div style=\"text-align: center;\">\n\t<iframe loading=\"lazy\" width=\"220\" height=\"157\" src=\"https:\/\/www.youtube.com\/embed\/QRVaryEQOVk\" frameborder=\"0\" allowfullscreen><\/iframe>\n\t<\/div>\n<h3 style=\"text-align: center;\">Type 2 Diabetes<\/h3>\n<p>[\/ezcol_1quarter]<br \/>\n[ezcol_1quarter]<\/p>\n<div style=\"text-align: center;\">\n\t<iframe loading=\"lazy\" width=\"220\" height=\"157\" src=\"https:\/\/www.youtube.com\/embed\/bS5GEENcRjk\" frameborder=\"0\" allowfullscreen><\/iframe>\n\t<\/div>\n<h3 style=\"text-align: center;\">Eletroforese 2017<\/h3>\n<p>[\/ezcol_1quarter]<br \/>\n[ezcol_1quarter_end]<\/p>\n<div style=\"text-align: center;\">\n\t<iframe loading=\"lazy\" width=\"220\" height=\"157\" src=\"https:\/\/www.youtube.com\/embed\/PfJ1_CD7CMI\" frameborder=\"0\" allowfullscreen><\/iframe>\n\t<\/div>\n<h3 style=\"text-align: center;\">Eletroforese Prote\u00ednas<\/h3>\n<p>[\/ezcol_1quarter_end]<\/p>\n<p>&nbsp;<\/p>\n<div style=\"text-align: left;\"><img loading=\"lazy\" decoding=\"async\" src=\"http:\/\/www.ciencianews.com.br\/wp-content\/uploads\/2013\/07\/videos_transplantes.png\" alt=\"pos_graduacao\" width=\"837\" height=\"85\" \/><\/div>\n<p>[ezcol_1quarter]<\/p>\n<div style=\"text-align: center;\">\n\t<iframe loading=\"lazy\" width=\"220\" height=\"157\" src=\"https:\/\/www.youtube.com\/embed\/mh4MYOW62d0\" frameborder=\"0\" allowfullscreen><\/iframe>\n\t<\/div>\n<h3 style=\"text-align: center;\">TMO Sangue Cord\u00e3o<\/h3>\n<p>[\/ezcol_1quarter]<br \/>\n[ezcol_1quarter]<\/p>\n<div style=\"text-align: center;\">\n\t<iframe loading=\"lazy\" width=\"220\" height=\"157\" src=\"https:\/\/www.youtube.com\/embed\/QWQUJ4bqZxI\" frameborder=\"0\" allowfullscreen><\/iframe>\n\t<\/div>\n<h3 style=\"text-align: center;\">Indica\u00e7\u00f5es transfusionais nas Hbpatias<\/h3>\n<p>[\/ezcol_1quarter]<br \/>\n[ezcol_1quarter]<\/p>\n<div style=\"text-align: center;\">\n\t<iframe loading=\"lazy\" width=\"220\" height=\"157\" src=\"https:\/\/www.youtube.com\/embed\/pJS1j3n7BKU\" frameborder=\"0\" allowfullscreen><\/iframe>\n\t<\/div>\n<h3 style=\"text-align: center;\">Indica\u00e7\u00f5es Transfusionais em Hemofilia<\/h3>\n<p>[\/ezcol_1quarter]<br \/>\n[ezcol_1quarter_end]<\/p>\n<div style=\"text-align: center;\">\n\t<iframe loading=\"lazy\" width=\"220\" height=\"157\" src=\"https:\/\/www.youtube.com\/embed\/xtVOdOo7ADA\" frameborder=\"0\" allowfullscreen><\/iframe>\n\t<\/div>\n<h3 style=\"text-align: center;\">Transfus\u00e3o em TMO<\/h3>\n<p>[\/ezcol_1quarter_end]<\/p>\n<p>&nbsp;<\/p>\n<div style=\"text-align: left;\"><img loading=\"lazy\" decoding=\"async\" src=\"http:\/\/www.ciencianews.com.br\/wp-content\/uploads\/2013\/07\/videos_cancer.png\" alt=\"pos_graduacao\" width=\"476\" height=\"49\" \/><\/div>\n<p>[ezcol_1quarter]<\/p>\n<div style=\"text-align: center;\">\n\t<iframe loading=\"lazy\" width=\"220\" height=\"157\" src=\"https:\/\/www.youtube.com\/embed\/HU2sXd5H48Q\" frameborder=\"0\" allowfullscreen><\/iframe>\n\t<\/div>\n<h3 style=\"text-align: center;\">C\u00e2ncer: Conhecer, Prevenir e Vencer<\/h3>\n<p>[\/ezcol_1quarter]<br \/>\n[ezcol_1quarter]<\/p>\n<div style=\"text-align: center;\">\n\t<iframe loading=\"lazy\" width=\"220\" height=\"157\" src=\"https:\/\/www.youtube.com\/embed\/5zigo-QB8sg\" frameborder=\"0\" allowfullscreen><\/iframe>\n\t<\/div>\n<h3 style=\"text-align: center;\">Cancer: Knowing, Preventing and Beating it<\/h3>\n<p>[\/ezcol_1quarter]<br \/>\n[ezcol_1quarter]<\/p>\n<div style=\"text-align: center;\">\n\t<iframe loading=\"lazy\" width=\"220\" height=\"157\" src=\"https:\/\/www.youtube.com\/embed\/gqqCXMxxiMQ\" frameborder=\"0\" allowfullscreen><\/iframe>\n\t<\/div>\n<h3 style=\"text-align: center;\">Fumo e C\u00e2ncer<\/h3>\n<p>[\/ezcol_1quarter]<br \/>\n[ezcol_1quarter_end]<\/p>\n<div style=\"text-align: center;\">\n\t<iframe loading=\"lazy\" width=\"220\" height=\"157\" src=\"https:\/\/www.youtube.com\/embed\/2sS6JPuNf9E\" frameborder=\"0\" allowfullscreen><\/iframe>\n\t<\/div>\n<h3 style=\"text-align: center;\">Vitamina C e Cancer<\/h3>\n<p>[\/ezcol_1quarter_end]<\/p>\n<p><!-- --><\/p>\n<p>[ezcol_1quarter]<\/p>\n<div style=\"text-align: center;\">\n\t<iframe loading=\"lazy\" width=\"220\" height=\"157\" src=\"https:\/\/www.youtube.com\/embed\/XJgGCyGHf_0\" frameborder=\"0\" allowfullscreen><\/iframe>\n\t<\/div>\n<h3 style=\"text-align: center;\">Biomedicina do c\u00e2ncer humano<\/h3>\n<p>[\/ezcol_1quarter]<br \/>\n[ezcol_1quarter]<\/p>\n<div style=\"text-align: center;\">\n\t<iframe loading=\"lazy\" width=\"220\" height=\"157\" src=\"https:\/\/www.youtube.com\/embed\/nnffjUMd-FM\" frameborder=\"0\" allowfullscreen><\/iframe>\n\t<\/div>\n<h3 style=\"text-align: center;\">Biologia do C\u00e2ncer<\/h3>\n<p>[\/ezcol_1quarter]<br \/>\n[ezcol_1quarter]<\/p>\n<div style=\"text-align: center;\">\n\t<iframe loading=\"lazy\" width=\"220\" height=\"157\" src=\"https:\/\/www.youtube.com\/embed\/SBg9ZWJczqc\" frameborder=\"0\" allowfullscreen><\/iframe>\n\t<\/div>\n<h3 style=\"text-align: center;\">C\u00e9lulas imonol\u00f3gicas contra o C\u00e2ncer<\/h3>\n<p>[\/ezcol_1quarter]<br \/>\n[ezcol_1quarter_end]<\/p>\n<div style=\"text-align: center;\">\n\t<iframe loading=\"lazy\" width=\"220\" height=\"157\" src=\"https:\/\/www.youtube.com\/embed\/f3Vi8veJU3g\" frameborder=\"0\" allowfullscreen><\/iframe>\n\t<\/div>\n<h3 style=\"text-align: center;\">Como nosso organismo se defende<\/h3>\n<p>[\/ezcol_1quarter_end]<\/p>\n<p><!-- --><\/p>\n<p>[ezcol_1quarter]<\/p>\n<div style=\"text-align: center;\">\n\t<iframe loading=\"lazy\" width=\"220\" height=\"157\" src=\"https:\/\/www.youtube.com\/embed\/r4ZPm7JmGm0\" frameborder=\"0\" allowfullscreen><\/iframe>\n\t<\/div>\n<h3 style=\"text-align: center;\">Mieloma M\u00faltiplo<\/h3>\n<p>[\/ezcol_1quarter]<br \/>\n[ezcol_1quarter]<\/p>\n<div style=\"text-align: center;\">\n\t<iframe loading=\"lazy\" width=\"220\" height=\"157\" src=\"https:\/\/www.youtube.com\/embed\/CE05wXguBJY\" frameborder=\"0\" allowfullscreen><\/iframe>\n\t<\/div>\n<h3 style=\"text-align: center;\">Terapias antic\u00e2ncer<\/h3>\n<p>[\/ezcol_1quarter]<br \/>\n[ezcol_1quarter]<\/p>\n<div style=\"text-align: center;\">\n\t<iframe loading=\"lazy\" width=\"220\" height=\"157\" src=\"https:\/\/www.youtube.com\/embed\/tizkPUk24ck\" frameborder=\"0\" allowfullscreen><\/iframe>\n\t<\/div>\n<h3 style=\"text-align: center;\">Uma droga alvo capaz de regenerar &#8230;<\/h3>\n<p>[\/ezcol_1quarter]<br \/>\n[ezcol_1quarter_end]<\/p>\n<p>[\/ezcol_1quarter_end]<\/p>\n<p>&nbsp;<\/p>\n<div style=\"text-align: left;\"><img loading=\"lazy\" decoding=\"async\" src=\"http:\/\/www.ciencianews.com.br\/wp-content\/uploads\/2013\/07\/videos_variados.png\" alt=\"pos_graduacao\" width=\"470\" height=\"46\" \/><\/div>\n<p>[ezcol_1quarter]<\/p>\n<div style=\"text-align: center;\">\n\t<iframe loading=\"lazy\" width=\"220\" height=\"157\" src=\"https:\/\/www.youtube.com\/embed\/72mowCw8k58\" frameborder=\"0\" allowfullscreen><\/iframe>\n\t<\/div>\n<h3 style=\"text-align: center;\">Medicina do Futuro<\/h3>\n<p>[\/ezcol_1quarter]<br \/>\n[ezcol_1quarter]<\/p>\n<div style=\"text-align: center;\">\n\t<iframe loading=\"lazy\" width=\"220\" height=\"157\" src=\"https:\/\/www.youtube.com\/embed\/nVmpT6M72U4\" frameborder=\"0\" allowfullscreen><\/iframe>\n\t<\/div>\n<h3 style=\"text-align: center;\">Academia de Ci\u00eancia de Tecnologia de S\u00e3o Jos\u00e9 do Rio Preto &#8211; SP<\/h3>\n<p>[\/ezcol_1quarter]<br \/>\n[ezcol_1quarter]<\/p>\n<div style=\"text-align: center;\">\n\t<iframe loading=\"lazy\" width=\"220\" height=\"157\" src=\"https:\/\/www.youtube.com\/embed\/Wn7RnsT1-WE\" frameborder=\"0\" allowfullscreen><\/iframe>\n\t<\/div>\n<h3 style=\"text-align: center;\">Academia de Ci\u00eancia e Tecnologia &#8211; S\u00e3o Jos\u00e9 do Rio Preto<\/h3>\n<p>[\/ezcol_1quarter]<br \/>\n[ezcol_1quarter_end]<\/p>\n<div style=\"text-align: center;\">\n\t<iframe loading=\"lazy\" width=\"220\" height=\"157\" src=\"https:\/\/www.youtube.com\/embed\/_4qONCahX3g\" frameborder=\"0\" allowfullscreen><\/iframe>\n\t<\/div>\n<h3 style=\"text-align: center;\">Dia de Aula na AC&#038;T<\/h3>\n<p>[\/ezcol_1quarter_end]<\/p>\n<p><!-- --><\/p>\n<p>[ezcol_1quarter]<\/p>\n<div style=\"text-align: center;\">\n\t<iframe loading=\"lazy\" width=\"220\" height=\"157\" src=\"https:\/\/www.youtube.com\/embed\/g9PkeSnrb7A\" frameborder=\"0\" allowfullscreen><\/iframe>\n\t<\/div>\n<h3 style=\"text-align: center;\">AC&#038;T &#8211; S\u00e3o Jos\u00e9 do Rio Preto &#8211; SP<\/h3>\n<p>[\/ezcol_1quarter]<br \/>\n[ezcol_1quarter]<\/p>\n<div style=\"text-align: center;\">\n\t<iframe loading=\"lazy\" width=\"220\" height=\"157\" src=\"https:\/\/www.youtube.com\/embed\/AeTUl_n_C_Y\" frameborder=\"0\" allowfullscreen><\/iframe>\n\t<\/div>\n<h3 style=\"text-align: center;\">Novo Coronav\u00edrus (Covid-19) | Altera\u00e7\u00f5es laboratoriais | Carga Viral<\/h3>\n<p>[\/ezcol_1quarter]<br \/>\n[ezcol_1quarter]<\/p>\n<p>[\/ezcol_1quarter]<br \/>\n[ezcol_1quarter_end]<\/p>\n<p>[\/ezcol_1quarter_end]<\/p>\n","protected":false},"excerpt":{"rendered":"<p>[ezcol_1quarter] Metabolismo do Ferro [\/ezcol_1quarter] [ezcol_1quarter] Mieloma M\u00faltiplo [\/ezcol_1quarter] [ezcol_1quarter] Dengue e Plaquetopenia [\/ezcol_1quarter] [ezcol_1quarter_end] Linf\u00f3citos At\u00edpicos 2016 [\/ezcol_1quarter_end] [ezcol_1quarter] C\u00e9luas do Sangue [\/ezcol_1quarter] [ezcol_1quarter] Anemia Falciforme [\/ezcol_1quarter] [ezcol_1quarter] Sickle Cell Disease [\/ezcol_1quarter] [ezcol_1quarter_end] Coagula\u00e7\u00e3o [\/ezcol_1quarter_end] [ezcol_1quarter] Coagulation [\/ezcol_1quarter] [ezcol_1quarter] [&hellip;]<\/p>\n","protected":false},"author":2,"featured_media":0,"parent":1073,"menu_order":0,"comment_status":"closed","ping_status":"open","template":"","meta":{"_uag_custom_page_level_css":"","_joinchat":[],"footnotes":""},"class_list":["post-148","page","type-page","status-publish","hentry"],"uagb_featured_image_src":{"full":false,"thumbnail":false,"medium":false,"medium_large":false,"large":false,"1536x1536":false,"2048x2048":false,"post-thumbnail":false,"business-hub-blog":false,"business-hub-work":false},"uagb_author_info":{"display_name":"admin","author_link":"https:\/\/www.ciencianews.com.br\/index.php\/author\/admin\/"},"uagb_comment_info":0,"uagb_excerpt":"[ezcol_1quarter] Metabolismo do Ferro [\/ezcol_1quarter] [ezcol_1quarter] Mieloma M\u00faltiplo [\/ezcol_1quarter] [ezcol_1quarter] Dengue e Plaquetopenia [\/ezcol_1quarter] [ezcol_1quarter_end] Linf\u00f3citos At\u00edpicos 2016 [\/ezcol_1quarter_end] [ezcol_1quarter] C\u00e9luas do Sangue [\/ezcol_1quarter] [ezcol_1quarter] Anemia Falciforme [\/ezcol_1quarter] [ezcol_1quarter] Sickle Cell Disease [\/ezcol_1quarter] [ezcol_1quarter_end] Coagula\u00e7\u00e3o [\/ezcol_1quarter_end] [ezcol_1quarter] Coagulation [\/ezcol_1quarter] [ezcol_1quarter] [&hellip;]","_links":{"self":[{"href":"https:\/\/www.ciencianews.com.br\/index.php\/wp-json\/wp\/v2\/pages\/148","targetHints":{"allow":["GET"]}}],"collection":[{"href":"https:\/\/www.ciencianews.com.br\/index.php\/wp-json\/wp\/v2\/pages"}],"about":[{"href":"https:\/\/www.ciencianews.com.br\/index.php\/wp-json\/wp\/v2\/types\/page"}],"author":[{"embeddable":true,"href":"https:\/\/www.ciencianews.com.br\/index.php\/wp-json\/wp\/v2\/users\/2"}],"replies":[{"embeddable":true,"href":"https:\/\/www.ciencianews.com.br\/index.php\/wp-json\/wp\/v2\/comments?post=148"}],"version-history":[{"count":32,"href":"https:\/\/www.ciencianews.com.br\/index.php\/wp-json\/wp\/v2\/pages\/148\/revisions"}],"predecessor-version":[{"id":5862,"href":"https:\/\/www.ciencianews.com.br\/index.php\/wp-json\/wp\/v2\/pages\/148\/revisions\/5862"}],"up":[{"embeddable":true,"href":"https:\/\/www.ciencianews.com.br\/index.php\/wp-json\/wp\/v2\/pages\/1073"}],"wp:attachment":[{"href":"https:\/\/www.ciencianews.com.br\/index.php\/wp-json\/wp\/v2\/media?parent=148"}],"curies":[{"name":"wp","href":"https:\/\/api.w.org\/{rel}","templated":true}]}}