{"id":150,"date":"2013-07-23T02:10:38","date_gmt":"2013-07-23T02:10:38","guid":{"rendered":"http:\/\/localhost\/wordpress\/?page_id=150"},"modified":"2017-10-09T15:39:07","modified_gmt":"2017-10-09T15:39:07","slug":"atlas-hematologico","status":"publish","type":"page","link":"https:\/\/www.ciencianews.com.br\/index.php\/ciencia\/atlas-hematologico\/","title":{"rendered":"Atlas Hematol\u00f3gico"},"content":{"rendered":"<ol>\n<li>\n<h4><strong><em><a title=\"Fotos Cient\u00edficas\" href=\"http:\/\/www.ciencianews.com.br\/index.php\/ciencia\/atlas-hematologico\/fotos-cientificas\/\">FOTOS CIENT\u00cdFICAS<\/a><\/em><\/strong><\/h4>\n<\/li>\n<li>\n<h4><strong><em><a title=\"Atlas Hematol\u00f3gico \u2013 Eritr\u00f3citos\" href=\"http:\/\/www.ciencianews.com.br\/index.php\/ciencia\/atlas-hematologico\/atlas-hematologico-eritrocitos\/\">ERITR\u00d3CITOS<\/a><\/em><\/strong><\/h4>\n<\/li>\n<li>\n<h4><strong><em><a title=\"Atlas Hematol\u00f3gico \u2013 Leuc\u00f3citos\" href=\"http:\/\/www.ciencianews.com.br\/index.php\/ciencia\/atlas-hematologico\/atlas-hematologico-leucocitos\/\">LEUC\u00d3CITOS<\/a><\/em><\/strong><\/h4>\n<\/li>\n<li>\n<h4><strong><em><a title=\"Atlas Hematol\u00f3gico \u2013 Plaquetas\" href=\"http:\/\/www.ciencianews.com.br\/index.php\/ciencia\/atlas-hematologico\/atlas-hematologico-plaquetas\/\">PLAQUETAS<\/a><\/em><\/strong><\/h4>\n<\/li>\n<li>\n<h4><strong><em><a title=\"Atlas Hematol\u00f3gico \u2013 Leucemias\" href=\"http:\/\/www.ciencianews.com.br\/index.php\/ciencia\/atlas-hematologico\/atlas-hematologico-leucemias\/\">LEUCEMIAS<\/a><\/em><\/strong><\/h4>\n<\/li>\n<li>\n<h4><strong><em><a title=\"Atlas Hematol\u00f3gico \u2013 Mieloma M\u00faltiplo\" href=\"http:\/\/www.ciencianews.com.br\/index.php\/ciencia\/atlas-hematologico\/atlas-hematologico-mieloma-multiplo\/\">MIELOMA M\u00daLTIPLO<\/a><\/em><\/strong><\/h4>\n<\/li>\n<li>\n<h4><strong><em><a href=\"\/arquivos\/ACET\/IMAGENS\/casos_clinicos\/citologia\/citopratica3.pdf\" target=\"_blank\">ALTERA\u00c7\u00d5ES ERITROCIT\u00c1RIAS<\/a><\/em><\/strong><\/h4>\n<\/li>\n<\/ol>\n","protected":false},"excerpt":{"rendered":"<p>FOTOS CIENT\u00cdFICAS ERITR\u00d3CITOS LEUC\u00d3CITOS PLAQUETAS LEUCEMIAS MIELOMA M\u00daLTIPLO ALTERA\u00c7\u00d5ES ERITROCIT\u00c1RIAS<\/p>\n","protected":false},"author":2,"featured_media":0,"parent":142,"menu_order":0,"comment_status":"closed","ping_status":"open","template":"","meta":{"_uag_custom_page_level_css":"","_joinchat":[],"footnotes":""},"class_list":["post-150","page","type-page","status-publish","hentry"],"uagb_featured_image_src":{"full":false,"thumbnail":false,"medium":false,"medium_large":false,"large":false,"1536x1536":false,"2048x2048":false,"post-thumbnail":false,"business-hub-blog":false,"business-hub-work":false},"uagb_author_info":{"display_name":"admin","author_link":"https:\/\/www.ciencianews.com.br\/index.php\/author\/admin\/"},"uagb_comment_info":0,"uagb_excerpt":"FOTOS CIENT\u00cdFICAS ERITR\u00d3CITOS LEUC\u00d3CITOS PLAQUETAS LEUCEMIAS MIELOMA M\u00daLTIPLO ALTERA\u00c7\u00d5ES ERITROCIT\u00c1RIAS","_links":{"self":[{"href":"https:\/\/www.ciencianews.com.br\/index.php\/wp-json\/wp\/v2\/pages\/150","targetHints":{"allow":["GET"]}}],"collection":[{"href":"https:\/\/www.ciencianews.com.br\/index.php\/wp-json\/wp\/v2\/pages"}],"about":[{"href":"https:\/\/www.ciencianews.com.br\/index.php\/wp-json\/wp\/v2\/types\/page"}],"author":[{"embeddable":true,"href":"https:\/\/www.ciencianews.com.br\/index.php\/wp-json\/wp\/v2\/users\/2"}],"replies":[{"embeddable":true,"href":"https:\/\/www.ciencianews.com.br\/index.php\/wp-json\/wp\/v2\/comments?post=150"}],"version-history":[{"count":19,"href":"https:\/\/www.ciencianews.com.br\/index.php\/wp-json\/wp\/v2\/pages\/150\/revisions"}],"predecessor-version":[{"id":4414,"href":"https:\/\/www.ciencianews.com.br\/index.php\/wp-json\/wp\/v2\/pages\/150\/revisions\/4414"}],"up":[{"embeddable":true,"href":"https:\/\/www.ciencianews.com.br\/index.php\/wp-json\/wp\/v2\/pages\/142"}],"wp:attachment":[{"href":"https:\/\/www.ciencianews.com.br\/index.php\/wp-json\/wp\/v2\/media?parent=150"}],"curies":[{"name":"wp","href":"https:\/\/api.w.org\/{rel}","templated":true}]}}