{"id":153,"date":"2013-07-23T02:11:46","date_gmt":"2013-07-23T02:11:46","guid":{"rendered":"http:\/\/localhost\/wordpress\/?page_id=153"},"modified":"2015-04-02T13:38:11","modified_gmt":"2015-04-02T13:38:11","slug":"cursos-on-line","status":"publish","type":"page","link":"https:\/\/www.ciencianews.com.br\/index.php\/cursos\/cursos-on-line\/","title":{"rendered":"Cursos On-Line"},"content":{"rendered":"<p style=\"text-align: center;\"><img loading=\"lazy\" decoding=\"async\" class=\"aligncenter size-full wp-image-1931\" alt=\"Cursos Online\" src=\"\/arquivos\/ACET\/IMAGENS\/cursos_online\/curso_online.png\" width=\"754\" height=\"110\" \/><\/p>\n<ol>\n<li>\n<h4><em><strong><a href=\"\/arquivos\/ACET\/IMAGENS\/cursos_online\/hbline.pdf\" target=\"_blank\">CURSO DE HEMOGLOBINOPATIAS<\/a><\/strong><\/em><\/h4>\n<\/li>\n<li>\n<h4><em><strong><a href=\"\/arquivos\/ACET\/IMAGENS\/cursos_online\/citologia_hematologica.pdf\" target=\"_blank\">CURSO DE CITOLOGIA HEMATOL\u00d3GICA<\/a><\/strong><\/em><em><strong><a href=\"\/arquivos\/ACET\/IMAGENS\/cursos_online\/citoline.pdf\" target=\"_blank\">\u00a0<\/a><\/strong><\/em><\/h4>\n<\/li>\n<li>\n<h4><em><strong><a href=\"\/arquivos\/ACET\/IMAGENS\/cursos_online\/neoplasias.pdf\" target=\"_blank\">CURSO DE ATUALIZA\u00c7\u00c3O NO DIAGN\u00d3STICO DAS NEOPLASIAS MIELOPROLIFERATIVAS<\/a><\/strong><\/em><\/h4>\n<\/li>\n<\/ol>\n<p style=\"text-align: center;\"><a title=\"Acesso ao Curso Online\" href=\"http:\/\/www.ciencianews.com.br\/index.php\/cursos\/cursos-on-line\/acesso-ao-curso-online\/\" target=\"_blank\"><img loading=\"lazy\" decoding=\"async\" class=\"size-full wp-image-2117 aligncenter\" alt=\"\" src=\"\/wp-content\/uploads\/2014\/01\/cursoonline.png\" width=\"280\" height=\"68\" \/><\/a><\/p>\n<ul>\n<li>\n<p style=\"text-align: justify;\">Hematologia Cl\u00ednica: O Dr. Fl\u00e1vio Augusto Naoum atende consultas na \u00e1rea de hematologia geral em consult\u00f3rio pr\u00f3prio localizado dentro do pr\u00e9dio principal da AC&amp;T. S\u00e3o realizadas consultas particulares e tamb\u00e9m pelos conv\u00eanios Unimed, BenSa\u00fade, Cassi e Santa Casa Sa\u00fade. Mais informa\u00e7\u00f5es clique aqui.<\/p>\n<\/li>\n<li>\n<p style=\"text-align: justify;\">Citologia Hematol\u00f3gica: A AC&amp;T coloca-se \u00e0 disposi\u00e7\u00e3o para auxilio t\u00e9cnico na identifica\u00e7\u00e3o de altera\u00e7\u00f5es celulares nas principais hemopatias que acometem os eritr\u00f3citos, leuc\u00f3citos e plaquetas. Para este atendimento diferenciado \u00e9 necess\u00e1rio enviar l\u00e2minas coradas e n\u00e3o corada, al\u00e9m dos dados referentes ao paciente e os valores hematim\u00e9tricos.<\/p>\n<\/li>\n<\/ul>\n<blockquote>\n<h4 style=\"text-align: center;\"><strong><span style=\"color: #3366ff;\">Informa\u00e7\u00f5es dos apoios<\/span><\/strong>\u00a0&#8211; Agendar com Yone ou Magaly, das 8:00 \u00e0s 16:00 horas, de seg. a sexta. Fone: (17) 3233-4490<\/h4>\n<\/blockquote>\n","protected":false},"excerpt":{"rendered":"<p>CURSO DE HEMOGLOBINOPATIAS CURSO DE CITOLOGIA HEMATOL\u00d3GICA\u00a0 CURSO DE ATUALIZA\u00c7\u00c3O NO DIAGN\u00d3STICO DAS NEOPLASIAS MIELOPROLIFERATIVAS Hematologia Cl\u00ednica: O Dr. Fl\u00e1vio Augusto Naoum atende consultas na \u00e1rea de hematologia geral em consult\u00f3rio pr\u00f3prio localizado dentro do pr\u00e9dio principal da AC&amp;T. S\u00e3o [&hellip;]<\/p>\n","protected":false},"author":2,"featured_media":0,"parent":44,"menu_order":0,"comment_status":"closed","ping_status":"open","template":"","meta":{"_uag_custom_page_level_css":"","_joinchat":[],"footnotes":""},"class_list":["post-153","page","type-page","status-publish","hentry"],"uagb_featured_image_src":{"full":false,"thumbnail":false,"medium":false,"medium_large":false,"large":false,"1536x1536":false,"2048x2048":false,"post-thumbnail":false,"business-hub-blog":false,"business-hub-work":false},"uagb_author_info":{"display_name":"admin","author_link":"https:\/\/www.ciencianews.com.br\/index.php\/author\/admin\/"},"uagb_comment_info":0,"uagb_excerpt":"CURSO DE HEMOGLOBINOPATIAS CURSO DE CITOLOGIA HEMATOL\u00d3GICA\u00a0 CURSO DE ATUALIZA\u00c7\u00c3O NO DIAGN\u00d3STICO DAS NEOPLASIAS MIELOPROLIFERATIVAS Hematologia Cl\u00ednica: O Dr. Fl\u00e1vio Augusto Naoum atende consultas na \u00e1rea de hematologia geral em consult\u00f3rio pr\u00f3prio localizado dentro do pr\u00e9dio principal da AC&amp;T. S\u00e3o [&hellip;]","_links":{"self":[{"href":"https:\/\/www.ciencianews.com.br\/index.php\/wp-json\/wp\/v2\/pages\/153","targetHints":{"allow":["GET"]}}],"collection":[{"href":"https:\/\/www.ciencianews.com.br\/index.php\/wp-json\/wp\/v2\/pages"}],"about":[{"href":"https:\/\/www.ciencianews.com.br\/index.php\/wp-json\/wp\/v2\/types\/page"}],"author":[{"embeddable":true,"href":"https:\/\/www.ciencianews.com.br\/index.php\/wp-json\/wp\/v2\/users\/2"}],"replies":[{"embeddable":true,"href":"https:\/\/www.ciencianews.com.br\/index.php\/wp-json\/wp\/v2\/comments?post=153"}],"version-history":[{"count":24,"href":"https:\/\/www.ciencianews.com.br\/index.php\/wp-json\/wp\/v2\/pages\/153\/revisions"}],"predecessor-version":[{"id":1690,"href":"https:\/\/www.ciencianews.com.br\/index.php\/wp-json\/wp\/v2\/pages\/153\/revisions\/1690"}],"up":[{"embeddable":true,"href":"https:\/\/www.ciencianews.com.br\/index.php\/wp-json\/wp\/v2\/pages\/44"}],"wp:attachment":[{"href":"https:\/\/www.ciencianews.com.br\/index.php\/wp-json\/wp\/v2\/media?parent=153"}],"curies":[{"name":"wp","href":"https:\/\/api.w.org\/{rel}","templated":true}]}}