{"id":161,"date":"2013-07-23T02:18:02","date_gmt":"2013-07-23T02:18:02","guid":{"rendered":"http:\/\/localhost\/wordpress\/?page_id=161"},"modified":"2016-12-14T15:54:15","modified_gmt":"2016-12-14T15:54:15","slug":"fotos-de-cursos","status":"publish","type":"page","link":"https:\/\/www.ciencianews.com.br\/index.php\/fotos-e-videos\/fotos-de-cursos\/","title":{"rendered":"Fotos de Cursos"},"content":{"rendered":"<p><center><br \/>\n<img loading=\"lazy\" decoding=\"async\" src=\"http:\/\/www.ciencianews.com.br\/\/arquivos\/ACET\/IMAGENS\/Cursos\/formandos.jpg\" alt=\"Formandos\" width=\"600\" height=\"450\" \/><br \/>\n<\/center><\/p>\n<ol>\n<li>\n<h4><em><strong><a title=\"Fotos de Cursos \u2013 Hematologia Laboratorial\" href=\"http:\/\/www.ciencianews.com.br\/index.php\/fotos-e-videos\/fotos-de-cursos\/fotos-de-cursos-hematologia-laboratorial\/\">Hematologia Laboratorial<br \/>\n<\/a><\/strong><\/em><\/h4>\n<\/li>\n<li>\n<h4><em><strong><a title=\"Fotos de Cursos \u2013 Hematologia Laboratorial\" href=\"http:\/\/www.ciencianews.com.br\/index.php\/fotos-e-videos\/fotos-de-cursos\/fotos-de-cursos-15a-turma-de-hematologia-clinica-e-laboratorial\/\">Hematologia Cl\u00ednica e Laboratorial<br \/>\n<\/a><\/strong><\/em><\/h4>\n<\/li>\n<li>\n<h4><em><strong><a title=\"Fotos de Cursos \u2013 Hematologia Cl\u00ednica, Laboratorial e Molecular\" href=\"http:\/\/www.ciencianews.com.br\/index.php\/fotos-e-videos\/fotos-de-cursos\/fotos-de-cursos-hematologia-clinica-laboratorial-e-molecular\/\">Hematologia Cl\u00ednica, Laboratorial e Molecular<br \/>\n<\/a><\/strong><\/em><\/h4>\n<\/li>\n<li>\n<h4><em><strong><a title=\"Fotos de Cursos \u2013 Hematologia e Banco de Sangue\" href=\"http:\/\/www.ciencianews.com.br\/index.php\/fotos-e-videos\/fotos-de-cursos\/fotos-de-cursos-hematologia-e-banco-de-sangue\/\">Hematologia e Banco de Sangue<br \/>\n<\/a><\/strong><\/em><\/h4>\n<\/li>\n<li>\n<h4><em><strong><a title=\"Fotos de Cursos \u2013 An\u00e1lises Cl\u00ednicas\" href=\"http:\/\/www.ciencianews.com.br\/index.php\/fotos-e-videos\/fotos-de-cursos\/fotos-de-cursos-analises-clinicas\/\">An\u00e1lises Cl\u00ednicas<\/a><\/strong><\/em><\/h4>\n<\/li>\n<li>\n<h4><em><strong><a title=\"Fotos de Cursos \u2013 Imunilogia Cl\u00ednica e Laboratorial\" href=\"http:\/\/www.ciencianews.com.br\/index.php\/fotos-e-videos\/fotos-de-cursos\/fotos-de-cursos-imunilogia-clinica-e-laboratorial\/\">Imunologia Cl\u00ednica e Laboratorial<\/a><\/strong><\/em><\/h4>\n<\/li>\n<li>\n<h4><em><strong><a title=\"Fotos de Cursos \u2013 Biologia Molecular\" href=\"http:\/\/www.ciencianews.com.br\/index.php\/fotos-e-videos\/fotos-de-cursos\/fotos-de-cursos-biologia-molecular\/\">Biologia Molecular<\/a><\/strong><\/em><\/h4>\n<\/li>\n<li>\n<h4><em><strong><a title=\"Fotos de Cursos \u2013 Microbiologia Cl\u00ednica\" href=\"http:\/\/www.ciencianews.com.br\/index.php\/fotos-e-videos\/fotos-de-cursos\/fotos-de-cursos-microbiologia-clinica\/\">Microbiologia Cl\u00ednica<br \/>\n<\/a><\/strong><\/em><\/h4>\n<\/li>\n<li>\n<h4><em><strong><a title=\"Fotos de Cursos \u2013 Empreendedorismo e Gest\u00e3o Laboratorial\" href=\"http:\/\/www.ciencianews.com.br\/index.php\/fotos-e-videos\/fotos-de-cursos\/fotos-de-cursos-empreendedorismo-e-gestao-laboratorial\/\">Empreendedorismo e Gest\u00e3o Laboratorial<\/a><\/strong><\/em><em style=\"color: #474747; line-height: 1.25;\"><strong><a title=\"Fotos Cient\u00edficas \u2013 Imunologia dos Leuc\u00f3citos\" href=\"http:\/\/www.ciencianews.com.br\/index.php\/fotos-e-videos\/fotos-cientificas\/fotos-cientificas-imunologia-dos-leucocitos\/\"><br \/>\n<\/a><\/strong><\/em><\/h4>\n<\/li>\n<\/ol>\n","protected":false},"excerpt":{"rendered":"<p>Hematologia Laboratorial Hematologia Cl\u00ednica e Laboratorial Hematologia Cl\u00ednica, Laboratorial e Molecular Hematologia e Banco de Sangue An\u00e1lises Cl\u00ednicas Imunologia Cl\u00ednica e Laboratorial Biologia Molecular Microbiologia Cl\u00ednica Empreendedorismo e Gest\u00e3o Laboratorial<\/p>\n","protected":false},"author":2,"featured_media":0,"parent":118,"menu_order":0,"comment_status":"closed","ping_status":"open","template":"","meta":{"_uag_custom_page_level_css":"","_joinchat":[],"footnotes":""},"class_list":["post-161","page","type-page","status-publish","hentry"],"uagb_featured_image_src":{"full":false,"thumbnail":false,"medium":false,"medium_large":false,"large":false,"1536x1536":false,"2048x2048":false,"post-thumbnail":false,"business-hub-blog":false,"business-hub-work":false},"uagb_author_info":{"display_name":"admin","author_link":"https:\/\/www.ciencianews.com.br\/index.php\/author\/admin\/"},"uagb_comment_info":0,"uagb_excerpt":"Hematologia Laboratorial Hematologia Cl\u00ednica e Laboratorial Hematologia Cl\u00ednica, Laboratorial e Molecular Hematologia e Banco de Sangue An\u00e1lises Cl\u00ednicas Imunologia Cl\u00ednica e Laboratorial Biologia Molecular Microbiologia Cl\u00ednica Empreendedorismo e Gest\u00e3o Laboratorial","_links":{"self":[{"href":"https:\/\/www.ciencianews.com.br\/index.php\/wp-json\/wp\/v2\/pages\/161","targetHints":{"allow":["GET"]}}],"collection":[{"href":"https:\/\/www.ciencianews.com.br\/index.php\/wp-json\/wp\/v2\/pages"}],"about":[{"href":"https:\/\/www.ciencianews.com.br\/index.php\/wp-json\/wp\/v2\/types\/page"}],"author":[{"embeddable":true,"href":"https:\/\/www.ciencianews.com.br\/index.php\/wp-json\/wp\/v2\/users\/2"}],"replies":[{"embeddable":true,"href":"https:\/\/www.ciencianews.com.br\/index.php\/wp-json\/wp\/v2\/comments?post=161"}],"version-history":[{"count":12,"href":"https:\/\/www.ciencianews.com.br\/index.php\/wp-json\/wp\/v2\/pages\/161\/revisions"}],"predecessor-version":[{"id":3829,"href":"https:\/\/www.ciencianews.com.br\/index.php\/wp-json\/wp\/v2\/pages\/161\/revisions\/3829"}],"up":[{"embeddable":true,"href":"https:\/\/www.ciencianews.com.br\/index.php\/wp-json\/wp\/v2\/pages\/118"}],"wp:attachment":[{"href":"https:\/\/www.ciencianews.com.br\/index.php\/wp-json\/wp\/v2\/media?parent=161"}],"curies":[{"name":"wp","href":"https:\/\/api.w.org\/{rel}","templated":true}]}}