{"id":1701,"date":"2013-08-21T19:16:26","date_gmt":"2013-08-21T19:16:26","guid":{"rendered":"http:\/\/www.ciencianews.com.br\/homologacao\/?page_id=1701"},"modified":"2013-08-21T19:33:10","modified_gmt":"2013-08-21T19:33:10","slug":"biologia-molecular-conhecendo-nosso-dna","status":"publish","type":"page","link":"https:\/\/www.ciencianews.com.br\/index.php\/ciencia\/biologia-molecular\/biologia-molecular-conhecendo-nosso-dna\/","title":{"rendered":"Biologia Molecular &#8211; Conhecendo Nosso DNA"},"content":{"rendered":"<h4 style=\"text-align: justify;\"><strong>Introdu\u00e7\u00e3o<\/strong><\/h4>\n<p style=\"text-align: justify;\"><span style=\"line-height: 1.7;\">Esse link mostra informa\u00e7\u00f5es recentes sobre o entendimento de alguns dos nossos genes e suas rela\u00e7\u00f5es com o comportamento e doen\u00e7as importantes. Essas informa\u00e7\u00f5es foram descritas pelo Prof. Dr. Paulo Cesar Naoum, diretor da AC&amp;T, biom\u00e9dico e pesquisador cient\u00edfico do CNPq, OMS e UNES, e est\u00e3o publicadas em seu livro &#8220;em nome do DNA&#8230;&#8221;, editado pela Livraria M\u00e9dica Paulista, SP, 2010. O resumo de alguns dos cap\u00edtulos desse livro voc\u00ea poder\u00e1 apreciar no \u00edtem: <\/span><strong style=\"line-height: 1.7;\"><a title=\"Conhecendo DNA\" href=\"\/arquivos\/ACET\/IMAGENS\/biologia_molecular\/conhecendodna.pdf\" target=\"_blank\">CONHECENDO O NOSSO DNA<\/a><\/strong><span style=\"line-height: 1.7;\">.<\/span><\/p>\n<p style=\"text-align: justify;\">A biologia molecular, express\u00e3o t\u00e9cnica do estudo de segmentos do DNA, pode ser apreciada no \u00edtem: <strong><a title=\"Testes Gen\u00e9ticos\" href=\"\/arquivos\/ACET\/IMAGENS\/biologia_molecular\/testesgeneticos.pdf\" target=\"_blank\">TESTES GEN\u00c9TICOS DE APLICA\u00c7\u00c3O M\u00c9DICA E N\u00c3O M\u00c9DICA<\/a><\/strong> que comp\u00f5e o cap\u00edtulo 20 do livro Eletroforeses: Hemoglobinopatias, Prote\u00ednas S\u00e9ricas, Lipoprote\u00ednas e DNA, que est\u00e1 sendo editado pelo Grupo Editorial Nacional (GEN), com lan\u00e7amento previsto para o in\u00edcio de 2011. O cap\u00edtulo 20 foi escrito pelos Professores Doutores Elisete M\u00e1rcia Correa, pesquisadora e professora do Centro Universit\u00e1rio Central Paulista, de S\u00e3o Carlos, e Patr\u00edcia A. Possik, pesquisadora p\u00f3s-doutorada pelo Notherland Cancer Institute.<\/p>\n<h4 style=\"text-align: justify;\"><strong>Conhecendo o nosso DNA<\/strong><\/h4>\n<p style=\"text-align: justify;\"><img loading=\"lazy\" decoding=\"async\" class=\"size-full wp-image-1702 alignright\" style=\"line-height: 1.7;\" alt=\"\" src=\"http:\/\/www.ciencianews.com.br\/homologacao\/wp-content\/uploads\/2013\/08\/dna_helix.jpg\" width=\"312\" height=\"288\" srcset=\"https:\/\/www.ciencianews.com.br\/wp-content\/uploads\/2013\/08\/dna_helix.jpg 312w, https:\/\/www.ciencianews.com.br\/wp-content\/uploads\/2013\/08\/dna_helix-300x276.jpg 300w\" sizes=\"auto, (max-width: 312px) 100vw, 312px\" \/><\/p>\n<p style=\"text-align: justify;\"><b>1.DNA DO COMPORTAMENTO<\/b><\/p>\n<p style=\"text-align: justify;\"><b>1.1 Hiperatividade (TDAH)<\/b><br \/>\n<b>\u00a0\u00a0\u00a0\u00a0\u00a0 Cromossomo 13 \u2013 Gene DAT-1<\/b><\/p>\n<ul style=\"text-align: justify;\">\n<li><span style=\"line-height: 1.7;\">Este gene sintetiza uma prote\u00edna que \u201cLimpa\u201d o excesso de dopamina entre os neur\u00f4nios.<\/span><\/li>\n<li><span style=\"line-height: 1.7;\">Uma falha no DNA deste gene produz menos prote\u00edna captadora de dopamina. Sobra dopamina e, consequentemente, adrenalina e euforia.<\/span><\/li>\n<\/ul>\n<p style=\"text-align: justify;\"><b>1.2 Drogas\/Coca\u00edna<\/b><br \/>\n<b>\u00a0\u00a0\u00a0\u00a0\u00a0 Cromossomo 11 \u2013 Gene DRD-2<\/b><\/p>\n<ul style=\"text-align: justify;\">\n<li>Este gene produz o canal do neur\u00f4nio que recebe a dopamina.<\/li>\n<li>Uma falha neste gene produz canal defeituoso, e a dopamina fica entre os neur\u00f4nios, causando neurotransmiss\u00e3o e se transformando em adrenalina por um tempo prolongado.Pessoas com este defeito e que fazem o uso de coca\u00edna, tem o efeito de euforia, provocado, em parte, pelo ac\u00famulo de dopamina devido \u00e0 les\u00e3o gen\u00e9tica, e, em parte, devido \u00e0 qu\u00edmica da coca\u00edna, cujos subprodutos obstruem os canais das sinapses que absorvem a dopamina. Assim, h\u00e1 uma excessiva forma\u00e7\u00e3o prolongada de adrenalina, com muita euforia, mudan\u00e7a de humor, etc.<\/li>\n<\/ul>\n<p style=\"text-align: justify;\"><b>1.3 Depress\u00e3o<\/b><br \/>\n<b>\u00a0\u00a0\u00a0\u00a0\u00a0 Cromossomo 17 \u2013 Gene HTTLPR<\/b><\/p>\n<ul style=\"text-align: justify;\">\n<li>O gene HTTLPR produz uma prote\u00edna que transporta a serotonina, e ambos capturam adrenalina.<\/li>\n<li>A serotonina regula o humor, dor, apetite, sono, e atua como antidepressivo natural.<\/li>\n<li>Les\u00e3o no DNA do gene HTTLPR inibe a a\u00e7\u00e3o da serotonina pois n\u00e3o tem como transporta-la.<\/li>\n<li>O portador tem varia\u00e7\u00f5es no humor, apetite, sono, etc.<\/li>\n<\/ul>\n<p style=\"text-align: justify;\"><b>1.4 V\u00edcio por Cafe\u00edna<\/b><br \/>\n<b>\u00a0\u00a0\u00a0\u00a0\u00a0 Cromossomo 15 \u2013 Gene P4510-1-A2<\/b><\/p>\n<ul style=\"text-align: justify;\">\n<li>O DNA deste gene produz uma enzima que decomp\u00f5e a cafe\u00edna em subprodutos estimulantes do SNC e cora\u00e7\u00e3o.<\/li>\n<li>Pessoas com les\u00e3o neste DNA produzem menos enzimas.<\/li>\n<li>Essas pessoas t\u00eam a sensa\u00e7\u00e3o de precisarem de mais cafe\u00edna e bebem muito caf\u00e9.<\/li>\n<\/ul>\n<p style=\"text-align: justify;\"><b>2. DNA DO APETITE E OBESIDADE<\/b><br \/>\n<b>\u00a0\u00a0\u00a0 Cromossomo 16 \u2013 Gene FTO<\/b><\/p>\n<ul style=\"text-align: justify;\">\n<li>O DNA do gene FTO tem influ\u00eancia na obesidade, mas n\u00e3o se sabe o que ele faz.<\/li>\n<li>O que se sabe \u00e9 que atua no equil\u00edbrio Leptina \u2194 Insulina.<\/li>\n<li>Um defeito neste gene desequilibra a Leptina\/Insulina e estimulam o apetite, atrav\u00e9s do comando das c\u00e9lulas nervosas.<\/li>\n<li>A Leptina \u00e9 um horm\u00f4nio que controla o apetite.<\/li>\n<\/ul>\n<p style=\"text-align: justify;\"><b>3. DNA da Aterosclerose<\/b><br \/>\n<b>\u00a0\u00a0\u00a0 Cromossomo 19 \u2013 Gene APO-E<\/b><\/p>\n<ul style=\"text-align: justify;\">\n<li>O DNA deste gene produz a prote\u00edna APO-E, que remove a gordura do sangue.<\/li>\n<li>Uma falha neste DNA produz menos APO-E ou APO-E defeituoso.<\/li>\n<li>Consequentemente diminui a remo\u00e7\u00e3o da gordura e les\u00e3o das art\u00e9rias e vasos arteriais.<\/li>\n<li>Outros genes (HDL) por exemplo fazem a mesma fun\u00e7\u00e3o.<\/li>\n<\/ul>\n<p style=\"text-align: justify;\"><b>4. DNA DO DIABETES TIPO-2<\/b><b><\/b><br \/>\nH\u00e1 cerca de 10 ou mais genes envolvidos. Um desses genes produz uma enzima que decomp\u00f5e a gordura. Uma falha neste gene faz com que a gordura saturada n\u00e3o decomposta se transforme num componente qu\u00edmico, a<b><span style=\"text-decoration: underline;\">ceramida<\/span><\/b>. A ceramida se acumula nos m\u00fasculos e impede a entrada de glicose para dentro das c\u00e9lulas. Assim, a glicose \u201csobe\u201d seu n\u00edvel no sangue.<\/p>\n<p style=\"text-align: justify;\"><b>4.1 Cromossomo 1 \u2013 Gene ENPP1<\/b><\/p>\n<ul style=\"text-align: justify;\">\n<li>Este gene produz uma prote\u00edna que auxilia o transporte da glicose.<\/li>\n<li>Uma falha no DNA deste gene faz com que a glicose se acumule no sangue.<\/li>\n<\/ul>\n<p style=\"text-align: justify;\"><b>4.2 Cromossomo 10 \u2013 Gene CAPN 10<\/b><\/p>\n<ul style=\"text-align: justify;\">\n<li>O DNA deste gene produz enzimas que decomp\u00f5e gordura.<\/li>\n<li>Uma falha neste gene faz com que a gordura se acumule, formando\u00a0<b><span style=\"text-decoration: underline;\">excesso de ceramida<\/span><\/b>.<\/li>\n<li>A ceramida impede a entrada de glicose para a c\u00e9lula.<\/li>\n<li>O excesso de gordura causa a obesidade.<\/li>\n<\/ul>\n<p style=\"text-align: justify;\"><b>4.3 Cromossomo 2 \u2013 Gene PER-2<\/b><\/p>\n<ul style=\"text-align: justify;\">\n<li>O DNA deste gene produz prote\u00ednas sinalizadoras das horas de refei\u00e7\u00f5es e de fome.<\/li>\n<li>A falha deste gene induz a fome com freq\u00fc\u00eancia.<\/li>\n<li>Em consequ\u00eancia ocorre o ac\u00famulo de gordura saturada que se transforma em ceramida.<\/li>\n<li>A ceramida \u201cenvolve\u201d as c\u00e9lulas e impede a entrada de glicose.<\/li>\n<li>O n\u00edvel de glicose se eleva no sangue.<\/li>\n<\/ul>\n<p style=\"text-align: justify;\"><b>\u00a0<\/b><\/p>\n<p style=\"text-align: justify;\"><b>5. DNA DO CORA\u00c7\u00c3O<\/b><br \/>\n<b>5.1 Gene NOS1AP<\/b><\/p>\n<ul style=\"text-align: justify;\">\n<li>Este gene produz uma prote\u00edna que regula o tempo de contra\u00e7\u00e3o do cora\u00e7\u00e3o.<\/li>\n<li>Uma les\u00e3o no DNA deste gene altera a contra\u00e7\u00e3o do cora\u00e7\u00e3o e as ondas Q e T.<\/li>\n<\/ul>\n<p style=\"text-align: justify;\"><b>5.2 Cromossomo 11 \u2013 Gene MMP3<\/b><\/p>\n<ul style=\"text-align: justify;\">\n<li>O DNA deste gene produz uma enzima que acelera a cicatriza\u00e7\u00e3o das feridas card\u00edacas, por meio da destrui\u00e7\u00e3o de co\u00e1gulos e restaura\u00e7\u00e3o vascular.<\/li>\n<li>Uma les\u00e3o no DNA deste gene faz com que a cicatriza\u00e7\u00e3o se torne lenta e a restaura\u00e7\u00e3o vascular fica prejudicada.<\/li>\n<\/ul>\n","protected":false},"excerpt":{"rendered":"<p>Introdu\u00e7\u00e3o Esse link mostra informa\u00e7\u00f5es recentes sobre o entendimento de alguns dos nossos genes e suas rela\u00e7\u00f5es com o comportamento e doen\u00e7as importantes. Essas informa\u00e7\u00f5es foram descritas pelo Prof. Dr. Paulo Cesar Naoum, diretor da AC&amp;T, biom\u00e9dico e pesquisador cient\u00edfico [&hellip;]<\/p>\n","protected":false},"author":1,"featured_media":0,"parent":147,"menu_order":0,"comment_status":"closed","ping_status":"closed","template":"","meta":{"_uag_custom_page_level_css":"","_joinchat":[],"footnotes":""},"class_list":["post-1701","page","type-page","status-publish","hentry"],"uagb_featured_image_src":{"full":false,"thumbnail":false,"medium":false,"medium_large":false,"large":false,"1536x1536":false,"2048x2048":false,"post-thumbnail":false,"business-hub-blog":false,"business-hub-work":false},"uagb_author_info":{"display_name":"real","author_link":"https:\/\/www.ciencianews.com.br\/index.php\/author\/real\/"},"uagb_comment_info":0,"uagb_excerpt":"Introdu\u00e7\u00e3o Esse link mostra informa\u00e7\u00f5es recentes sobre o entendimento de alguns dos nossos genes e suas rela\u00e7\u00f5es com o comportamento e doen\u00e7as importantes. Essas informa\u00e7\u00f5es foram descritas pelo Prof. Dr. Paulo Cesar Naoum, diretor da AC&amp;T, biom\u00e9dico e pesquisador cient\u00edfico [&hellip;]","_links":{"self":[{"href":"https:\/\/www.ciencianews.com.br\/index.php\/wp-json\/wp\/v2\/pages\/1701","targetHints":{"allow":["GET"]}}],"collection":[{"href":"https:\/\/www.ciencianews.com.br\/index.php\/wp-json\/wp\/v2\/pages"}],"about":[{"href":"https:\/\/www.ciencianews.com.br\/index.php\/wp-json\/wp\/v2\/types\/page"}],"author":[{"embeddable":true,"href":"https:\/\/www.ciencianews.com.br\/index.php\/wp-json\/wp\/v2\/users\/1"}],"replies":[{"embeddable":true,"href":"https:\/\/www.ciencianews.com.br\/index.php\/wp-json\/wp\/v2\/comments?post=1701"}],"version-history":[{"count":10,"href":"https:\/\/www.ciencianews.com.br\/index.php\/wp-json\/wp\/v2\/pages\/1701\/revisions"}],"predecessor-version":[{"id":1705,"href":"https:\/\/www.ciencianews.com.br\/index.php\/wp-json\/wp\/v2\/pages\/1701\/revisions\/1705"}],"up":[{"embeddable":true,"href":"https:\/\/www.ciencianews.com.br\/index.php\/wp-json\/wp\/v2\/pages\/147"}],"wp:attachment":[{"href":"https:\/\/www.ciencianews.com.br\/index.php\/wp-json\/wp\/v2\/media?parent=1701"}],"curies":[{"name":"wp","href":"https:\/\/api.w.org\/{rel}","templated":true}]}}