{"id":20,"date":"2013-07-11T15:00:51","date_gmt":"2013-07-11T15:00:51","guid":{"rendered":"http:\/\/localhost\/wordpress\/?page_id=20"},"modified":"2020-09-08T14:56:10","modified_gmt":"2020-09-08T14:56:10","slug":"sobre","status":"publish","type":"page","link":"https:\/\/www.ciencianews.com.br\/index.php\/act\/sobre\/","title":{"rendered":"Sobre"},"content":{"rendered":"<blockquote>\n<h3 style=\"text-align: center;\"><strong>A soma de acessos aos sites (<a href=\"http:\/\/www.ciencianews.com.br\/\" target=\"_blank\" rel=\"noopener noreferrer\">www.ciencianews.com.br<\/a>; <a href=\"http:\/\/www.hemoglobinopatias.com.br\/\" target=\"_blank\" rel=\"noopener noreferrer\">www.hemoglobinopatias.com.br<\/a>; <a href=\"http:\/\/www.talassemias.com.br\/\" target=\"_blank\" rel=\"noopener noreferrer\">www.talassemias.com.br<\/a>; <a href=\"http:\/\/www.institutonaoum.com.br\/\" target=\"_blank\" rel=\"noopener noreferrer\">www.institutonaoum.com.br<\/a>; <a href=\"http:\/\/www.cancernews.com.br\" target=\"_blank\" rel=\"noopener noreferrer\">www.cancernews.com.br<\/a>) e filmes cient\u00edficos(<a href=\"http:\/\/www.youtube.com\/user\/academiadeciencia\" target=\"_blank\" rel=\"noopener noreferrer\">www.youtube.com\/academiadeciencianaoum<\/a>) produzidos pela Academia de Ci\u00eancia e Tecnologia de S\u00e3o Jos\u00e9 do Rio Preto, SP, Brasil, ultrapassa mais de 5 milh\u00f5es de acessos e visualiza\u00e7\u00f5es.<\/strong><\/h3>\n<h3 style=\"text-align: center;\"><\/h3>\n<\/blockquote>\n<p style=\"text-align: justify;\">A Academia de Ci\u00eancia e Tecnologia (AC&amp;T) est\u00e1 instalada em um amplo pr\u00e9dio, com 1 anfiteatro para 100 pessoas, dois audit\u00f3rios VIP para 35 e 45 pessoas, laborat\u00f3rio de demonstra\u00e7\u00f5es de pr\u00e1ticas laboratoriais, um centro de microscopia com v\u00e1rios microsc\u00f3pios e v\u00eddeo-microsc\u00f3pio de 37 polegadas, biblioteca, mini-museu, sala de bate-papo, espa\u00e7o para coffee-break e estacionamento privativo.<\/p>\n<p style=\"text-align: justify;\" align=\"justify\"><span style=\"color: #ffffff;\">xxx<\/span>A AC&amp;T \u00e9 uma institui\u00e7\u00e3o particular de pesquisa cient\u00edfica e ensino de p\u00f3s-gradua\u00e7\u00e3o, n\u00edvel de especializa\u00e7\u00e3o, nas \u00e1reas de An\u00e1lises Cl\u00ednicas, Hematologia, Imunologia, Microbiologia e Biologia Molecular. Foi fundada em agosto de 1999 pelo Dr. Paulo Cesar Naoum, professor titular pela UNESP.<br \/>\nAtualmente tem a colabora\u00e7\u00e3o cient\u00edfica do Dr. Fl\u00e1vio Augusto Naoum, m\u00e9dico e doutor em Hematologia e orienta\u00e7\u00e3o pedag\u00f3gica da Prof\u00aa Alia Fernandes Maluf Naoum, pedagoga e mestre em Educa\u00e7\u00e3o pela UNESP. Participam como colaboradores v\u00e1rios professores convidados, todos com t\u00edtulos universit\u00e1rios de mestre e doutor e alguns com p\u00f3s-doutorado no exterior.<br \/>\nAl\u00e9m da realiza\u00e7\u00e3o de cursos e pesquisas, a AC&amp;T promove anualmente o Simp\u00f3sio de An\u00e1lises Cl\u00ednicas de S\u00e3o Jos\u00e9 do Rio Preto, atraindo profissionais e alunos de aproximadamente 300 cidades dos estados de S\u00e3o Paulo, Minas Gerais, Paran\u00e1, Goi\u00e1s, Mato Grosso do Sul, Mato Grosso, Santa Catarina, Rio Grande do Sul, Amap\u00e1, Acre, Roraima, Esp\u00edrito Santo, Maranh\u00e3o, Bahia, Tocantins e Rio de Janeiro al\u00e9m de Ciudad Del Este (Paraguai) e Bogot\u00e1 (Col\u00f4mbia). Em 2005 a AC&amp;T fundou sua pr\u00f3pria editora de livros dos professores que atuam nos cursos de p\u00f3s-gradua\u00e7\u00e3o da nossa institui\u00e7\u00e3o.<br \/>\nAos nossos alunos dos cursos de p\u00f3s-gradua\u00e7\u00e3o oferecemos hospedagem gratuita nos apartamentos da AC&amp;T Flat Residence e transporte por meio de van. \u00c9 importante destacar o constante investimento pedag\u00f3gico nas aulas que promovemos em nossos cursos com destaque para a produ\u00e7\u00e3o de Photo-Motion que s\u00e3o filmes de \u201ccurta metragem\u201d sobre eventos biol\u00f3gicos de coagula\u00e7\u00e3o sangu\u00ednea, talassemia, falciza\u00e7\u00e3o, leucemia, infec\u00e7\u00e3o por HIV, etc.<\/p>\n","protected":false},"excerpt":{"rendered":"<p>A soma de acessos aos sites (www.ciencianews.com.br; www.hemoglobinopatias.com.br; www.talassemias.com.br; www.institutonaoum.com.br; www.cancernews.com.br) e filmes cient\u00edficos(www.youtube.com\/academiadeciencianaoum) produzidos pela Academia de Ci\u00eancia e Tecnologia de S\u00e3o Jos\u00e9 do Rio Preto, SP, Brasil, ultrapassa mais de 5 milh\u00f5es de acessos e visualiza\u00e7\u00f5es. A Academia [&hellip;]<\/p>\n","protected":false},"author":2,"featured_media":0,"parent":23,"menu_order":0,"comment_status":"closed","ping_status":"open","template":"","meta":{"_uag_custom_page_level_css":"","_joinchat":[],"footnotes":""},"class_list":["post-20","page","type-page","status-publish","hentry"],"uagb_featured_image_src":{"full":false,"thumbnail":false,"medium":false,"medium_large":false,"large":false,"1536x1536":false,"2048x2048":false,"post-thumbnail":false,"business-hub-blog":false,"business-hub-work":false},"uagb_author_info":{"display_name":"admin","author_link":"https:\/\/www.ciencianews.com.br\/index.php\/author\/admin\/"},"uagb_comment_info":0,"uagb_excerpt":"A soma de acessos aos sites (www.ciencianews.com.br; www.hemoglobinopatias.com.br; www.talassemias.com.br; www.institutonaoum.com.br; www.cancernews.com.br) e filmes cient\u00edficos(www.youtube.com\/academiadeciencianaoum) produzidos pela Academia de Ci\u00eancia e Tecnologia de S\u00e3o Jos\u00e9 do Rio Preto, SP, Brasil, ultrapassa mais de 5 milh\u00f5es de acessos e visualiza\u00e7\u00f5es. A Academia [&hellip;]","_links":{"self":[{"href":"https:\/\/www.ciencianews.com.br\/index.php\/wp-json\/wp\/v2\/pages\/20","targetHints":{"allow":["GET"]}}],"collection":[{"href":"https:\/\/www.ciencianews.com.br\/index.php\/wp-json\/wp\/v2\/pages"}],"about":[{"href":"https:\/\/www.ciencianews.com.br\/index.php\/wp-json\/wp\/v2\/types\/page"}],"author":[{"embeddable":true,"href":"https:\/\/www.ciencianews.com.br\/index.php\/wp-json\/wp\/v2\/users\/2"}],"replies":[{"embeddable":true,"href":"https:\/\/www.ciencianews.com.br\/index.php\/wp-json\/wp\/v2\/comments?post=20"}],"version-history":[{"count":11,"href":"https:\/\/www.ciencianews.com.br\/index.php\/wp-json\/wp\/v2\/pages\/20\/revisions"}],"predecessor-version":[{"id":6099,"href":"https:\/\/www.ciencianews.com.br\/index.php\/wp-json\/wp\/v2\/pages\/20\/revisions\/6099"}],"up":[{"embeddable":true,"href":"https:\/\/www.ciencianews.com.br\/index.php\/wp-json\/wp\/v2\/pages\/23"}],"wp:attachment":[{"href":"https:\/\/www.ciencianews.com.br\/index.php\/wp-json\/wp\/v2\/media?parent=20"}],"curies":[{"name":"wp","href":"https:\/\/api.w.org\/{rel}","templated":true}]}}