{"id":2110,"date":"2013-09-10T13:37:26","date_gmt":"2013-09-10T13:37:26","guid":{"rendered":"http:\/\/www.ciencianews.com.br\/homologacao\/?page_id=2110"},"modified":"2016-12-21T16:53:52","modified_gmt":"2016-12-21T16:53:52","slug":"act-instituto-de-pos-graduacao-nas-areas-biologicas","status":"publish","type":"page","link":"https:\/\/www.ciencianews.com.br\/index.php\/home\/act-instituto-de-pos-graduacao-nas-areas-biologicas\/","title":{"rendered":"AC&#038;T &#8211; Instituto de P\u00f3s Gradua\u00e7\u00e3o nas \u00c1reas Biol\u00f3gicas"},"content":{"rendered":"<h3 style=\"text-align: center;\"><strong>Os tr\u00eas principais cursos de P\u00f3s-Gradua\u00e7\u00e3o &#8220;LATO-SENSO&#8221; s\u00e3o :<\/strong><\/h3>\n<p>&nbsp;<\/p>\n<ul>\n<li>\n<h4><a title=\"P\u00f3s Gradua\u00e7\u00e3o\" href=\"http:\/\/www.ciencianews.com.br\/homologacao\/index.php\/pos-graduacao\/\"><span style=\"line-height: 12px;\">HEMATOLOGIA CL\u00cdNICA E LABORATORIAL;<\/span><\/a><\/h4>\n<\/li>\n<li>\n<h4><a title=\"P\u00f3s Gradua\u00e7\u00e3o\" href=\"http:\/\/www.ciencianews.com.br\/homologacao\/index.php\/pos-graduacao\/\">MICROBIOLOGIA CL\u00cdNICA E LABORATORIAL;<\/a><\/h4>\n<\/li>\n<li>\n<h4>HEMATOLOGIA LABORATORIAL E IMUNOHEMATOLOGIA DE BANCO DE SANGUE.<\/h4>\n<\/li>\n<p>\t<!--li>\n\n\n<h4><a title=\"P\u00f3s Gradua\u00e7\u00e3o\" href=\"http:\/\/www.ciencianews.com.br\/homologacao\/index.php\/pos-graduacao\/\">IMUNOLOGIA CL\u00cdNICA E LABORATORIAL.<\/a><\/h4>\n\n\n<\/li-->\n<\/ul>\n<p>&nbsp;<\/p>\n<h3 style=\"text-align: center;\"><strong>Os\u00a0tr\u00eas\u00a0principais diferenciais dos nossos cursos s\u00e3o:<\/strong><\/h3>\n<p>&nbsp;<\/p>\n<ul>\n<li>\n<h4><a title=\"AC&amp;T \u2013 Flats Residence para Alunos\" href=\"http:\/\/www.ciencianews.com.br\/homologacao\/index.php\/act-flats-residence-para-alunos\/\">ACOMODA\u00c7\u00d5ES EM FLATS E TRANSPORTE GRATUITO: &#8220;ENTRE O FLAT E A AC&amp;T&#8221;;<\/a><\/h4>\n<\/li>\n<li>\n<h4><a title=\"Laborat\u00f3rios\" href=\"http:\/\/www.ciencianews.com.br\/homologacao\/index.php\/laboratorios\/\">AULAS PR\u00c1TICAS;<\/a><\/h4>\n<\/li>\n<li>\n<h4><a title=\"Fotos de Cursos\" href=\"http:\/\/www.ciencianews.com.br\/homologacao\/index.php\/fotos-e-videos\/fotos-de-cursos\/\">55 TURMAS CERTIFICADAS EM 18 ANOS DE AC&amp;T.\u00a0<\/a><\/h4>\n<\/li>\n<\/ul>\n<p>&nbsp;<\/p>\n","protected":false},"excerpt":{"rendered":"<p>Os tr\u00eas principais cursos de P\u00f3s-Gradua\u00e7\u00e3o &#8220;LATO-SENSO&#8221; s\u00e3o : &nbsp; HEMATOLOGIA CL\u00cdNICA E LABORATORIAL; MICROBIOLOGIA CL\u00cdNICA E LABORATORIAL; HEMATOLOGIA LABORATORIAL E IMUNOHEMATOLOGIA DE BANCO DE SANGUE. &nbsp; Os\u00a0tr\u00eas\u00a0principais diferenciais dos nossos cursos s\u00e3o: &nbsp; ACOMODA\u00c7\u00d5ES EM FLATS E TRANSPORTE GRATUITO: [&hellip;]<\/p>\n","protected":false},"author":1,"featured_media":0,"parent":97,"menu_order":0,"comment_status":"closed","ping_status":"closed","template":"","meta":{"_uag_custom_page_level_css":"","_joinchat":[],"footnotes":""},"class_list":["post-2110","page","type-page","status-publish","hentry"],"uagb_featured_image_src":{"full":false,"thumbnail":false,"medium":false,"medium_large":false,"large":false,"1536x1536":false,"2048x2048":false,"post-thumbnail":false,"business-hub-blog":false,"business-hub-work":false},"uagb_author_info":{"display_name":"real","author_link":"https:\/\/www.ciencianews.com.br\/index.php\/author\/real\/"},"uagb_comment_info":0,"uagb_excerpt":"Os tr\u00eas principais cursos de P\u00f3s-Gradua\u00e7\u00e3o &#8220;LATO-SENSO&#8221; s\u00e3o : &nbsp; HEMATOLOGIA CL\u00cdNICA E LABORATORIAL; MICROBIOLOGIA CL\u00cdNICA E LABORATORIAL; HEMATOLOGIA LABORATORIAL E IMUNOHEMATOLOGIA DE BANCO DE SANGUE. &nbsp; Os\u00a0tr\u00eas\u00a0principais diferenciais dos nossos cursos s\u00e3o: &nbsp; ACOMODA\u00c7\u00d5ES EM FLATS E TRANSPORTE GRATUITO: [&hellip;]","_links":{"self":[{"href":"https:\/\/www.ciencianews.com.br\/index.php\/wp-json\/wp\/v2\/pages\/2110","targetHints":{"allow":["GET"]}}],"collection":[{"href":"https:\/\/www.ciencianews.com.br\/index.php\/wp-json\/wp\/v2\/pages"}],"about":[{"href":"https:\/\/www.ciencianews.com.br\/index.php\/wp-json\/wp\/v2\/types\/page"}],"author":[{"embeddable":true,"href":"https:\/\/www.ciencianews.com.br\/index.php\/wp-json\/wp\/v2\/users\/1"}],"replies":[{"embeddable":true,"href":"https:\/\/www.ciencianews.com.br\/index.php\/wp-json\/wp\/v2\/comments?post=2110"}],"version-history":[{"count":4,"href":"https:\/\/www.ciencianews.com.br\/index.php\/wp-json\/wp\/v2\/pages\/2110\/revisions"}],"predecessor-version":[{"id":3889,"href":"https:\/\/www.ciencianews.com.br\/index.php\/wp-json\/wp\/v2\/pages\/2110\/revisions\/3889"}],"up":[{"embeddable":true,"href":"https:\/\/www.ciencianews.com.br\/index.php\/wp-json\/wp\/v2\/pages\/97"}],"wp:attachment":[{"href":"https:\/\/www.ciencianews.com.br\/index.php\/wp-json\/wp\/v2\/media?parent=2110"}],"curies":[{"name":"wp","href":"https:\/\/api.w.org\/{rel}","templated":true}]}}