{"id":23,"date":"2013-07-11T15:02:27","date_gmt":"2013-07-11T15:02:27","guid":{"rendered":"http:\/\/localhost\/wordpress\/?page_id=23"},"modified":"2018-11-28T15:23:27","modified_gmt":"2018-11-28T15:23:27","slug":"act","status":"publish","type":"page","link":"https:\/\/www.ciencianews.com.br\/index.php\/act\/","title":{"rendered":"AC&#038;T"},"content":{"rendered":"<div style=\"text-align: center;\">\n<iframe loading=\"lazy\" width=\"930\" height=\"400\" src=\"https:\/\/www.youtube.com\/embed\/BT8CsH4j5f8?rel=0&amp;controls=1&#038;autoplay=1&#038;loop=1&#038;playlist=BT8CsH4j5f8&amp;showinfo=0\" frameborder=\"0\" allow=\"autoplay; encrypted-media\" allowfullscreen><\/iframe><\/p>\n<p><span style=\"color: #000000; font-size: 20px; font-weight: bold\"\">A AC&#038;T foi fundada em 1999 pelo Prof. Dr. Paulo Cesar Naoum e contabiliza, at\u00e9 o momento, 60 cursos de p\u00f3s-gradua\u00e7\u00e3o em Hematologia, Microbiologia, Banco de Sangue, An\u00e1lises Cl\u00ednicas, Gest\u00e3o em Sa\u00fade e Biologia Molecular. A AC&#038;T j\u00e1 certificou mais de 2 mil profissionais, provenientes de aproximadamente 500 cidades do Brasil e de 23 estados da federa\u00e7\u00e3o, al\u00e9m de colegas do Paraguai e Col\u00f4mbia.<\/span><\/p>\n<\/div>\n<p><!--div style=\"text-align: center;\">\n[caption id=\"attachment_874\" align=\"aligncenter\" width=\"270\"]<img loading=\"lazy\" decoding=\"async\" class=\"size-full wp-image-874\" alt=\"Fachada Diurna\" src=\"http:\/\/www.ciencianews.com.br\/homologacao\/wp-content\/uploads\/2013\/08\/fachada-peq.jpg\" width=\"270\" height=\"200\" \/> Fachada Diurna[\/caption]\n\n[caption id=\"attachment_873\" align=\"aligncenter\" width=\"260\"]<img loading=\"lazy\" decoding=\"async\" class=\"size-full wp-image-873\" alt=\"Fachada Noturna\" src=\"http:\/\/www.ciencianews.com.br\/homologacao\/wp-content\/uploads\/2013\/08\/fachada-noturna.jpg\" width=\"260\" height=\"184\" \/> Fachada Noturna[\/caption]\n<\/div-->\n","protected":false},"excerpt":{"rendered":"","protected":false},"author":2,"featured_media":0,"parent":0,"menu_order":0,"comment_status":"closed","ping_status":"open","template":"","meta":{"_uag_custom_page_level_css":"","_joinchat":[],"footnotes":""},"class_list":["post-23","page","type-page","status-publish","hentry"],"uagb_featured_image_src":{"full":false,"thumbnail":false,"medium":false,"medium_large":false,"large":false,"1536x1536":false,"2048x2048":false,"post-thumbnail":false,"business-hub-blog":false,"business-hub-work":false},"uagb_author_info":{"display_name":"admin","author_link":"https:\/\/www.ciencianews.com.br\/index.php\/author\/admin\/"},"uagb_comment_info":0,"uagb_excerpt":null,"_links":{"self":[{"href":"https:\/\/www.ciencianews.com.br\/index.php\/wp-json\/wp\/v2\/pages\/23","targetHints":{"allow":["GET"]}}],"collection":[{"href":"https:\/\/www.ciencianews.com.br\/index.php\/wp-json\/wp\/v2\/pages"}],"about":[{"href":"https:\/\/www.ciencianews.com.br\/index.php\/wp-json\/wp\/v2\/types\/page"}],"author":[{"embeddable":true,"href":"https:\/\/www.ciencianews.com.br\/index.php\/wp-json\/wp\/v2\/users\/2"}],"replies":[{"embeddable":true,"href":"https:\/\/www.ciencianews.com.br\/index.php\/wp-json\/wp\/v2\/comments?post=23"}],"version-history":[{"count":4,"href":"https:\/\/www.ciencianews.com.br\/index.php\/wp-json\/wp\/v2\/pages\/23\/revisions"}],"predecessor-version":[{"id":4767,"href":"https:\/\/www.ciencianews.com.br\/index.php\/wp-json\/wp\/v2\/pages\/23\/revisions\/4767"}],"wp:attachment":[{"href":"https:\/\/www.ciencianews.com.br\/index.php\/wp-json\/wp\/v2\/media?parent=23"}],"curies":[{"name":"wp","href":"https:\/\/api.w.org\/{rel}","templated":true}]}}