{"id":2351,"date":"2014-03-17T16:41:13","date_gmt":"2014-03-17T16:41:13","guid":{"rendered":"http:\/\/www.ciencianews.com.br\/?page_id=2351"},"modified":"2025-07-17T19:53:36","modified_gmt":"2025-07-17T19:53:36","slug":"acesso-a-pos-graduacao-online","status":"publish","type":"page","link":"https:\/\/www.ciencianews.com.br\/index.php\/cursos\/acesso-a-pos-graduacao-online\/","title":{"rendered":"Acesso a P\u00f3s Gradua\u00e7\u00e3o Online !"},"content":{"rendered":"<map name=\"Map\">\n<area coords=\"2,2,296,58\" shape=\"rect\" href=\"http:\/\/www.moodlehost.com.br\/ac&amp;t\/moodle\/\" \/>\n<\/map>\n<form action=\"http:\/\/www.cursos.ciencianews.com.br\/aulavirt_\/verificar_usuario.asp\" method=\"POST\" name=\"form1\">\n<table border=\"0\" width=\"250\" cellspacing=\"2\" cellpadding=\"0\">\n<tbody>\n<tr>\n<td height=\"80\"><\/td>\n<\/tr>\n<tr align=\"left\">\n<td class=\"texto\" align=\"left\" width=\"48\" height=\"18\">Usu\u00e1rio<\/td>\n<td width=\"146\"><input id=\"Usuario\" class=\"form\" maxlength=\"80\" name=\"Usuario\" size=\"40\" type=\"text\" \/><\/td>\n<\/tr>\n<tr align=\"left\">\n<td class=\"texto\" align=\"left\" height=\"18\">Senha<\/td>\n<td><input id=\"Senha\" class=\"form\" maxlength=\"10\" name=\"Senha\" size=\"15\" type=\"password\" \/><\/td>\n<\/tr>\n<tr align=\"left\">\n<td height=\"18\"><\/td>\n<td><input class=\"form\" name=\"Submit\" type=\"submit\" value=\"Acessar\" \/><\/td>\n<\/tr>\n<\/tbody>\n<\/table>\n<\/form>\n","protected":false},"excerpt":{"rendered":"<p>Usu\u00e1rio Senha<\/p>\n","protected":false},"author":2,"featured_media":0,"parent":44,"menu_order":0,"comment_status":"closed","ping_status":"closed","template":"","meta":{"_uag_custom_page_level_css":"","_joinchat":[],"footnotes":""},"class_list":["post-2351","page","type-page","status-publish","hentry"],"uagb_featured_image_src":{"full":false,"thumbnail":false,"medium":false,"medium_large":false,"large":false,"1536x1536":false,"2048x2048":false,"post-thumbnail":false,"business-hub-blog":false,"business-hub-work":false},"uagb_author_info":{"display_name":"admin","author_link":"https:\/\/www.ciencianews.com.br\/index.php\/author\/admin\/"},"uagb_comment_info":0,"uagb_excerpt":"Usu\u00e1rio Senha","_links":{"self":[{"href":"https:\/\/www.ciencianews.com.br\/index.php\/wp-json\/wp\/v2\/pages\/2351","targetHints":{"allow":["GET"]}}],"collection":[{"href":"https:\/\/www.ciencianews.com.br\/index.php\/wp-json\/wp\/v2\/pages"}],"about":[{"href":"https:\/\/www.ciencianews.com.br\/index.php\/wp-json\/wp\/v2\/types\/page"}],"author":[{"embeddable":true,"href":"https:\/\/www.ciencianews.com.br\/index.php\/wp-json\/wp\/v2\/users\/2"}],"replies":[{"embeddable":true,"href":"https:\/\/www.ciencianews.com.br\/index.php\/wp-json\/wp\/v2\/comments?post=2351"}],"version-history":[{"count":8,"href":"https:\/\/www.ciencianews.com.br\/index.php\/wp-json\/wp\/v2\/pages\/2351\/revisions"}],"predecessor-version":[{"id":7835,"href":"https:\/\/www.ciencianews.com.br\/index.php\/wp-json\/wp\/v2\/pages\/2351\/revisions\/7835"}],"up":[{"embeddable":true,"href":"https:\/\/www.ciencianews.com.br\/index.php\/wp-json\/wp\/v2\/pages\/44"}],"wp:attachment":[{"href":"https:\/\/www.ciencianews.com.br\/index.php\/wp-json\/wp\/v2\/media?parent=2351"}],"curies":[{"name":"wp","href":"https:\/\/api.w.org\/{rel}","templated":true}]}}