{"id":2587,"date":"2014-12-04T18:38:27","date_gmt":"2014-12-04T18:38:27","guid":{"rendered":"http:\/\/www.ciencianews.com.br\/?page_id=2587"},"modified":"2014-12-09T10:08:12","modified_gmt":"2014-12-09T10:08:12","slug":"quick-class-aula-rapida-plaquetas-2","status":"publish","type":"page","link":"https:\/\/www.ciencianews.com.br\/index.php\/quick-class-aula-rapida\/quick-class-aula-rapida-plaquetas-2\/","title":{"rendered":"QUICK-CLASS (Aula R\u00e1pida) \u2013 Plaquetas"},"content":{"rendered":"<h1 style=\"text-align: center;\">Fun\u00e7\u00f5es das Plaquetas<\/h1>\n<p style=\"text-align: center;\"><iframe loading=\"lazy\" width=\"420\" height=\"315\" src=\"\/\/www.youtube.com\/embed\/G92wVnA5D1Y\" frameborder=\"0\" allowfullscreen><\/iframe><\/p>\n<h3><strong>Pr\u00f3xima Aula:\u00a0<\/strong><em><strong><a title=\"QUICK-CLASS (Aula R\u00e1pida) \u2013 Plaquetas\" href=\"http:\/\/www.ciencianews.com.br\/index.php\/quick-class-aula-rapida\/quick-class-aula-rapida-plaquetas-3\/\">Estrutura Qu\u00edmica das Plaquetas e suas Fun\u00e7\u00f5es<\/a><\/strong><\/em><\/h3>\n","protected":false},"excerpt":{"rendered":"<p>Fun\u00e7\u00f5es das Plaquetas Pr\u00f3xima Aula:\u00a0Estrutura Qu\u00edmica das Plaquetas e suas Fun\u00e7\u00f5es<\/p>\n","protected":false},"author":2,"featured_media":0,"parent":2558,"menu_order":0,"comment_status":"closed","ping_status":"closed","template":"","meta":{"_uag_custom_page_level_css":"","_joinchat":[],"footnotes":""},"class_list":["post-2587","page","type-page","status-publish","hentry"],"uagb_featured_image_src":{"full":false,"thumbnail":false,"medium":false,"medium_large":false,"large":false,"1536x1536":false,"2048x2048":false,"post-thumbnail":false,"business-hub-blog":false,"business-hub-work":false},"uagb_author_info":{"display_name":"admin","author_link":"https:\/\/www.ciencianews.com.br\/index.php\/author\/admin\/"},"uagb_comment_info":0,"uagb_excerpt":"Fun\u00e7\u00f5es das Plaquetas Pr\u00f3xima Aula:\u00a0Estrutura Qu\u00edmica das Plaquetas e suas Fun\u00e7\u00f5es","_links":{"self":[{"href":"https:\/\/www.ciencianews.com.br\/index.php\/wp-json\/wp\/v2\/pages\/2587","targetHints":{"allow":["GET"]}}],"collection":[{"href":"https:\/\/www.ciencianews.com.br\/index.php\/wp-json\/wp\/v2\/pages"}],"about":[{"href":"https:\/\/www.ciencianews.com.br\/index.php\/wp-json\/wp\/v2\/types\/page"}],"author":[{"embeddable":true,"href":"https:\/\/www.ciencianews.com.br\/index.php\/wp-json\/wp\/v2\/users\/2"}],"replies":[{"embeddable":true,"href":"https:\/\/www.ciencianews.com.br\/index.php\/wp-json\/wp\/v2\/comments?post=2587"}],"version-history":[{"count":11,"href":"https:\/\/www.ciencianews.com.br\/index.php\/wp-json\/wp\/v2\/pages\/2587\/revisions"}],"predecessor-version":[{"id":2743,"href":"https:\/\/www.ciencianews.com.br\/index.php\/wp-json\/wp\/v2\/pages\/2587\/revisions\/2743"}],"up":[{"embeddable":true,"href":"https:\/\/www.ciencianews.com.br\/index.php\/wp-json\/wp\/v2\/pages\/2558"}],"wp:attachment":[{"href":"https:\/\/www.ciencianews.com.br\/index.php\/wp-json\/wp\/v2\/media?parent=2587"}],"curies":[{"name":"wp","href":"https:\/\/api.w.org\/{rel}","templated":true}]}}