{"id":2701,"date":"2014-12-05T15:18:31","date_gmt":"2014-12-05T15:18:31","guid":{"rendered":"http:\/\/www.ciencianews.com.br\/?page_id=2701"},"modified":"2014-12-09T10:18:44","modified_gmt":"2014-12-09T10:18:44","slug":"quick-class-aula-rapida-plaquetas-10","status":"publish","type":"page","link":"https:\/\/www.ciencianews.com.br\/index.php\/quick-class-aula-rapida\/quick-class-aula-rapida-plaquetas-10\/","title":{"rendered":"QUICK-CLASS (Aula R\u00e1pida) &#8211; Plaquetas"},"content":{"rendered":"<h1 style=\"text-align: center;\">Agrega\u00e7\u00e3o Plaquet\u00e1ria<\/h1>\n<p style=\"text-align: center;\"><iframe loading=\"lazy\" width=\"560\" height=\"315\" src=\"\/\/www.youtube.com\/embed\/Nc-mpACoGas?list=UUt5YL3nmTo6LMqGXwpvivwA\" frameborder=\"0\" allowfullscreen><\/iframe><\/p>\n<h3><strong><\/strong><em><strong><a title=\"QUICK-CLASS (Aula R\u00e1pida)\" href=\"http:\/\/www.ciencianews.com.br\/index.php\/quick-class-aula-rapida\/\">Voltar ao Quick Class<\/a><\/strong><\/em><\/h3>\n","protected":false},"excerpt":{"rendered":"<p>Agrega\u00e7\u00e3o Plaquet\u00e1ria Voltar ao Quick Class<\/p>\n","protected":false},"author":1,"featured_media":0,"parent":2558,"menu_order":0,"comment_status":"closed","ping_status":"closed","template":"","meta":{"_uag_custom_page_level_css":"","_joinchat":[],"footnotes":""},"class_list":["post-2701","page","type-page","status-publish","hentry"],"uagb_featured_image_src":{"full":false,"thumbnail":false,"medium":false,"medium_large":false,"large":false,"1536x1536":false,"2048x2048":false,"post-thumbnail":false,"business-hub-blog":false,"business-hub-work":false},"uagb_author_info":{"display_name":"real","author_link":"https:\/\/www.ciencianews.com.br\/index.php\/author\/real\/"},"uagb_comment_info":0,"uagb_excerpt":"Agrega\u00e7\u00e3o Plaquet\u00e1ria Voltar ao Quick Class","_links":{"self":[{"href":"https:\/\/www.ciencianews.com.br\/index.php\/wp-json\/wp\/v2\/pages\/2701","targetHints":{"allow":["GET"]}}],"collection":[{"href":"https:\/\/www.ciencianews.com.br\/index.php\/wp-json\/wp\/v2\/pages"}],"about":[{"href":"https:\/\/www.ciencianews.com.br\/index.php\/wp-json\/wp\/v2\/types\/page"}],"author":[{"embeddable":true,"href":"https:\/\/www.ciencianews.com.br\/index.php\/wp-json\/wp\/v2\/users\/1"}],"replies":[{"embeddable":true,"href":"https:\/\/www.ciencianews.com.br\/index.php\/wp-json\/wp\/v2\/comments?post=2701"}],"version-history":[{"count":6,"href":"https:\/\/www.ciencianews.com.br\/index.php\/wp-json\/wp\/v2\/pages\/2701\/revisions"}],"predecessor-version":[{"id":2750,"href":"https:\/\/www.ciencianews.com.br\/index.php\/wp-json\/wp\/v2\/pages\/2701\/revisions\/2750"}],"up":[{"embeddable":true,"href":"https:\/\/www.ciencianews.com.br\/index.php\/wp-json\/wp\/v2\/pages\/2558"}],"wp:attachment":[{"href":"https:\/\/www.ciencianews.com.br\/index.php\/wp-json\/wp\/v2\/media?parent=2701"}],"curies":[{"name":"wp","href":"https:\/\/api.w.org\/{rel}","templated":true}]}}