{"id":2769,"date":"2014-12-09T12:30:24","date_gmt":"2014-12-09T12:30:24","guid":{"rendered":"http:\/\/www.ciencianews.com.br\/?page_id=2769"},"modified":"2014-12-09T12:32:33","modified_gmt":"2014-12-09T12:32:33","slug":"livro-livre-em-nome-do-dna","status":"publish","type":"page","link":"https:\/\/www.ciencianews.com.br\/index.php\/livro-livre-em-nome-do-dna\/","title":{"rendered":"Livro Livre &#8211; Em Nome do DNA"},"content":{"rendered":"<h2 style=\"text-align: center;\"><strong>Em Nome do DNA<\/strong><\/h2>\n<p>&nbsp;<\/p>\n<h5 style=\"text-align: center;\"><em><span style=\"color: #0000ff;\"><span style=\"color: #0000ff;\"><strong><a  href=\"\/arquivos\/ACET\/IMAGENS\/cds_livros\/Em Nome DNA\/PREF\u00c1CIO.pdf\" target=\"_blank\">Pref\u00e1cio<\/a><\/strong><\/span><\/span><em><\/em><\/em><\/h5>\n<h5 style=\"text-align: center;\"><em><span style=\"color: #0000ff;\"><span style=\"color: #0000ff;\"><strong><a  href=\"\/arquivos\/ACET\/IMAGENS\/cds_livros\/Em Nome DNA\/Ap\u00eandice.pdf\" target=\"_blank\">Ap\u00eandice<\/a><\/strong><\/span><\/span><em><\/em><\/em><\/h5>\n<h5 style=\"text-align: center;\"><em><span style=\"color: #0000ff;\"><span style=\"color: #0000ff;\"><strong><a  href=\"\/arquivos\/ACET\/IMAGENS\/cds_livros\/Em Nome DNA\/dedicat\u00f3ria.pdf\" target=\"_blank\">Dedicat\u00f3ria<\/a><\/strong><\/span><\/span><em><\/em><\/em><\/h5>\n<h5 style=\"text-align: center;\"><em><span style=\"color: #0000ff;\"><span style=\"color: #0000ff;\"><strong><a  href=\"\/arquivos\/ACET\/IMAGENS\/cds_livros\/Em Nome DNA\/Curriculo do autor.pdf\" target=\"_blank\">Curriculo do autor<\/a><\/strong><\/span><\/span><\/p>\n<h5 style=\"text-align: center;\"><em><span style=\"color: #0000ff;\"><span style=\"color: #0000ff;\"><strong><a  href=\"\/arquivos\/ACET\/IMAGENS\/cds_livros\/Em Nome DNA\/Sum\u00e1rio.pdf\" target=\"_blank\">Sum\u00e1rio<\/a><\/strong><\/span><\/span><em><\/em><\/em><\/h5>\n<h5 style=\"text-align: center;\"><em><span style=\"color: #0000ff;\"><span style=\"color: #0000ff;\"><strong><a  href=\"\/arquivos\/ACET\/IMAGENS\/cds_livros\/Em Nome DNA\/Cap\u00edtulo 1.pdf\" target=\"_blank\">Cap\u00edtulo 01<\/a><\/strong><\/span><\/span><em><\/em><\/em><\/h5>\n<h5 style=\"text-align: center;\"><em><span style=\"color: #0000ff;\"><span style=\"color: #0000ff;\"><strong><a  href=\"\/arquivos\/ACET\/IMAGENS\/cds_livros\/Em Nome DNA\/Cap\u00edtulo 2.pdf\" target=\"_blank\">Cap\u00edtulo 02<\/a><\/strong><\/span><\/span><em><\/em><\/em><\/h5>\n<h5 style=\"text-align: center;\"><em><span style=\"color: #0000ff;\"><span style=\"color: #0000ff;\"><strong><a  href=\"\/arquivos\/ACET\/IMAGENS\/cds_livros\/Em Nome DNA\/Cap\u00edtulo 3.pdf\" target=\"_blank\">Cap\u00edtulo 03<\/a><\/strong><\/span><\/span><em><\/em><\/em><\/h5>\n<h5 style=\"text-align: center;\"><em><span style=\"color: #0000ff;\"><span style=\"color: #0000ff;\"><strong><a  href=\"\/arquivos\/ACET\/IMAGENS\/cds_livros\/Em Nome DNA\/Cap\u00edtulo 4.pdf\" target=\"_blank\">Cap\u00edtulo 04<\/a><\/strong><\/span><\/span><em><\/em><\/em><\/h5>\n<h5 style=\"text-align: center;\"><em><span style=\"color: #0000ff;\"><span style=\"color: #0000ff;\"><strong><a  href=\"\/arquivos\/ACET\/IMAGENS\/cds_livros\/Em Nome DNA\/Cap\u00edtulo 05.pdf\" target=\"_blank\">Cap\u00edtulo 05<\/a><\/strong><\/span><\/span><em><\/em><\/em><\/h5>\n<h5 style=\"text-align: center;\"><em><span style=\"color: #0000ff;\"><span style=\"color: #0000ff;\"><strong><a  href=\"\/arquivos\/ACET\/IMAGENS\/cds_livros\/Em Nome DNA\/Cap\u00edtulo 06.pdf\" target=\"_blank\">Cap\u00edtulo 06<\/a><\/strong><\/span><\/span><em><\/em><\/em><\/h5>\n<h5 style=\"text-align: center;\"><em><span style=\"color: #0000ff;\"><span style=\"color: #0000ff;\"><strong><a  href=\"\/arquivos\/ACET\/IMAGENS\/cds_livros\/Em Nome DNA\/Cap\u00edtulo 07.pdf\" target=\"_blank\">Cap\u00edtulo 07<\/a><\/strong><\/span><\/span><em><\/em><\/em><\/h5>\n<h5 style=\"text-align: center;\"><em><span style=\"color: #0000ff;\"><span style=\"color: #0000ff;\"><strong><a  href=\"\/arquivos\/ACET\/IMAGENS\/cds_livros\/Em Nome DNA\/Cap\u00edtulo 08.pdf\" target=\"_blank\">Cap\u00edtulo 08<\/a><\/strong><\/span><\/span><em><\/em><\/em><\/h5>\n<h5 style=\"text-align: center;\"><em><span style=\"color: #0000ff;\"><span style=\"color: #0000ff;\"><strong><a  href=\"\/arquivos\/ACET\/IMAGENS\/cds_livros\/Em Nome DNA\/Cap\u00edtulo 09.pdf\" target=\"_blank\">Cap\u00edtulo 09<\/a><\/strong><\/span><\/span><em><\/em><\/em><\/h5>\n<h5 style=\"text-align: center;\"><em><span style=\"color: #0000ff;\"><span style=\"color: #0000ff;\"><strong><a  href=\"\/arquivos\/ACET\/IMAGENS\/cds_livros\/Em Nome DNA\/Cap\u00edtulo 10.pdf\" target=\"_blank\">Cap\u00edtulo 10<\/a><\/strong><\/span><\/span><em><\/em><\/em><\/h5>\n<h5 style=\"text-align: center;\"><em><span style=\"color: #0000ff;\"><span style=\"color: #0000ff;\"><strong><a  href=\"\/arquivos\/ACET\/IMAGENS\/cds_livros\/Em Nome DNA\/Cap\u00edtulo 11pdf\" target=\"_blank\">Cap\u00edtulo 11<\/a><\/strong><\/span><\/span><em><\/em><\/em><\/h5>\n<h5 style=\"text-align: center;\"><em><span style=\"color: #0000ff;\"><span style=\"color: #0000ff;\"><strong><a  href=\"\/arquivos\/ACET\/IMAGENS\/cds_livros\/Em Nome DNA\/Cap\u00edtulo 12.pdf\" target=\"_blank\">Cap\u00edtulo 12<\/a><\/strong><\/span><\/span><em><\/em><\/em><\/h5>\n<h5 style=\"text-align: center;\"><em><span style=\"color: #0000ff;\"><span style=\"color: #0000ff;\"><strong><a  href=\"\/arquivos\/ACET\/IMAGENS\/cds_livros\/Em Nome DNA\/Cap\u00edtulo 13.pdf\" target=\"_blank\">Cap\u00edtulo 13<\/a><\/strong><\/span><\/span><em><\/em><\/em><\/h5>\n<h5 style=\"text-align: center;\"><em><span style=\"color: #0000ff;\"><span style=\"color: #0000ff;\"><strong><a  href=\"\/arquivos\/ACET\/IMAGENS\/cds_livros\/Em Nome DNA\/Cap\u00edtulo 14.pdf\" target=\"_blank\">Cap\u00edtulo 14<\/a><\/strong><\/span><\/span><em><\/em><\/em><\/h5>\n<h5 style=\"text-align: center;\"><em><span style=\"color: #0000ff;\"><span style=\"color: #0000ff;\"><strong><a  href=\"\/arquivos\/ACET\/IMAGENS\/cds_livros\/Em Nome DNA\/Cap\u00edtulo 15.pdf\" target=\"_blank\">Cap\u00edtulo 15<\/a><\/strong><\/span><\/span><em><\/em><\/em><\/h5>\n<h5 style=\"text-align: center;\"><em><span style=\"color: #0000ff;\"><span style=\"color: #0000ff;\"><strong><a  href=\"\/arquivos\/ACET\/IMAGENS\/cds_livros\/Em Nome DNA\/Cap\u00edtulo 16.pdf\" target=\"_blank\">Cap\u00edtulo 16<\/a><\/strong><\/span><\/span><em><\/em><\/em><\/h5>\n<h5 style=\"text-align: center;\"><em><span style=\"color: #0000ff;\"><span style=\"color: #0000ff;\"><strong><a  href=\"\/arquivos\/ACET\/IMAGENS\/cds_livros\/Em Nome DNA\/Cap\u00edtulo 17.pdf\" target=\"_blank\">Cap\u00edtulo 17<\/a><\/strong><\/span><\/span><em><\/em><\/em><\/h5>\n<h5 style=\"text-align: center;\"><em><span style=\"color: #0000ff;\"><span style=\"color: #0000ff;\"><strong><a  href=\"\/arquivos\/ACET\/IMAGENS\/cds_livros\/Em Nome DNA\/Cap\u00edtulo 18.pdf\" target=\"_blank\">Cap\u00edtulo 18<\/a><\/strong><\/span><\/span><em><\/em><\/em><\/h5>\n<h5 style=\"text-align: center;\"><em><span style=\"color: #0000ff;\"><span style=\"color: #0000ff;\"><strong><a  href=\"\/arquivos\/ACET\/IMAGENS\/cds_livros\/Em Nome DNA\/Cap\u00edtulo 19.pdf\" target=\"_blank\">Cap\u00edtulo 19<\/a><\/strong><\/span><\/span><em><\/em><\/em><\/h5>\n<h5 style=\"text-align: center;\"><em><span style=\"color: #0000ff;\"><span style=\"color: #0000ff;\"><strong><a  href=\"\/arquivos\/ACET\/IMAGENS\/cds_livros\/Em Nome DNA\/Cap\u00edtulo 20.pdf\" target=\"_blank\">Cap\u00edtulo 20<\/a><\/strong><\/span><\/span><em><\/em><\/em><\/h5>\n<h5 style=\"text-align: center;\"><em><span style=\"color: #0000ff;\"><span style=\"color: #0000ff;\"><strong><a  href=\"\/arquivos\/ACET\/IMAGENS\/cds_livros\/Em Nome DNA\/Cap\u00edtulo 21.pdf\" target=\"_blank\">Cap\u00edtulo 21<\/a><\/strong><\/span><\/span><em><\/em><\/em><\/h5>\n<h5 style=\"text-align: center;\"><em><span style=\"color: #0000ff;\"><span style=\"color: #0000ff;\"><strong><a  href=\"\/arquivos\/ACET\/IMAGENS\/cds_livros\/Em Nome DNA\/Cap\u00edtulo 22.pdf\" target=\"_blank\">Cap\u00edtulo 22<\/a><\/strong><\/span><\/span><em><\/em><\/em><\/h5>\n<h5 style=\"text-align: center;\"><em><span style=\"color: #0000ff;\"><span style=\"color: #0000ff;\"><strong><a  href=\"\/arquivos\/ACET\/IMAGENS\/cds_livros\/Em Nome DNA\/refer\u00eancia bibliogr\u00e1fica.pdf\" target=\"_blank\">Refer\u00eancia Bibliogr\u00e1fica<\/a><\/strong><\/span><\/span><em><\/em><\/em><\/h5>\n","protected":false},"excerpt":{"rendered":"<p>Em Nome do DNA &nbsp; Pref\u00e1cio Ap\u00eandice Dedicat\u00f3ria Curriculo do autor Sum\u00e1rio Cap\u00edtulo 01 Cap\u00edtulo 02 Cap\u00edtulo 03 Cap\u00edtulo 04 Cap\u00edtulo 05 Cap\u00edtulo 06 Cap\u00edtulo 07 Cap\u00edtulo 08 Cap\u00edtulo 09 Cap\u00edtulo 10 Cap\u00edtulo 11 Cap\u00edtulo 12 Cap\u00edtulo 13 Cap\u00edtulo 14 [&hellip;]<\/p>\n","protected":false},"author":1,"featured_media":0,"parent":0,"menu_order":0,"comment_status":"closed","ping_status":"closed","template":"","meta":{"_uag_custom_page_level_css":"","_joinchat":[],"footnotes":""},"class_list":["post-2769","page","type-page","status-publish","hentry"],"uagb_featured_image_src":{"full":false,"thumbnail":false,"medium":false,"medium_large":false,"large":false,"1536x1536":false,"2048x2048":false,"post-thumbnail":false,"business-hub-blog":false,"business-hub-work":false},"uagb_author_info":{"display_name":"real","author_link":"https:\/\/www.ciencianews.com.br\/index.php\/author\/real\/"},"uagb_comment_info":0,"uagb_excerpt":"Em Nome do DNA &nbsp; Pref\u00e1cio Ap\u00eandice Dedicat\u00f3ria Curriculo do autor Sum\u00e1rio Cap\u00edtulo 01 Cap\u00edtulo 02 Cap\u00edtulo 03 Cap\u00edtulo 04 Cap\u00edtulo 05 Cap\u00edtulo 06 Cap\u00edtulo 07 Cap\u00edtulo 08 Cap\u00edtulo 09 Cap\u00edtulo 10 Cap\u00edtulo 11 Cap\u00edtulo 12 Cap\u00edtulo 13 Cap\u00edtulo 14 [&hellip;]","_links":{"self":[{"href":"https:\/\/www.ciencianews.com.br\/index.php\/wp-json\/wp\/v2\/pages\/2769","targetHints":{"allow":["GET"]}}],"collection":[{"href":"https:\/\/www.ciencianews.com.br\/index.php\/wp-json\/wp\/v2\/pages"}],"about":[{"href":"https:\/\/www.ciencianews.com.br\/index.php\/wp-json\/wp\/v2\/types\/page"}],"author":[{"embeddable":true,"href":"https:\/\/www.ciencianews.com.br\/index.php\/wp-json\/wp\/v2\/users\/1"}],"replies":[{"embeddable":true,"href":"https:\/\/www.ciencianews.com.br\/index.php\/wp-json\/wp\/v2\/comments?post=2769"}],"version-history":[{"count":3,"href":"https:\/\/www.ciencianews.com.br\/index.php\/wp-json\/wp\/v2\/pages\/2769\/revisions"}],"predecessor-version":[{"id":2772,"href":"https:\/\/www.ciencianews.com.br\/index.php\/wp-json\/wp\/v2\/pages\/2769\/revisions\/2772"}],"wp:attachment":[{"href":"https:\/\/www.ciencianews.com.br\/index.php\/wp-json\/wp\/v2\/media?parent=2769"}],"curies":[{"name":"wp","href":"https:\/\/api.w.org\/{rel}","templated":true}]}}