{"id":29,"date":"2013-07-11T15:05:01","date_gmt":"2013-07-11T15:05:01","guid":{"rendered":"http:\/\/localhost\/wordpress\/?page_id=29"},"modified":"2015-08-22T13:28:09","modified_gmt":"2015-08-22T13:28:09","slug":"eventos-cientificos-e-culturais","status":"publish","type":"page","link":"https:\/\/www.ciencianews.com.br\/index.php\/eventos-cientificos-e-culturais\/","title":{"rendered":"Eventos Cient\u00edficos e Culturais"},"content":{"rendered":"<p style=\"text-align: justify;\">\u00a0\u00a0\u00a0\u00a0\u00a0\u00a0\u00a0\u00a0 A Academia de Ci\u00eancia e Tecnologia promove periodicamente eventos cient\u00edficos (simp\u00f3sios e reuni\u00f5es cient\u00edficas) e eventos culturais (apresenta\u00e7\u00f5es musicais) para os profissionais de laborat\u00f3rio e comunidade interessada.<\/p>\n<div id=\"amw_galleria_slideshow_1\" class=\"amw-galleria-slideshow\"><\/div>\n<script type=\"text\/javascript\">jQuery(document).ready(function(){ jQuery(\"#amw_galleria_slideshow_1\").galleria({\"dataSource\":[{\"image\":\"https:\\\/\\\/www.ciencianews.com.br\\\/wp-content\\\/uploads\\\/2013\\\/07\\\/foto-11-1024x672.jpg\",\"big\":\"https:\\\/\\\/www.ciencianews.com.br\\\/wp-content\\\/uploads\\\/2013\\\/07\\\/foto-11-1024x672.jpg\",\"thumb\":\"https:\\\/\\\/www.ciencianews.com.br\\\/wp-content\\\/uploads\\\/2013\\\/07\\\/foto-11-150x150.jpg\",\"title\":\"\",\"description\":\"Confer\\u00eancia durante Simp\\u00f3sio\"},{\"image\":\"https:\\\/\\\/www.ciencianews.com.br\\\/wp-content\\\/uploads\\\/2013\\\/07\\\/foto-21-1024x568.jpg\",\"big\":\"https:\\\/\\\/www.ciencianews.com.br\\\/wp-content\\\/uploads\\\/2013\\\/07\\\/foto-21-1024x568.jpg\",\"thumb\":\"https:\\\/\\\/www.ciencianews.com.br\\\/wp-content\\\/uploads\\\/2013\\\/07\\\/foto-21-150x150.jpg\",\"title\":\"\",\"description\":\"\"},{\"image\":\"https:\\\/\\\/www.ciencianews.com.br\\\/wp-content\\\/uploads\\\/2013\\\/07\\\/foto-31-1024x771.jpg\",\"big\":\"https:\\\/\\\/www.ciencianews.com.br\\\/wp-content\\\/uploads\\\/2013\\\/07\\\/foto-31-1024x771.jpg\",\"thumb\":\"https:\\\/\\\/www.ciencianews.com.br\\\/wp-content\\\/uploads\\\/2013\\\/07\\\/foto-31-150x150.jpg\",\"title\":\"\",\"description\":\"Simp\\u00f3sio de An\\u00e1lises Cl\\u00ednicas \"},{\"image\":\"https:\\\/\\\/www.ciencianews.com.br\\\/wp-content\\\/uploads\\\/2013\\\/08\\\/auditorio051.jpg\",\"big\":\"https:\\\/\\\/www.ciencianews.com.br\\\/wp-content\\\/uploads\\\/2013\\\/08\\\/auditorio051.jpg\",\"thumb\":\"https:\\\/\\\/www.ciencianews.com.br\\\/wp-content\\\/uploads\\\/2013\\\/08\\\/auditorio051-150x150.jpg\",\"title\":\"\",\"description\":\" Apresenta\\u00e7\\u00e3o Musical durante a Inaugura\\u00e7\\u00e3o do Instituto Naoum de Hematologia &#8211; Julho de 2007.\"},{\"image\":\"https:\\\/\\\/www.ciencianews.com.br\\\/wp-content\\\/uploads\\\/2013\\\/08\\\/musicos-tocando-act_peq.jpg\",\"big\":\"https:\\\/\\\/www.ciencianews.com.br\\\/wp-content\\\/uploads\\\/2013\\\/08\\\/musicos-tocando-act_peq.jpg\",\"thumb\":\"https:\\\/\\\/www.ciencianews.com.br\\\/wp-content\\\/uploads\\\/2013\\\/08\\\/musicos-tocando-act_peq-150x150.jpg\",\"title\":\"\",\"description\":\"Apresenta\\u00e7\\u00e3o Musical em evento na AC&#038;T \"},{\"image\":\"https:\\\/\\\/www.ciencianews.com.br\\\/wp-content\\\/uploads\\\/2013\\\/07\\\/foto-1-1024x727.jpg\",\"big\":\"https:\\\/\\\/www.ciencianews.com.br\\\/wp-content\\\/uploads\\\/2013\\\/07\\\/foto-1-1024x727.jpg\",\"thumb\":\"https:\\\/\\\/www.ciencianews.com.br\\\/wp-content\\\/uploads\\\/2013\\\/07\\\/foto-1-150x150.jpg\",\"title\":\"\",\"description\":\"Coquetel de  Lan\\u00e7amento do Livro \\u201cC\\u00e2ncer: Por que eu?\\u201d em 2012.\"},{\"image\":\"https:\\\/\\\/www.ciencianews.com.br\\\/wp-content\\\/uploads\\\/2013\\\/07\\\/foto-2-1024x751.jpg\",\"big\":\"https:\\\/\\\/www.ciencianews.com.br\\\/wp-content\\\/uploads\\\/2013\\\/07\\\/foto-2-1024x751.jpg\",\"thumb\":\"https:\\\/\\\/www.ciencianews.com.br\\\/wp-content\\\/uploads\\\/2013\\\/07\\\/foto-2-150x150.jpg\",\"title\":\"\",\"description\":\"Premia\\u00e7\\u00e3o dos Pr\\u00eamios Ci\\u00eancia e Cultura 2012.\\nNa segunda fila, da direita para a esquerda: Prof. Nadilson Cunha, Prof. Dr. Fl\\u00e1vio A. Naoum e esposa Ana Paula Gallo Naoum e Profa. Alia F. M. Naoum.\"},{\"image\":\"https:\\\/\\\/www.ciencianews.com.br\\\/wp-content\\\/uploads\\\/2013\\\/07\\\/foto-3-1024x742.jpg\",\"big\":\"https:\\\/\\\/www.ciencianews.com.br\\\/wp-content\\\/uploads\\\/2013\\\/07\\\/foto-3-1024x742.jpg\",\"thumb\":\"https:\\\/\\\/www.ciencianews.com.br\\\/wp-content\\\/uploads\\\/2013\\\/07\\\/foto-3-150x150.jpg\",\"title\":\"\",\"description\":\"Premia\\u00e7\\u00e3o dos Pr\\u00eamios Ci\\u00eancia e Cultura em 2012.\\nEntrevista com os Professores Paulo C. Naoum e Alia F. M. Naoum\"},{\"image\":\"https:\\\/\\\/www.ciencianews.com.br\\\/wp-content\\\/uploads\\\/2013\\\/07\\\/foto-4-1024x704.jpg\",\"big\":\"https:\\\/\\\/www.ciencianews.com.br\\\/wp-content\\\/uploads\\\/2013\\\/07\\\/foto-4-1024x704.jpg\",\"thumb\":\"https:\\\/\\\/www.ciencianews.com.br\\\/wp-content\\\/uploads\\\/2013\\\/07\\\/foto-4-150x150.jpg\",\"title\":\"\",\"description\":\"Premia\\u00e7\\u00e3o dos Pr\\u00eamios Ci\\u00eancia, Tecnologia e Cultura em 2009.\\nDa esquerda para a direita: Prof. Dr. Luiz Dino Vizotto (ci\\u00eancia), Sr. Ferdinando Giovinazzo (cultura) e Prof. Dr. Domingo Braile (tecnologia).\"},{\"image\":\"https:\\\/\\\/www.ciencianews.com.br\\\/wp-content\\\/uploads\\\/2013\\\/07\\\/FN10.jpg\",\"big\":\"https:\\\/\\\/www.ciencianews.com.br\\\/wp-content\\\/uploads\\\/2013\\\/07\\\/FN10.jpg\",\"thumb\":\"https:\\\/\\\/www.ciencianews.com.br\\\/wp-content\\\/uploads\\\/2013\\\/07\\\/FN10-150x150.jpg\",\"title\":\"FN10\",\"description\":\" Entrega de pr\\u00eamios Academia de Ci\\u00eancia e Tecnologia para os Professores Nadilson Cunha (Educa\\u00e7\\u00e3o Cientifica), Jo\\u00e3o Kuyum DJian  (Cultura) e Prof. Dr. Reinaldo Azoubel (Ci\\u00eancia), em 2011.\"},{\"image\":\"https:\\\/\\\/www.ciencianews.com.br\\\/wp-content\\\/uploads\\\/2013\\\/07\\\/FN11.jpg\",\"big\":\"https:\\\/\\\/www.ciencianews.com.br\\\/wp-content\\\/uploads\\\/2013\\\/07\\\/FN11.jpg\",\"thumb\":\"https:\\\/\\\/www.ciencianews.com.br\\\/wp-content\\\/uploads\\\/2013\\\/07\\\/FN11-150x150.jpg\",\"title\":\"FN11\",\"description\":\"Professores Paulo Naoum e Fl\\u00e1vio Naoum ladeando o Prof. Dr. Reinaldo Azoubel (Pr\\u00eamio Ci\\u00eancia) em 2011.\"}],\"width\":\"auto\",\"height\":0.76000000000000001,\"autoplay\":false,\"transition\":\"slide\",\"initialTransition\":\"fade\",\"transitionSpeed\":0,\"_delayTime\":4000,\"_hideControls\":false,\"_thumbnailMode\":\"grid\",\"_captionMode\":\"on_expand\"}); });<\/script>\n","protected":false},"excerpt":{"rendered":"<p>\u00a0\u00a0\u00a0\u00a0\u00a0\u00a0\u00a0\u00a0 A Academia de Ci\u00eancia e Tecnologia promove periodicamente eventos cient\u00edficos (simp\u00f3sios e reuni\u00f5es cient\u00edficas) e eventos culturais (apresenta\u00e7\u00f5es musicais) para os profissionais de laborat\u00f3rio e comunidade interessada.<\/p>\n","protected":false},"author":2,"featured_media":0,"parent":0,"menu_order":0,"comment_status":"closed","ping_status":"open","template":"","meta":{"_uag_custom_page_level_css":"","_joinchat":[],"footnotes":""},"class_list":["post-29","page","type-page","status-publish","hentry"],"uagb_featured_image_src":{"full":false,"thumbnail":false,"medium":false,"medium_large":false,"large":false,"1536x1536":false,"2048x2048":false,"post-thumbnail":false,"business-hub-blog":false,"business-hub-work":false},"uagb_author_info":{"display_name":"admin","author_link":"https:\/\/www.ciencianews.com.br\/index.php\/author\/admin\/"},"uagb_comment_info":0,"uagb_excerpt":"\u00a0\u00a0\u00a0\u00a0\u00a0\u00a0\u00a0\u00a0 A Academia de Ci\u00eancia e Tecnologia promove periodicamente eventos cient\u00edficos (simp\u00f3sios e reuni\u00f5es cient\u00edficas) e eventos culturais (apresenta\u00e7\u00f5es musicais) para os profissionais de laborat\u00f3rio e comunidade interessada.","_links":{"self":[{"href":"https:\/\/www.ciencianews.com.br\/index.php\/wp-json\/wp\/v2\/pages\/29","targetHints":{"allow":["GET"]}}],"collection":[{"href":"https:\/\/www.ciencianews.com.br\/index.php\/wp-json\/wp\/v2\/pages"}],"about":[{"href":"https:\/\/www.ciencianews.com.br\/index.php\/wp-json\/wp\/v2\/types\/page"}],"author":[{"embeddable":true,"href":"https:\/\/www.ciencianews.com.br\/index.php\/wp-json\/wp\/v2\/users\/2"}],"replies":[{"embeddable":true,"href":"https:\/\/www.ciencianews.com.br\/index.php\/wp-json\/wp\/v2\/comments?post=29"}],"version-history":[{"count":10,"href":"https:\/\/www.ciencianews.com.br\/index.php\/wp-json\/wp\/v2\/pages\/29\/revisions"}],"predecessor-version":[{"id":1057,"href":"https:\/\/www.ciencianews.com.br\/index.php\/wp-json\/wp\/v2\/pages\/29\/revisions\/1057"}],"wp:attachment":[{"href":"https:\/\/www.ciencianews.com.br\/index.php\/wp-json\/wp\/v2\/media?parent=29"}],"curies":[{"name":"wp","href":"https:\/\/api.w.org\/{rel}","templated":true}]}}