{"id":30,"date":"2013-07-11T15:05:42","date_gmt":"2013-07-11T15:05:42","guid":{"rendered":"http:\/\/localhost\/wordpress\/?page_id=30"},"modified":"2017-04-17T17:01:52","modified_gmt":"2017-04-17T17:01:52","slug":"act-flats-residence-para-alunos","status":"publish","type":"page","link":"https:\/\/www.ciencianews.com.br\/index.php\/act-flats-residence-para-alunos\/","title":{"rendered":"AC&#038;T &#8211; Flats Residence para Alunos"},"content":{"rendered":"<figure id=\"attachment_912\" aria-describedby=\"caption-attachment-912\" style=\"width: 300px\" class=\"wp-caption aligncenter\"><a title=\"Flat Boa Vista\" href=\"http:\/\/www.ciencianews.com.br\/index.php\/act-flats-residence-para-alunos\/flat-boa-vista\/\"><img loading=\"lazy\" decoding=\"async\" class=\"size-full wp-image-912\" alt=\"Flat Boa Vista Rua Siqueira Campos, 2081 \" src=\"http:\/\/www.ciencianews.com.br\/homologacao\/wp-content\/uploads\/2013\/08\/faxbvpqno.jpg\" width=\"300\" height=\"200\" \/><\/a><figcaption id=\"caption-attachment-912\" class=\"wp-caption-text\">Flat Boa Vista<br \/>Rua Siqueira Campos, 2081<\/figcaption><\/figure>\n<div>\nO Flat da AC&#038;T est\u00e1 localizado na Rua Siqueira Campos, 2187 \u2013 Bairro Bom Vista, trata-se de bairro tradicional de S\u00e3o Jos\u00e9 do Rio Preto com muitas facilidades, pr\u00f3ximo ao Hospital Santa Casa, e de todo o tipo de com\u00e9rcio (farm\u00e1cia, supermercado, posto de gasolina, etc.).<br \/>\nEste flat tem 12 apartamentos, todos com dois banheiros completos, sendo nove apartamentos com tr\u00eas quartos, dois com dois quartos e um com um quarto. Cada quarto possui duas camas, acomodando um total de 65 pessoas.<br \/>\nTodos os apartamentos possuem sala com TV e cozinhas equipadas com geladeira, micro-ondas, pratos, talheres e copos.<br \/>\nOferecemos roupa de cama e banho, em dias de curso, previamente lavadas e passadas.<br \/>\nOs apartamentos ainda contam com Rede Wi-Fi e a voltagem \u00e9 110.<br \/>\nO flat tamb\u00e9m possui garagem que acomoda seis ve\u00edculos.\n<\/div>\n","protected":false},"excerpt":{"rendered":"<p>O Flat da AC&#038;T est\u00e1 localizado na Rua Siqueira Campos, 2187 \u2013 Bairro Bom Vista, trata-se de bairro tradicional de S\u00e3o Jos\u00e9 do Rio Preto com muitas facilidades, pr\u00f3ximo ao Hospital Santa Casa, e de todo o tipo de com\u00e9rcio [&hellip;]<\/p>\n","protected":false},"author":2,"featured_media":0,"parent":0,"menu_order":0,"comment_status":"closed","ping_status":"closed","template":"","meta":{"_uag_custom_page_level_css":"","_joinchat":[],"footnotes":""},"class_list":["post-30","page","type-page","status-publish","hentry"],"uagb_featured_image_src":{"full":false,"thumbnail":false,"medium":false,"medium_large":false,"large":false,"1536x1536":false,"2048x2048":false,"post-thumbnail":false,"business-hub-blog":false,"business-hub-work":false},"uagb_author_info":{"display_name":"admin","author_link":"https:\/\/www.ciencianews.com.br\/index.php\/author\/admin\/"},"uagb_comment_info":0,"uagb_excerpt":"O Flat da AC&#038;T est\u00e1 localizado na Rua Siqueira Campos, 2187 \u2013 Bairro Bom Vista, trata-se de bairro tradicional de S\u00e3o Jos\u00e9 do Rio Preto com muitas facilidades, pr\u00f3ximo ao Hospital Santa Casa, e de todo o tipo de com\u00e9rcio [&hellip;]","_links":{"self":[{"href":"https:\/\/www.ciencianews.com.br\/index.php\/wp-json\/wp\/v2\/pages\/30","targetHints":{"allow":["GET"]}}],"collection":[{"href":"https:\/\/www.ciencianews.com.br\/index.php\/wp-json\/wp\/v2\/pages"}],"about":[{"href":"https:\/\/www.ciencianews.com.br\/index.php\/wp-json\/wp\/v2\/types\/page"}],"author":[{"embeddable":true,"href":"https:\/\/www.ciencianews.com.br\/index.php\/wp-json\/wp\/v2\/users\/2"}],"replies":[{"embeddable":true,"href":"https:\/\/www.ciencianews.com.br\/index.php\/wp-json\/wp\/v2\/comments?post=30"}],"version-history":[{"count":8,"href":"https:\/\/www.ciencianews.com.br\/index.php\/wp-json\/wp\/v2\/pages\/30\/revisions"}],"predecessor-version":[{"id":4078,"href":"https:\/\/www.ciencianews.com.br\/index.php\/wp-json\/wp\/v2\/pages\/30\/revisions\/4078"}],"wp:attachment":[{"href":"https:\/\/www.ciencianews.com.br\/index.php\/wp-json\/wp\/v2\/media?parent=30"}],"curies":[{"name":"wp","href":"https:\/\/api.w.org\/{rel}","templated":true}]}}