{"id":31,"date":"2013-07-11T15:06:07","date_gmt":"2013-07-11T15:06:07","guid":{"rendered":"http:\/\/localhost\/wordpress\/?page_id=31"},"modified":"2020-09-08T14:49:22","modified_gmt":"2020-09-08T14:49:22","slug":"equipe","status":"publish","type":"page","link":"https:\/\/www.ciencianews.com.br\/index.php\/equipe\/","title":{"rendered":"Equipe da AC&#038;T"},"content":{"rendered":"<h3 align=\"center\"><b>&#8211; Diretor da Academia de Ci\u00eancia e Tecnologia<\/b><\/h3>\n<p><b>Paulo Cesar Naoum<\/b><\/p>\n<ul>\n<li>Professor Titular pela UNESP<\/li>\n<li>P\u00f3s-Doutorado pela Universidade de Cambridge,Inglaterra, e pela Universidade de Roma, It\u00e1lia.<\/li>\n<li>Ex- assessor cient\u00edfico da Organiza\u00e7\u00e3o Mundial da Sa\u00fade para o controle das hemoglobinopatias no Brasil e Am\u00e9rica Latina.<\/li>\n<li>Diretor da Academia de Ci\u00eancia e Tecnologia<\/li>\n<\/ul>\n<h3 align=\"center\"><b>&#8211; Diretor Cl\u00ednico da Academia de Ci\u00eancia e Tecnologia<\/b><\/h3>\n<p><b>Fl\u00e1vio Augusto Naoum<\/b><\/p>\n<ul>\n<li>M\u00e9dico hematologista da Academia de Ci\u00eancia e Tecnologia<\/li>\n<li>Resid\u00eancia em Cl\u00ednica M\u00e9dica e Hematologia-Hemoterapia pela Santa Casa de S\u00e3o Paulo<\/li>\n<li>Mestre em hematologia pela Faculdade de Medicina da USP<\/li>\n<li>Doutor em Medicina Interna pela Faculdade de Medicina de S\u00e3o Jos\u00e9 do Rio Preto<\/li>\n<li>Especializa\u00e7\u00e3o em Transplante de Medula \u00d3ssea<\/li>\n<li>P\u00f3s-doutorado em Hemoglobinopatias pelo North Middlesex University Hospital e Royal London Hospital, Inglaterra<\/li>\n<li>Coordenador de Tutorias da Faculdade de Medicina Faceres<\/li>\n<\/ul>\n<h3 align=\"center\"><b>&#8211; Consultoria Pedag\u00f3gica e Arte Cient\u00edfica<\/b><\/h3>\n<p><b>Alia Fernandes Maluf Naoum<\/b><\/p>\n<ul>\n<li>Mestre em Educa\u00e7\u00e3o pela UNESP<\/li>\n<li>Produtora dos filmes cient\u00edficos da AC&amp;T<\/li>\n<\/ul>\n<h3 align=\"center\"><b style=\"color: #474747; line-height: 1.25;\">&#8211; Consultoria de Comunica\u00e7\u00e3o<\/b><\/h3>\n<p><b>Lizely Cristina Naoum<\/b><\/p>\n<ul>\n<li>Jornalista de Programa\u00e7\u00e3o da TV Cultura de S\u00e3o Paulo<\/li>\n<\/ul>\n<p><b>Cl\u00e1udia Helena Naoum<\/b><\/p>\n<ul>\n<li>Coordenadora de Projetos de Marketing e Comunica\u00e7\u00e3o<\/li>\n<\/ul>\n<h3 align=\"center\"><\/h3>\n<h3 align=\"center\"><b>&#8211; Professores Associados<\/b><\/h3>\n<p><b>Prof. Claudio Jos\u00e9 de Freitas Brand\u00e3o<\/b><\/p>\n<ul>\n<li>Hemocentro de Salvador &#8211; BA<\/li>\n<\/ul>\n<p><b>Prof. Dr. Luiz Carlos de Mattos<\/b><\/p>\n<ul>\n<li>Professor Adjunto da Faculdade de Medicina de SJRP<\/li>\n<\/ul>\n<p><b>Profa. Margarete Teresa Gotardo de Almeida<\/b><\/p>\n<ul>\n<li>Departamento de Ci\u00eancias B\u00e1sicas da FAMERP\/SJRP<\/li>\n<\/ul>\n<p><b>Dr. M\u00e1rcio Antonio Wanderley de Melo<\/b><\/p>\n<ul>\n<li>Diretor Cient\u00edfico do laborat\u00f3rio Marcelo Magalh\u00e3es, Recife &#8211; PE<\/li>\n<\/ul>\n<p><b>Profa.Dra. Roberta Facchini<\/b><\/p>\n<ul>\n<li>Professora da Faculdade de Medicina de S\u00e3o Jos\u00e9 do Rio Preto,SP, e diretora t\u00e9cnica do Hemocentro.<\/li>\n<\/ul>\n<p><b>Prof.Dr. Marco Antonio Fernandes Dias<\/b><\/p>\n<ul>\n<li>Professor de Endocrinologia da Faculdade de Medicina de S\u00e3o Jos\u00e9 do Rio Preto,SP<\/li>\n<\/ul>\n<h3 align=\"center\"><\/h3>\n<h3 align=\"center\"><b>&#8211; Colabora\u00e7\u00e3o T\u00e9cnica<\/b><\/h3>\n<p><b>Filomena Salom\u00e3o da Silva<\/b><\/p>\n<ul>\n<li>Bi\u00f3loga do CDA Laborat\u00f3rios<\/li>\n<\/ul>\n<p><b>Jos\u00e9 Edgard Ravazzi Junior<\/b><\/p>\n<ul>\n<li>Bi\u00f3logo do CDA Laborat\u00f3rios<\/li>\n<\/ul>\n<p><b>Magaly da Silva Moraes Moretti<\/b><\/p>\n<ul>\n<li>Bi\u00f3loga da Academia de Ci\u00eancia e Tecnologia<\/li>\n<\/ul>\n<p><b>Yone Sass Dias<\/b><\/p>\n<ul>\n<li>Secret\u00e1ria da Academia de Ci\u00eancia e Tecnologia<\/li>\n<\/ul>\n","protected":false},"excerpt":{"rendered":"<p>&#8211; Diretor da Academia de Ci\u00eancia e Tecnologia Paulo Cesar Naoum Professor Titular pela UNESP P\u00f3s-Doutorado pela Universidade de Cambridge,Inglaterra, e pela Universidade de Roma, It\u00e1lia. Ex- assessor cient\u00edfico da Organiza\u00e7\u00e3o Mundial da Sa\u00fade para o controle das hemoglobinopatias no [&hellip;]<\/p>\n","protected":false},"author":2,"featured_media":0,"parent":0,"menu_order":0,"comment_status":"closed","ping_status":"closed","template":"","meta":{"_uag_custom_page_level_css":"","_joinchat":[],"footnotes":""},"class_list":["post-31","page","type-page","status-publish","hentry"],"uagb_featured_image_src":{"full":false,"thumbnail":false,"medium":false,"medium_large":false,"large":false,"1536x1536":false,"2048x2048":false,"post-thumbnail":false,"business-hub-blog":false,"business-hub-work":false},"uagb_author_info":{"display_name":"admin","author_link":"https:\/\/www.ciencianews.com.br\/index.php\/author\/admin\/"},"uagb_comment_info":0,"uagb_excerpt":"&#8211; Diretor da Academia de Ci\u00eancia e Tecnologia Paulo Cesar Naoum Professor Titular pela UNESP P\u00f3s-Doutorado pela Universidade de Cambridge,Inglaterra, e pela Universidade de Roma, It\u00e1lia. Ex- assessor cient\u00edfico da Organiza\u00e7\u00e3o Mundial da Sa\u00fade para o controle das hemoglobinopatias no [&hellip;]","_links":{"self":[{"href":"https:\/\/www.ciencianews.com.br\/index.php\/wp-json\/wp\/v2\/pages\/31","targetHints":{"allow":["GET"]}}],"collection":[{"href":"https:\/\/www.ciencianews.com.br\/index.php\/wp-json\/wp\/v2\/pages"}],"about":[{"href":"https:\/\/www.ciencianews.com.br\/index.php\/wp-json\/wp\/v2\/types\/page"}],"author":[{"embeddable":true,"href":"https:\/\/www.ciencianews.com.br\/index.php\/wp-json\/wp\/v2\/users\/2"}],"replies":[{"embeddable":true,"href":"https:\/\/www.ciencianews.com.br\/index.php\/wp-json\/wp\/v2\/comments?post=31"}],"version-history":[{"count":14,"href":"https:\/\/www.ciencianews.com.br\/index.php\/wp-json\/wp\/v2\/pages\/31\/revisions"}],"predecessor-version":[{"id":6095,"href":"https:\/\/www.ciencianews.com.br\/index.php\/wp-json\/wp\/v2\/pages\/31\/revisions\/6095"}],"wp:attachment":[{"href":"https:\/\/www.ciencianews.com.br\/index.php\/wp-json\/wp\/v2\/media?parent=31"}],"curies":[{"name":"wp","href":"https:\/\/api.w.org\/{rel}","templated":true}]}}