{"id":3280,"date":"2016-02-19T14:48:18","date_gmt":"2016-02-19T14:48:18","guid":{"rendered":"http:\/\/www.ciencianews.com.br\/?page_id=3280"},"modified":"2016-02-27T12:13:45","modified_gmt":"2016-02-27T12:13:45","slug":"e-books","status":"publish","type":"page","link":"https:\/\/www.ciencianews.com.br\/index.php\/e-books\/","title":{"rendered":"E-Books"},"content":{"rendered":"<blockquote><p>C\u00e2ncer &#8211; Porque eu ?<\/p><\/blockquote>\n<h3 style=\"text-align: center;\"><iframe loading=\"lazy\" width=\"525\" height=\"525\" src=\"\/\/e.issuu.com\/embed.html#23787613\/33744217\" frameborder=\"0\" allowfullscreen=\"\"><\/iframe><\/iframe><\/h3>\n<blockquote><p>Doen\u00e7a dos Eritr\u00f3citos<\/p><\/blockquote>\n<h3 style=\"text-align: center;\"><iframe loading=\"lazy\" src=\"\/\/e.issuu.com\/embed.html#0\/5158523\" height=\"525\" width=\"525\" allowfullscreen=\"\" frameborder=\"0\"><\/iframe><\/h3>\n<blockquote><p>DNA<\/p><\/blockquote>\n<h3 style=\"text-align: center;\"><iframe loading=\"lazy\" width=\"525\" height=\"525\" src=\"\/\/e.issuu.com\/embed.html#0\/5160559\" frameborder=\"0\" allowfullscreen=\"\"><\/iframe><\/iframe><\/h3>\n","protected":false},"excerpt":{"rendered":"<p>C\u00e2ncer &#8211; Porque eu ? Doen\u00e7a dos Eritr\u00f3citos DNA<\/p>\n","protected":false},"author":1,"featured_media":0,"parent":0,"menu_order":0,"comment_status":"closed","ping_status":"closed","template":"","meta":{"_uag_custom_page_level_css":"","_joinchat":[],"footnotes":""},"class_list":["post-3280","page","type-page","status-publish","hentry"],"uagb_featured_image_src":{"full":false,"thumbnail":false,"medium":false,"medium_large":false,"large":false,"1536x1536":false,"2048x2048":false,"post-thumbnail":false,"business-hub-blog":false,"business-hub-work":false},"uagb_author_info":{"display_name":"real","author_link":"https:\/\/www.ciencianews.com.br\/index.php\/author\/real\/"},"uagb_comment_info":0,"uagb_excerpt":"C\u00e2ncer &#8211; Porque eu ? Doen\u00e7a dos Eritr\u00f3citos DNA","_links":{"self":[{"href":"https:\/\/www.ciencianews.com.br\/index.php\/wp-json\/wp\/v2\/pages\/3280","targetHints":{"allow":["GET"]}}],"collection":[{"href":"https:\/\/www.ciencianews.com.br\/index.php\/wp-json\/wp\/v2\/pages"}],"about":[{"href":"https:\/\/www.ciencianews.com.br\/index.php\/wp-json\/wp\/v2\/types\/page"}],"author":[{"embeddable":true,"href":"https:\/\/www.ciencianews.com.br\/index.php\/wp-json\/wp\/v2\/users\/1"}],"replies":[{"embeddable":true,"href":"https:\/\/www.ciencianews.com.br\/index.php\/wp-json\/wp\/v2\/comments?post=3280"}],"version-history":[{"count":5,"href":"https:\/\/www.ciencianews.com.br\/index.php\/wp-json\/wp\/v2\/pages\/3280\/revisions"}],"predecessor-version":[{"id":3329,"href":"https:\/\/www.ciencianews.com.br\/index.php\/wp-json\/wp\/v2\/pages\/3280\/revisions\/3329"}],"wp:attachment":[{"href":"https:\/\/www.ciencianews.com.br\/index.php\/wp-json\/wp\/v2\/media?parent=3280"}],"curies":[{"name":"wp","href":"https:\/\/api.w.org\/{rel}","templated":true}]}}