{"id":3618,"date":"2016-11-21T22:39:44","date_gmt":"2016-11-21T22:39:44","guid":{"rendered":"http:\/\/www.ciencianews.com.br\/?page_id=3618"},"modified":"2020-09-07T00:43:21","modified_gmt":"2020-09-07T00:43:21","slug":"pos-graduacao","status":"publish","type":"page","link":"https:\/\/www.ciencianews.com.br\/index.php\/cursos\/pos-graduacao\/","title":{"rendered":"Curso de P\u00f3s Gradua\u00e7\u00e3o"},"content":{"rendered":"\n<figure class=\"wp-block-image size-large\"><img loading=\"lazy\" decoding=\"async\" width=\"1024\" height=\"167\" src=\"http:\/\/www.ciencianews.com.br\/wp-content\/uploads\/2020\/09\/curso-de-pos-graduacao-1024x167.png\" alt=\"\" class=\"wp-image-6020\" srcset=\"https:\/\/www.ciencianews.com.br\/wp-content\/uploads\/2020\/09\/curso-de-pos-graduacao-1024x167.png 1024w, https:\/\/www.ciencianews.com.br\/wp-content\/uploads\/2020\/09\/curso-de-pos-graduacao-300x49.png 300w, https:\/\/www.ciencianews.com.br\/wp-content\/uploads\/2020\/09\/curso-de-pos-graduacao-768x125.png 768w, https:\/\/www.ciencianews.com.br\/wp-content\/uploads\/2020\/09\/curso-de-pos-graduacao-775x127.png 775w, https:\/\/www.ciencianews.com.br\/wp-content\/uploads\/2020\/09\/curso-de-pos-graduacao.png 1126w\" sizes=\"auto, (max-width: 1024px) 100vw, 1024px\" \/><\/figure>\n\n\n\n<div style=\"height:50px\" aria-hidden=\"true\" class=\"wp-block-spacer\"><\/div>\n\n\n\n<h2 class=\"wp-block-heading\"><strong>HEMATOLOGIA LABORATORIAL E BANCO DE SANGUE<\/strong><\/h2>\n\n\n\n<p><\/p>\n\n\n\n<div class=\"wp-block-columns is-layout-flex wp-container-core-columns-is-layout-9d6595d7 wp-block-columns-is-layout-flex\">\n<div class=\"wp-block-column is-layout-flow wp-block-column-is-layout-flow\">\n<div class=\"wp-block-image\"><figure class=\"aligncenter size-large is-resized\"><img loading=\"lazy\" decoding=\"async\" src=\"http:\/\/www.ciencianews.com.br\/wp-content\/uploads\/2016\/11\/img_hemat_pos_1.png\" alt=\"hematologia e banco de sangue\" class=\"wp-image-3636\" width=\"353\" height=\"162\" srcset=\"https:\/\/www.ciencianews.com.br\/wp-content\/uploads\/2016\/11\/img_hemat_pos_1.png 342w, https:\/\/www.ciencianews.com.br\/wp-content\/uploads\/2016\/11\/img_hemat_pos_1-300x139.png 300w, https:\/\/www.ciencianews.com.br\/wp-content\/uploads\/2016\/11\/img_hemat_pos_1-250x115.png 250w\" sizes=\"auto, (max-width: 353px) 100vw, 353px\" \/><\/figure><\/div>\n<\/div>\n\n\n\n<div class=\"wp-block-column is-layout-flow wp-block-column-is-layout-flow\">\n<div class=\"wp-block-image\"><figure class=\"aligncenter size-large is-resized\"><img loading=\"lazy\" decoding=\"async\" src=\"http:\/\/www.ciencianews.com.br\/wp-content\/uploads\/2016\/11\/img_hemat_pos_2.png\" alt=\"hematologia e banco de sangue 2\" class=\"wp-image-3638\" width=\"353\" height=\"162\"\/><\/figure><\/div>\n<\/div>\n\n\n\n<div class=\"wp-block-column is-layout-flow wp-block-column-is-layout-flow\">\n<div class=\"wp-block-image\"><figure class=\"aligncenter size-large is-resized\"><img loading=\"lazy\" decoding=\"async\" src=\"http:\/\/www.ciencianews.com.br\/wp-content\/uploads\/2016\/11\/img_hemat_pos_3.png\" alt=\"hematologia e banco de sangue 3\" class=\"wp-image-3639\" width=\"342\" height=\"158\"\/><\/figure><\/div>\n<\/div>\n<\/div>\n\n\n\n<h4 class=\"wp-block-heading\"><strong>Curso de P\u00f3s-Gradua\u00e7\u00e3o Lato-Sensu no n\u00edvel de Especializa\u00e7\u00e3o<\/strong><\/h4>\n\n\n\n<ul class=\"wp-block-list\"><li><strong>In\u00edcio:<\/strong> Abril de 2020<\/li><li><strong>T\u00e9rmino:<\/strong> Julho de 2021<\/li><li>Professores doutores com p\u00f3s-doutorado no exterior<\/li><li>17 aulas (9 presenciais e 8 on-line)<\/li><li>Acomoda\u00e7\u00f5es gratuitas nos flats masculino e feminino da AC&amp;T, com caf\u00e9 da manh\u00e3 aos s\u00e1bados e domingos de curso.<\/li><\/ul>\n\n\n\n<div class=\"wp-block-buttons aligncenter is-layout-flex wp-block-buttons-is-layout-flex\">\n<div class=\"wp-block-button\"><a class=\"wp-block-button__link\" href=\"\/arquivos\/ACET\/IMAGENS\/pos-graduacao\/hemato_bancosangue\/programacao_curso.pdf\" target=\"_blank\" rel=\"noreferrer noopener\">Veja Programa\u00e7\u00e3o<\/a><\/div>\n<\/div>\n\n\n\n<hr class=\"wp-block-separator\"\/>\n\n\n\n<h2 class=\"wp-block-heading\"><strong>MICROBIOLOGIA E MICOLOGIA LABORATORIAL, CL\u00cdNICA E HOSPITALAR<\/strong><\/h2>\n\n\n\n<div class=\"wp-block-columns is-layout-flex wp-container-core-columns-is-layout-9d6595d7 wp-block-columns-is-layout-flex\">\n<div class=\"wp-block-column is-layout-flow wp-block-column-is-layout-flow\">\n<figure class=\"wp-block-image size-large is-resized\"><img loading=\"lazy\" decoding=\"async\" src=\"http:\/\/www.ciencianews.com.br\/wp-content\/uploads\/2016\/11\/micro_img1.png\" alt=\"\" class=\"wp-image-3718\" width=\"274\" height=\"161\"\/><\/figure>\n<\/div>\n\n\n\n<div class=\"wp-block-column is-layout-flow wp-block-column-is-layout-flow\">\n<figure class=\"wp-block-image size-large is-resized\"><img decoding=\"async\" src=\"http:\/\/www.ciencianews.com.br\/wp-content\/uploads\/2016\/11\/micro_img2.png\" alt=\"MICROBIOLOGIA\" class=\"wp-image-3719\" height=\"161\" srcset=\"https:\/\/www.ciencianews.com.br\/wp-content\/uploads\/2016\/11\/micro_img2.png 274w, https:\/\/www.ciencianews.com.br\/wp-content\/uploads\/2016\/11\/micro_img2-250x157.png 250w\" sizes=\"(max-width: 274px) 100vw, 274px\" \/><\/figure>\n<\/div>\n\n\n\n<div class=\"wp-block-column is-layout-flow wp-block-column-is-layout-flow\">\n<figure class=\"wp-block-image size-large is-resized\"><img loading=\"lazy\" decoding=\"async\" src=\"http:\/\/www.ciencianews.com.br\/wp-content\/uploads\/2016\/11\/micro_img3.png\" alt=\"microbiologia 3\" class=\"wp-image-3720\" width=\"274\" height=\"161\"\/><\/figure>\n<\/div>\n<\/div>\n\n\n\n<p><strong>Inicio em Agosto de 2020<\/strong><br><strong>8 aulas presenciais e 7 aulas on-line<\/strong><br><strong>Aulas presenciais:<\/strong> s\u00e1bados das 8h00 \u00e0s 17h00 e domingo das 8h00 \u00e0s 11h00<br><strong>Coordenadora: <\/strong>Profa. Dra. Margarete Teresa Gotardo de Almeida<br><strong>Facilidades:<\/strong> Acomoda\u00e7\u00e3o nos Flats da AC&amp;T e transfer gratuitos. Disponibiliza\u00e7\u00e3o de CDs com todas as aulas.<br><strong>Mensalidade: 15 parcelas de R$650 ou R$ \u00e0 vista (10% desconto)<\/strong><\/p>\n\n\n\n<div class=\"wp-block-buttons aligncenter is-layout-flex wp-block-buttons-is-layout-flex\">\n<div class=\"wp-block-button\"><a class=\"wp-block-button__link\" href=\"\/arquivos\/ACET\/IMAGENS\/pos-graduacao\/programacao_pos_microbiologia_2020.pdf\" target=\"_blank\" rel=\"noreferrer noopener\">Veja Programa\u00e7\u00e3o<\/a><\/div>\n<\/div>\n\n\n\n<p class=\"has-text-align-center has-black-color has-pale-cyan-blue-background-color has-text-color has-background has-medium-font-size\"><strong>Em Breve !<\/strong><\/p>\n","protected":false},"excerpt":{"rendered":"<p>HEMATOLOGIA LABORATORIAL E BANCO DE SANGUE Curso de P\u00f3s-Gradua\u00e7\u00e3o Lato-Sensu no n\u00edvel de Especializa\u00e7\u00e3o In\u00edcio: Abril de 2020 T\u00e9rmino: Julho de 2021 Professores doutores com p\u00f3s-doutorado no exterior 17 aulas (9 presenciais e 8 on-line) Acomoda\u00e7\u00f5es gratuitas nos flats masculino [&hellip;]<\/p>\n","protected":false},"author":1,"featured_media":0,"parent":44,"menu_order":0,"comment_status":"closed","ping_status":"closed","template":"","meta":{"_uag_custom_page_level_css":"","_joinchat":[],"footnotes":""},"class_list":["post-3618","page","type-page","status-publish","hentry"],"uagb_featured_image_src":{"full":false,"thumbnail":false,"medium":false,"medium_large":false,"large":false,"1536x1536":false,"2048x2048":false,"post-thumbnail":false,"business-hub-blog":false,"business-hub-work":false},"uagb_author_info":{"display_name":"real","author_link":"https:\/\/www.ciencianews.com.br\/index.php\/author\/real\/"},"uagb_comment_info":0,"uagb_excerpt":"HEMATOLOGIA LABORATORIAL E BANCO DE SANGUE Curso de P\u00f3s-Gradua\u00e7\u00e3o Lato-Sensu no n\u00edvel de Especializa\u00e7\u00e3o In\u00edcio: Abril de 2020 T\u00e9rmino: Julho de 2021 Professores doutores com p\u00f3s-doutorado no exterior 17 aulas (9 presenciais e 8 on-line) Acomoda\u00e7\u00f5es gratuitas nos flats masculino [&hellip;]","_links":{"self":[{"href":"https:\/\/www.ciencianews.com.br\/index.php\/wp-json\/wp\/v2\/pages\/3618","targetHints":{"allow":["GET"]}}],"collection":[{"href":"https:\/\/www.ciencianews.com.br\/index.php\/wp-json\/wp\/v2\/pages"}],"about":[{"href":"https:\/\/www.ciencianews.com.br\/index.php\/wp-json\/wp\/v2\/types\/page"}],"author":[{"embeddable":true,"href":"https:\/\/www.ciencianews.com.br\/index.php\/wp-json\/wp\/v2\/users\/1"}],"replies":[{"embeddable":true,"href":"https:\/\/www.ciencianews.com.br\/index.php\/wp-json\/wp\/v2\/comments?post=3618"}],"version-history":[{"count":82,"href":"https:\/\/www.ciencianews.com.br\/index.php\/wp-json\/wp\/v2\/pages\/3618\/revisions"}],"predecessor-version":[{"id":6045,"href":"https:\/\/www.ciencianews.com.br\/index.php\/wp-json\/wp\/v2\/pages\/3618\/revisions\/6045"}],"up":[{"embeddable":true,"href":"https:\/\/www.ciencianews.com.br\/index.php\/wp-json\/wp\/v2\/pages\/44"}],"wp:attachment":[{"href":"https:\/\/www.ciencianews.com.br\/index.php\/wp-json\/wp\/v2\/media?parent=3618"}],"curies":[{"name":"wp","href":"https:\/\/api.w.org\/{rel}","templated":true}]}}