{"id":3722,"date":"2016-12-01T16:21:47","date_gmt":"2016-12-01T16:21:47","guid":{"rendered":"http:\/\/www.ciencianews.com.br\/?page_id=3722"},"modified":"2024-11-11T20:45:27","modified_gmt":"2024-11-11T20:45:27","slug":"aperfeicoamento","status":"publish","type":"page","link":"https:\/\/www.ciencianews.com.br\/index.php\/cursos\/aperfeicoamento\/","title":{"rendered":"Cursos de Curta Dura\u00e7\u00e3o"},"content":{"rendered":"\n<h2 class=\"wp-block-heading\"><span class=\"has-inline-color has-vivid-red-color\"><strong>INTERPRETA\u00c7\u00c3O DO HEMOGRAMA E DO COAGULOGRAMA (online)<\/strong><\/span><\/h2>\n\n\n\n<div style=\"height:39px\" aria-hidden=\"true\" class=\"wp-block-spacer\"><\/div>\n\n\n\n<figure class=\"wp-block-image size-large\"><a href=\"\/arquivos\/ACET\/IMAGENS\/Cursos\/interpretacao_hemograma_online\/Curso_de_Interpretacao_do_Hemograma_On-line.pdf\" target=\"_blank\" rel=\"noopener noreferrer\"><img decoding=\"async\" src=\"http:\/\/www.ciencianews.com.br\/wp-content\/uploads\/2016\/11\/btn_pos_graducao_programacao.png\" alt=\"\"\/><\/a><\/figure>\n\n\n\n<figure class=\"wp-block-image size-large\"><a href=\"https:\/\/wa.me\/5517997944667\"><img decoding=\"async\" src=\"http:\/\/www.ciencianews.com.br\/wp-content\/uploads\/2016\/12\/btn_informacao.png\" alt=\"\"\/><\/a><\/figure>\n\n\n\n<form action=\"https:\/\/pagseguro.uol.com.br\/checkout\/v2\/cart.html?action=add\" method=\"post\"><input name=\"itemCode\" type=\"hidden\" value=\"C1386A77D6D60F47749B3F8DA861D5BE\"><input name=\"iot\" type=\"hidden\" value=\"button\"><input alt=\"Pague com PagSeguro - \u00e9 r\u00e1pido, gr\u00e1tis e seguro!\" name=\"submit\" src=\"https:\/\/stc.pagseguro.uol.com.br\/public\/img\/botoes\/pagamentos\/209x48-comprar-assina.gif\" type=\"image\"><\/form>\n<p><script type=\"text\/javascript\" src=\"https:\/\/stc.pagseguro.uol.com.br\/pagseguro\/api\/v2\/checkout\/pagseguro.lightbox.js\"><\/script><\/p>\n\n\n\n<div class=\"wp-block-columns is-layout-flex wp-container-core-columns-is-layout-9d6595d7 wp-block-columns-is-layout-flex\">\n<div class=\"wp-block-column is-layout-flow wp-block-column-is-layout-flow\">\n<p><strong>Dura\u00e7\u00e3o: 16 horas (100% online e gravado, assista no seu tempo) <\/strong><\/p>\n\n\n\n<p><strong>Investimento: R$350<\/strong><\/p>\n\n\n\n<p>O curso trabalha de forma din\u00e2mica a rela\u00e7\u00e3o cl\u00ednico-laboratorial das principais altera\u00e7\u00f5es hematol\u00f3gicas benignas e malignas, al\u00e9m dos problemas sist\u00eamicos n\u00e3o-hematol\u00f3gicos que alteram o hemograma e o coagulograma. O conte\u00fado \u00e9 composto de v\u00eddeo-aulas, com discuss\u00e3o de casos reais, se\u00e7\u00e3o \u201cperguntas da plateia\u201d e quest\u00f5es cient\u00edficas de auto-avalia\u00e7\u00e3o.<\/p>\n<\/div>\n\n\n\n<div class=\"wp-block-column is-layout-flow wp-block-column-is-layout-flow\">\n<figure class=\"wp-block-image size-large is-resized\"><img loading=\"lazy\" decoding=\"async\" src=\"https:\/\/www.ciencianews.com.br\/wp-content\/uploads\/2021\/11\/Curso-Int-Hemograma-e-Coagulograma-1024x819.png\" alt=\"Curso de Interpreta\u00e7\u00e3o do Hemograma e do Coagulograma\" class=\"wp-image-6880\" width=\"310\" height=\"248\" srcset=\"https:\/\/www.ciencianews.com.br\/wp-content\/uploads\/2021\/11\/Curso-Int-Hemograma-e-Coagulograma-1024x819.png 1024w, https:\/\/www.ciencianews.com.br\/wp-content\/uploads\/2021\/11\/Curso-Int-Hemograma-e-Coagulograma-300x240.png 300w, https:\/\/www.ciencianews.com.br\/wp-content\/uploads\/2021\/11\/Curso-Int-Hemograma-e-Coagulograma-768x614.png 768w, https:\/\/www.ciencianews.com.br\/wp-content\/uploads\/2021\/11\/Curso-Int-Hemograma-e-Coagulograma-1536x1229.png 1536w, https:\/\/www.ciencianews.com.br\/wp-content\/uploads\/2021\/11\/Curso-Int-Hemograma-e-Coagulograma-463x370.png 463w, https:\/\/www.ciencianews.com.br\/wp-content\/uploads\/2021\/11\/Curso-Int-Hemograma-e-Coagulograma.png 2000w\" sizes=\"auto, (max-width: 310px) 100vw, 310px\" \/><\/figure>\n<\/div>\n<\/div>\n\n\n\n<h2 class=\"wp-block-heading\"><span class=\"has-inline-color has-vivid-red-color\"><strong>PRECEPTORIA EM CITOLOGIA HEMATOL\u00d3GICA AVAN\u00c7ADA (ONLINE E AO VIVO)<\/strong><\/span><\/h2>\n\n\n\n<div style=\"height:39px\" aria-hidden=\"true\" class=\"wp-block-spacer\"><\/div>\n\n\n\n<div class=\"wp-block-columns is-layout-flex wp-container-core-columns-is-layout-9d6595d7 wp-block-columns-is-layout-flex\">\n<div class=\"wp-block-column is-layout-flow wp-block-column-is-layout-flow\">\n<p><strong>Curso intensivo de 2 dias, seguido de 4 encontros semanais. Carga hor\u00e1ria de 25 horas. Inteiramente ministrado ao vivo pelo Prof Dr Fl\u00e1vio Naoum. <strong>Software de monitoramento individual do desempenho em citologia<\/strong><\/strong>.<strong> Todas as aulas s\u00e3o gravadas. <\/strong><\/p>\n\n\n\n<p><strong>Pr\u00f3xima turma em 2025. Em breve mais informa\u00e7\u00f5es.<\/strong><\/p>\n\n\n\n<p><strong><em>OBS: Este curso inclui o conte\u00fado dos cursos de diagn\u00f3stico laboratorial das leucemias e introdu\u00e7\u00e3o ao mielograma. <\/em><\/strong><\/p>\n\n\n\n<p>Temas: hemoglobinopatias; anemias carencais e hemol\u00edticas; leucocitoses reacionais; mielograma normal, reacional e nas neoplasias hematol\u00f3gicas; leucemias agudas e cr\u00f4nicas; s\u00edndrome mielodispl\u00e1sica; mieloma m\u00faltiplo e doen\u00e7as linfoproliferativas (linfomas). <\/p>\n\n\n\n<p><strong>Inscri\u00e7\u00f5es e informa\u00e7\u00f5es: a.c.t@terra.com.br | <a href=\"https:\/\/wa.me\/5517997944667\" data-type=\"URL\" data-id=\"https:\/\/wa.me\/5517997944667\">Whatsapp (clique aqui)<\/a><\/strong><\/p>\n<\/div>\n\n\n\n<div class=\"wp-block-column is-layout-flow wp-block-column-is-layout-flow\">\n<figure class=\"wp-block-image size-medium\"><img loading=\"lazy\" decoding=\"async\" width=\"300\" height=\"300\" src=\"https:\/\/www.ciencianews.com.br\/wp-content\/uploads\/2024\/11\/Gradiente-Foto-Festa-de-Despedida-de-Solteira-Convite-300x300.png\" alt=\"\" class=\"wp-image-7643\" srcset=\"https:\/\/www.ciencianews.com.br\/wp-content\/uploads\/2024\/11\/Gradiente-Foto-Festa-de-Despedida-de-Solteira-Convite-300x300.png 300w, https:\/\/www.ciencianews.com.br\/wp-content\/uploads\/2024\/11\/Gradiente-Foto-Festa-de-Despedida-de-Solteira-Convite-1024x1024.png 1024w, https:\/\/www.ciencianews.com.br\/wp-content\/uploads\/2024\/11\/Gradiente-Foto-Festa-de-Despedida-de-Solteira-Convite-150x150.png 150w, https:\/\/www.ciencianews.com.br\/wp-content\/uploads\/2024\/11\/Gradiente-Foto-Festa-de-Despedida-de-Solteira-Convite-768x768.png 768w, https:\/\/www.ciencianews.com.br\/wp-content\/uploads\/2024\/11\/Gradiente-Foto-Festa-de-Despedida-de-Solteira-Convite-1536x1536.png 1536w, https:\/\/www.ciencianews.com.br\/wp-content\/uploads\/2024\/11\/Gradiente-Foto-Festa-de-Despedida-de-Solteira-Convite-370x370.png 370w, https:\/\/www.ciencianews.com.br\/wp-content\/uploads\/2024\/11\/Gradiente-Foto-Festa-de-Despedida-de-Solteira-Convite.png 1654w\" sizes=\"auto, (max-width: 300px) 100vw, 300px\" \/><\/figure>\n<\/div>\n<\/div>\n\n\n\n<h2 class=\"wp-block-heading\"><span class=\"has-inline-color has-vivid-red-color\"><strong>DIAGN\u00d3STICO LABORATORIAL DAS LEUCEMIAS (ONLINE)<\/strong><\/span><\/h2>\n\n\n\n<div style=\"height:39px\" aria-hidden=\"true\" class=\"wp-block-spacer\"><\/div>\n\n\n\n<!-- INICIO DO BOTAO PAGSEGURO --><a href=\"https:\/\/pag.ae\/7WQe_Q5HH\/button\" target=\"_blank\" title=\"Pagar com PagSeguro\" rel=\"noopener noreferrer\"><img decoding=\"async\" src=\"\/\/assets.pagseguro.com.br\/ps-integration-assets\/botoes\/pagamentos\/205x30-pagar.gif\" alt=\"Pague com PagSeguro - \u00e9 r\u00e1pido, gr\u00e1tis e seguro!\"><\/a><!-- FIM DO BOTAO PAGSEGURO -->\n\n\n\n<div class=\"wp-block-columns is-layout-flex wp-container-core-columns-is-layout-9d6595d7 wp-block-columns-is-layout-flex\">\n<div class=\"wp-block-column is-layout-flow wp-block-column-is-layout-flow\">\n<p><strong>7 v\u00eddeo-aulas (gravadas) + intera\u00e7\u00e3o ao vivo no final do curso com Dr Fl\u00e1vio Naoum <\/strong><\/p>\n\n\n\n<p><strong>OBS: ESTE CURSO EST\u00c1 INCLU\u00cdDO NA PRECEPTORIA EM CITOLOGIA HEMATOL\u00d3GICA AVAN\u00c7ADA.<\/strong><\/p>\n\n\n\n<p>Temas: interpreta\u00e7\u00e3o do hemograma e citologia das leucemias agudas e cr\u00f4nicas. Dicas para elabora\u00e7\u00e3o de laudos. Investiga\u00e7\u00e3o avan\u00e7ada com mielograma, imunofenotipagem, citogen\u00e9tica e biologia molecular. <\/p>\n\n\n\n<p><strong>Inscri\u00e7\u00f5es e informa\u00e7\u00f5es: a.c.t@terra.com.br | Whatsapp: (17) 99794-4667.<\/strong><\/p>\n<\/div>\n\n\n\n<div class=\"wp-block-column is-layout-flow wp-block-column-is-layout-flow\">\n<figure class=\"wp-block-image size-large\"><img decoding=\"async\" src=\"https:\/\/www.ciencianews.com.br\/wp-content\/uploads\/2016\/12\/imagens.jpg\" alt=\"\"\/><\/figure>\n<\/div>\n<\/div>\n\n\n\n<h2 class=\"wp-block-heading\"><span class=\"has-inline-color has-vivid-red-color\"><strong>INTRODU\u00c7\u00c3O AO MIELOGRAMA<\/strong><\/span><\/h2>\n\n\n\n<div style=\"height:39px\" aria-hidden=\"true\" class=\"wp-block-spacer\"><\/div>\n\n\n\n<figure class=\"wp-block-image size-large\"><a href=\"\/arquivos\/ACET\/IMAGENS\/mielograma\/aperfeicoamento\/CURSO_DE_MIELOGRAMA_ONLINE_2021.pdf\" target=\"_blank\" rel=\"noopener noreferrer\"><img decoding=\"async\" src=\"http:\/\/www.ciencianews.com.br\/wp-content\/uploads\/2016\/11\/btn_pos_graducao_programacao.png\" alt=\"\"\/><\/a><\/figure>\n\n\n\n<figure class=\"wp-block-image size-large\"><a href=\"https:\/\/wa.me\/5517997944667\"><img decoding=\"async\" src=\"http:\/\/www.ciencianews.com.br\/wp-content\/uploads\/2016\/12\/btn_informacao.png\" alt=\"\"\/><\/a><\/figure>\n\n\n\n<!-- INICIO DO BOTAO PAGSEGURO --><a href=\"https:\/\/pag.ae\/7WQfczjg1\/button\" target=\"_blank\" title=\"Pagar com PagSeguro\" rel=\"noopener noreferrer\"><img decoding=\"async\" src=\"\/\/assets.pagseguro.com.br\/ps-integration-assets\/botoes\/pagamentos\/205x30-pagar.gif\" alt=\"Pague com PagSeguro - \u00e9 r\u00e1pido, gr\u00e1tis e seguro!\"><\/a><!-- FIM DO BOTAO PAGSEGURO -->\n\n\n\n<div class=\"wp-block-columns is-layout-flex wp-container-core-columns-is-layout-9d6595d7 wp-block-columns-is-layout-flex\">\n<div class=\"wp-block-column is-layout-flow wp-block-column-is-layout-flow\">\n<p><strong>Curso 100% ONLINE E <span class=\"has-inline-color has-vivid-red-color\">AO VIVO<\/span>. <\/strong><\/p>\n\n\n\n<p><strong><strong>OBS: ESTE CURSO EST\u00c1 INCLU\u00cdDO NA PRECEPTORIA EM CITOLOGIA HEMATOL\u00d3GICA AVAN\u00c7ADA<\/strong><\/strong><\/p>\n\n\n\n<p>O curso ter\u00e1 como foco a citologia do mielograma normal, notadamente com rela\u00e7\u00e3o aos precursores das s\u00e9ries vermelha, granuloc\u00edtica, monoc\u00edtica e megacarioc\u00edtica, al\u00e9m de oferecer tamb\u00e9m no\u00e7\u00f5es sobre altera\u00e7\u00f5es reacionais e neopl\u00e1sicas da medula \u00f3ssea. Al\u00e9m disso, ser\u00e3o abordados aspectos t\u00e9cnicos relacionados \u00e0 coleta e preparo do material para an\u00e1lise.<\/p>\n<\/div>\n\n\n\n<div class=\"wp-block-column is-layout-flow wp-block-column-is-layout-flow\">\n<figure class=\"wp-block-image size-large\"><img decoding=\"async\" src=\"http:\/\/www.ciencianews.com.br\/arquivos\/ACET\/IMAGENS\/mielograma\/aperfeicoamento\/mielograma.png\" alt=\"\"\/><\/figure>\n<\/div>\n<\/div>\n\n\n\n<div class=\"wp-block-columns is-layout-flex wp-container-core-columns-is-layout-9d6595d7 wp-block-columns-is-layout-flex\">\n<div class=\"wp-block-column is-layout-flow wp-block-column-is-layout-flow\"><\/div>\n\n\n\n<div class=\"wp-block-column is-layout-flow wp-block-column-is-layout-flow\"><\/div>\n<\/div>\n\n\n\n<h2 class=\"wp-block-heading\"><span class=\"has-inline-color has-vivid-red-color\"><strong>ELETROFORESE DE HEMOGLOBINAS (online)<\/strong><\/span><\/h2>\n\n\n\n<div style=\"height:39px\" aria-hidden=\"true\" class=\"wp-block-spacer\"><\/div>\n\n\n\n<figure class=\"wp-block-image size-large\"><a href=\"\/arquivos\/ACET\/IMAGENS\/cursos_aperfeicoamento\/hemoglobinopatias on-line.pdf\" target=\"_blank\" rel=\"noopener noreferrer\"><img decoding=\"async\" src=\"http:\/\/www.ciencianews.com.br\/wp-content\/uploads\/2016\/11\/btn_pos_graducao_programacao.png\" alt=\"\"\/><\/a><\/figure>\n\n\n\n<figure class=\"wp-block-image size-large\"><a href=\"https:\/\/wa.me\/5517997944667\"><img decoding=\"async\" src=\"http:\/\/www.ciencianews.com.br\/wp-content\/uploads\/2016\/12\/btn_informacao.png\" alt=\"\"\/><\/a><\/figure>\n\n\n\n<form action=\"https:\/\/pagseguro.uol.com.br\/checkout\/v2\/cart.html?action=add\" method=\"post\"><input name=\"itemCode\" type=\"hidden\" value=\"A6CC95AFF7F71F0884C37F8D44A62454\"><input name=\"iot\" type=\"hidden\" value=\"button\"><input alt=\"Pague com PagSeguro - \u00e9 r\u00e1pido, gr\u00e1tis e seguro!\" name=\"submit\" src=\"https:\/\/stc.pagseguro.uol.com.br\/public\/img\/botoes\/pagamentos\/209x48-comprar-assina.gif\" type=\"image\"><\/form>\n<p><script type=\"text\/javascript\" src=\"https:\/\/stc.pagseguro.uol.com.br\/pagseguro\/api\/v2\/checkout\/pagseguro.lightbox.js\"><\/script><\/p>\n\n\n\n<div class=\"wp-block-columns is-layout-flex wp-container-core-columns-is-layout-9d6595d7 wp-block-columns-is-layout-flex\">\n<div class=\"wp-block-column is-layout-flow wp-block-column-is-layout-flow\">\n<p><strong>Dura\u00e7\u00e3o: 4 horas e 20 minutos<br>Investimento: R$350,00<\/strong><br>O curso \u00e9 composto por aulas te\u00f3ricas com foco aprofundado no diagn\u00f3stico da doen\u00e7a falciforme e das talassemias, al\u00e9m de m\u00f3dulos te\u00f3rico-pr\u00e1ticos com utiliza\u00e7\u00e3o de lousa digital e demonstra\u00e7\u00e3o de eletroforese alcalina em tempo real com amostras de v\u00e1rios tipos de hemoglobinas variantes.<\/p>\n<\/div>\n\n\n\n<div class=\"wp-block-column is-layout-flow wp-block-column-is-layout-flow\">\n<figure class=\"wp-block-image size-large\"><img decoding=\"async\" src=\"http:\/\/www.ciencianews.com.br\/wp-content\/uploads\/2016\/12\/citologia_img2.png\" alt=\"\"\/><\/figure>\n<\/div>\n<\/div>\n","protected":false},"excerpt":{"rendered":"<p>INTERPRETA\u00c7\u00c3O DO HEMOGRAMA E DO COAGULOGRAMA (online) Dura\u00e7\u00e3o: 16 horas (100% online e gravado, assista no seu tempo) Investimento: R$350 O curso trabalha de forma din\u00e2mica a rela\u00e7\u00e3o cl\u00ednico-laboratorial das principais altera\u00e7\u00f5es hematol\u00f3gicas benignas e malignas, al\u00e9m dos problemas sist\u00eamicos [&hellip;]<\/p>\n","protected":false},"author":1,"featured_media":0,"parent":44,"menu_order":0,"comment_status":"closed","ping_status":"closed","template":"","meta":{"_uag_custom_page_level_css":"","_joinchat":[],"footnotes":""},"class_list":["post-3722","page","type-page","status-publish","hentry"],"uagb_featured_image_src":{"full":false,"thumbnail":false,"medium":false,"medium_large":false,"large":false,"1536x1536":false,"2048x2048":false,"post-thumbnail":false,"business-hub-blog":false,"business-hub-work":false},"uagb_author_info":{"display_name":"real","author_link":"https:\/\/www.ciencianews.com.br\/index.php\/author\/real\/"},"uagb_comment_info":0,"uagb_excerpt":"INTERPRETA\u00c7\u00c3O DO HEMOGRAMA E DO COAGULOGRAMA (online) Dura\u00e7\u00e3o: 16 horas (100% online e gravado, assista no seu tempo) Investimento: R$350 O curso trabalha de forma din\u00e2mica a rela\u00e7\u00e3o cl\u00ednico-laboratorial das principais altera\u00e7\u00f5es hematol\u00f3gicas benignas e malignas, al\u00e9m dos problemas sist\u00eamicos [&hellip;]","_links":{"self":[{"href":"https:\/\/www.ciencianews.com.br\/index.php\/wp-json\/wp\/v2\/pages\/3722","targetHints":{"allow":["GET"]}}],"collection":[{"href":"https:\/\/www.ciencianews.com.br\/index.php\/wp-json\/wp\/v2\/pages"}],"about":[{"href":"https:\/\/www.ciencianews.com.br\/index.php\/wp-json\/wp\/v2\/types\/page"}],"author":[{"embeddable":true,"href":"https:\/\/www.ciencianews.com.br\/index.php\/wp-json\/wp\/v2\/users\/1"}],"replies":[{"embeddable":true,"href":"https:\/\/www.ciencianews.com.br\/index.php\/wp-json\/wp\/v2\/comments?post=3722"}],"version-history":[{"count":39,"href":"https:\/\/www.ciencianews.com.br\/index.php\/wp-json\/wp\/v2\/pages\/3722\/revisions"}],"predecessor-version":[{"id":7644,"href":"https:\/\/www.ciencianews.com.br\/index.php\/wp-json\/wp\/v2\/pages\/3722\/revisions\/7644"}],"up":[{"embeddable":true,"href":"https:\/\/www.ciencianews.com.br\/index.php\/wp-json\/wp\/v2\/pages\/44"}],"wp:attachment":[{"href":"https:\/\/www.ciencianews.com.br\/index.php\/wp-json\/wp\/v2\/media?parent=3722"}],"curies":[{"name":"wp","href":"https:\/\/api.w.org\/{rel}","templated":true}]}}