{"id":3744,"date":"2016-12-13T23:19:42","date_gmt":"2016-12-13T23:19:42","guid":{"rendered":"http:\/\/www.ciencianews.com.br\/?page_id=3744"},"modified":"2017-04-24T16:03:11","modified_gmt":"2017-04-24T16:03:11","slug":"video-aulas","status":"publish","type":"page","link":"https:\/\/www.ciencianews.com.br\/index.php\/publicacoes\/video-aulas\/","title":{"rendered":"V\u00eddeo Aulas"},"content":{"rendered":"<div style=\"text-align: left;\">\n<img loading=\"lazy\" decoding=\"async\" src=\"http:\/\/www.ciencianews.com.br\/wp-content\/uploads\/2016\/12\/video-aulas.png\" alt=\"video-aulas\" width=\"286\" height=\"50\" \/>\n<\/div>\n<p>&nbsp;<\/p>\n<div style=\"text-align: left;\">\n<div style=\"text-align: left; font-size: 28px; font-weight: bold; color: #B22222;\">COMBO HEMOGLOBINOPATIAS E ANEMIAS &#8211; 2 horas e 16 minutos.<\/div>\n<p>[ezcol_1half]<br \/>\n<img loading=\"lazy\" decoding=\"async\" src=\"http:\/\/www.ciencianews.com.br\/wp-content\/uploads\/2016\/12\/img_video_aula1.png\" alt=\"img_video_aula1\" width=\"333\" height=\"90\" \/><br \/>\n[\/ezcol_1half]<br \/>\n[ezcol_1half_end]<br \/>\n<img loading=\"lazy\" decoding=\"async\" src=\"http:\/\/www.ciencianews.com.br\/wp-content\/uploads\/2016\/12\/btn_400_todas_aulas.png\" alt=\"btn_400_todas_aulas\" width=\"245\" height=\"46\" class=\"alignleft size-full wp-image-3929\" \/><\/p>\n<form action=\"https:\/\/pagseguro.uol.com.br\/checkout\/v2\/cart.html?action=add\" method=\"post\" onsubmit=\"PagSeguroLightbox(this); return false;\"><input type=\"hidden\" name=\"itemCode\" value=\"B2D94BE97676F919940F3FAE9638ABB5\" \/><input type=\"hidden\" name=\"iot\" value=\"button\" \/><br \/>\n<input type=\"image\" src=\"https:\/\/stc.pagseguro.uol.com.br\/public\/img\/botoes\/pagamentos\/209x48-comprar-assina.gif\" name=\"submit\" alt=\"Pague com PagSeguro - \u00e9 r\u00e1pido, gr\u00e1tis e seguro!\" \/><br \/>\n<\/form>\n<p><script type=\"text\/javascript\" src=\"https:\/\/stc.pagseguro.uol.com.br\/pagseguro\/api\/v2\/checkout\/pagseguro.lightbox.js\"><\/script><\/p>\n<p>[\/ezcol_1half_end]<\/p>\n<div style=\"text-align: left; font-size: 17px; color: #000000;\">\n<p>[ezcol_1half]<\/p>\n<div style=\"text-align: left; font-size: 14px; font-weight: bold; color: #B22222;\">HEMOGLOBINOPATIAS<\/div>\n<li>S\u00edntese gen\u00e9tica das hemoglobinas humanas<\/li>\n<li>Mol\u00e9cula da hemoglobina e suas altera\u00e7\u00f5es<\/li>\n<li>Eletroforese de hemoglobinas<\/li>\n<li>Eletroforese de hemoglobinas: aplica\u00e7\u00f5es<\/li>\n<li>Morfologia eritrocit\u00e1ria das anemias<\/li>\n<li>Talassemias<\/li>\n<li>Beta talassemia menor<\/li>\n<li>Doen\u00e7a falciforme: causas e falciza\u00e7\u00e3o<\/li>\n<li>Doen\u00e7a falciforme: diagn\u00f3stico laboratorial<\/li>\n<p>[\/ezcol_1half]<br \/>\n[ezcol_1half_end]<\/p>\n<div style=\"text-align: left; font-size: 14px; font-weight: bold; color: #B22222;\">ANEMIAS<\/div>\n<li>Diagn\u00f3stico diferencial de anemias microc\u00edticas e hipocr\u00f4micas<\/li>\n<li>Avalia\u00e7\u00e3o laboratorial do perfil de ferro<\/li>\n<li>Anemia ferropriva<\/li>\n<li>Contagem de reticul\u00f3citos nas anemias<\/li>\n<li>Reticul\u00f3citos \u2013 contagem manual<\/li>\n<li>Inclus\u00f5es eritrocit\u00e1rias e seus significados<\/li>\n<li>Hemoglobin\u00faria parox\u00edstica noturna<\/li>\n<li>Anemias: Defini\u00e7\u00e3o e Classifica\u00e7\u00e3o<\/li>\n<li>\u00cdndices hematim\u00e9tricos<\/li>\n<li>Causas de anemias adquiridas<\/li>\n<li>Causas de anemias heredit\u00e1rias<\/li>\n<li>Morfologia eritrocit\u00e1ria das anemias<\/li>\n<li>O eritrograma nas anemias microc\u00edtica e hipocr\u00f4mica<\/li>\n<p>[\/ezcol_1half_end]\n<\/p><\/div>\n<p>&nbsp;<br \/>\n&nbsp;<\/p>\n<div style=\"text-align: left;\">\n<div style=\"text-align: left; font-size: 28px; font-weight: bold; color: #B22222;\">COMBO S\u00c9RIE BRANCA E C\u00c2NCER &#8211; 3 horas e 39 minutos<\/div>\n<p>[ezcol_1half]<br \/>\n<img loading=\"lazy\" decoding=\"async\" src=\"http:\/\/www.ciencianews.com.br\/wp-content\/uploads\/2016\/12\/img_video_aula3.png\" alt=\"img_video_aula3\" width=\"333\" height=\"90\" \/><br \/>\n[\/ezcol_1half]<br \/>\n[ezcol_1half_end]<br \/>\n<img loading=\"lazy\" decoding=\"async\" src=\"http:\/\/www.ciencianews.com.br\/wp-content\/uploads\/2016\/12\/btn_400_todas_aulas.png\" alt=\"btn_400_todas_aulas\" width=\"245\" height=\"46\" class=\"alignleft size-full wp-image-3929\" \/><\/p>\n<form action=\"https:\/\/pagseguro.uol.com.br\/checkout\/v2\/cart.html?action=add\" method=\"post\" onsubmit=\"PagSeguroLightbox(this); return false;\"><input type=\"hidden\" name=\"itemCode\" value=\"B451A0DB3535495334B8EFBD7E3A6B05\" \/><input type=\"hidden\" name=\"iot\" value=\"button\" \/><br \/>\n<input type=\"image\" src=\"https:\/\/stc.pagseguro.uol.com.br\/public\/img\/botoes\/pagamentos\/209x48-comprar-assina.gif\" name=\"submit\" alt=\"Pague com PagSeguro - \u00e9 r\u00e1pido, gr\u00e1tis e seguro!\" \/><br \/>\n<\/form>\n<p><script type=\"text\/javascript\" src=\"https:\/\/stc.pagseguro.uol.com.br\/pagseguro\/api\/v2\/checkout\/pagseguro.lightbox.js\"><\/script><\/p>\n<p>[\/ezcol_1half_end]<\/p>\n<div style=\"text-align: left; font-size: 17px; color: #000000;\">\n<p>[ezcol_1half]<\/p>\n<li>Desvio \u00e0 esquerda<\/li>\n<li>Linf\u00f3citos at\u00edpicos<\/li>\n<li>Leucemias \u2013 suspeita no hemograma<\/li>\n<li>Leucemias \u2013 investiga\u00e7\u00e3o diagn\u00f3stica<\/li>\n<p>[\/ezcol_1half]<br \/>\n[ezcol_1half_end] <\/p>\n<li>A origem do c\u00e2ncer<\/li>\n<li>O que causa o c\u00e2ncer?<\/li>\n<li>Defesas imunol\u00f3gicas contra o C\u00e2ncer<\/li>\n<li>Transforma\u00e7\u00e3o de c\u00e9lulas normais em tumorais<\/li>\n<li>Do tumor \u00e0s an\u00e1lises moleculares<\/li>\n<p>[\/ezcol_1half_end]\n<\/p><\/div>\n<p>&nbsp;<br \/>\n&nbsp;<\/p>\n<div style=\"text-align: left;\">\n<div style=\"text-align: left; font-size: 28px; font-weight: bold; color: #B22222;\">COMBO PLAQUETAS E HEMOSTASIA &#8211; 5 horas e 4 minutos<\/div>\n<p>[ezcol_1half]<br \/>\n<img loading=\"lazy\" decoding=\"async\" src=\"http:\/\/www.ciencianews.com.br\/wp-content\/uploads\/2016\/12\/img_video_aula4.png\" alt=\"img_video_aula4\" width=\"333\" height=\"90\" \/><br \/>\n[\/ezcol_1half]<br \/>\n[ezcol_1half_end]<br \/>\n<img loading=\"lazy\" decoding=\"async\" src=\"http:\/\/www.ciencianews.com.br\/wp-content\/uploads\/2016\/12\/btn_400_todas_aulas.png\" alt=\"btn_400_todas_aulas\" width=\"245\" height=\"46\" class=\"alignleft size-full wp-image-3929\" \/><\/p>\n<form action=\"https:\/\/pagseguro.uol.com.br\/checkout\/v2\/cart.html?action=add\" method=\"post\" onsubmit=\"PagSeguroLightbox(this); return false;\"><input type=\"hidden\" name=\"itemCode\" value=\"ABAD61EBF8F8DEEDD43B9F988A2CF477\" \/><input type=\"hidden\" name=\"iot\" value=\"button\" \/><br \/>\n<input type=\"image\" src=\"https:\/\/stc.pagseguro.uol.com.br\/public\/img\/botoes\/pagamentos\/209x48-comprar-assina.gif\" name=\"submit\" alt=\"Pague com PagSeguro - \u00e9 r\u00e1pido, gr\u00e1tis e seguro!\" \/><br \/>\n<\/form>\n<p><script type=\"text\/javascript\" src=\"https:\/\/stc.pagseguro.uol.com.br\/pagseguro\/api\/v2\/checkout\/pagseguro.lightbox.js\"><\/script><\/p>\n<p>[\/ezcol_1half_end]<\/p>\n<div style=\"text-align: left; font-size: 17px; color: #000000;\">\n<p>[ezcol_1half]<\/p>\n<li>Introdu\u00e7\u00e3o \u00e0 hemostasia<\/li>\n<li>Plaquetog\u00eanese: da medula ao sangue perif\u00e9rico<\/li>\n<li>Plaquetas normais<\/li>\n<li>Fun\u00e7\u00f5es das plaquetas \/ estrutura qu\u00edmica das plaquetas <\/li>\n<li>Avalia\u00e7\u00e3o laboratorial das plaquetas<\/li>\n<li>Contagem manual de plaquetas<\/li>\n<li>Plaquetopenias<\/li>\n<li>Plaquetopatias<\/li>\n<p>[\/ezcol_1half]<br \/>\n[ezcol_1half_end] <\/p>\n<li>Dengue e plaquetopenia<\/li>\n<li>Fatores da coagula\u00e7\u00e3o<\/li>\n<li>Avalia\u00e7\u00e3o laboratorial da hemostasia<\/li>\n<li>Coagulograma<\/li>\n<li>Coagulopatias<\/li>\n<li>Avalia\u00e7\u00e3o laboratorial de trombofilia<\/li>\n<li>Import\u00e2ncia cl\u00ednica da avalia\u00e7\u00e3o das plaquetas<\/li>\n<li>Tempo de sangramento\/Retra\u00e7\u00e3o do co\u00e1gulo\/Prova do la\u00e7o<\/li>\n<li>Agrega\u00e7\u00e3o Plaquet\u00e1ria<\/li>\n<p>[\/ezcol_1half_end]\n<\/p><\/div>\n<p>&nbsp;<br \/>\n&nbsp;<\/p>\n<div style=\"text-align: left; font-size: 17px; color: #000000;font-weight: bold\">\nRegulamento para v\u00eddeo-aulas: ap\u00f3s a confirma\u00e7\u00e3o da inscri\u00e7\u00e3o, o conte\u00fado das aulas ficar\u00e1 dispon\u00edvel online por 30 dias (contados a partir da libera\u00e7\u00e3o do acesso). Uma vez liberado o acesso, n\u00e3o ser\u00e1 poss\u00edvel o cancelamento da inscri\u00e7\u00e3o. Certificados mediante solicita\u00e7\u00e3o e preenchimento de question\u00e1rio b\u00e1sico sobre os temas das v\u00eddeo-aulas.<\/p>\n<\/div>\n","protected":false},"excerpt":{"rendered":"<p>&nbsp; COMBO HEMOGLOBINOPATIAS E ANEMIAS &#8211; 2 horas e 16 minutos. [ezcol_1half] [\/ezcol_1half] [ezcol_1half_end] [\/ezcol_1half_end] [ezcol_1half] HEMOGLOBINOPATIAS S\u00edntese gen\u00e9tica das hemoglobinas humanas Mol\u00e9cula da hemoglobina e suas altera\u00e7\u00f5es Eletroforese de hemoglobinas Eletroforese de hemoglobinas: aplica\u00e7\u00f5es Morfologia eritrocit\u00e1ria das anemias Talassemias [&hellip;]<\/p>\n","protected":false},"author":1,"featured_media":0,"parent":1073,"menu_order":0,"comment_status":"closed","ping_status":"closed","template":"","meta":{"_uag_custom_page_level_css":"","_joinchat":[],"footnotes":""},"class_list":["post-3744","page","type-page","status-publish","hentry"],"uagb_featured_image_src":{"full":false,"thumbnail":false,"medium":false,"medium_large":false,"large":false,"1536x1536":false,"2048x2048":false,"post-thumbnail":false,"business-hub-blog":false,"business-hub-work":false},"uagb_author_info":{"display_name":"real","author_link":"https:\/\/www.ciencianews.com.br\/index.php\/author\/real\/"},"uagb_comment_info":0,"uagb_excerpt":"&nbsp; COMBO HEMOGLOBINOPATIAS E ANEMIAS &#8211; 2 horas e 16 minutos. [ezcol_1half] [\/ezcol_1half] [ezcol_1half_end] [\/ezcol_1half_end] [ezcol_1half] HEMOGLOBINOPATIAS S\u00edntese gen\u00e9tica das hemoglobinas humanas Mol\u00e9cula da hemoglobina e suas altera\u00e7\u00f5es Eletroforese de hemoglobinas Eletroforese de hemoglobinas: aplica\u00e7\u00f5es Morfologia eritrocit\u00e1ria das anemias Talassemias [&hellip;]","_links":{"self":[{"href":"https:\/\/www.ciencianews.com.br\/index.php\/wp-json\/wp\/v2\/pages\/3744","targetHints":{"allow":["GET"]}}],"collection":[{"href":"https:\/\/www.ciencianews.com.br\/index.php\/wp-json\/wp\/v2\/pages"}],"about":[{"href":"https:\/\/www.ciencianews.com.br\/index.php\/wp-json\/wp\/v2\/types\/page"}],"author":[{"embeddable":true,"href":"https:\/\/www.ciencianews.com.br\/index.php\/wp-json\/wp\/v2\/users\/1"}],"replies":[{"embeddable":true,"href":"https:\/\/www.ciencianews.com.br\/index.php\/wp-json\/wp\/v2\/comments?post=3744"}],"version-history":[{"count":17,"href":"https:\/\/www.ciencianews.com.br\/index.php\/wp-json\/wp\/v2\/pages\/3744\/revisions"}],"predecessor-version":[{"id":4183,"href":"https:\/\/www.ciencianews.com.br\/index.php\/wp-json\/wp\/v2\/pages\/3744\/revisions\/4183"}],"up":[{"embeddable":true,"href":"https:\/\/www.ciencianews.com.br\/index.php\/wp-json\/wp\/v2\/pages\/1073"}],"wp:attachment":[{"href":"https:\/\/www.ciencianews.com.br\/index.php\/wp-json\/wp\/v2\/media?parent=3744"}],"curies":[{"name":"wp","href":"https:\/\/api.w.org\/{rel}","templated":true}]}}