{"id":4043,"date":"2017-03-04T14:23:03","date_gmt":"2017-03-04T14:23:03","guid":{"rendered":"http:\/\/www.ciencianews.com.br\/?page_id=4043"},"modified":"2017-03-04T17:00:06","modified_gmt":"2017-03-04T17:00:06","slug":"backup_pagina-inicial-04032017","status":"publish","type":"page","link":"https:\/\/www.ciencianews.com.br\/index.php\/backup_pagina-inicial-04032017\/","title":{"rendered":"backup_pagina inicial 04\/03\/2017"},"content":{"rendered":"<h1 align=\"center\"><span style=\"color: #000000;\"><strong>Academia de Ci\u00eancia e Tecnologia<\/strong><\/span><\/h1>\n<h3 style=\"text-align: center;\"><span style=\"text-decoration: underline;\"><a title=\"AC&amp;T \u2013 Instituto de P\u00f3s Gradua\u00e7\u00e3o nas \u00c1reas Biol\u00f3gicas\" href=\"http:\/\/www.ciencianews.com.br\/index.php\/home\/act-instituto-de-pos-graduacao-nas-areas-biologicas\/\"><strong>Instituto de P\u00f3s Gradua\u00e7\u00e3o em An\u00e1lises Cl\u00ednicas e Hematol\u00f3gicas<\/strong><\/a><\/span><\/h3>\n<\/p>\n<h3 style=\"text-align: center; color: #000000;\"><span style=\"text-decoration: underline;\"><strong>Cursos de P\u00f3s Gradua\u00e7\u00e3o Lato-Sensu<\/strong><\/a><\/span><\/h3>\n<p><!--center>[meteor_slideshow]<\/center--><\/p>\n<div style=\"text-align: center;\">\n<p><a href=\"https:\/\/www.facebook.com\/Academia-de-Ci\u00eancia-e-Tecnologia-173959839754175\/\" target=\"_blank\"><img loading=\"lazy\" decoding=\"async\" src=\"http:\/\/www.ciencianews.com.br\/wp-content\/uploads\/2017\/01\/facebook-30x30ligue2.png\" alt=\"facebook-30x30ligue2\" width=\"209\" height=\"30\" class=\"alignnone size-full wp-image-3978\" \/><\/a><img loading=\"lazy\" decoding=\"async\" src=\"http:\/\/www.ciencianews.com.br\/wp-content\/uploads\/2017\/01\/whatsapp30x30ligue2.jpg\" alt=\"whatsapp30x30ligue2\" width=\"164\" height=\"30\" class=\"alignnone size-full wp-image-3979\" \/><a href=\"http:\/\/www.ciencianews.com.br\/index.php\/blog-cientifico\/\" target=\"_blank\"><img loading=\"lazy\" decoding=\"async\" src=\"http:\/\/www.ciencianews.com.br\/wp-content\/uploads\/2017\/02\/chat1.jpg\" alt=\"chat\" width=\"163\" height=\"32\" class=\"alignnone size-full wp-image-4034\" \/><\/a><br \/>\n<\/DIV><\/p>\n<p><!--\nparte 1\n--><\/p>\n<div style=\"text-align: left;\">\n<img loading=\"lazy\" decoding=\"async\" src=\"http:\/\/www.ciencianews.com.br\/wp-content\/uploads\/2016\/11\/pos_gradua\u00e7\u00e3o.png\" alt=\"pos_graduacao\" width=\"423\" height=\"50\" \/>\n<\/div>\n<div style=\"text-align: left;\">\n[ezcol_1third]<br \/>\n<img loading=\"lazy\" decoding=\"async\" class=\"alignleft size-full wp-image-3589\" src=\"http:\/\/www.ciencianews.com.br\/wp-content\/uploads\/2016\/11\/pos_img1.png\" alt=\"pos_img1\" width=\"273\" height=\"158\" \/><\/p>\n<div style=\"color: #000000; text-align: left; font-size: 15px; font-weight: bold;\"><a href=\"http:\/\/www.ciencianews.com.br\/index.php\/cursos\/pos-graduacao\/\">HEMATOLOGIA LABORATORIAL E IMUNOHEMATOLOGIA DE BANCO DE SANGUE<\/a><\/div>\n<div style=\"color: #FF0000; text-align: left;font-weight: bold;font-size: 15px;\">In\u00edcio em Abril\/2017<\/div>\n<div style=\"color: #FF0000; text-align: left;font-weight: bold;font-size: 15px;\">Aulas: Presenciais e On-line<\/div>\n<div style=\"color: #ffffff; text-align: center;font-size: 15px;font-weight: bold;background-color: lightblue\"><a href=\"http:\/\/www.ciencianews.com.br\/index.php\/cursos\/pos-graduacao\/\">Matriculas Abertas !<\/a><\/div>\n<p>[\/ezcol_1third]<br \/>\n[ezcol_1third]<br \/>\n<img loading=\"lazy\" decoding=\"async\" class=\"alignleft size-full wp-image-3589\" src=\"http:\/\/www.ciencianews.com.br\/wp-content\/uploads\/2016\/11\/pos_img2.png\" alt=\"pos_img1\" width=\"273\" height=\"158\" \/><\/p>\n<div style=\"color: #000000; text-align: left; font-size: 15px; font-weight: bold;\"><a href=\"http:\/\/www.ciencianews.com.br\/index.php\/cursos\/pos-graduacao\/\/\">HEMATOLOGIA CL\u00cdNICA E LABORATORIAL<\/a><\/div>\n<div style=\"color: #000000; text-align: left;font-size: 15px\">(mais informa\u00e7\u00f5es em breve)<\/div>\n<div style=\"color: #000000; text-align: left;font-size: 15px\">Aulas: 8 Presenciais e 6 On-line<\/div>\n<div style=\"color: #000000; text-align: left;font-size: 15px;\">In\u00edcio previsto para Setembro\/2017<\/div>\n<p>[\/ezcol_1third]<br \/>\n[ezcol_1third_end]<br \/>\n<img loading=\"lazy\" decoding=\"async\" class=\"alignleft size-full wp-image-3589\" src=\"http:\/\/www.ciencianews.com.br\/wp-content\/uploads\/2016\/11\/pos_img3.png\" alt=\"pos_img1\" width=\"273\" height=\"158\" \/><\/p>\n<div style=\"color: #000000; text-align: left; font-size: 15px; font-weight: bold;\"><a href=\"http:\/\/www.ciencianews.com.br\/index.php\/cursos\/pos-graduacao\/\">MICOLOGIA CL\u00cdNICA E LABORATORIAL<\/a><\/div>\n<div style=\"color: #000000; text-align: left;font-size: 15px;\">(mais informa\u00e7\u00f5es em breve)<\/div>\n<div style=\"color: #000000; text-align: left;font-size: 15px;\">Aulas: 8 Presenciais e 6 On-line<\/div>\n<div style=\"color: #000000; text-align: left;font-size: 15px;\">In\u00edcio previsto para Setembro\/2017<\/div>\n<p>[\/ezcol_1third_end]\n<\/p><\/div>\n<p>&nbsp;<br \/>\n&nbsp;<\/p>\n<p><img loading=\"lazy\" decoding=\"async\" class=\"alignleft size-full wp-image-3595\" src=\"http:\/\/www.ciencianews.com.br\/wp-content\/uploads\/2016\/11\/aperfei\u00e7oamento.png\" alt=\"aperfeicoamento\" width=\"423\" height=\"44\" srcset=\"https:\/\/www.ciencianews.com.br\/wp-content\/uploads\/2016\/11\/aperfei\u00e7oamento.png 423w, https:\/\/www.ciencianews.com.br\/wp-content\/uploads\/2016\/11\/aperfei\u00e7oamento-300x31.png 300w, https:\/\/www.ciencianews.com.br\/wp-content\/uploads\/2016\/11\/aperfei\u00e7oamento-250x26.png 250w\" sizes=\"auto, (max-width: 423px) 100vw, 423px\" \/><br \/>\n&nbsp;<\/p>\n<div style=\"text-align: left;\">\n[ezcol_1third]<br \/>\n<img loading=\"lazy\" decoding=\"async\" src=\"http:\/\/www.ciencianews.com.br\/wp-content\/uploads\/2017\/02\/inter_hemograma_347x158.png\" alt=\"inter_hemograma_347x158\" width=\"347\" height=\"158\" class=\"alignleft size-full wp-image-3990\" srcset=\"https:\/\/www.ciencianews.com.br\/wp-content\/uploads\/2017\/02\/inter_hemograma_347x158.png 347w, https:\/\/www.ciencianews.com.br\/wp-content\/uploads\/2017\/02\/inter_hemograma_347x158-300x137.png 300w, https:\/\/www.ciencianews.com.br\/wp-content\/uploads\/2017\/02\/inter_hemograma_347x158-250x114.png 250w\" sizes=\"auto, (max-width: 347px) 100vw, 347px\" \/><\/p>\n<div style=\"color: #000000; text-align: left; font-size: 15px; font-weight: bold;\"><a href=\"http:\/\/www.ciencianews.com.br\/index.php\/curso-presencial\/\">CURSO PRESENCIAL<\/a><\/div>\n<div style=\"color: #000000; text-align: left;font-size: 15px\">M\u00f3dulo 1 (18\/03) &#8211; Leuc\u00f3citos e leucemias<\/div>\n<div style=\"color: #000000; text-align: left;font-size: 15px\">M\u00f3dulo 2(01\/04) &#8211; Anemias heredit\u00e1rias e adquiridas<\/div>\n<div style=\"color: #000000; text-align: left;font-size: 15px\">M\u00f3dulo 3 (29\/04) &#8211; Plaquetopenias, plaquetoses e coagulopatias<\/div>\n<div style=\"color: #ffffff; text-align: center;font-size: 15px;font-weight: bold;background-color: lightblue\"><a href=\"http:\/\/www.ciencianews.com.br\/index.php\/curso-presencial\/\">Matriculas Abertas !<\/a><\/div>\n<p>[\/ezcol_1third]<br \/>\n[ezcol_1third]<br \/>\n<img loading=\"lazy\" decoding=\"async\" class=\"alignleft size-full wp-image-3589\" src=\"http:\/\/www.ciencianews.com.br\/wp-content\/uploads\/2016\/11\/aper_img1.png\" alt=\"pos_img1\" width=\"347\" height=\"158\" \/><\/p>\n<div style=\"color: #000000; text-align: left; font-size: 15px; font-weight: bold;\"><a href=\"http:\/\/www.ciencianews.com.br\/index.php\/cursos\/aperfeicoamento\/\">APERFEI\u00c7OAMENTO ON-LINE<\/a><\/div>\n<div style=\"color: #000000; text-align: left;font-size: 15px\">Citologia Hematol\u00f3gica<\/div>\n<div style=\"color: #000000; text-align: left;font-size: 15px\">Eletroforese de Hemoglobinas<\/div>\n<div style=\"color: #000000; text-align: left;font-size: 15px\">Neoplasias Mieloproliferativas<\/div>\n<p>[\/ezcol_1third]<br \/>\n[ezcol_1third_end]<\/p>\n<td><img loading=\"lazy\" decoding=\"async\" class=\"alignleft size-full wp-image-3589\" src=\"http:\/\/www.ciencianews.com.br\/wp-content\/uploads\/2016\/11\/aper_img3.png\" alt=\"pos_img1\" width=\"347\" height=\"158\" \/><\/p>\n<div style=\"color: #000000; text-align: left; font-size: 15px; font-weight: bold;\"><a href=\"http:\/\/www.ciencianews.com.br\/index.php\/publicacoes\/video-aulas\/\">V\u00cdDEO-CURSOS ON-LINE<\/a><\/div>\n<div style=\"color: #000000; text-align: left;font-size: 15px\">Anemias, leucemias, linf\u00f3citos at\u00edpicos, plaquetas e coagula\u00e7\u00e3o,c\u00e2ncer<\/div>\n<p>[\/ezcol_1third_end]\n<\/p><\/div>\n<p>&nbsp;<\/p>\n<p><!--\nparte 3\n--><\/p>\n<div style=\"text-align: left;\">\n<img loading=\"lazy\" decoding=\"async\" class=\"alignleft size-full wp-image-3600\" src=\"http:\/\/www.ciencianews.com.br\/wp-content\/uploads\/2016\/11\/mais_ciencia.png\" alt=\"mais_ciencia\" width=\"424\" height=\"40\" srcset=\"https:\/\/www.ciencianews.com.br\/wp-content\/uploads\/2016\/11\/mais_ciencia.png 424w, https:\/\/www.ciencianews.com.br\/wp-content\/uploads\/2016\/11\/mais_ciencia-300x28.png 300w, https:\/\/www.ciencianews.com.br\/wp-content\/uploads\/2016\/11\/mais_ciencia-250x24.png 250w\" sizes=\"auto, (max-width: 424px) 100vw, 424px\" \/>\n<\/div>\n<p>&nbsp;<br \/>\n&nbsp;<\/p>\n<div style=\"text-align: left;\">\n[ezcol_1third]<br \/>\n<img loading=\"lazy\" decoding=\"async\" class=\"alignleft size-full wp-image-3589\" src=\"http:\/\/www.ciencianews.com.br\/wp-content\/uploads\/2016\/11\/mais_img2.png\" alt=\"pos_img1\" width=\"347\" height=\"158\" \/><\/p>\n<div style=\"color: #000000; text-align: left; font-size: 15px; font-weight: bold;\"><a href=\"http:\/\/www.ciencianews.com.br\/index.php\/ciencia\/atlas-hematologico\/\">ATLAS HEMATOL\u00d3GICO<\/a><\/div>\n<p>[\/ezcol_1third]<br \/>\n[ezcol_1third]<br \/>\n[meteor_slideshow]<\/p>\n<div style=\"color: #000000; text-align: left; font-size: 15px; font-weight: bold;\"><a href=\"http:\/\/www.ciencianews.com.br\/index.php\/no-you-tube\/\">V\u00cdDEOS CIENT\u00cdFICOS<\/a><\/div>\n<p>[\/ezcol_1third]<br \/>\n[ezcol_1third_end]<br \/>\n<iframe loading=\"lazy\" width=\"347\" height=\"158\" src=\"https:\/\/www.youtube.com\/embed\/SOqxylSm6fY?autoplay=1\" frameborder=\"0\" allowfullscreen><\/iframe><\/p>\n<div style=\"color: #000000; text-align: left; font-size: 15px; font-weight: bold;\"><a href=\"http:\/\/www.ciencianews.com.br\/index.php\/no-you-tube\/\">IMAGENS CIENT\u00cdFICAS<\/a><\/div>\n<p>[\/ezcol_1third_end]\n<\/p><\/div>\n<p>&nbsp;<\/p>\n<p><!--\nparte 4\n--><\/p>\n<div style=\"text-align: left;\">\n<img loading=\"lazy\" decoding=\"async\" src=\"http:\/\/www.ciencianews.com.br\/wp-content\/uploads\/2016\/11\/Link_Parceiros.png\" alt=\"pos_img1\" width=\"180\" height=\"42\" \/>\n<\/div>\n<p>&nbsp;<\/p>\n<div style=\"text-align: center;\">\n[ezcol_1third]<br \/>\n<a href=\"http:\/\/hemoglobinopatias.com.br\/\" target=\"_blank\"><img loading=\"lazy\" decoding=\"async\"  src=\"http:\/\/www.ciencianews.com.br\/wp-content\/uploads\/2016\/11\/btn_hemo.png\" alt=\"pos_img1\" width=\"180\" height=\"32\" \/><\/a><br \/>\n<a href=\"http:\/\/www.talassemias.com.br\/\" target=\"_blank\"><img loading=\"lazy\" decoding=\"async\"  src=\"http:\/\/www.ciencianews.com.br\/wp-content\/uploads\/2016\/11\/btn_tala.png\" alt=\"pos_img1\" width=\"180\" height=\"32\" \/><\/a><br \/>\n[\/ezcol_1third]<br \/>\n[ezcol_1third]<br \/>\n<a href=\"http:\/\/www.cienciadocancer.com\/\" target=\"_blank\"><img loading=\"lazy\" decoding=\"async\"  src=\"http:\/\/www.ciencianews.com.br\/wp-content\/uploads\/2016\/11\/btn_bio.png\" alt=\"pos_img1\" width=\"180\" height=\"32\" \/><\/a><br \/>\n<a href=\"http:\/\/www.institutonaoum.com.br\/\" target=\"_blank\"><img loading=\"lazy\" decoding=\"async\"  src=\"http:\/\/www.ciencianews.com.br\/wp-content\/uploads\/2016\/11\/btn_inst.png\" alt=\"pos_img1\" width=\"180\" height=\"32\" \/><br \/>\n[\/ezcol_1third]<br \/>\n[ezcol_1third_end]<br \/>\n<a href=\"http:\/\/www.cdalab.com.br\/\" target=\"_blank\"><img loading=\"lazy\" decoding=\"async\"  src=\"http:\/\/www.ciencianews.com.br\/wp-content\/uploads\/2017\/02\/btn_cda_lab.png\" alt=\"btn_cda_lab\" width=\"180\" height=\"32\" \/><\/a><br \/>\n<a href=\"http:\/\/faceres.com.br\/\" target=\"_blank\"><img loading=\"lazy\" decoding=\"async\"  src=\"http:\/\/www.ciencianews.com.br\/wp-content\/uploads\/2017\/02\/btn_faceres.png\" alt=\"btn_faceres\" width=\"180\" height=\"32\" \/><\/a><br \/>\n[\/ezcol_1third_end]\n<\/div>\n<p>&nbsp;<\/p>\n<div style=\"text-align: left;background-color: #8B8989\">\n[ezcol_1half]<br \/>\n&nbsp;<br \/>\n<iframe loading=\"lazy\" src=\"https:\/\/www.youtube.com\/embed\/_4qONCahX3g\" width=\"500\" height=\"300\" frameborder=\"0\" allowfullscreen=\"allowfullscreen\"><\/iframe><br \/>\n[\/ezcol_1half]<br \/>\n[ezcol_1half_end]<br \/>\n<BR><\/p>\n<div style=\"color: #FFFFFF; font-size: 25px;font-weight: bold;\">Academia de Ci\u00eancia e Tecnologia<\/div>\n<p>&nbsp;<\/p>\n<div style=\"color: #FFFFFF;  font-size: 17px;\">E-mail: a.c.t@terra.com.br<\/div>\n<div style=\"color: #FFFFFF;  font-size: 17px;\">Telefone (Phone): (55 17) 3233-4490<\/div>\n<div style=\"color: #FFFFFF;  font-size: 17px;\">Endere\u00e7o (Address): Rua Bonf\u00e1 Natale,1860<\/div>\n<div style=\"color: #FFFFFF;  font-size: 17px;\">CEP (Zip Code): 15020-130 &#8211; S\u00e3o Jos\u00e9 do Rio Preto,SP. <\/div>\n<p>[\/ezcol_1half_end]<br \/>\n<\/DIV><\/p>\n","protected":false},"excerpt":{"rendered":"<p>Academia de Ci\u00eancia e Tecnologia Instituto de P\u00f3s Gradua\u00e7\u00e3o em An\u00e1lises Cl\u00ednicas e Hematol\u00f3gicas Cursos de P\u00f3s Gradua\u00e7\u00e3o Lato-Sensu [ezcol_1third] HEMATOLOGIA LABORATORIAL E IMUNOHEMATOLOGIA DE BANCO DE SANGUE In\u00edcio em Abril\/2017 Aulas: Presenciais e On-line Matriculas Abertas ! [\/ezcol_1third] [ezcol_1third] [&hellip;]<\/p>\n","protected":false},"author":1,"featured_media":0,"parent":0,"menu_order":0,"comment_status":"closed","ping_status":"closed","template":"","meta":{"_uag_custom_page_level_css":"","_joinchat":[],"footnotes":""},"class_list":["post-4043","page","type-page","status-publish","hentry"],"uagb_featured_image_src":{"full":false,"thumbnail":false,"medium":false,"medium_large":false,"large":false,"1536x1536":false,"2048x2048":false,"post-thumbnail":false,"business-hub-blog":false,"business-hub-work":false},"uagb_author_info":{"display_name":"real","author_link":"https:\/\/www.ciencianews.com.br\/index.php\/author\/real\/"},"uagb_comment_info":0,"uagb_excerpt":"Academia de Ci\u00eancia e Tecnologia Instituto de P\u00f3s Gradua\u00e7\u00e3o em An\u00e1lises Cl\u00ednicas e Hematol\u00f3gicas Cursos de P\u00f3s Gradua\u00e7\u00e3o Lato-Sensu [ezcol_1third] HEMATOLOGIA LABORATORIAL E IMUNOHEMATOLOGIA DE BANCO DE SANGUE In\u00edcio em Abril\/2017 Aulas: Presenciais e On-line Matriculas Abertas ! [\/ezcol_1third] [ezcol_1third] [&hellip;]","_links":{"self":[{"href":"https:\/\/www.ciencianews.com.br\/index.php\/wp-json\/wp\/v2\/pages\/4043","targetHints":{"allow":["GET"]}}],"collection":[{"href":"https:\/\/www.ciencianews.com.br\/index.php\/wp-json\/wp\/v2\/pages"}],"about":[{"href":"https:\/\/www.ciencianews.com.br\/index.php\/wp-json\/wp\/v2\/types\/page"}],"author":[{"embeddable":true,"href":"https:\/\/www.ciencianews.com.br\/index.php\/wp-json\/wp\/v2\/users\/1"}],"replies":[{"embeddable":true,"href":"https:\/\/www.ciencianews.com.br\/index.php\/wp-json\/wp\/v2\/comments?post=4043"}],"version-history":[{"count":9,"href":"https:\/\/www.ciencianews.com.br\/index.php\/wp-json\/wp\/v2\/pages\/4043\/revisions"}],"predecessor-version":[{"id":4053,"href":"https:\/\/www.ciencianews.com.br\/index.php\/wp-json\/wp\/v2\/pages\/4043\/revisions\/4053"}],"wp:attachment":[{"href":"https:\/\/www.ciencianews.com.br\/index.php\/wp-json\/wp\/v2\/media?parent=4043"}],"curies":[{"name":"wp","href":"https:\/\/api.w.org\/{rel}","templated":true}]}}