{"id":4229,"date":"2017-05-31T16:02:29","date_gmt":"2017-05-31T16:02:29","guid":{"rendered":"http:\/\/www.ciencianews.com.br\/?page_id=4229"},"modified":"2017-06-26T16:55:21","modified_gmt":"2017-06-26T16:55:21","slug":"home-alteracoes-31-05-2017","status":"publish","type":"page","link":"https:\/\/www.ciencianews.com.br\/index.php\/home-alteracoes-31-05-2017\/","title":{"rendered":"Home alteracoes &#8211; 31-05-2017"},"content":{"rendered":"<h1 align=\"center\"><span style=\"color: #000000;\"><strong>Academia de Ci\u00eancia e Tecnologia<\/strong><\/span><\/h1>\n<h3 style=\"text-align: center;\"><span style=\"text-decoration: underline;\"><a title=\"AC&amp;T \u2013 Instituto de P\u00f3s Gradua\u00e7\u00e3o nas \u00c1reas Biol\u00f3gicas\" href=\"http:\/\/www.ciencianews.com.br\/index.php\/home\/act-instituto-de-pos-graduacao-nas-areas-biologicas\/\"><strong>Instituto de P\u00f3s Gradua\u00e7\u00e3o em An\u00e1lises Cl\u00ednicas e Hematol\u00f3gicas<\/strong><\/a><\/span><\/h3>\n<\/p>\n<h3 style=\"text-align: center; color: #000000;\"><span style=\"text-decoration: underline;\"><strong>Cursos de P\u00f3s Gradua\u00e7\u00e3o Lato-Sensu<\/strong><\/a><\/span><\/h3>\n<p><!--center>[meteor_slideshow]<\/center--><\/p>\n<div style=\"text-align: center;\">\n<p><a href=\"http:\/\/www.ciencianews.com.br\/index.php\/publicacoes\/no-you-tube\/\"><img loading=\"lazy\" decoding=\"async\" src=\"http:\/\/www.ciencianews.com.br\/wp-content\/uploads\/2017\/04\/youtube.jpg\" alt=\"youtube\" width=\"235\" height=\"30\" class=\"alignnone size-full wp-image-4087\" \/><\/a><a href=\"https:\/\/www.facebook.com\/Academia-de-Ci\u00eancia-e-Tecnologia-173959839754175\/\" target=\"_blank\"><img loading=\"lazy\" decoding=\"async\" src=\"http:\/\/www.ciencianews.com.br\/wp-content\/uploads\/2017\/01\/facebook-30x30ligue2.png\" alt=\"facebook-30x30ligue2\" width=\"209\" height=\"30\" class=\"alignnone size-full wp-image-3978\" \/><\/a><img loading=\"lazy\" decoding=\"async\" src=\"http:\/\/www.ciencianews.com.br\/wp-content\/uploads\/2017\/01\/whatsapp30x30ligue2.jpg\" alt=\"whatsapp30x30ligue2\" width=\"164\" height=\"30\" class=\"alignnone size-full wp-image-3979\" \/><a href=\"http:\/\/www.ciencianews.com.br\/index.php\/publicacoes\/blog-cientifico-da-act\/\" target=\"_blank\"><img loading=\"lazy\" decoding=\"async\" src=\"http:\/\/www.ciencianews.com.br\/wp-content\/uploads\/2017\/02\/chat1.jpg\" alt=\"chat\" width=\"163\" height=\"32\" class=\"alignnone size-full wp-image-4034\" \/><\/a><br \/>\n<\/DIV><\/p>\n<p><!--\nparte 1\n--><\/p>\n<div style=\"text-align: left;\">\n<img loading=\"lazy\" decoding=\"async\" src=\"http:\/\/www.ciencianews.com.br\/wp-content\/uploads\/2016\/11\/pos_gradua\u00e7\u00e3o.png\" alt=\"pos_graduacao\" width=\"423\" height=\"50\" \/>\n<\/div>\n<div style=\"text-align: center;\">\n<p>[ezcol_1half]<img loading=\"lazy\" decoding=\"async\" class=\"alignleft size-full wp-image-3589\" src=\"http:\/\/www.ciencianews.com.br\/wp-content\/uploads\/2017\/04\/pos_esp_1.png\" alt=\"pos_img1\" width=\"450\" height=\"200\" \/><\/p>\n<div style=\"color: #000000; text-align: left; font-size: 15px; font-weight: bold;\"><a href=\"http:\/\/www.ciencianews.com.br\/index.php\/cursos\/pos-graduacao\/\/\">HEMATOLOGIA LABORATORIAL E BANCO DE SANGUE<br \/>\n<\/a><\/div>\n<div style=\"color: #000000; text-align: left;font-size: 15px\">16 Aulas: 9 Presenciais + 7 ONLINE<\/div>\n<div style=\"color: #000000; text-align: left;font-size: 15px;\">In\u00edcio previsto para Setembro\/2017<\/div>\n<div style=\"color: #ffffff; text-align: center;font-size: 15px;font-weight: bold;background-color: lightblue\"><a href=\"http:\/\/www.ciencianews.com.br\/index.php\/contato\/\">Inscri\u00e7\u00f5es Abertas<\/a><\/div>\n<div style=\"color: #ffffff; text-align: center;font-size: 15px;font-weight: bold;background-color: LightSteelBlue \"><a href=\"http:\/\/www.ciencianews.com.br\/arquivos\/ACET\/IMAGENS\/cursos_aperfeicoamento\/curso_de_Pos_hemato_bs_2017.pdf\"  target=\"_blank\">Veja a Programa\u00e7\u00e3o<\/a><\/div>\n<p>[\/ezcol_1half]<\/p>\n<p>[ezcol_1half_end]<img loading=\"lazy\" decoding=\"async\" class=\"alignleft size-full wp-image-3589\" src=\"http:\/\/www.ciencianews.com.br\/wp-content\/uploads\/2017\/04\/pos_esp_2.png\" alt=\"pos_img2\" width=\"450\" height=\"200\" \/><\/p>\n<div style=\"color: #000000; text-align: left; font-size: 15px; font-weight: bold;\"><a href=\"http:\/\/www.ciencianews.com.br\/index.php\/cursos\/pos-graduacao\/\">MICROBIOLOGIA E MICOLOGIA LABORATORIAL, CL\u00cdNICA E HOSPITALAR<\/a><\/div>\n<div style=\"color: #000000; text-align: left;font-size: 15px;\">15 Aulas: 8 Presenciais + 7 ONLINE<\/div>\n<div style=\"color: #000000; text-align: left;font-size: 15px;\">In\u00edcio previsto para Setembro\/2017<\/div>\n<div style=\"color: #ffffff; text-align: center;font-size: 15px;font-weight: bold;background-color: lightblue\"><a href=\"http:\/\/www.ciencianews.com.br\/index.php\/contato\/\">Inscri\u00e7\u00f5es Abertas<\/a><\/div>\n<div style=\"color: #ffffff; text-align: center;font-size: 15px;font-weight: bold;background-color: LightSteelBlue \"><a href=\"http:\/\/www.ciencianews.com.br\/arquivos\/ACET\/IMAGENS\/cursos_aperfeicoamento\/Curso_de_Pos_MICRO_2017.pdf\" target=\"_blank\">Veja a Programa\u00e7\u00e3o<\/a><\/div>\n<p>[\/ezcol_1half_end]<\/p>\n<\/div>\n<p>&nbsp;<br \/>\n&nbsp;<\/p>\n<p><img loading=\"lazy\" decoding=\"async\" class=\"alignleft size-full wp-image-3595\" src=\"http:\/\/www.ciencianews.com.br\/wp-content\/uploads\/2016\/11\/aperfei\u00e7oamento.png\" alt=\"aperfeicoamento\" width=\"423\" height=\"44\" srcset=\"https:\/\/www.ciencianews.com.br\/wp-content\/uploads\/2016\/11\/aperfei\u00e7oamento.png 423w, https:\/\/www.ciencianews.com.br\/wp-content\/uploads\/2016\/11\/aperfei\u00e7oamento-300x31.png 300w, https:\/\/www.ciencianews.com.br\/wp-content\/uploads\/2016\/11\/aperfei\u00e7oamento-250x26.png 250w\" sizes=\"auto, (max-width: 423px) 100vw, 423px\" \/><br \/>\n&nbsp;<\/p>\n<div style=\"text-align: left;\">\n[ezcol_1third]<br \/>\n<img loading=\"lazy\" decoding=\"async\" src=\"http:\/\/www.ciencianews.com.br\/wp-content\/uploads\/2017\/05\/mielograma_pagina_inicial.jpg\" alt=\"mielograma_pagina_inicial\" width=\"347\" height=\"118\" \/><\/a><\/p>\n<div style=\"color: #000000; text-align: left; font-size: 15px; font-weight: bold;\"><a href=\"http:\/\/www.ciencianews.com.br\/index.php\/cursos\/aperfeicoamento\/\">INTRODU\u00c7\u00c3O AO CURSO DE MIELOGRAMA<\/a><\/div>\n<div style=\"color: #000000; text-align: left;font-size: 15px\">19 e 20 de Agosto de 2017<\/div>\n<div style=\"color: #ffffff; text-align: center;font-size: 15px;font-weight: bold;background-color: lightblue\"><a href=\"http:\/\/www.ciencianews.com.br\/index.php\/contato\/\">Inscri\u00e7\u00f5es Abertas<\/a><\/div>\n<p>[\/ezcol_1third]<br \/>\n[ezcol_1third]<br \/>\n<img loading=\"lazy\" decoding=\"async\" class=\"alignleft size-full wp-image-3589\" src=\"http:\/\/www.ciencianews.com.br\/wp-content\/uploads\/2016\/11\/aper_img1.png\" alt=\"pos_img1\" width=\"347\" height=\"158\" \/><\/p>\n<div style=\"color: #000000; text-align: left; font-size: 15px; font-weight: bold;\"><a href=\"http:\/\/www.ciencianews.com.br\/index.php\/cursos\/aperfeicoamento\/\">APERFEI\u00c7OAMENTO ON-LINE<\/a><\/div>\n<div style=\"color: #000000; text-align: left;font-size: 15px\">Citologia Hematol\u00f3gica<\/div>\n<div style=\"color: #000000; text-align: left;font-size: 15px\">Eletroforese de Hemoglobinas<\/div>\n<div style=\"color: #000000; text-align: left;font-size: 15px\">Neoplasias Mieloproliferativas<\/div>\n<p>[\/ezcol_1third]<br \/>\n[ezcol_1third_end]<\/p>\n<td><img loading=\"lazy\" decoding=\"async\" class=\"alignleft size-full wp-image-3589\" src=\"http:\/\/www.ciencianews.com.br\/wp-content\/uploads\/2016\/11\/aper_img3.png\" alt=\"pos_img1\" width=\"347\" height=\"158\" \/><\/p>\n<div style=\"color: #000000; text-align: left; font-size: 15px; font-weight: bold;\"><a href=\"http:\/\/www.ciencianews.com.br\/index.php\/publicacoes\/video-aulas\/\">V\u00cdDEO-CURSOS ON-LINE<\/a><\/div>\n<div style=\"color: #000000; text-align: left;font-size: 15px\">Anemias, leucemias, linf\u00f3citos at\u00edpicos, plaquetas e coagula\u00e7\u00e3o,c\u00e2ncer<\/div>\n<p>[\/ezcol_1third_end]\n<\/p><\/div>\n<p>&nbsp;<br \/>\n&nbsp;<\/p>\n<p><!--\nparte 3\n--><\/p>\n<div style=\"text-align: left;\">\n<img loading=\"lazy\" decoding=\"async\" src=\"http:\/\/www.ciencianews.com.br\/wp-content\/uploads\/2017\/05\/aulas_rapidas.png\" alt=\"aulas_rapidas\" width=\"424\" height=\"42\" class=\"alignnone size-full wp-image-4237\" srcset=\"https:\/\/www.ciencianews.com.br\/wp-content\/uploads\/2017\/05\/aulas_rapidas.png 424w, https:\/\/www.ciencianews.com.br\/wp-content\/uploads\/2017\/05\/aulas_rapidas-300x30.png 300w, https:\/\/www.ciencianews.com.br\/wp-content\/uploads\/2017\/05\/aulas_rapidas-250x25.png 250w\" sizes=\"auto, (max-width: 424px) 100vw, 424px\" \/>\n<\/div>\n<div style=\"text-align: left;\">\n[ezcol_1third]<br \/>\n<img loading=\"lazy\" decoding=\"async\" class=\"alignleft size-full wp-image-3589\" src=\"http:\/\/www.ciencianews.com.br\/wp-content\/uploads\/2017\/04\/aula_mieloma.png\" alt=\"aula_mieloma\" width=\"347\" height=\"158\" \/><\/p>\n<div style=\"color: #000000; text-align: left; font-size: 15px; font-weight: bold;\"><a href=\"https:\/\/www.youtube.com\/embed\/ghzHQ5WKQho\" target=\"_blank\">AULA: MIELOMA M\u00daLTIPLO<\/a><\/div>\n<p>[\/ezcol_1third]<br \/>\n[ezcol_1third]<br \/>\n<img loading=\"lazy\" decoding=\"async\" class=\"alignleft size-full wp-image-3589\" src=\"http:\/\/www.ciencianews.com.br\/wp-content\/uploads\/2017\/05\/linfocitos_atipicos.jpg\" alt=\"linfocitos_atipicos\" width=\"347\" height=\"158\" \/><\/p>\n<div style=\"color: #000000; text-align: left; font-size: 15px; font-weight: bold;\"><a href=\"https:\/\/www.youtube.com\/embed\/3R0lMW7xLP8\" target=\"_blank\">AULA: LINF\u00d3CITOS AT\u00cdPICOS<\/a><\/div>\n<p>[\/ezcol_1third]<br \/>\n[ezcol_1third_end]<br \/>\n<img loading=\"lazy\" decoding=\"async\" class=\"alignleft size-full wp-image-3589\" src=\"http:\/\/www.ciencianews.com.br\/wp-content\/uploads\/2017\/04\/aula_eletroforese.png\" alt=\"aula_eletroforese\" width=\"347\" height=\"158\" \/><\/p>\n<div style=\"color: #000000; text-align: left; font-size: 15px; font-weight: bold;\"><a href=\"https:\/\/www.youtube.com\/embed\/bS5GEENcRjk\" target=\"_blank\">AULA: ELETROFORESES<\/a><\/div>\n<p>[\/ezcol_1third_end]\n<\/p><\/div>\n<p>&nbsp;<br \/>\n&nbsp;<\/p>\n<p><!--\nparte 4\n--><\/p>\n<div style=\"text-align: left;\">\n<img loading=\"lazy\" decoding=\"async\" class=\"alignleft size-full wp-image-3600\" src=\"http:\/\/www.ciencianews.com.br\/wp-content\/uploads\/2016\/11\/mais_ciencia.png\" alt=\"mais_ciencia\" width=\"424\" height=\"40\" srcset=\"https:\/\/www.ciencianews.com.br\/wp-content\/uploads\/2016\/11\/mais_ciencia.png 424w, https:\/\/www.ciencianews.com.br\/wp-content\/uploads\/2016\/11\/mais_ciencia-300x28.png 300w, https:\/\/www.ciencianews.com.br\/wp-content\/uploads\/2016\/11\/mais_ciencia-250x24.png 250w\" sizes=\"auto, (max-width: 424px) 100vw, 424px\" \/>\n<\/div>\n<p>&nbsp;<br \/>\n&nbsp;<\/p>\n<div style=\"text-align: left;\">\n[ezcol_1third]<br \/>\n<!--img src=\"http:\/\/www.ciencianews.com.br\/wp-content\/uploads\/2017\/04\/livro_capa_alterado.png\" alt=\"Livro\" width=\"100\" height=\"158\" \/><\/a>\n\n\n<div style=\"color: #000000; text-align: left; font-size: 15px; font-weight: bold;\">LAN\u00c7AMENTO - 2\u00aa EDI\u00c7\u00c3O<\/div>\n\n\n\n\n<div style=\"color: #000000; text-align: left;font-size: 15px\">Livro - Doen\u00e7as que Alteram os Exames Hematol\u00f3gicos (2017)<\/div>\n\n\n\n\n<div style=\"color: #ffffff; text-align: center;font-size: 15px;font-weight: bold;background-color: lightblue\"><a href=\"http:\/\/www.ciencianews.com.br\/index.php\/home\/livros-online\/\">Adquira o seu<\/a><\/div-->\n<div style=\"text-align: center;\">\n<img loading=\"lazy\" decoding=\"async\" src=\"http:\/\/www.ciencianews.com.br\/wp-content\/uploads\/2017\/04\/livro_capa_alterado.png\" alt=\"pos_img1\" width=\"150\" height=\"158\" \/><\/center>\n<\/div>\n<div style=\"color: #000000; text-align: left; font-size: 15px; font-weight: bold;\"><a href=\"http:\/\/www.ciencianews.com.br\/index.php\/home\/livros-online\/\">LAN\u00c7AMENTO &#8211; 2\u00aa EDI\u00c7\u00c3O<\/a><\/div>\n<div style=\"color: #000000; text-align: left;font-size: 15px\">Livro &#8211; Doen\u00e7as que Alteram os Exames Hematol\u00f3gicos (2017)<\/div>\n<div style=\"color: #ffffff; text-align: center;font-size: 15px;font-weight: bold;background-color: lightblue\"><a href=\"http:\/\/www.ciencianews.com.br\/index.php\/home\/livros-online\/\">Adquira o seu<\/a><\/div>\n<p>[\/ezcol_1third] <\/p>\n<p>[ezcol_1third]<br \/>\n<img loading=\"lazy\" decoding=\"async\" class=\"alignleft size-full wp-image-3589\" src=\"http:\/\/www.ciencianews.com.br\/wp-content\/uploads\/2017\/04\/img_atlas_atual.png\" alt=\"pos_img1\" width=\"347\" height=\"158\" \/><\/p>\n<div style=\"color: #000000; text-align: left; font-size: 15px; font-weight: bold;\"><a href=\"http:\/\/www.ciencianews.com.br\/index.php\/ciencia\/atlas-hematologico\/\">ATLAS HEMATOL\u00d3GICO<\/a><\/div>\n<p><!--img class=\"alignleft size-full wp-image-3589\" src=\"http:\/\/www.ciencianews.com.br\/wp-content\/uploads\/2017\/04\/aula_mieloma.png\" alt=\"aula_mieloma\" width=\"347\" height=\"158\" \/>\n\n\n<div style=\"color: #000000; text-align: left; font-size: 15px; font-weight: bold;\"><a href=\"https:\/\/www.youtube.com\/embed\/ghzHQ5WKQho\" target=\"_blank\">AULA: MIELOMA M\u00daLTIPLO<\/a><\/div-->\n<p>[\/ezcol_1third]<br \/>\n[ezcol_1third_end]<br \/>\n[meteor_slideshow]<\/p>\n<div style=\"color: #ffffff; text-align: center;font-size: 15px;font-weight: bold;background-color: lightblue\"><a href=\"http:\/\/www.ciencianews.com.br\/index.php\/fotos-cientificas\/\">Veja todas as imagens !<\/a><\/div>\n<p><!--img class=\"alignleft size-full wp-image-3589\" src=\"http:\/\/www.ciencianews.com.br\/wp-content\/uploads\/2017\/04\/aula_eletroforese.png\" alt=\"aula_eletroforese\" width=\"347\" height=\"158\" \/>\n\n\n<div style=\"color: #000000; text-align: left; font-size: 15px; font-weight: bold;\"><a href=\"https:\/\/www.youtube.com\/embed\/bS5GEENcRjk\" target=\"_blank\">AULA: ELETROFORESES<\/a><\/div-->\n[\/ezcol_1third_end]\n<\/div>\n<p>&nbsp;<\/p>\n<p><!--\nparte 5\n--><\/p>\n<div style=\"text-align: left;\">\n<img loading=\"lazy\" decoding=\"async\" src=\"http:\/\/www.ciencianews.com.br\/wp-content\/uploads\/2016\/11\/Link_Parceiros.png\" alt=\"pos_img1\" width=\"180\" height=\"42\" \/>\n<\/div>\n<p>&nbsp;<\/p>\n<div style=\"text-align: center;\">\n[ezcol_1third]<br \/>\n<a href=\"http:\/\/hemoglobinopatias.com.br\/\" target=\"_blank\"><img loading=\"lazy\" decoding=\"async\"  src=\"http:\/\/www.ciencianews.com.br\/wp-content\/uploads\/2016\/11\/btn_hemo.png\" alt=\"pos_img1\" width=\"180\" height=\"32\" \/><\/a><br \/>\n<a href=\"http:\/\/www.talassemias.com.br\/\" target=\"_blank\"><img loading=\"lazy\" decoding=\"async\"  src=\"http:\/\/www.ciencianews.com.br\/wp-content\/uploads\/2016\/11\/btn_tala.png\" alt=\"pos_img1\" width=\"180\" height=\"32\" \/><\/a><br \/>\n[\/ezcol_1third]<br \/>\n[ezcol_1third]<br \/>\n<a href=\"http:\/\/www.cienciadocancer.com\/\" target=\"_blank\"><img loading=\"lazy\" decoding=\"async\"  src=\"http:\/\/www.ciencianews.com.br\/wp-content\/uploads\/2016\/11\/btn_bio.png\" alt=\"pos_img1\" width=\"180\" height=\"32\" \/><\/a><br \/>\n<a href=\"http:\/\/www.institutonaoum.com.br\/\" target=\"_blank\"><img loading=\"lazy\" decoding=\"async\"  src=\"http:\/\/www.ciencianews.com.br\/wp-content\/uploads\/2016\/11\/btn_inst.png\" alt=\"pos_img1\" width=\"180\" height=\"32\" \/><br \/>\n[\/ezcol_1third]<br \/>\n[ezcol_1third_end]<br \/>\n<a href=\"http:\/\/www.cdalab.com.br\/\" target=\"_blank\"><img loading=\"lazy\" decoding=\"async\"  src=\"http:\/\/www.ciencianews.com.br\/wp-content\/uploads\/2017\/02\/btn_cda_lab.png\" alt=\"btn_cda_lab\" width=\"180\" height=\"32\" \/><\/a><br \/>\n<a href=\"http:\/\/faceres.com.br\/\" target=\"_blank\"><img loading=\"lazy\" decoding=\"async\"  src=\"http:\/\/www.ciencianews.com.br\/wp-content\/uploads\/2017\/02\/btn_faceres.png\" alt=\"btn_faceres\" width=\"180\" height=\"32\" \/><\/a><br \/>\n[\/ezcol_1third_end]\n<\/div>\n<p>&nbsp;<br \/>\n&nbsp;<\/p>\n<div style=\"text-align: left;background-color: #8B8989\">\n[ezcol_1half]<br \/>\n&nbsp;<br \/>\n<!--iframe src=\"https:\/\/www.youtube.com\/embed\/_4qONCahX3g\" width=\"500\" height=\"300\" frameborder=\"0\" allowfullscreen=\"allowfullscreen\"><\/iframe--><\/p>\n<div style=\"text-align: center;\">\n<img loading=\"lazy\" decoding=\"async\" src=\"http:\/\/www.ciencianews.com.br\/wp-content\/uploads\/2017\/05\/mosaico.png\" alt=\"mosaico\" width=\"399\" height=\"242\" \/><br \/>\n<center><\/p>\n<div style=\"color: #ffffff; text-align: center;font-size: 15px;font-weight: bold;background-color: lightblue;right: 100px; width: 100%\"><a href=\"http:\/\/www.ciencianews.com.br\/index.php\/fotos-das-turmas\/\"\">Clique e veja as Turmas de P\u00f3s Gradua\u00e7\u00e3o da AC&#038;T !<\/a><\/div>\n<p><\/center>\n<\/div>\n<p>[\/ezcol_1half]<br \/>\n[ezcol_1half_end]<br \/>\n<BR><\/p>\n<div style=\"color: #FFFFFF; font-size: 25px;font-weight: bold;\">Academia de Ci\u00eancia e Tecnologia<\/div>\n<p>&nbsp;<br \/>\n&nbsp;<\/p>\n<div style=\"color: #FFFFFF;  font-size: 17px;\">E-mail: a.c.t@terra.com.br<\/div>\n<div style=\"color: #FFFFFF;  font-size: 17px;\">Telefone (Phone): (55 17) 3233-4490<\/div>\n<div style=\"color: #FFFFFF;  font-size: 17px;\">Endere\u00e7o (Address): Rua Bonf\u00e1 Natale,1860<\/div>\n<div style=\"color: #FFFFFF;  font-size: 17px;\">CEP (Zip Code): 15020-130 &#8211; S\u00e3o Jos\u00e9 do Rio Preto,SP. <\/div>\n<p>[\/ezcol_1half_end]<br \/>\n<\/DIV><\/p>\n","protected":false},"excerpt":{"rendered":"<p>Academia de Ci\u00eancia e Tecnologia Instituto de P\u00f3s Gradua\u00e7\u00e3o em An\u00e1lises Cl\u00ednicas e Hematol\u00f3gicas Cursos de P\u00f3s Gradua\u00e7\u00e3o Lato-Sensu [ezcol_1half] HEMATOLOGIA LABORATORIAL E BANCO DE SANGUE 16 Aulas: 9 Presenciais + 7 ONLINE In\u00edcio previsto para Setembro\/2017 Inscri\u00e7\u00f5es Abertas Veja [&hellip;]<\/p>\n","protected":false},"author":1,"featured_media":0,"parent":0,"menu_order":0,"comment_status":"closed","ping_status":"closed","template":"","meta":{"_uag_custom_page_level_css":"","_joinchat":[],"footnotes":""},"class_list":["post-4229","page","type-page","status-publish","hentry"],"uagb_featured_image_src":{"full":false,"thumbnail":false,"medium":false,"medium_large":false,"large":false,"1536x1536":false,"2048x2048":false,"post-thumbnail":false,"business-hub-blog":false,"business-hub-work":false},"uagb_author_info":{"display_name":"real","author_link":"https:\/\/www.ciencianews.com.br\/index.php\/author\/real\/"},"uagb_comment_info":0,"uagb_excerpt":"Academia de Ci\u00eancia e Tecnologia Instituto de P\u00f3s Gradua\u00e7\u00e3o em An\u00e1lises Cl\u00ednicas e Hematol\u00f3gicas Cursos de P\u00f3s Gradua\u00e7\u00e3o Lato-Sensu [ezcol_1half] HEMATOLOGIA LABORATORIAL E BANCO DE SANGUE 16 Aulas: 9 Presenciais + 7 ONLINE In\u00edcio previsto para Setembro\/2017 Inscri\u00e7\u00f5es Abertas Veja [&hellip;]","_links":{"self":[{"href":"https:\/\/www.ciencianews.com.br\/index.php\/wp-json\/wp\/v2\/pages\/4229","targetHints":{"allow":["GET"]}}],"collection":[{"href":"https:\/\/www.ciencianews.com.br\/index.php\/wp-json\/wp\/v2\/pages"}],"about":[{"href":"https:\/\/www.ciencianews.com.br\/index.php\/wp-json\/wp\/v2\/types\/page"}],"author":[{"embeddable":true,"href":"https:\/\/www.ciencianews.com.br\/index.php\/wp-json\/wp\/v2\/users\/1"}],"replies":[{"embeddable":true,"href":"https:\/\/www.ciencianews.com.br\/index.php\/wp-json\/wp\/v2\/comments?post=4229"}],"version-history":[{"count":8,"href":"https:\/\/www.ciencianews.com.br\/index.php\/wp-json\/wp\/v2\/pages\/4229\/revisions"}],"predecessor-version":[{"id":4307,"href":"https:\/\/www.ciencianews.com.br\/index.php\/wp-json\/wp\/v2\/pages\/4229\/revisions\/4307"}],"wp:attachment":[{"href":"https:\/\/www.ciencianews.com.br\/index.php\/wp-json\/wp\/v2\/media?parent=4229"}],"curies":[{"name":"wp","href":"https:\/\/api.w.org\/{rel}","templated":true}]}}