{"id":469,"date":"2013-07-30T17:14:10","date_gmt":"2013-07-30T17:14:10","guid":{"rendered":"http:\/\/localhost\/wordpress\/?page_id=469"},"modified":"2013-08-12T20:18:34","modified_gmt":"2013-08-12T20:18:34","slug":"celulas-t-reguladoras-t-regs","status":"publish","type":"page","link":"https:\/\/www.ciencianews.com.br\/index.php\/publicacoes\/artigos-cientificos\/celulas-t-reguladoras-t-regs\/","title":{"rendered":"C\u00c9LULAS T REGULADORAS (T REGS)"},"content":{"rendered":"<p style=\"text-align: justify;\" align=\"center\">O nosso sistema imunol\u00f3gico funciona por meio do est\u00edmulo de a\u00e7\u00e3o direta contra ant\u00edgenos diversos e tamb\u00e9m por meio da a\u00e7\u00e3o de \u201cMem\u00f3ria Imunol\u00f3gica\u201d.<\/p>\n<p style=\"text-align: justify;\">Quando nosso sistema imunol\u00f3gico \u00e9 induzido a reagir frente \u00e0 agress\u00e3o de prote\u00ednas antig\u00eanicas, ocorrem a\u00e7\u00f5es citot\u00f3xicas (CD8+), a\u00e7\u00f5es de comunica\u00e7\u00f5es imunol\u00f3gicas (CD4+), produ\u00e7\u00e3o de anticorpos espec\u00edficos (Linf. B) e, antes de todo esse envolvimento ocorre a apresenta\u00e7\u00e3o dos ant\u00edgenos a essas c\u00e9lulas (CD4, CD8 e B) por meio de macr\u00f3fagos ou c\u00e9lulas apresentadoras de ant\u00edgenos.<\/p>\n<p style=\"text-align: justify;\">Sabe que toda a rea\u00e7\u00e3o imunol\u00f3gica tem que ter um fim, caso contr\u00e1rio se configuraria situa\u00e7\u00f5es auto-imunes, com a ocorr\u00eancia de doen\u00e7as auto-imunes.<\/p>\n<p style=\"text-align: justify;\">Recentemente descobriu-se que um dos controles que regulam a express\u00e3o imunol\u00f3gica das c\u00e9lulas T (CD4+ e CD8+, e B) \u00e9 provavelmente uma linhagem da pr\u00f3pria c\u00e9lula CD4+, e essa c\u00e9lula reguladora oriunda da c\u00e9lula T CD4 \u00e9 conhecida por c\u00e9lulas T Regs.<\/p>\n<p style=\"text-align: justify;\">As c\u00e9lulas T Regs analisadas por t\u00e9cnicas de imunofenotipagem revelam ser positivas para os determinantes CD4 e CD25, conjuntamente.<\/p>\n<p style=\"text-align: justify;\">A sua produ\u00e7\u00e3o ocorre da seguinte forma:<\/p>\n<p style=\"text-align: center;\"><img loading=\"lazy\" decoding=\"async\" class=\"aligncenter size-full wp-image-875\" alt=\"\" src=\"http:\/\/www.ciencianews.com.br\/homologacao\/wp-content\/uploads\/2013\/08\/tregs1-gde.jpg\" width=\"736\" height=\"553\" srcset=\"https:\/\/www.ciencianews.com.br\/wp-content\/uploads\/2013\/08\/tregs1-gde.jpg 736w, https:\/\/www.ciencianews.com.br\/wp-content\/uploads\/2013\/08\/tregs1-gde-300x225.jpg 300w, https:\/\/www.ciencianews.com.br\/wp-content\/uploads\/2013\/08\/tregs1-gde-680x510.jpg 680w\" sizes=\"auto, (max-width: 736px) 100vw, 736px\" \/><\/p>\n<p style=\"text-align: justify;\"><b>Conclus\u00e3o:<\/b>\u00a0As c\u00e9lulas T Regs s\u00e3o potentes reguladoras do sistema imune que agem para impedir que as c\u00e9lulas imunes continuem indefinidamente a exercer sua fun\u00e7\u00e3o imunol\u00f3gica em situa\u00e7\u00f5es espec\u00edficas.<\/p>\n<p style=\"text-align: justify;\">A identifica\u00e7\u00e3o de novos marcadores de superf\u00edcie para determinar com precis\u00e3o essas c\u00e9lulas T reguladoras ser\u00e1 fundamental para o controle de rejei\u00e7\u00e3o de tecidos transplantados, uma vez que identificaram casos de rejei\u00e7\u00e3o de tecidos por defici\u00eancia de C\u00e9lulas T Regs.<\/p>\n","protected":false},"excerpt":{"rendered":"<p>O nosso sistema imunol\u00f3gico funciona por meio do est\u00edmulo de a\u00e7\u00e3o direta contra ant\u00edgenos diversos e tamb\u00e9m por meio da a\u00e7\u00e3o de \u201cMem\u00f3ria Imunol\u00f3gica\u201d. Quando nosso sistema imunol\u00f3gico \u00e9 induzido a reagir frente \u00e0 agress\u00e3o de prote\u00ednas antig\u00eanicas, ocorrem a\u00e7\u00f5es [&hellip;]<\/p>\n","protected":false},"author":2,"featured_media":0,"parent":130,"menu_order":0,"comment_status":"closed","ping_status":"open","template":"","meta":{"_uag_custom_page_level_css":"","_joinchat":[],"footnotes":""},"class_list":["post-469","page","type-page","status-publish","hentry"],"uagb_featured_image_src":{"full":false,"thumbnail":false,"medium":false,"medium_large":false,"large":false,"1536x1536":false,"2048x2048":false,"post-thumbnail":false,"business-hub-blog":false,"business-hub-work":false},"uagb_author_info":{"display_name":"admin","author_link":"https:\/\/www.ciencianews.com.br\/index.php\/author\/admin\/"},"uagb_comment_info":0,"uagb_excerpt":"O nosso sistema imunol\u00f3gico funciona por meio do est\u00edmulo de a\u00e7\u00e3o direta contra ant\u00edgenos diversos e tamb\u00e9m por meio da a\u00e7\u00e3o de \u201cMem\u00f3ria Imunol\u00f3gica\u201d. Quando nosso sistema imunol\u00f3gico \u00e9 induzido a reagir frente \u00e0 agress\u00e3o de prote\u00ednas antig\u00eanicas, ocorrem a\u00e7\u00f5es [&hellip;]","_links":{"self":[{"href":"https:\/\/www.ciencianews.com.br\/index.php\/wp-json\/wp\/v2\/pages\/469","targetHints":{"allow":["GET"]}}],"collection":[{"href":"https:\/\/www.ciencianews.com.br\/index.php\/wp-json\/wp\/v2\/pages"}],"about":[{"href":"https:\/\/www.ciencianews.com.br\/index.php\/wp-json\/wp\/v2\/types\/page"}],"author":[{"embeddable":true,"href":"https:\/\/www.ciencianews.com.br\/index.php\/wp-json\/wp\/v2\/users\/2"}],"replies":[{"embeddable":true,"href":"https:\/\/www.ciencianews.com.br\/index.php\/wp-json\/wp\/v2\/comments?post=469"}],"version-history":[{"count":3,"href":"https:\/\/www.ciencianews.com.br\/index.php\/wp-json\/wp\/v2\/pages\/469\/revisions"}],"predecessor-version":[{"id":1124,"href":"https:\/\/www.ciencianews.com.br\/index.php\/wp-json\/wp\/v2\/pages\/469\/revisions\/1124"}],"up":[{"embeddable":true,"href":"https:\/\/www.ciencianews.com.br\/index.php\/wp-json\/wp\/v2\/pages\/130"}],"wp:attachment":[{"href":"https:\/\/www.ciencianews.com.br\/index.php\/wp-json\/wp\/v2\/media?parent=469"}],"curies":[{"name":"wp","href":"https:\/\/api.w.org\/{rel}","templated":true}]}}