{"id":4960,"date":"2019-09-18T18:17:24","date_gmt":"2019-09-18T18:17:24","guid":{"rendered":"http:\/\/www.ciencianews.com.br\/?page_id=4960"},"modified":"2019-09-18T19:24:07","modified_gmt":"2019-09-18T19:24:07","slug":"quick-class-anemias-aulas-rapidas-de-3-a-8-minutos","status":"publish","type":"page","link":"https:\/\/www.ciencianews.com.br\/index.php\/home\/quick-class-anemias-aulas-rapidas-de-3-a-8-minutos\/","title":{"rendered":"Quick-Class Anemias &#8211; Aulas r\u00e1pidas de 3 a 8 minutos"},"content":{"rendered":"<div style=\"text-align: center;\">\n<div style=\"font-style: italic;font-size: 16px; color: #000000; font-weight: bold; text-align: center;\">\n<h2>1 &#8211; Defini\u00e7\u00e3o e Classifica\u00e7\u00e3o<\/h2>\n<\/div>\n<p>        <div id=\"fp6a04af40539bf\" data-ratio=\"0.417\" data-share=\"false\" class=\"flowplayer minimalist\">\n            <video>\n               <source type=\"video\/mp4\" src=\"http:\/\/ciencianews.com.br\/arquivos\/ACET\/IMAGENS\/QuickClass\/Anemias\/anemias2\/Quick-anem-1.mp4\"\/>   \n            <\/video>\n        <\/div>\n            <style>\n        #fp6a04af40539bf {\n            \n            background-color: #000;    \n        }\n    <\/style><br \/>\n&nbsp;<\/p>\n<div style=\"font-style: italic;font-size: 16px; color: #000000; font-weight: bold; text-align: center;\">\n<h2>2 &#8211; Indices Hematim\u00e9tricos<\/h2>\n<\/div>\n<p>        <div id=\"fp6a04af4053a15\" data-ratio=\"0.417\" data-share=\"false\" class=\"flowplayer minimalist\">\n            <video>\n               <source type=\"video\/mp4\" src=\"http:\/\/ciencianews.com.br\/arquivos\/ACET\/IMAGENS\/QuickClass\/Anemias\/anemias2\/Quick-anem-2.mp4\"\/>   \n            <\/video>\n        <\/div>\n            <style>\n        #fp6a04af4053a15 {\n            \n            background-color: #000;    \n        }\n    <\/style><br \/>\n&nbsp;<\/p>\n<div style=\"font-style: italic;font-size: 16px; color: #000000; font-weight: bold; text-align: center;\">\n<h2>3 &#8211; Anemias Adquiridas<\/h2>\n<\/div>\n<p>        <div id=\"fp6a04af4053a4a\" data-ratio=\"0.417\" data-share=\"false\" class=\"flowplayer minimalist\">\n            <video>\n               <source type=\"video\/mp4\" src=\"http:\/\/ciencianews.com.br\/arquivos\/ACET\/IMAGENS\/QuickClass\/Anemias\/anemias2\/Quick-anem-3.mp4\"\/>   \n            <\/video>\n        <\/div>\n            <style>\n        #fp6a04af4053a4a {\n            \n            background-color: #000;    \n        }\n    <\/style><br \/>\n&nbsp;<\/p>\n<div style=\"font-style: italic;font-size: 16px; color: #000000; font-weight: bold; text-align: center;\">\n<h2>4 &#8211; Anemias hemol\u00edticas<\/h2>\n<\/div>\n<p>        <div id=\"fp6a04af4053a7c\" data-ratio=\"0.417\" data-share=\"false\" class=\"flowplayer minimalist\">\n            <video>\n               <source type=\"video\/mp4\" src=\"http:\/\/ciencianews.com.br\/arquivos\/ACET\/IMAGENS\/QuickClass\/Anemias\/anemias2\/Quick-anem-4.mp4\"\/>   \n            <\/video>\n        <\/div>\n            <style>\n        #fp6a04af4053a7c {\n            \n            background-color: #000;    \n        }\n    <\/style><br \/>\n&nbsp;<\/p>\n<div style=\"font-style: italic;font-size: 16px; color: #000000; font-weight: bold; text-align: center;\">\n<h2>5 &#8211; Anemias microc\u00edticas<\/h2>\n<\/div>\n<p>        <div id=\"fp6a04af4053aac\" data-ratio=\"0.417\" data-share=\"false\" class=\"flowplayer minimalist\">\n            <video>\n               <source type=\"video\/mp4\" src=\"http:\/\/ciencianews.com.br\/arquivos\/ACET\/IMAGENS\/QuickClass\/Anemias\/anemias2\/Quick-anem-5.mp4\"\/>   \n            <\/video>\n        <\/div>\n            <style>\n        #fp6a04af4053aac {\n            \n            background-color: #000;    \n        }\n    <\/style><br \/>\n&nbsp;<\/p>\n<div style=\"font-style: italic;font-size: 16px; color: #000000; font-weight: bold; text-align: center;\">\n<h2>6 &#8211; Diferencia\u00e7\u00e3o das microcitoses<\/h2>\n<\/div>\n<p>        <div id=\"fp6a04af4053adc\" data-ratio=\"0.417\" data-share=\"false\" class=\"flowplayer minimalist\">\n            <video>\n               <source type=\"video\/mp4\" src=\"http:\/\/ciencianews.com.br\/arquivos\/ACET\/IMAGENS\/QuickClass\/Anemias\/anemias2\/Quick-anem-6.mp4\"\/>   \n            <\/video>\n        <\/div>\n            <style>\n        #fp6a04af4053adc {\n            \n            background-color: #000;    \n        }\n    <\/style><br \/>\n&nbsp;<\/p>\n<div style=\"font-style: italic;font-size: 16px; color: #000000; font-weight: bold; text-align: center;\">\n<h2>7 &#8211; An\u00e1lise do perfil de ferro<\/h2>\n<\/div>\n<p>        <div id=\"fp6a04af4053b09\" data-ratio=\"0.417\" data-share=\"false\" class=\"flowplayer minimalist\">\n            <video>\n               <source type=\"video\/mp4\" src=\"http:\/\/ciencianews.com.br\/arquivos\/ACET\/IMAGENS\/QuickClass\/Anemias\/anemias2\/Quick-anem-7.mp4\"\/>   \n            <\/video>\n        <\/div>\n            <style>\n        #fp6a04af4053b09 {\n            \n            background-color: #000;    \n        }\n    <\/style><br \/>\n&nbsp;<\/p>\n<div style=\"font-style: italic;font-size: 16px; color: #000000; font-weight: bold; text-align: center;\">\n<h2>8 &#8211; Contagem de reticul\u00f3citos<\/h2>\n<\/div>\n<p>        <div id=\"fp6a04af4053b39\" data-ratio=\"0.417\" data-share=\"false\" class=\"flowplayer minimalist\">\n            <video>\n               <source type=\"video\/mp4\" src=\"http:\/\/ciencianews.com.br\/arquivos\/ACET\/IMAGENS\/QuickClass\/Anemias\/anemias2\/Quick-anem-8.mp4\"\/>   \n            <\/video>\n        <\/div>\n            <style>\n        #fp6a04af4053b39 {\n            \n            background-color: #000;    \n        }\n    <\/style><br \/>\n&nbsp;<\/p>\n<div style=\"font-style: italic;font-size: 16px; color: #000000; font-weight: bold; text-align: center;\">\n<h2>9 &#8211; Morfologia eritrocit\u00e1ria<\/h2>\n<\/div>\n<p>        <div id=\"fp6a04af4053b64\" data-ratio=\"0.417\" data-share=\"false\" class=\"flowplayer minimalist\">\n            <video>\n               <source type=\"video\/mp4\" src=\"http:\/\/ciencianews.com.br\/arquivos\/ACET\/IMAGENS\/QuickClass\/Anemias\/anemias2\/Quick-anem-9.mp4\"\/>   \n            <\/video>\n        <\/div>\n            <style>\n        #fp6a04af4053b64 {\n            \n            background-color: #000;    \n        }\n    <\/style><br \/>\n&nbsp;<\/p>\n<div style=\"font-style: italic;font-size: 16px; color: #000000; font-weight: bold; text-align: center;\">\n<h2>10 &#8211; Inclus\u00f5es eritrocit\u00e1rias<\/h2>\n<\/div>\n        <div id=\"fp6a04af4053b8e\" data-ratio=\"0.417\" data-share=\"false\" class=\"flowplayer minimalist\">\n            <video>\n               <source type=\"video\/mp4\" src=\"http:\/\/ciencianews.com.br\/arquivos\/ACET\/IMAGENS\/QuickClass\/Anemias\/anemias2\/Quick-anem-10.mp4\"\/>   \n            <\/video>\n        <\/div>\n            <style>\n        #fp6a04af4053b8e {\n            \n            background-color: #000;    \n        }\n    <\/style>\n<\/div>\n","protected":false},"excerpt":{"rendered":"<p>1 &#8211; Defini\u00e7\u00e3o e Classifica\u00e7\u00e3o &nbsp; 2 &#8211; Indices Hematim\u00e9tricos &nbsp; 3 &#8211; Anemias Adquiridas &nbsp; 4 &#8211; Anemias hemol\u00edticas &nbsp; 5 &#8211; Anemias microc\u00edticas &nbsp; 6 &#8211; Diferencia\u00e7\u00e3o das microcitoses &nbsp; 7 &#8211; An\u00e1lise do perfil de ferro &nbsp; [&hellip;]<\/p>\n","protected":false},"author":1,"featured_media":0,"parent":97,"menu_order":0,"comment_status":"closed","ping_status":"closed","template":"","meta":{"_uag_custom_page_level_css":"","_joinchat":[],"footnotes":""},"class_list":["post-4960","page","type-page","status-publish","hentry"],"uagb_featured_image_src":{"full":false,"thumbnail":false,"medium":false,"medium_large":false,"large":false,"1536x1536":false,"2048x2048":false,"post-thumbnail":false,"business-hub-blog":false,"business-hub-work":false},"uagb_author_info":{"display_name":"real","author_link":"https:\/\/www.ciencianews.com.br\/index.php\/author\/real\/"},"uagb_comment_info":0,"uagb_excerpt":"1 &#8211; Defini\u00e7\u00e3o e Classifica\u00e7\u00e3o &nbsp; 2 &#8211; Indices Hematim\u00e9tricos &nbsp; 3 &#8211; Anemias Adquiridas &nbsp; 4 &#8211; Anemias hemol\u00edticas &nbsp; 5 &#8211; Anemias microc\u00edticas &nbsp; 6 &#8211; Diferencia\u00e7\u00e3o das microcitoses &nbsp; 7 &#8211; An\u00e1lise do perfil de ferro &nbsp; [&hellip;]","_links":{"self":[{"href":"https:\/\/www.ciencianews.com.br\/index.php\/wp-json\/wp\/v2\/pages\/4960","targetHints":{"allow":["GET"]}}],"collection":[{"href":"https:\/\/www.ciencianews.com.br\/index.php\/wp-json\/wp\/v2\/pages"}],"about":[{"href":"https:\/\/www.ciencianews.com.br\/index.php\/wp-json\/wp\/v2\/types\/page"}],"author":[{"embeddable":true,"href":"https:\/\/www.ciencianews.com.br\/index.php\/wp-json\/wp\/v2\/users\/1"}],"replies":[{"embeddable":true,"href":"https:\/\/www.ciencianews.com.br\/index.php\/wp-json\/wp\/v2\/comments?post=4960"}],"version-history":[{"count":7,"href":"https:\/\/www.ciencianews.com.br\/index.php\/wp-json\/wp\/v2\/pages\/4960\/revisions"}],"predecessor-version":[{"id":5713,"href":"https:\/\/www.ciencianews.com.br\/index.php\/wp-json\/wp\/v2\/pages\/4960\/revisions\/5713"}],"up":[{"embeddable":true,"href":"https:\/\/www.ciencianews.com.br\/index.php\/wp-json\/wp\/v2\/pages\/97"}],"wp:attachment":[{"href":"https:\/\/www.ciencianews.com.br\/index.php\/wp-json\/wp\/v2\/media?parent=4960"}],"curies":[{"name":"wp","href":"https:\/\/api.w.org\/{rel}","templated":true}]}}