{"id":4985,"date":"2019-08-13T14:29:26","date_gmt":"2019-08-13T14:29:26","guid":{"rendered":"http:\/\/www.ciencianews.com.br\/?page_id=4985"},"modified":"2025-07-03T20:54:39","modified_gmt":"2025-07-03T20:54:39","slug":"artigos-de-analises-clinicas-em-medicina-veterinaria","status":"publish","type":"page","link":"https:\/\/www.ciencianews.com.br\/index.php\/home\/biblioteca_digital\/b-d-outros-temas\/b-d-analises-clinicas-em-medicina-veterinaria\/artigos-de-analises-clinicas-em-medicina-veterinaria\/","title":{"rendered":"ARTIGOS DE AN\u00c1LISES CL\u00cdNICAS EM MEDICINA VETERIN\u00c1RIA"},"content":{"rendered":"<h1 align=\"center\"><span style=\"color: #000000;\"><strong>ARTIGOS<\/strong><\/span><\/h1>\n<p><strong>Escolha o tema de sua prefer\u00eancia:<\/strong><\/p>\n<ol>\n<li style=\"list-style-type: none;\">\n<ol>\n<li>\n<h4><em><strong><a title=\"HEMOPARASITAS CANINOS\" href=\"http:\/\/www.ciencianews.com.br\/arquivos\/ACET\/IMAGENS\/biblioteca-digital\/analise-clinica-em-medicina-veterinaria\/01-Hemoparasitas-caninos.pdf\" target=\"_blank\" rel=\"noopener noreferrer\"> HEMOPARASITAS CANINOS<\/a><\/strong><\/em><\/h4>\n<\/li>\n<li>\n<h4><em><strong><a title=\"CONTRIBUI\u00c7\u00c3O \u00c1 PADRONIZA\u00c7\u00c3O DOS PERFIS BIOQU\u00cdMICOS EM C\u00c3ES\" href=\"http:\/\/www.ciencianews.com.br\/arquivos\/ACET\/IMAGENS\/biblioteca-digital\/analise-clinica-em-medicina-veterinaria\/02-contribuicao-a-padronizacao-dos-perfis-bio.pdf\" target=\"_blank\" rel=\"noopener noreferrer\"> CONTRIBUI\u00c7\u00c3O \u00c1 PADRONIZA\u00c7\u00c3O DOS PERFIS BIOQU\u00cdMICOS EM C\u00c3ES<\/a><\/strong><\/em><\/h4>\n<\/li>\n<li>\n<h4><em><strong><a title=\"PADRONIZA\u00c7\u00c3O HEMATOL\u00d3GICA E LEUCOCIT\u00c1RIA DE BOVINOS DA RA\u00c7A GUZER\u00c1 EM UBERABA-MG\" href=\"http:\/\/www.ciencianews.com.br\/arquivos\/ACET\/IMAGENS\/biblioteca-digital\/analise-clinica-em-medicina-veterinaria\/03-padronizacao-hematologica-e-leucocitaria-de-bovinos.pdf\" target=\"_blank\" rel=\"noopener noreferrer\"> PADRONIZA\u00c7\u00c3O HEMATOL\u00d3GICA E LEUCOCIT\u00c1RIA DE BOVINOS DA RA\u00c7A GUZER\u00c1 EM UBERABA-MG<\/a><\/strong><\/em><\/h4>\n<\/li>\n<li>\n<h4><em><strong><a title=\"OCORR\u00caNCIA E CLASSIFICA\u00c7\u00c3O DAS ANEMIAS DE C\u00c3ES E GATOS EM OURINHOS-SP\" href=\"http:\/\/www.ciencianews.com.br\/arquivos\/ACET\/IMAGENS\/biblioteca-digital\/analise-clinica-em-medicina-veterinaria\/04-Ocorrencia-e-classificacao-das-anemias-de-caes-e-gatos.pdf\" target=\"_blank\" rel=\"noopener noreferrer\"> OCORR\u00caNCIA E CLASSIFICA\u00c7\u00c3O DAS ANEMIAS DE C\u00c3ES E GATOS EM OURINHOS-SP<\/a><\/strong><\/em><\/h4>\n<\/li>\n<li>\n<h4><em><strong><a title=\"LEUCEMIA LINFOC\u00cdTICA EM C\u00c3ES\" href=\"http:\/\/www.ciencianews.com.br\/arquivos\/ACET\/IMAGENS\/biblioteca-digital\/analise-clinica-em-medicina-veterinaria\/05.pdf\" target=\"_blank\" rel=\"noopener noreferrer\">LEUCEMIA LINFOC\u00cdTICA EM C\u00c3ES<\/a><\/strong><\/em><\/h4>\n<\/li>\n<li>\n<h4><em><strong><a title=\"LEUCEMIA LINFOC\u00cdTICA EM C\u00c3ES\" href=\"http:\/\/www.ciencianews.com.br\/arquivos\/ACET\/IMAGENS\/biblioteca-digital\/analise-clinica-em-medicina-veterinaria\/6_Leoberto%20de%20Lima%20-%20Mar%C3%A7o%202025.pdf\" target=\"_blank\" rel=\"noopener noreferrer\">COMPARA\u00c7\u00c3O DE CONTAGEM DE PLAQUETAS PELOS M\u00c9TODOS: AUTOMATIZADO, FONIO E O\u00b4CONNOR EM AMOSTRAS DE C\u00c3ES<\/a><\/strong><\/em><\/h4>\n<\/li>\n<\/ol>\n<\/li>\n<\/ol>\n<div style=\"text-align: center;\">\n<p>[ezcol_1third]<br \/>\n<a href=\"http:\/\/www.ciencianews.com.br\/index.php\/home\/biblioteca_digital\/b-d-outros-temas\/b-d-analises-clinicas-em-medicina-veterinaria\/\"> <img loading=\"lazy\" decoding=\"async\" class=\"alignnone size-thumbnail wp-image-4997\" src=\"http:\/\/www.ciencianews.com.br\/wp-content\/uploads\/2019\/08\/voltar-150x150.png\" alt=\"voltar\" width=\"70\" height=\"70\" srcset=\"https:\/\/www.ciencianews.com.br\/wp-content\/uploads\/2019\/08\/voltar-150x150.png 150w, https:\/\/www.ciencianews.com.br\/wp-content\/uploads\/2019\/08\/voltar-250x250.png 250w, https:\/\/www.ciencianews.com.br\/wp-content\/uploads\/2019\/08\/voltar.png 256w\" sizes=\"auto, (max-width: 70px) 100vw, 70px\" \/> <\/a><\/p>\n<div style=\"color: #000000; text-align: center; font-size: 15px; font-weight: bold;\"><a href=\"http:\/\/www.ciencianews.com.br\/index.php\/home\/biblioteca_digital\/b-d-outros-temas\/b-d-analises-clinicas-em-medicina-veterinaria\/\">Voltar<\/a><\/p>\n<\/div>\n<p>[\/ezcol_1third]<br \/>\n[ezcol_1third]<br \/>\n<a href=\"http:\/\/www.ciencianews.com.br\/index.php\/home\/biblioteca_digital\/\"> <img loading=\"lazy\" decoding=\"async\" class=\"alignnone size-thumbnail wp-image-4996\" src=\"http:\/\/www.ciencianews.com.br\/wp-content\/uploads\/2019\/08\/home-150x150.jpg\" alt=\"home\" width=\"70\" height=\"70\" srcset=\"https:\/\/www.ciencianews.com.br\/wp-content\/uploads\/2019\/08\/home-150x150.jpg 150w, https:\/\/www.ciencianews.com.br\/wp-content\/uploads\/2019\/08\/home.jpg 225w\" sizes=\"auto, (max-width: 70px) 100vw, 70px\" \/> <\/a><\/p>\n<div style=\"color: #000000; text-align: center; font-size: 15px; font-weight: bold;\"><a href=\"http:\/\/www.ciencianews.com.br\/index.php\/home\/biblioteca_digital\/\">Biblioteca Digital<\/a><\/p>\n<\/div>\n<p>[\/ezcol_1third]<br \/>\n[ezcol_1third_end]<br \/>\n<a> <img loading=\"lazy\" decoding=\"async\" class=\"alignnone size-thumbnail wp-image-4995\" src=\"http:\/\/www.ciencianews.com.br\/wp-content\/uploads\/2019\/08\/avancar-150x150.png\" alt=\"avancar\" width=\"70\" height=\"70\" srcset=\"https:\/\/www.ciencianews.com.br\/wp-content\/uploads\/2019\/08\/avancar-150x150.png 150w, https:\/\/www.ciencianews.com.br\/wp-content\/uploads\/2019\/08\/avancar-250x250.png 250w, https:\/\/www.ciencianews.com.br\/wp-content\/uploads\/2019\/08\/avancar.png 256w\" sizes=\"auto, (max-width: 70px) 100vw, 70px\" \/> <\/a><\/p>\n<div style=\"color: #000000; text-align: center; font-size: 15px; font-weight: bold;\"><a>Pr\u00f3ximo T\u00f3pico: &#8220;CITOLOGIA PATOL\u00d3GICA&#8221;<\/a><\/p>\n<\/div>\n<p>[\/ezcol_1third_end]<\/p>\n<\/div>\n","protected":false},"excerpt":{"rendered":"<p>ARTIGOS Escolha o tema de sua prefer\u00eancia: HEMOPARASITAS CANINOS CONTRIBUI\u00c7\u00c3O \u00c1 PADRONIZA\u00c7\u00c3O DOS PERFIS BIOQU\u00cdMICOS EM C\u00c3ES PADRONIZA\u00c7\u00c3O HEMATOL\u00d3GICA E LEUCOCIT\u00c1RIA DE BOVINOS DA RA\u00c7A GUZER\u00c1 EM UBERABA-MG OCORR\u00caNCIA E CLASSIFICA\u00c7\u00c3O DAS ANEMIAS DE C\u00c3ES E GATOS EM OURINHOS-SP LEUCEMIA [&hellip;]<\/p>\n","protected":false},"author":1,"featured_media":0,"parent":4978,"menu_order":0,"comment_status":"closed","ping_status":"closed","template":"","meta":{"_uag_custom_page_level_css":"","_joinchat":[],"footnotes":""},"class_list":["post-4985","page","type-page","status-publish","hentry"],"uagb_featured_image_src":{"full":false,"thumbnail":false,"medium":false,"medium_large":false,"large":false,"1536x1536":false,"2048x2048":false,"post-thumbnail":false,"business-hub-blog":false,"business-hub-work":false},"uagb_author_info":{"display_name":"real","author_link":"https:\/\/www.ciencianews.com.br\/index.php\/author\/real\/"},"uagb_comment_info":0,"uagb_excerpt":"ARTIGOS Escolha o tema de sua prefer\u00eancia: HEMOPARASITAS CANINOS CONTRIBUI\u00c7\u00c3O \u00c1 PADRONIZA\u00c7\u00c3O DOS PERFIS BIOQU\u00cdMICOS EM C\u00c3ES PADRONIZA\u00c7\u00c3O HEMATOL\u00d3GICA E LEUCOCIT\u00c1RIA DE BOVINOS DA RA\u00c7A GUZER\u00c1 EM UBERABA-MG OCORR\u00caNCIA E CLASSIFICA\u00c7\u00c3O DAS ANEMIAS DE C\u00c3ES E GATOS EM OURINHOS-SP LEUCEMIA [&hellip;]","_links":{"self":[{"href":"https:\/\/www.ciencianews.com.br\/index.php\/wp-json\/wp\/v2\/pages\/4985","targetHints":{"allow":["GET"]}}],"collection":[{"href":"https:\/\/www.ciencianews.com.br\/index.php\/wp-json\/wp\/v2\/pages"}],"about":[{"href":"https:\/\/www.ciencianews.com.br\/index.php\/wp-json\/wp\/v2\/types\/page"}],"author":[{"embeddable":true,"href":"https:\/\/www.ciencianews.com.br\/index.php\/wp-json\/wp\/v2\/users\/1"}],"replies":[{"embeddable":true,"href":"https:\/\/www.ciencianews.com.br\/index.php\/wp-json\/wp\/v2\/comments?post=4985"}],"version-history":[{"count":16,"href":"https:\/\/www.ciencianews.com.br\/index.php\/wp-json\/wp\/v2\/pages\/4985\/revisions"}],"predecessor-version":[{"id":7772,"href":"https:\/\/www.ciencianews.com.br\/index.php\/wp-json\/wp\/v2\/pages\/4985\/revisions\/7772"}],"up":[{"embeddable":true,"href":"https:\/\/www.ciencianews.com.br\/index.php\/wp-json\/wp\/v2\/pages\/4978"}],"wp:attachment":[{"href":"https:\/\/www.ciencianews.com.br\/index.php\/wp-json\/wp\/v2\/media?parent=4985"}],"curies":[{"name":"wp","href":"https:\/\/api.w.org\/{rel}","templated":true}]}}