{"id":5039,"date":"2019-08-14T15:08:41","date_gmt":"2019-08-14T15:08:41","guid":{"rendered":"http:\/\/www.ciencianews.com.br\/?page_id=5039"},"modified":"2019-08-15T19:24:08","modified_gmt":"2019-08-15T19:24:08","slug":"titulos-e-sumarios-de-hemoterapia-banco-de-sangue","status":"publish","type":"page","link":"https:\/\/www.ciencianews.com.br\/index.php\/home\/biblioteca_digital\/biblioteca-digital-hemoterapia\/b-d-hemoterapia-banco-de-sangue\/titulos-e-sumarios-de-hemoterapia-banco-de-sangue\/","title":{"rendered":"T\u00cdTULOS E SUM\u00c1RIOS DE HEMOTERAPIA &#8211; BANCO DE SANGUE"},"content":{"rendered":"<h1 align=\"center\"><span style=\"color: #000000;\"><strong>T\u00cdTULOS E SUM\u00c1RIOS<\/strong><\/span><\/h1>\n<\/p>\n<p>&nbsp;<br \/>\n<!--strong>Escolha o tema de sua prefer\u00eancia:<\/strong--><\/p>\n<ol>\n<li>\n<h4><em><strong><a title=\"HEMOPARASITAS CANINOS\" href=\"http:\/\/www.ciencianews.com.br\/arquivos\/ACET\/IMAGENS\/biblioteca-digital\/hemoterapia\/banco-sangue\/Ttulos-e-sumarios-de-artigos.pdf\" target=\"_blank\"> T\u00cdTULOS E SUM\u00c1RIOS DOS ARTIGOS<\/a><\/strong><\/em><\/h4>\n<\/li>\n<p>&nbsp;<br \/>\n&nbsp;<\/p>\n<div style=\"text-align: center;\">\n<p>[ezcol_1third]<br \/>\n<a href=\"http:\/\/www.ciencianews.com.br\/index.php\/home\/biblioteca_digital\/biblioteca-digital-hemoterapia\/b-d-hemoterapia-banco-de-sangue\/\"> <img loading=\"lazy\" decoding=\"async\" src=\"http:\/\/www.ciencianews.com.br\/wp-content\/uploads\/2019\/08\/voltar-150x150.png\" alt=\"voltar\" width=\"70\" height=\"70\" class=\"alignnone size-thumbnail wp-image-4997\" srcset=\"https:\/\/www.ciencianews.com.br\/wp-content\/uploads\/2019\/08\/voltar-150x150.png 150w, https:\/\/www.ciencianews.com.br\/wp-content\/uploads\/2019\/08\/voltar-250x250.png 250w, https:\/\/www.ciencianews.com.br\/wp-content\/uploads\/2019\/08\/voltar.png 256w\" sizes=\"auto, (max-width: 70px) 100vw, 70px\" \/> <\/p>\n<div style=\"color: #000000; text-align: center; font-size: 15px; font-weight: bold;\">Voltar<\/a><\/p>\n<\/div>\n<p>[\/ezcol_1third]<br \/>\n[ezcol_1third]<br \/>\n<a href=\"http:\/\/www.ciencianews.com.br\/index.php\/home\/biblioteca_digital\/\"> <img loading=\"lazy\" decoding=\"async\" src=\"http:\/\/www.ciencianews.com.br\/wp-content\/uploads\/2019\/08\/home-150x150.jpg\" alt=\"home\" width=\"70\" height=\"70\" class=\"alignnone size-thumbnail wp-image-4996\" srcset=\"https:\/\/www.ciencianews.com.br\/wp-content\/uploads\/2019\/08\/home-150x150.jpg 150w, https:\/\/www.ciencianews.com.br\/wp-content\/uploads\/2019\/08\/home.jpg 225w\" sizes=\"auto, (max-width: 70px) 100vw, 70px\" \/> <\/p>\n<div style=\"color: #000000; text-align: center; font-size: 15px; font-weight: bold;\">Biblioteca Digital<\/a><\/p>\n<\/div>\n<p>[\/ezcol_1third]<br \/>\n[ezcol_1third_end]<br \/>\n<a href=\"http:\/\/www.ciencianews.com.br\/index.php\/home\/biblioteca_digital\/biblioteca-digital-hemoterapia\/b-d-hemoterapia-transplante-de-medula-ossea\/\"> <img loading=\"lazy\" decoding=\"async\" src=\"http:\/\/www.ciencianews.com.br\/wp-content\/uploads\/2019\/08\/avancar-150x150.png\" alt=\"avancar\" width=\"70\" height=\"70\" class=\"alignnone size-thumbnail wp-image-4995\" srcset=\"https:\/\/www.ciencianews.com.br\/wp-content\/uploads\/2019\/08\/avancar-150x150.png 150w, https:\/\/www.ciencianews.com.br\/wp-content\/uploads\/2019\/08\/avancar-250x250.png 250w, https:\/\/www.ciencianews.com.br\/wp-content\/uploads\/2019\/08\/avancar.png 256w\" sizes=\"auto, (max-width: 70px) 100vw, 70px\" \/> <\/p>\n<div style=\"color: #000000; text-align: center; font-size: 15px; font-weight: bold;\">Pr\u00f3ximo T\u00f3pico: &#8220;TRANSPLANTE DE MEDULA \u00d3SSEA&#8221;<\/a><\/p>\n<\/div>\n<p>[\/ezcol_1third_end]<\/p>\n<\/div>\n","protected":false},"excerpt":{"rendered":"<p>T\u00cdTULOS E SUM\u00c1RIOS &nbsp; T\u00cdTULOS E SUM\u00c1RIOS DOS ARTIGOS &nbsp; &nbsp; [ezcol_1third] Voltar [\/ezcol_1third] [ezcol_1third] Biblioteca Digital [\/ezcol_1third] [ezcol_1third_end] Pr\u00f3ximo T\u00f3pico: &#8220;TRANSPLANTE DE MEDULA \u00d3SSEA&#8221; [\/ezcol_1third_end]<\/p>\n","protected":false},"author":1,"featured_media":0,"parent":5025,"menu_order":0,"comment_status":"closed","ping_status":"closed","template":"","meta":{"_uag_custom_page_level_css":"","_joinchat":[],"footnotes":""},"class_list":["post-5039","page","type-page","status-publish","hentry"],"uagb_featured_image_src":{"full":false,"thumbnail":false,"medium":false,"medium_large":false,"large":false,"1536x1536":false,"2048x2048":false,"post-thumbnail":false,"business-hub-blog":false,"business-hub-work":false},"uagb_author_info":{"display_name":"real","author_link":"https:\/\/www.ciencianews.com.br\/index.php\/author\/real\/"},"uagb_comment_info":0,"uagb_excerpt":"T\u00cdTULOS E SUM\u00c1RIOS &nbsp; T\u00cdTULOS E SUM\u00c1RIOS DOS ARTIGOS &nbsp; &nbsp; [ezcol_1third] Voltar [\/ezcol_1third] [ezcol_1third] Biblioteca Digital [\/ezcol_1third] [ezcol_1third_end] Pr\u00f3ximo T\u00f3pico: &#8220;TRANSPLANTE DE MEDULA \u00d3SSEA&#8221; [\/ezcol_1third_end]","_links":{"self":[{"href":"https:\/\/www.ciencianews.com.br\/index.php\/wp-json\/wp\/v2\/pages\/5039","targetHints":{"allow":["GET"]}}],"collection":[{"href":"https:\/\/www.ciencianews.com.br\/index.php\/wp-json\/wp\/v2\/pages"}],"about":[{"href":"https:\/\/www.ciencianews.com.br\/index.php\/wp-json\/wp\/v2\/types\/page"}],"author":[{"embeddable":true,"href":"https:\/\/www.ciencianews.com.br\/index.php\/wp-json\/wp\/v2\/users\/1"}],"replies":[{"embeddable":true,"href":"https:\/\/www.ciencianews.com.br\/index.php\/wp-json\/wp\/v2\/comments?post=5039"}],"version-history":[{"count":4,"href":"https:\/\/www.ciencianews.com.br\/index.php\/wp-json\/wp\/v2\/pages\/5039\/revisions"}],"predecessor-version":[{"id":5068,"href":"https:\/\/www.ciencianews.com.br\/index.php\/wp-json\/wp\/v2\/pages\/5039\/revisions\/5068"}],"up":[{"embeddable":true,"href":"https:\/\/www.ciencianews.com.br\/index.php\/wp-json\/wp\/v2\/pages\/5025"}],"wp:attachment":[{"href":"https:\/\/www.ciencianews.com.br\/index.php\/wp-json\/wp\/v2\/media?parent=5039"}],"curies":[{"name":"wp","href":"https:\/\/api.w.org\/{rel}","templated":true}]}}