{"id":5060,"date":"2019-08-15T19:07:10","date_gmt":"2019-08-15T19:07:10","guid":{"rendered":"http:\/\/www.ciencianews.com.br\/?page_id=5060"},"modified":"2026-02-05T21:45:58","modified_gmt":"2026-02-05T21:45:58","slug":"artigos-de-hemoterapia-transplante-de-medula-ossea","status":"publish","type":"page","link":"https:\/\/www.ciencianews.com.br\/index.php\/home\/biblioteca_digital\/biblioteca-digital-hemoterapia\/b-d-hemoterapia-transplante-de-medula-ossea\/artigos-de-hemoterapia-transplante-de-medula-ossea\/","title":{"rendered":"ARTIGOS DE HEMOTERAPIA &#8211; TRANSPLANTE DE MEDULA \u00d3SSEA"},"content":{"rendered":"<h1 align=\"center\"><span style=\"color: #000000;\"><strong> ARTIGOS &#8211; TRANSPLANTE DE MEDULA \u00d3SSEA <\/strong><\/span><\/h1>\n<p><strong>Escolha o tema de sua prefer\u00eancia:<\/strong><\/p>\n<ol>\n<li style=\"list-style-type: none;\">\n<ol>\n<li>\n<h4><em><strong><a title=\"INDICA\u00c7\u00d5ES TRANSFUSIONAIS DOS PRINCIPAIS HEMOCOMPONENTES\" href=\"http:\/\/www.ciencianews.com.br\/arquivos\/ACET\/IMAGENS\/biblioteca-digital\/hemoterapia\/transplante-medula-ossea\/1-Indicacoes-transfusionais-dos-principais-hemocomponentes.pdf\" target=\"_blank\" rel=\"noopener noreferrer\"> INDICA\u00c7\u00d5ES TRANSFUSIONAIS DOS PRINCIPAIS HEMOCOMPONENTES <\/a><\/strong><\/em><\/h4>\n<\/li>\n<li>\n<h4><em><strong><a title=\"TRANSPLANTE DE MEDULA \u00d3SSEA: CLASSIFICA\u00c7\u00c3O E AVALIA\u00c7\u00c3O \" href=\"http:\/\/www.ciencianews.com.br\/arquivos\/ACET\/IMAGENS\/biblioteca-digital\/hemoterapia\/transplante-medula-ossea\/2-Transplante-de-medula-ossea-classificacao.pdf\" target=\"_blank\" rel=\"noopener noreferrer\"> TRANSPLANTE DE MEDULA \u00d3SSEA: CLASSIFICA\u00c7\u00c3O E AVALIA\u00c7\u00c3O <\/a><\/strong><\/em><\/h4>\n<\/li>\n<li>\n<h4><em><strong><a title=\"IMPACTO DO ARMAZENAMENTO PROLONGADO DE AMOSTRAS FIXADAS DE SANGUE DE CORD\u00c3O UMBILICAL\" href=\"http:\/\/www.ciencianews.com.br\/arquivos\/ACET\/IMAGENS\/biblioteca-digital\/hemoterapia\/transplante-medula-ossea\/3-impacto-do-amarzenamento.pdf\" target=\"_blank\" rel=\"noopener noreferrer\">IMPACTO DO ARMAZENAMENTO PROLONGADO DE AMOSTRAS FIXADAS DE SANGUE DE CORD\u00c3O UMBILICAL<\/a><\/strong><\/em><\/h4>\n<\/li>\n<li>\n<h4><em><strong><a title=\"APLICA\u00c7\u00c3O DE CELULAS TRONCO EM PACIENTES CARDIOPATAS CHAGASICOS\" href=\"http:\/\/www.ciencianews.com.br\/arquivos\/ACET\/IMAGENS\/biblioteca-digital\/hemoterapia\/transplante-medula-ossea\/4-Aplicacao-de-celulas-tronco.pdf\" target=\"_blank\" rel=\"noopener noreferrer\"> APLICA\u00c7\u00c3O DE CELULAS TRONCO EM PACIENTES CARDIOPATAS CHAGASICOS <\/a><\/strong><\/em><\/h4>\n<\/li>\n<li>\n<h4><em><strong><a title=\"LINF\u00d3CITOS T CD4+ CD25+ E O CONTROLE DA RESPOSTA IMUNOL\u00d3GICA EM TRANSPLANTES\" href=\"http:\/\/www.ciencianews.com.br\/arquivos\/ACET\/IMAGENS\/biblioteca-digital\/hemoterapia\/transplante-medula-ossea\/5-Linfocitos-TCD.pdf\" target=\"_blank\" rel=\"noopener noreferrer\">LINF\u00d3CITOS T CD4+ CD25+ E O CONTROLE DA RESPOSTA IMUNOL\u00d3GICA EM TRANSPLANTES<\/a><\/strong><\/em><\/h4>\n<\/li>\n<li>\n<h4><em><strong><a title=\"O TRANSPLANTE DE MEDULA \u00d3SSEA NO TRATAMENTO DO DIABETES MELLITUS TIPO 1\" href=\"http:\/\/www.ciencianews.com.br\/arquivos\/ACET\/IMAGENS\/biblioteca-digital\/hemoterapia\/transplante-medula-ossea\/6-O-transplante-de-medula-ossea.pdf\" target=\"_blank\" rel=\"noopener noreferrer\"> O TRANSPLANTE DE MEDULA \u00d3SSEA NO TRATAMENTO DO DIABETES MELLITUS TIPO 1 <\/a><\/strong><\/em><\/h4>\n<\/li>\n<li>\n<h4><em><strong><a title=\"BANCO DE C\u00c9LULAS-TRONCO DE CORD\u00c3O UMBILICAL\" href=\"http:\/\/www.ciencianews.com.br\/arquivos\/ACET\/IMAGENS\/biblioteca-digital\/hemoterapia\/transplante-medula-ossea\/7-Banco-de-celulas-tronco-de-cordao-umbilical.pdf\" target=\"_blank\" rel=\"noopener noreferrer\"> BANCO DE C\u00c9LULAS-TRONCO DE CORD\u00c3O UMBILICAL <\/a><\/strong><\/em><\/h4>\n<\/li>\n<li>\n<h4><em><strong><a title=\"COLETA DE C\u00c9LULAS PROGENITORAS HEMATOPO\u00c9TICAS DE SANGUE PERIF\u00c9RICO\" href=\"http:\/\/www.ciencianews.com.br\/arquivos\/ACET\/IMAGENS\/biblioteca-digital\/hemoterapia\/transplante-medula-ossea\/8-Coleta-de-celulas-progenitoras-hematopoieticas-de-sangue-periferico.pdf\" target=\"_blank\" rel=\"noopener noreferrer\"> COLETA DE C\u00c9LULAS PROGENITORAS HEMATOPO\u00c9TICAS DE SANGUE PERIF\u00c9RICO <\/a><\/strong><\/em><\/h4>\n<\/li>\n<li>\n<h4><em><strong><a title=\"ANT\u00cdGENOS HLA E SUPORTE TRANSFUSIONAL NOS TRANSPLANTES\" href=\"http:\/\/www.ciencianews.com.br\/arquivos\/ACET\/IMAGENS\/biblioteca-digital\/hemoterapia\/transplante-medula-ossea\/9-Antigenos-HLA-e-suporte-transfusional-nos-transplantes.pdf\" target=\"_blank\" rel=\"noopener noreferrer\"> ANT\u00cdGENOS HLA E SUPORTE TRANSFUSIONAL NOS TRANSPLANTESS<\/a><\/strong><\/em><\/h4>\n<\/li>\n<li>\n<h4><em><strong><a title=\"TRANSPLANTE DE MEDULA \u00d3SSEA COMO TERAPIA DA ANEMIA APL\u00c1STICA SEVERA \" href=\"http:\/\/www.ciencianews.com.br\/arquivos\/ACET\/IMAGENS\/biblioteca-digital\/hemoterapia\/transplante-medula-ossea\/10-Transplante-de-medula-ossea-em-anemia-aplastica-severa.pdf\" target=\"_blank\" rel=\"noopener noreferrer\"> TRANSPLANTE DE MEDULA \u00d3SSEA COMO TERAPIA DA ANEMIA APL\u00c1STICA SEVERA <\/a><\/strong><\/em><\/h4>\n<\/li>\n<li>\n<h4><em><strong><a title=\"TRANSPLANTES DE C\u00c9LULAS PROGENITORAS HEMATOPOI\u00c9TICAS DE SANGUE DE CORD\u00c3O UMBILICAL\" href=\"http:\/\/www.ciencianews.com.br\/arquivos\/ACET\/IMAGENS\/biblioteca-digital\/hemoterapia\/transplante-medula-ossea\/11-Transplantes-de-Celulas-Progenitoras-Hematopoieticas-de-Sangue-de-Cordao-Umbilical.pdf\" target=\"_blank\" rel=\"noopener noreferrer\">TRANSPLANTES DE C\u00c9LULAS PROGENITORAS HEMATOPOI\u00c9TICAS DE SANGUE DE CORD\u00c3O UMBILICAL <\/a><\/strong><\/em><\/h4>\n<\/li>\n<li>\n<h4><em><strong><a title=\"TRANSPLANTE DE MEDULA \u00d3SSEA: IMPORT\u00c2NCIA DO SISTEMA HLA\" href=\"http:\/\/www.ciencianews.com.br\/arquivos\/ACET\/IMAGENS\/biblioteca-digital\/hemoterapia\/transplante-medula-ossea\/12-Transplante-de-medula-ossea-importancia-do-sistema-HLA.pdf\" target=\"_blank\" rel=\"noopener noreferrer\"> TRANSPLANTE DE MEDULA \u00d3SSEA: IMPORT\u00c2NCIA DO SISTEMA HLA <\/a><\/strong><\/em><\/h4>\n<\/li>\n<li>\n<h4><em><strong><a title=\"TRANSPLANTE AUT\u00d3LOGO DE MEDULA \u00d3SSEA\" href=\"http:\/\/www.ciencianews.com.br\/arquivos\/ACET\/IMAGENS\/biblioteca-digital\/hemoterapia\/transplante-medula-ossea\/13-Transplante-Autologo-de-Medula-ossea.pdf\" target=\"_blank\" rel=\"noopener noreferrer\"> TRANSPLANTE AUT\u00d3LOGO DE MEDULA \u00d3SSEA<\/a><\/strong><\/em><\/h4>\n<\/li>\n<li>\n<h4><em><strong><a title=\"TRANSPLANTE DE MEDULA \u00d3SSEA NA ANEMIA APL\u00c1STICA\" href=\"http:\/\/www.ciencianews.com.br\/arquivos\/ACET\/IMAGENS\/biblioteca-digital\/hemoterapia\/transplante-medula-ossea\/14-Transplante-de-medula-ossea-na-anemia-aplastica.pdf\" target=\"_blank\" rel=\"noopener noreferrer\">TRANSPLANTE DE MEDULA \u00d3SSEA NA ANEMIA APL\u00c1STICA <\/a><\/strong><\/em><\/h4>\n<\/li>\n<li>\n<h4><em><strong><a title=\"TRANSPLANTE DE MEDULA \u00d3SSEA E TRANSPLANTE DE SANGUE DE CORD\u00c3O UMBILICAL\" href=\"http:\/\/www.ciencianews.com.br\/arquivos\/ACET\/IMAGENS\/biblioteca-digital\/hemoterapia\/transplante-medula-ossea\/15-Transplante-de-medula-ossea-e-transplante-de-cordao-umbilical.pdf\" target=\"_blank\" rel=\"noopener noreferrer\"> TRANSPLANTE DE MEDULA \u00d3SSEA E TRANSPLANTE DE SANGUE DE CORD\u00c3O UMBILICAL <\/a><\/strong><\/em><\/h4>\n<\/li>\n<li>\n<h4><em><strong><a title=\"INCOMPATIBILIDADE DO SISTEMA ABO NO TRANSPLANTE DE MEDULA \u00d3SSEA ALOG\u00caNICO\" href=\"http:\/\/www.ciencianews.com.br\/arquivos\/ACET\/IMAGENS\/biblioteca-digital\/hemoterapia\/transplante-medula-ossea\/16-Incompatibilidade-do-sistema-ABO-no-transplante-de-medula-ossea-alogenico.pdf\" target=\"_blank\" rel=\"noopener noreferrer\"> INCOMPATIBILIDADE DO SISTEMA ABO NO TRANSPLANTE DE MEDULA \u00d3SSEA ALOG\u00caNICO<\/a><\/strong><\/em><\/h4>\n<\/li>\n<li>\n<h4><em><strong><a title=\"TRANSPLANTE DE MEDULA \u00d3SSEA - UMA BREVE REVIS\u00c3O \" href=\"http:\/\/www.ciencianews.com.br\/arquivos\/ACET\/IMAGENS\/biblioteca-digital\/hemoterapia\/transplante-medula-ossea\/17-Transplante-de-Medula-ossea-uma-breve-revisao.pdf\" target=\"_blank\" rel=\"noopener noreferrer\"> TRANSPLANTE DE MEDULA \u00d3SSEA &#8211; UMA BREVE REVIS\u00c3O <\/a><\/strong><\/em><\/h4>\n<\/li>\n<li>\n<h4><em><strong><a title=\"TRANSPLANTE DE C\u00c9LULAS HEMATOPO\u00c9TICAS\" href=\"http:\/\/www.ciencianews.com.br\/arquivos\/ACET\/IMAGENS\/biblioteca-digital\/hemoterapia\/transplante-medula-ossea\/18.pdf\" target=\"_blank\" rel=\"noopener noreferrer\"> TRANSPLANTE DE C\u00c9LULAS HEMATOPO\u00c9TICAS<\/a><\/strong><\/em><\/h4>\n<\/li>\n<li>\n<h4><em><a href=\"https:\/\/www.ciencianews.com.br\/arquivos\/ACET\/IMAGENS\/biblioteca-digital\/hemoterapia\/transplante-medula-ossea\/CRIOPRESERVA%C3%87%C3%83O%20NO%20TRANSPLANTE%20DE%20C%C3%89LULAS%20TRONCO%20-%20Nathalia%20Rayssa%20Silva%20Remigio.pdf\"><strong>CRIOPRESERVA\u00c7\u00c3O NO TRANSPLANTE DE C\u00c9LULAS TRONCO HEMATOPOI\u00c9TICAS<\/strong><\/a><\/em><\/h4>\n<\/li>\n<li>\n<h4><a href=\"https:\/\/ciencianews.com.br\/arquivos\/ACET\/IMAGENS\/biblioteca-digital\/hemoterapia\/transplante-medula-ossea\/TRANSPLANTE%20DE%20C%C3%89LULAS%20TRONCO%20HEMATOPO%C3%89TICAS%20A%20PARTIR%20DE%20DOADORES%20ALOG%C3%8ANICOS%20%20-%20ALESSANDRA%20ALVES%20BLANCO%20FARIAS.pdf\"><em><strong>TRANSPLANTE DE C\u00c9LULAS TRONCO HEMATOPO\u00c9TICAS A PARTIR DE DOADORES ALOG\u00caNICOS<\/strong><\/em><\/a><\/h4>\n<\/li>\n<li>\n<h4><a href=\"https:\/\/www.ciencianews.com.br\/arquivos\/ACET\/IMAGENS\/biblioteca-digital\/hemoterapia\/transplante-medula-ossea\/Uso%20cl%C3%ADnico%20de%20fatores%20de%20crescimento%20hematopoi%C3%A9ticos%20-%20Brunna%20Rafaela%20do%20amaral%20Azevedo.pdf\"><em><strong>USO CL\u00cdNICO DE FATORES DE CRESCIMENTO HEMATOPOI\u00c9TICOS<\/strong><\/em><\/a><\/h4>\n<\/li>\n<li>\n<h4><a href=\"https:\/\/ciencianews.com.br\/arquivos\/ACET\/IMAGENS\/biblioteca-digital\/hemoterapia\/transplante-medula-ossea\/2023-Sucesso%20do%20transplante%20aut%C3%B3logo%20nos%20pacientes%20com%20mieloma%20m%C3%BAltiplo%20-%20Elisandra%20Cleys%20Corr%C3%AAa%20Nascimento%20Guimar%C3%A3es.pdf\"><em><strong>SUCESSO DO TRANSPLANTE AUT\u00d3LOGO NOS PACIENTES COM MIELOMA M\u00daLTIPLO<\/strong><\/em><\/a><\/h4>\n<\/li>\n<li>\n<h4><a href=\"https:\/\/ciencianews.com.br\/arquivos\/ACET\/IMAGENS\/biblioteca-digital\/hemoterapia\/transplante-medula-ossea\/2023-Transplante%20de%20c%C3%A9lulas%20tronco%20hematopoi%C3%A9ticas%20como%20tratamento%20para%20cura%20da%20anemia%20falciforme%20-%20Thainara%20Pereira%20da%20Silva%20Sampaio.pdf\"><em><strong>TRANSPLANTE DE C\u00c9LULAS TRONCO HEMATOPOI\u00c9TICAS COMO TRATAMENTO PARA CURA DA ANEMIA FALCIFORME<\/strong><\/em><\/a><\/h4>\n<\/li>\n<li>\n<h4><a href=\"https:\/\/ciencianews.com.br\/arquivos\/ACET\/IMAGENS\/biblioteca-digital\/hemoterapia\/transplante-medula-ossea\/2026_TERAPIA_GENICA_PARA_DOENCA_GENETICAS_RARAS_COM_ENFASE_NA_DOEN%C3%87A.pdf\" target=\"_blank\" rel=\"noopener\"><em><strong>TERAPIA G\u00caNICA PARA DOEN\u00c7A GEN\u00c9TICAS RARAS: COM \u00caNFASE NA DOEN\u00c7A FALCIFORME<\/strong><\/em><\/a><\/h4>\n<\/li>\n<li>\n<h4><a href=\"https:\/\/ciencianews.com.br\/arquivos\/ACET\/IMAGENS\/biblioteca-digital\/hemoterapia\/transplante-medula-ossea\/2026_Criterios_e_indicacoes_p_o_transplante_de_celulas_troncos.pdf\" target=\"_blank\" rel=\"noopener\"><em><strong>CRIT\u00c9RIOS E INDICA\u00c7\u00d5ES PARA O TRANSPLANTE DE C\u00c9LULAS TRONCO HEMATOPOI\u00c9TICAS<\/strong><\/em><\/a><\/h4>\n<\/li>\n<li>\n<h4><a href=\"https:\/\/ciencianews.com.br\/arquivos\/ACET\/IMAGENS\/biblioteca-digital\/hemoterapia\/transplante-medula-ossea\/2026_Complicacoes_Pos-Transplante_de_Medula_Ossea_Doenca_do_Enxerto_Contra_Hospedeiro_e_Infeccoes_Associadas_(Revisado).pdf\" target=\"_blank\" rel=\"noopener\"><em><strong>COMPLICA\u00c7\u00d5ES P\u00d3S-TRANSPLANTE DE MEDULA \u00d3SSEA: DOEN\u00c7A DO ENXERTO CONTRA HOSPEDEIRO E INFEC\u00c7\u00d5ES ASSOCIADAS<\/strong><\/em><\/a><\/h4>\n<\/li>\n<\/ol>\n<\/li>\n<\/ol>\n<div style=\"text-align: center;\">\n<p>[ezcol_1third]<br \/>\n<a href=\"http:\/\/www.ciencianews.com.br\/index.php\/home\/biblioteca_digital\/biblioteca-digital-hemoterapia\/b-d-hemoterapia-transplante-de-medula-ossea\/\"> <img loading=\"lazy\" decoding=\"async\" class=\"alignnone size-thumbnail wp-image-4997\" src=\"http:\/\/www.ciencianews.com.br\/wp-content\/uploads\/2019\/08\/voltar-150x150.png\" alt=\"voltar\" width=\"70\" height=\"70\" srcset=\"https:\/\/www.ciencianews.com.br\/wp-content\/uploads\/2019\/08\/voltar-150x150.png 150w, https:\/\/www.ciencianews.com.br\/wp-content\/uploads\/2019\/08\/voltar-250x250.png 250w, https:\/\/www.ciencianews.com.br\/wp-content\/uploads\/2019\/08\/voltar.png 256w\" sizes=\"auto, (max-width: 70px) 100vw, 70px\" \/> <\/a><\/p>\n<div style=\"color: #000000; text-align: center; font-size: 15px; font-weight: bold;\"><a href=\"http:\/\/www.ciencianews.com.br\/index.php\/home\/biblioteca_digital\/biblioteca-digital-hemoterapia\/b-d-hemoterapia-transplante-de-medula-ossea\/\">Voltar<\/a><\/div>\n<p>[\/ezcol_1third]<br \/>\n[ezcol_1third]<br \/>\n<a href=\"http:\/\/www.ciencianews.com.br\/index.php\/home\/biblioteca_digital\/\"> <img loading=\"lazy\" decoding=\"async\" class=\"alignnone size-thumbnail wp-image-4996\" src=\"http:\/\/www.ciencianews.com.br\/wp-content\/uploads\/2019\/08\/home-150x150.jpg\" alt=\"home\" width=\"70\" height=\"70\" srcset=\"https:\/\/www.ciencianews.com.br\/wp-content\/uploads\/2019\/08\/home-150x150.jpg 150w, https:\/\/www.ciencianews.com.br\/wp-content\/uploads\/2019\/08\/home.jpg 225w\" sizes=\"auto, (max-width: 70px) 100vw, 70px\" \/> <\/a><\/p>\n<div style=\"color: #000000; text-align: center; font-size: 15px; font-weight: bold;\"><a href=\"http:\/\/www.ciencianews.com.br\/index.php\/home\/biblioteca_digital\/\">Biblioteca Digital<\/a><\/div>\n<p>[\/ezcol_1third]<br \/>\n[ezcol_1third_end]<br \/>\n<a href=\"http:\/\/www.ciencianews.com.br\/index.php\/home\/biblioteca_digital\/biblioteca-digital-microbiologia\/\"> <img loading=\"lazy\" decoding=\"async\" class=\"alignnone size-thumbnail wp-image-4995\" src=\"http:\/\/www.ciencianews.com.br\/wp-content\/uploads\/2019\/08\/avancar-150x150.png\" alt=\"avancar\" width=\"70\" height=\"70\" srcset=\"https:\/\/www.ciencianews.com.br\/wp-content\/uploads\/2019\/08\/avancar-150x150.png 150w, https:\/\/www.ciencianews.com.br\/wp-content\/uploads\/2019\/08\/avancar-250x250.png 250w, https:\/\/www.ciencianews.com.br\/wp-content\/uploads\/2019\/08\/avancar.png 256w\" sizes=\"auto, (max-width: 70px) 100vw, 70px\" \/> <\/a><\/p>\n<div style=\"color: #000000; text-align: center; font-size: 15px; font-weight: bold;\"><a href=\"http:\/\/www.ciencianews.com.br\/index.php\/home\/biblioteca_digital\/biblioteca-digital-microbiologia\/\">Pr\u00f3ximo T\u00f3pico: &#8220;MICROBIOLOGIA&#8221;<\/a><\/div>\n<p>[\/ezcol_1third_end]<\/p>\n<\/div>\n","protected":false},"excerpt":{"rendered":"<p>ARTIGOS &#8211; TRANSPLANTE DE MEDULA \u00d3SSEA Escolha o tema de sua prefer\u00eancia: INDICA\u00c7\u00d5ES TRANSFUSIONAIS DOS PRINCIPAIS HEMOCOMPONENTES TRANSPLANTE DE MEDULA \u00d3SSEA: CLASSIFICA\u00c7\u00c3O E AVALIA\u00c7\u00c3O IMPACTO DO ARMAZENAMENTO PROLONGADO DE AMOSTRAS FIXADAS DE SANGUE DE CORD\u00c3O UMBILICAL APLICA\u00c7\u00c3O DE CELULAS TRONCO [&hellip;]<\/p>\n","protected":false},"author":1,"featured_media":0,"parent":5057,"menu_order":0,"comment_status":"closed","ping_status":"closed","template":"","meta":{"_uag_custom_page_level_css":"","_joinchat":[],"footnotes":""},"class_list":["post-5060","page","type-page","status-publish","hentry"],"uagb_featured_image_src":{"full":false,"thumbnail":false,"medium":false,"medium_large":false,"large":false,"1536x1536":false,"2048x2048":false,"post-thumbnail":false,"business-hub-blog":false,"business-hub-work":false},"uagb_author_info":{"display_name":"real","author_link":"https:\/\/www.ciencianews.com.br\/index.php\/author\/real\/"},"uagb_comment_info":0,"uagb_excerpt":"ARTIGOS &#8211; TRANSPLANTE DE MEDULA \u00d3SSEA Escolha o tema de sua prefer\u00eancia: INDICA\u00c7\u00d5ES TRANSFUSIONAIS DOS PRINCIPAIS HEMOCOMPONENTES TRANSPLANTE DE MEDULA \u00d3SSEA: CLASSIFICA\u00c7\u00c3O E AVALIA\u00c7\u00c3O IMPACTO DO ARMAZENAMENTO PROLONGADO DE AMOSTRAS FIXADAS DE SANGUE DE CORD\u00c3O UMBILICAL APLICA\u00c7\u00c3O DE CELULAS TRONCO [&hellip;]","_links":{"self":[{"href":"https:\/\/www.ciencianews.com.br\/index.php\/wp-json\/wp\/v2\/pages\/5060","targetHints":{"allow":["GET"]}}],"collection":[{"href":"https:\/\/www.ciencianews.com.br\/index.php\/wp-json\/wp\/v2\/pages"}],"about":[{"href":"https:\/\/www.ciencianews.com.br\/index.php\/wp-json\/wp\/v2\/types\/page"}],"author":[{"embeddable":true,"href":"https:\/\/www.ciencianews.com.br\/index.php\/wp-json\/wp\/v2\/users\/1"}],"replies":[{"embeddable":true,"href":"https:\/\/www.ciencianews.com.br\/index.php\/wp-json\/wp\/v2\/comments?post=5060"}],"version-history":[{"count":10,"href":"https:\/\/www.ciencianews.com.br\/index.php\/wp-json\/wp\/v2\/pages\/5060\/revisions"}],"predecessor-version":[{"id":8104,"href":"https:\/\/www.ciencianews.com.br\/index.php\/wp-json\/wp\/v2\/pages\/5060\/revisions\/8104"}],"up":[{"embeddable":true,"href":"https:\/\/www.ciencianews.com.br\/index.php\/wp-json\/wp\/v2\/pages\/5057"}],"wp:attachment":[{"href":"https:\/\/www.ciencianews.com.br\/index.php\/wp-json\/wp\/v2\/media?parent=5060"}],"curies":[{"name":"wp","href":"https:\/\/api.w.org\/{rel}","templated":true}]}}