{"id":5073,"date":"2019-08-19T13:12:36","date_gmt":"2019-08-19T13:12:36","guid":{"rendered":"http:\/\/www.ciencianews.com.br\/?page_id=5073"},"modified":"2026-02-05T14:55:45","modified_gmt":"2026-02-05T14:55:45","slug":"artigos-de-imunohematologia","status":"publish","type":"page","link":"https:\/\/www.ciencianews.com.br\/index.php\/home\/biblioteca_digital\/b-d-imunohematologia\/artigos-de-imunohematologia\/","title":{"rendered":"ARTIGOS DE IMUNOHEMATOLOGIA"},"content":{"rendered":"<h1 align=\"center\"><span style=\"color: #000000;\"><strong> ARTIGOS &#8211; IMUNOHEMATOLOGIA <\/strong><\/span><\/h1>\n<p><strong>Escolha o tema de sua prefer\u00eancia:<\/strong><\/p>\n<ol>\n<li style=\"list-style-type: none;\">\n<ol>\n<li>\n<h4><em><strong><a title=\"CONTROLE DE QUALIDADE INTERNO EM IMUNO-HEMATOLOGIA NO CENTRO DE HEMATOLOGIA E HEMOTERAPIA DO MARANH\u00c3O - HEMOMAR\" href=\"http:\/\/www.ciencianews.com.br\/arquivos\/ACET\/IMAGENS\/biblioteca-digital\/imunohematologia\/1-Controle-de-qualidade-interna.pdf\" target=\"_blank\" rel=\"noopener noreferrer\"> CONTROLE DE QUALIDADE INTERNO EM IMUNO-HEMATOLOGIA NO CENTRO DE HEMATOLOGIA E HEMOTERAPIA DO MARANH\u00c3O &#8211; HEMOMAR <\/a><\/strong><\/em><\/h4>\n<\/li>\n<li>\n<h4><em><strong><a title=\"RELA\u00c7\u00c3O ENTRE OS ANT\u00cdGENOS DOS GRUPOS SANGU\u00cdNEOS E DIFERENTES DOEN\u00c7AS INFECCIOSAS\" href=\"http:\/\/www.ciencianews.com.br\/arquivos\/ACET\/IMAGENS\/biblioteca-digital\/imunohematologia\/2-Relacao-entre-antigenos-dos-grupos.pdf\" target=\"_blank\" rel=\"noopener noreferrer\"> RELA\u00c7\u00c3O ENTRE OS ANT\u00cdGENOS DOS GRUPOS SANGU\u00cdNEOS E DIFERENTES DOEN\u00c7AS INFECCIOSAS <\/a><\/strong><\/em><\/h4>\n<\/li>\n<li>\n<h4><em><strong><a title=\"INFLU\u00caNCIA DA VITAMINA D EM DOEN\u00c7AS AUTO - IMUNESINFLUENCE OF VITAMIN D IN AUTOIMMUNE DISEASES\" href=\"http:\/\/www.ciencianews.com.br\/arquivos\/ACET\/IMAGENS\/biblioteca-digital\/imunohematologia\/3-Influencia-da-vitamina-D-em-doencas.pdf\" target=\"_blank\" rel=\"noopener noreferrer\">INFLU\u00caNCIA DA VITAMINA D EM DOEN\u00c7AS AUTO &#8211; IMUNESINFLUENCE OF VITAMIN D IN AUTOIMMUNE DISEASES<\/a><\/strong><\/em><\/h4>\n<\/li>\n<li>\n<h4><em><strong><a title=\"L\u00daPUS ERITEMATOSO SIST\u00caMICO: SUA ETIOPATOLOGIA,PATOG\u00caNESE E TRATAMENTO EM ALTA\" href=\"http:\/\/www.ciencianews.com.br\/arquivos\/ACET\/IMAGENS\/biblioteca-digital\/imunohematologia\/4-Lupus-eritemasoso-sistemico.pdf\" target=\"_blank\" rel=\"noopener noreferrer\"> L\u00daPUS ERITEMATOSO SIST\u00caMICO: SUA ETIOPATOLOGIA,PATOG\u00caNESE E TRATAMENTO EM ALTA <\/a><\/strong><\/em><\/h4>\n<\/li>\n<li>\n<h4><em><strong><a title=\"USO DE ANTICORPOS MONOCLONAIS NA TERAPIA DO C\u00c2NCER\" href=\"http:\/\/www.ciencianews.com.br\/arquivos\/ACET\/IMAGENS\/biblioteca-digital\/imunohematologia\/5-Uso-de-anticorpos-monoclonais.pdf\" target=\"_blank\" rel=\"noopener noreferrer\"> USO DE ANTICORPOS MONOCLONAIS NA TERAPIA DO C\u00c2NCER <\/a><\/strong><\/em><\/h4>\n<\/li>\n<li>\n<h4><em><strong><a title=\"ALEITAMENTO MATERNO E A SUA IMPORT\u00c2NCIA NA ANEMIA E SISTEMA IMUNOL\u00d3GICO DO REC\u00c9M NASCIDO\" href=\"http:\/\/www.ciencianews.com.br\/arquivos\/ACET\/IMAGENS\/biblioteca-digital\/imunohematologia\/6-Aleitamento-materno.pdf\" target=\"_blank\" rel=\"noopener noreferrer\"> ALEITAMENTO MATERNO E A SUA IMPORT\u00c2NCIA NA ANEMIA E SISTEMA IMUNOL\u00d3GICO DO REC\u00c9M NASCIDO <\/a><\/strong><\/em><\/h4>\n<\/li>\n<li>\n<h4><em><strong><a title=\"PREVAL\u00caNCIA DE ANTICORPOS ANTI HAV TOTAL EM PACIENTES QUE REALIZARAM A SOROLOGIA NO LABCLIN LABORAT\u00d3RIO DE AN\u00c1LISES CL\u00cdNICAS DE INDAIATUBA\" href=\"http:\/\/www.ciencianews.com.br\/arquivos\/ACET\/IMAGENS\/biblioteca-digital\/imunohematologia\/7-Prevalencia-de-anticorpos-anti-HAV.pdf\" target=\"_blank\" rel=\"noopener noreferrer\"> PREVAL\u00caNCIA DE ANTICORPOS ANTI HAV TOTAL EM PACIENTES QUE REALIZARAM A SOROLOGIA NO LABCLIN LABORAT\u00d3RIO DE AN\u00c1LISES CL\u00cdNICAS DE INDAIATUBA <\/a><\/strong><\/em><\/h4>\n<\/li>\n<li>\n<h4><em><strong><a title=\"ANT\u00cdGENO ESPEC\u00cdFICO DA PR\u00d3STATA EM FLUIDOS BIOL\u00d3GICOS E SUA APLICA\u00c7\u00c3O EM AN\u00c1LISES FORENSES\" href=\"http:\/\/www.ciencianews.com.br\/arquivos\/ACET\/IMAGENS\/biblioteca-digital\/imunohematologia\/8-Antineo-especifico-da-prostata.pdf\" target=\"_blank\" rel=\"noopener noreferrer\"> ANT\u00cdGENO ESPEC\u00cdFICO DA PR\u00d3STATA EM FLUIDOS BIOL\u00d3GICOS E SUA APLICA\u00c7\u00c3O EM AN\u00c1LISES FORENSES <\/a><\/strong><\/em><\/h4>\n<\/li>\n<li>\n<h4><em><strong><a title=\"IMUNOVIGIL\u00c2NCIA E MECANISMOS DE ESCAPE TUMORAL\" href=\"http:\/\/www.ciencianews.com.br\/arquivos\/ACET\/IMAGENS\/biblioteca-digital\/imunohematologia\/9-Imunovigilancia-e-mecanismo.pdf\" target=\"_blank\" rel=\"noopener noreferrer\"> IMUNOVIGIL\u00c2NCIA E MECANISMOS DE ESCAPE TUMORAL<\/a><\/strong><\/em><\/h4>\n<\/li>\n<li>\n<h4><em><strong><a title=\"PESQUISA DE ANTICORPOS IGG E IGM PARA TOXOPLASMOSE DURANTE A GESTA\u00c7\u00c3O EM PACIENTES DO MUNICIPIO DE BERNARDINO DE CAMPOS, SP \" href=\"http:\/\/www.ciencianews.com.br\/arquivos\/ACET\/IMAGENS\/biblioteca-digital\/imunohematologia\/10-Pesquisa-de-anticorpos-IgM-e-IgG.pdf\" target=\"_blank\" rel=\"noopener noreferrer\"> PESQUISA DE ANTICORPOS IGG E IGM PARA TOXOPLASMOSE DURANTE A GESTA\u00c7\u00c3O EM PACIENTES DO MUNICIPIO DE BERNARDINO DE CAMPOS, SP <\/a><\/strong><\/em><\/h4>\n<\/li>\n<li>\n<h4><em><strong><a title=\"ANT\u00cdGENO KELL NA DOEN\u00c7A HEMOL\u00cdTICA DO REC\u00c9M NASCIDO\" href=\"http:\/\/www.ciencianews.com.br\/arquivos\/ACET\/IMAGENS\/biblioteca-digital\/imunohematologia\/11-Antigeno-Kell-na-doenca.pdf\" target=\"_blank\" rel=\"noopener noreferrer\"> ANT\u00cdGENO KELL NA DOEN\u00c7A HEMOL\u00cdTICA DO REC\u00c9M NASCIDO <\/a><\/strong><\/em><\/h4>\n<\/li>\n<li>\n<h4><em><strong><a title=\"ERROS EM EXAMES DE TIPAGEM SANGU\u00cdNEA\" href=\"http:\/\/www.ciencianews.com.br\/arquivos\/ACET\/IMAGENS\/biblioteca-digital\/imunohematologia\/12-Erros-de-tipagem-sanguinea.pdf\" target=\"_blank\" rel=\"noopener noreferrer\"> ERROS EM EXAMES DE TIPAGEM SANGU\u00cdNEA <\/a><\/strong><\/em><\/h4>\n<\/li>\n<li>\n<h4><em><strong><a title=\"FENOTIPAGEM ERITROCIT\u00c1RIA DE ANT\u00cdGENOS POUCO USUAIS E SUA IMPORT\u00c2NCIA EM TRANSFUS\u00d5ES SANGU\u00cdNEAS\" href=\"http:\/\/www.ciencianews.com.br\/arquivos\/ACET\/IMAGENS\/biblioteca-digital\/imunohematologia\/13-Fenotipagem-eritrocitaria.pdf\" target=\"_blank\" rel=\"noopener noreferrer\"> FENOTIPAGEM ERITROCIT\u00c1RIA DE ANT\u00cdGENOS POUCO USUAIS E SUA IMPORT\u00c2NCIA EM TRANSFUS\u00d5ES SANGU\u00cdNEAS <\/a><\/strong><\/em><\/h4>\n<\/li>\n<li>\n<h4><em><strong><a title=\"STATUS SECRETOR INFERIDO DA FENOTIPAGEM ERITROCIT\u00c1RIA DO SISTEMA LEWIS COMPARADO \u00c0 GENOTIPAGEM FUT2\" href=\"http:\/\/www.ciencianews.com.br\/arquivos\/ACET\/IMAGENS\/biblioteca-digital\/imunohematologia\/14-Status-secretor-inferido.pdf\" target=\"_blank\" rel=\"noopener noreferrer\"> STATUS SECRETOR INFERIDO DA FENOTIPAGEM ERITROCIT\u00c1RIA DO SISTEMA LEWIS COMPARADO \u00c0 GENOTIPAGEM FUT2 <\/a><\/strong><\/em><\/h4>\n<\/li>\n<li>\n<h4><em><strong><a title=\" ALOIMUNIZA\u00c7\u00c3O ERITROCIT\u00c1RIA AN\u00c1LISES DE DADOS J\u00c1 RELATADOS DE SUA IMPORT\u00c2NCIA E AVAN\u00c7OS CL\u00cdNICOS NO DECORRER DOS ANOS\" href=\"http:\/\/www.ciencianews.com.br\/arquivos\/ACET\/IMAGENS\/biblioteca-digital\/imunohematologia\/15-Aloimunizacao-eritrocitaria.pdf\" target=\"_blank\" rel=\"noopener noreferrer\"> ALOIMUNIZA\u00c7\u00c3O ERITROCIT\u00c1RIA AN\u00c1LISES DE DADOS J\u00c1 RELATADOS DE SUA IMPORT\u00c2NCIA E AVAN\u00c7OS CL\u00cdNICOS NO DECORRER DOS ANOS <\/a><\/strong><\/em><\/h4>\n<\/li>\n<li>\n<h4><em><strong><a title=\"DOEN\u00c7A HEMOL\u00cdTICA DO REC\u00c9M NASCIDO (ERISTOBLASTOSE FETAL)\" href=\"http:\/\/www.ciencianews.com.br\/arquivos\/ACET\/IMAGENS\/biblioteca-digital\/imunohematologia\/16-Doenca-hemolitica-do-recem-nascido.pdf\" target=\"_blank\" rel=\"noopener noreferrer\"> DOEN\u00c7A HEMOL\u00cdTICA DO REC\u00c9M NASCIDO (ERISTOBLASTOSE FETAL)<\/a><\/strong><\/em><\/h4>\n<\/li>\n<li>\n<h4><em><strong><a title=\"A LUZ NO SISTEMA ABO\" href=\"http:\/\/www.ciencianews.com.br\/arquivos\/ACET\/IMAGENS\/biblioteca-digital\/imunohematologia\/17-A-luz-do-sistema-ABO.pdf\" target=\"_blank\" rel=\"noopener noreferrer\"> A LUZ NO SISTEMA ABO<\/a><\/strong><\/em><\/h4>\n<\/li>\n<li>\n<h4><em><strong><a title=\"PREVAL\u00caNCIA DO GRUPO ABO E FATOR RH NOS DOADORES DE SANGUE DO INSTITUTO ONCO HEMATOL\u00d3GICO DE AN\u00c1POLIS NO ANO DE 2014\" href=\"http:\/\/www.ciencianews.com.br\/arquivos\/ACET\/IMAGENS\/biblioteca-digital\/imunohematologia\/18-prevalencia-do-grupo-ABO-e-RH-nos-doadores-de-sangue.pdf\" target=\"_blank\" rel=\"noopener noreferrer\"> PREVAL\u00caNCIA DO GRUPO ABO E FATOR RH NOS DOADORES DE SANGUE DO INSTITUTO ONCO HEMATOL\u00d3GICO DE AN\u00c1POLIS NO ANO DE 2014<\/a><\/strong><\/em><\/h4>\n<\/li>\n<li>\n<h4><em><strong><a title=\"SISTEMAS SANGU\u00cdNEOS E ALOIMUNIZA\u00c7\u00c3O ERITROCIT\u00c1RIA: IMPORT\u00c2NCIA BIOL\u00d3GICA E RELEV\u00c2NCIA CL\u00cdNICA\" href=\"http:\/\/www.ciencianews.com.br\/arquivos\/ACET\/IMAGENS\/biblioteca-digital\/imunohematologia\/19-Sistema-sanguineo.pdf\" target=\"_blank\" rel=\"noopener noreferrer\"> SISTEMAS SANGU\u00cdNEOS E ALOIMUNIZA\u00c7\u00c3O ERITROCIT\u00c1RIA: IMPORT\u00c2NCIA BIOL\u00d3GICA E RELEV\u00c2NCIA CL\u00cdNICA<\/a><\/strong><\/em><\/h4>\n<\/li>\n<li>\n<h4><em><strong><a title=\"CONTROLE DE QUALIDADE INTERNO EM IMUNO-HEMATOLOGIA NO CENTRO DE HEMATOLOGIA E HEMOTERAPIA DO MARANH\u00c3O - HEMOMAR\" href=\"http:\/\/www.ciencianews.com.br\/arquivos\/ACET\/IMAGENS\/biblioteca-digital\/imunohematologia\/20-Controle-de-qualidade-interno-em-imuno.pdf\" target=\"_blank\" rel=\"noopener noreferrer\"> CONTROLE DE QUALIDADE INTERNO EM IMUNO-HEMATOLOGIA NO CENTRO DE HEMATOLOGIA E HEMOTERAPIA DO MARANH\u00c3O &#8211; HEMOMAR <\/a><\/strong><\/em><\/h4>\n<\/li>\n<li>\n<h4><em><strong><a title=\"DIAGN\u00d3STICO SOROL\u00d3GICO DA HEPATITE B\" href=\"http:\/\/www.ciencianews.com.br\/arquivos\/ACET\/IMAGENS\/biblioteca-digital\/imunohematologia\/21-Diagnostico-sorologico-da-Hepatite-B.pdf\" target=\"_blank\" rel=\"noopener noreferrer\"> DIAGN\u00d3STICO SOROL\u00d3GICO DA HEPATITE B <\/a><\/strong><\/em><\/h4>\n<\/li>\n<li>\n<h4><em><strong><a title=\"MONITORIZA\u00c7\u00c3O MOLECULAR E IMUNOL\u00d3GICA DOS TRANSPLANTES RENAIS\" href=\"http:\/\/www.ciencianews.com.br\/arquivos\/ACET\/IMAGENS\/biblioteca-digital\/imunohematologia\/22-Monitorizacao-molecula-e-imunologica-dos-transplantes-renais.pdf\" target=\"_blank\" rel=\"noopener noreferrer\"> MONITORIZA\u00c7\u00c3O MOLECULAR E IMUNOL\u00d3GICA DOS TRANSPLANTES RENAIS <\/a><\/strong><\/em><\/h4>\n<\/li>\n<li>\n<h4><em><strong><a title=\" INCOMPATIBILIDADE DO SISTEMA ABO NO TRANSPLANTE DE MEDULA \u00d3SSEA ALOG\u00caNICO\" href=\"http:\/\/www.ciencianews.com.br\/arquivos\/ACET\/IMAGENS\/biblioteca-digital\/imunohematologia\/23-Incompatibilidade-do-sistema-ABO-no-transplante-de-medula-ossea.pdf\" target=\"_blank\" rel=\"noopener noreferrer\"> INCOMPATIBILIDADE DO SISTEMA ABO NO TRANSPLANTE DE MEDULA \u00d3SSEA ALOG\u00caNICO <\/a><\/strong><\/em><\/h4>\n<\/li>\n<li>\n<h4><em><strong><a title=\"FREQU\u00caNCIA DE ANTICORPOS IRREGULARES EM PACIENTES INTERNADOS NO INSTITUTO DO CORA\u00c7\u00c3O DO DISTRITO FEDERAL (InCor-DF)\" href=\"http:\/\/www.ciencianews.com.br\/arquivos\/ACET\/IMAGENS\/biblioteca-digital\/imunohematologia\/24-Frequencia-de-anticorpos-irregulares-em-pacientes-internados.pdf\" target=\"_blank\" rel=\"noopener noreferrer\"> FREQU\u00caNCIA DE ANTICORPOS IRREGULARES EM PACIENTES INTERNADOS NO INSTITUTO DO CORA\u00c7\u00c3O DO DISTRITO FEDERAL (InCor-DF) <\/a><\/strong><\/em><\/h4>\n<\/li>\n<li>\n<h4><em><strong><a title=\"AUTO-HEMOTERAPIA\" href=\"http:\/\/www.ciencianews.com.br\/arquivos\/ACET\/IMAGENS\/biblioteca-digital\/imunohematologia\/25-Auto-hemoterapia.pdf\" target=\"_blank\" rel=\"noopener noreferrer\"> AUTO-HEMOTERAPIA <\/a><\/strong><\/em><\/h4>\n<\/li>\n<li>\n<h4><em><strong><a title=\"CONHECENDO OS IMUNOFEN\u00d3TIPOS DAS LEUCEMIAS\" href=\"http:\/\/www.ciencianews.com.br\/arquivos\/ACET\/IMAGENS\/biblioteca-digital\/imunohematologia\/26-Conhecendo-os-imunofenotipos-das-leucemias.pdf\" target=\"_blank\" rel=\"noopener noreferrer\"> CONHECENDO OS IMUNOFEN\u00d3TIPOS DAS LEUCEMIAS <\/a><\/strong><\/em><\/h4>\n<\/li>\n<li>\n<h4><em><strong><a title=\"DETEC\u00c7\u00c3O DOS ANTICORPOS REGULARES ABO MATERNOS EM REC\u00c9M-NASCIDOS PELO M\u00c9TODO DE TIPAGEM SANG\u00dc\u00cdNEA REVERSA ESTENDIDA AT\u00c9 FASE DE ANTIGLOBULINA HUMANA\" href=\"http:\/\/www.ciencianews.com.br\/arquivos\/ACET\/IMAGENS\/biblioteca-digital\/imunohematologia\/27-Deteccao-dos-anticorpos-regulares-ABO-maternos-em-recem-nascido.pdf\" target=\"_blank\" rel=\"noopener noreferrer\"> DETEC\u00c7\u00c3O DOS ANTICORPOS REGULARES ABO MATERNOS EM REC\u00c9M-NASCIDOS PELO M\u00c9TODO DE TIPAGEM SANG\u00dc\u00cdNEA REVERSA ESTENDIDA AT\u00c9 FASE DE ANTIGLOBULINA HUMANA <\/a><\/strong><\/em><\/h4>\n<\/li>\n<li>\n<h4><em><strong><a title=\"DOEN\u00c7A HEMOL\u00cdTICA PERINATAL\" href=\"http:\/\/www.ciencianews.com.br\/arquivos\/ACET\/IMAGENS\/biblioteca-digital\/imunohematologia\/28-Doenca-hemolitica-perinatal.pdf\" target=\"_blank\" rel=\"noopener noreferrer\"> DOEN\u00c7A HEMOL\u00cdTICA PERINATAL <\/a><\/strong><\/em><\/h4>\n<\/li>\n<li>\n<h4><em><strong><a title=\"FREQ\u00dc\u00caNCIA DE GRUPOS SANGU\u00cdNEOS DO SISTEMA ABO E RH EM RECEPTORES DE HEMOTRANSFUS\u00c3O EM HOSPITAL DE MONTES CLAROS - MG\" href=\"http:\/\/www.ciencianews.com.br\/arquivos\/ACET\/IMAGENS\/biblioteca-digital\/imunohematologia\/29-Frenquencia-de-grupos-sanguineos-do-sistema-ABO-e-RH-em-receptores-de-hemotransfusao.pdf\" target=\"_blank\" rel=\"noopener noreferrer\"> FREQ\u00dc\u00caNCIA DE GRUPOS SANGU\u00cdNEOS DO SISTEMA ABO E RH EM RECEPTORES DE HEMOTRANSFUS\u00c3O EM HOSPITAL DE MONTES CLAROS &#8211; MG <\/a><\/strong><\/em><\/h4>\n<\/li>\n<li>\n<h4><em><strong><a title=\"FREQU\u00caNCIA DE ANTICORPOS ERITROCIT\u00c1RIOS EM AMOSTRAS DE DOADORES DE SANGUE DO ESTADO DO AMAP\u00c1 COLETADAS NO HEMOCENTRO COORDENADOR-HEMOAP\" href=\"http:\/\/www.ciencianews.com.br\/arquivos\/ACET\/IMAGENS\/biblioteca-digital\/imunohematologia\/30-Frequencia-de-anticorpos-eritrocitarios-em-amostras-de-doadores-de-sangue-do-estado-do-Amapa.pdf\" target=\"_blank\" rel=\"noopener noreferrer\"> FREQU\u00caNCIA DE ANTICORPOS ERITROCIT\u00c1RIOS EM AMOSTRAS DE DOADORES DE SANGUE DO ESTADO DO AMAP\u00c1 COLETADAS NO HEMOCENTRO COORDENADOR-HEMOAP <\/a><\/strong><\/em><\/h4>\n<\/li>\n<li>\n<h4><em><strong><a title=\"ABORTO: \" href=\"http:\/\/www.ciencianews.com.br\/arquivos\/ACET\/IMAGENS\/biblioteca-digital\/imunohematologia\/31-Aborto-no-sistema-imune.pdf\" target=\"_blank\" rel=\"noopener noreferrer\"> ABORTO: &#8220;ERRO&#8221; NO SISTEMA IMUNE? <\/a><\/strong><\/em><\/h4>\n<\/li>\n<li>\n<h4><em><strong><a title=\"ANTICORPOS HETER\u00d3FILOS: UMA DIFICULDADE PARA OS LABORAT\u00d3RIOS NOS IMUNOENSAIOS\" href=\"http:\/\/www.ciencianews.com.br\/arquivos\/ACET\/IMAGENS\/biblioteca-digital\/imunohematologia\/32-Anticorpos-heterofilos.pdf\" target=\"_blank\" rel=\"noopener noreferrer\"> ANTICORPOS HETER\u00d3FILOS: UMA DIFICULDADE PARA OS LABORAT\u00d3RIOS NOS IMUNOENSAIOS <\/a><\/strong><\/em><\/h4>\n<\/li>\n<li>\n<h4><em><strong><a title=\"USO DE ANTICORPOS MONOCLONAIS NA TERAPIA DO C\u00c2NCER\" href=\"http:\/\/www.ciencianews.com.br\/arquivos\/ACET\/IMAGENS\/biblioteca-digital\/imunohematologia\/33-Uso-de-anticorpos-monoclonais.pdf\" target=\"_blank\" rel=\"noopener noreferrer\"> USO DE ANTICORPOS MONOCLONAIS NA TERAPIA DO C\u00c2NCER <\/a><\/strong><\/em><\/h4>\n<\/li>\n<li>\n<h4><em><strong><a title=\"IMUNOLOGIA NA REPRODU\u00c7\u00c3O\" href=\"http:\/\/www.ciencianews.com.br\/arquivos\/ACET\/IMAGENS\/biblioteca-digital\/imunohematologia\/34.pdf\" target=\"_blank\" rel=\"noopener noreferrer\"> IMUNOLOGIA NA REPRODU\u00c7\u00c3O <\/a><\/strong><\/em><\/h4>\n<\/li>\n<li>\n<h4><em><strong><a title=\"O PAPEL DA IMUNOFENOTIPAGEM E DA CITOGEN\u00c9TICA NO DIAGN\u00d3STICO DAS LEUCEMIAS\" href=\"http:\/\/www.ciencianews.com.br\/arquivos\/ACET\/IMAGENS\/biblioteca-digital\/imunohematologia\/35.pdf\" target=\"_blank\" rel=\"noopener noreferrer\"> O PAPEL DA IMUNOFENOTIPAGEM E DA CITOGEN\u00c9TICA NO DIAGN\u00d3STICO DAS LEUCEMIAS<\/a><\/strong><\/em><\/h4>\n<\/li>\n<li>\n<h4><em><strong><a title=\"A IMPORT\u00c2NCIA DA GENOTIPAGEM DO HIV-1 NA TERAPIA ANTI-RETROVIRAL\" href=\"http:\/\/www.ciencianews.com.br\/arquivos\/ACET\/IMAGENS\/biblioteca-digital\/imunohematologia\/36.pdf\" target=\"_blank\" rel=\"noopener noreferrer\"> A IMPORT\u00c2NCIA DA GENOTIPAGEM DO HIV-1 NA TERAPIA ANTI-RETROVIRAL <\/a><\/strong><\/em><\/h4>\n<\/li>\n<li>\n<h4><em><strong><a title=\"DETERMINA\u00c7\u00c3O DA FREQU\u00caNCIA DOS SUBGRUPOS SANGU\u00cdNEOS DO SISTEMA ABO E RH EM REC\u00c9M-NASCIDOS NO MUNIC\u00cdPIO DE G\u00c1LIA, ESTADO DE S\u00c3O PAULO\" href=\"http:\/\/www.ciencianews.com.br\/arquivos\/ACET\/IMAGENS\/biblioteca-digital\/imunohematologia\/37.pdf\" target=\"_blank\" rel=\"noopener noreferrer\"> DETERMINA\u00c7\u00c3O DA FREQU\u00caNCIA DOS SUBGRUPOS SANGU\u00cdNEOS DO SISTEMA ABO E RH EM REC\u00c9M-NASCIDOS NO MUNIC\u00cdPIO DE G\u00c1LIA, ESTADO DE S\u00c3O PAULO<\/a><\/strong><\/em><\/h4>\n<\/li>\n<li>\n<h4><em><strong><a title=\"O USO DE ANT\u00cdGENOS CELULARES \u201cCluster of differentiation\u201d (CD) APLICADOS NA IMUNOFENOTIPAGEM DAS LEUCEMIAS AGUDAS\" href=\"http:\/\/www.ciencianews.com.br\/arquivos\/ACET\/IMAGENS\/biblioteca-digital\/imunohematologia\/38.pdf\" target=\"_blank\" rel=\"noopener noreferrer\"> O USO DE ANT\u00cdGENOS CELULARES \u201cCluster of differentiation\u201d (CD) APLICADOS NA IMUNOFENOTIPAGEM DAS LEUCEMIAS AGUDAS<\/a><\/strong><\/em><\/h4>\n<\/li>\n<li>\n<h4><a href=\"https:\/\/www.ciencianews.com.br\/arquivos\/ACET\/IMAGENS\/biblioteca-digital\/imunohematologia\/Anticorpo%20de%20especificidade%20indeterminada%20-%20Arthur%20victor%20Cardozo%20do%20Nascimento.pdf\"><strong>ANTICORPO DE ESPECIFICIDADE INDETERMINADA: UMA REVIS\u00c3O DE<br \/>\nLITERATURA<\/strong><\/a><\/h4>\n<\/li>\n<li>\n<h4><a href=\"https:\/\/www.ciencianews.com.br\/arquivos\/ACET\/IMAGENS\/biblioteca-digital\/imunohematologia\/Incidentes%20transfusionais%20tardios%202022%20%20%20-%20Leticia%20Segovia.pdf\"><em><strong>INCIDENTES TRANSFUSIONAIS TARDIOS 2022<\/strong><\/em><\/a><\/h4>\n<\/li>\n<li>\n<h4><a href=\"https:\/\/www.ciencianews.com.br\/arquivos\/ACET\/IMAGENS\/biblioteca-digital\/imunohematologia\/O%20papel%20das%20c%C3%A9lulas%20Natural%20Killer%20na%20imunoterapia%20-%20%20Luciana%20Mieli%20Saito.pdf\"><em><strong>O PAPEL DAS C\u00c9LULAS NATURAL KILLER NA IMUNOTERAPIA<\/strong><\/em><\/a><\/h4>\n<\/li>\n<li>\n<h4><a href=\"https:\/\/www.ciencianews.com.br\/arquivos\/ACET\/IMAGENS\/biblioteca-digital\/imunohematologia\/PREVAL%C3%8ANCIA_E_CLASSIFICA%C3%87%C3%83O_DAS_REA%C3%87%C3%95ES_TRANSFUSIONAIS_OCORRIDAS_EM_UM_HOSPITAL_DO_SETOR_PRIVADO_NA_CIDADE_DE_ARARAQUARA-SP%20-%20Felipe_Augusto_da_Silva.pdf\"><em><strong>PREVAL\u00caNCIA E CLASSIFICA\u00c7\u00c3O DAS REA\u00c7\u00d5ES TRANSFUSIONAIS OCORRIDAS EM UM HOSPITAL DO SETOR PRIVADO NA CIDADE DE ARARAQUARA (SP)<\/strong><\/em><\/a><\/h4>\n<\/li>\n<li>\n<h4><a href=\"https:\/\/www.ciencianews.com.br\/arquivos\/ACET\/IMAGENS\/biblioteca-digital\/imunohematologia\/REVIS%C3%83O%20INCID%C3%8ANCIA,%20TESTES%20DE%20COMPATIBILIZA%C3%87%C3%83O%20E%20%20MANEJO%20DA%20REFRATARIEDADE%20PLAQUET%C3%81RIA%20IMUNE-%20MARIANA%20SOUSA%20PATROCINIO.pdf\"><em><strong>REVIS\u00c3O: INCID\u00caNCIA, TESTES DE COMPATIBILIZA\u00c7\u00c3O E MANEJO DA REFRATARIEDADE PLAQUET\u00c1RIA IMUNE<\/strong><\/em><\/a><\/h4>\n<\/li>\n<li>\n<h4><a href=\"https:\/\/www.ciencianews.com.br\/arquivos\/ACET\/IMAGENS\/biblioteca-digital\/imunohematologia\/T%C3%89CNICAS%20ACESS%C3%93RIAS%20EM%20IMUNO-HEMATOLOGIA%20-%20KARINA%20DA%20SILVA%20SOARES.pdf\"><em><strong>T\u00c9CNICAS ACESS\u00d3RIAS EM IMUNO-HEMATOLOGIA<\/strong><\/em><\/a><\/h4>\n<\/li>\n<li>\n<h4><a href=\"https:\/\/www.ciencianews.com.br\/arquivos\/ACET\/IMAGENS\/biblioteca-digital\/imunohematologia\/TRANSMISSIBILIDADE%20DA%20DOEN%C3%87A%20DE%20CHAGAS%20EM%20TRANSFUS%C3%83O%20-%20Renata%20Forte%20Menoli.pdf\"><em><strong>TRANSMISSIBILIDADE DA DOEN\u00c7A DE CHAGAS EM TRANSFUS\u00c3O<\/strong><\/em><\/a><\/h4>\n<\/li>\n<li>\n<h4><a href=\"https:\/\/ciencianews.com.br\/arquivos\/ACET\/IMAGENS\/biblioteca-digital\/imunohematologia\/2023-A%20exist%C3%AAncia%20do%20rh%20nulo%20-%20%20sangue%20dourado%20-%20Mariana%20Patan%C3%A9%20Todaro.pdf\"><em><strong>A EXIST\u00caNCIA DO RH NULO &#8211; SANGUE DOURADO<\/strong><\/em><\/a><\/h4>\n<\/li>\n<li>\n<h4><a href=\"https:\/\/ciencianews.com.br\/arquivos\/ACET\/IMAGENS\/biblioteca-digital\/imunohematologia\/2023-Preval%C3%AAncia%20da%20infec%C3%A7%C3%A3o%20por%20Plasmodium%20vivax%20em%20indiv%C3%ADduos%20Duffy%20negativos%20-%20%20revis%C3%A3o%20-%20Mariana%20Cristina%20Tenorio%20Leonardi.pdf\"><em><strong>PREVAL\u00caNCIA DA INFEC\u00c7\u00c3O POR PLASMODIUM VIVAX EM INDIV\u00cdDUOS DUFFY NEGATIVOS: REVIS\u00c3O<\/strong><\/em><\/a><\/h4>\n<\/li>\n<li>\n<h4><a href=\"https:\/\/ciencianews.com.br\/arquivos\/ACET\/IMAGENS\/biblioteca-digital\/imunohematologia\/2026_Perfil_anticorpos_em_pacientes_multitransfundidos.pdf\" target=\"_blank\" rel=\"noopener\"><em><strong>PERFIL DE ALOANTICORPOS EM PACIENTES MULTITRANSFUNDIDOS (ONCOLOGIA \/<br \/>\nHEMATOLOGIA)<\/strong><\/em><\/a><\/h4>\n<\/li>\n<li>\n<h4><a href=\"https:\/\/ciencianews.com.br\/arquivos\/ACET\/IMAGENS\/biblioteca-digital\/imunohematologia\/2026_Eficiencia_dos_testes_imuno-hematologicos_na_prevencao_de_reacoes_transfusionais.pdf\" target=\"_blank\" rel=\"noopener\"><em><strong>EFICI\u00caNCIA DOS TESTES IMUNO-HEMATOL\u00d3GICOS NA PREVEN\u00c7\u00c3O DE REA\u00c7\u00d5ES TRANSFUSIONAIS<\/strong><\/em><\/a><\/h4>\n<\/li>\n<li>\n<h4><a href=\"https:\/\/ciencianews.com.br\/arquivos\/ACET\/IMAGENS\/biblioteca-digital\/imunohematologia\/2026_A_importancia_da_Compatibilidade_Estendida_em_Transfusoes_em_Pacientes_Politransfundidos.pdf\" target=\"_blank\" rel=\"noopener\"><em><strong>A IMPORT\u00c2NCIA DA COMPATIBILIDADE ESTENDIDA EM TRANSFUS\u00d5ES EM PACIENTES POLITRANSFUNDIDOS<\/strong><\/em><\/a><\/h4>\n<\/li>\n<\/ol>\n<\/li>\n<\/ol>\n<div style=\"text-align: center;\">\n<p>[ezcol_1third]<br \/>\n<a href=\"http:\/\/www.ciencianews.com.br\/index.php\/home\/biblioteca_digital\/b-d-imunohematologia\/\"> <img loading=\"lazy\" decoding=\"async\" class=\"alignnone size-thumbnail wp-image-4997\" src=\"http:\/\/www.ciencianews.com.br\/wp-content\/uploads\/2019\/08\/voltar-150x150.png\" alt=\"voltar\" width=\"70\" height=\"70\" srcset=\"https:\/\/www.ciencianews.com.br\/wp-content\/uploads\/2019\/08\/voltar-150x150.png 150w, https:\/\/www.ciencianews.com.br\/wp-content\/uploads\/2019\/08\/voltar-250x250.png 250w, https:\/\/www.ciencianews.com.br\/wp-content\/uploads\/2019\/08\/voltar.png 256w\" sizes=\"auto, (max-width: 70px) 100vw, 70px\" \/> <\/a><\/p>\n<div style=\"color: #000000; text-align: center; font-size: 15px; font-weight: bold;\"><a href=\"http:\/\/www.ciencianews.com.br\/index.php\/home\/biblioteca_digital\/b-d-imunohematologia\/\">Voltar<\/a><\/div>\n<p>[\/ezcol_1third]<br \/>\n[ezcol_1third]<br \/>\n<a href=\"http:\/\/www.ciencianews.com.br\/index.php\/home\/biblioteca_digital\/\"> <img loading=\"lazy\" decoding=\"async\" class=\"alignnone size-thumbnail wp-image-4996\" src=\"http:\/\/www.ciencianews.com.br\/wp-content\/uploads\/2019\/08\/home-150x150.jpg\" alt=\"home\" width=\"70\" height=\"70\" srcset=\"https:\/\/www.ciencianews.com.br\/wp-content\/uploads\/2019\/08\/home-150x150.jpg 150w, https:\/\/www.ciencianews.com.br\/wp-content\/uploads\/2019\/08\/home.jpg 225w\" sizes=\"auto, (max-width: 70px) 100vw, 70px\" \/> <\/a><\/p>\n<div style=\"color: #000000; text-align: center; font-size: 15px; font-weight: bold;\"><a href=\"http:\/\/www.ciencianews.com.br\/index.php\/home\/biblioteca_digital\/\">Biblioteca Digital<\/a><\/div>\n<p>[\/ezcol_1third]<br \/>\n[ezcol_1third_end]<br \/>\n<a href=\"http:\/\/www.ciencianews.com.br\/index.php\/home\/biblioteca_digital\/b-d-outros-temas\/\"> <img loading=\"lazy\" decoding=\"async\" class=\"alignnone size-thumbnail wp-image-4995\" src=\"http:\/\/www.ciencianews.com.br\/wp-content\/uploads\/2019\/08\/avancar-150x150.png\" alt=\"avancar\" width=\"70\" height=\"70\" srcset=\"https:\/\/www.ciencianews.com.br\/wp-content\/uploads\/2019\/08\/avancar-150x150.png 150w, https:\/\/www.ciencianews.com.br\/wp-content\/uploads\/2019\/08\/avancar-250x250.png 250w, https:\/\/www.ciencianews.com.br\/wp-content\/uploads\/2019\/08\/avancar.png 256w\" sizes=\"auto, (max-width: 70px) 100vw, 70px\" \/> <\/a><\/p>\n<div style=\"color: #000000; text-align: center; font-size: 15px; font-weight: bold;\"><a href=\"http:\/\/www.ciencianews.com.br\/index.php\/home\/biblioteca_digital\/b-d-outros-temas\/\">Pr\u00f3ximo T\u00f3pico: &#8220;OUTROS TEMAS&#8221;<\/a><\/div>\n<p>[\/ezcol_1third_end]<\/p>\n<\/div>\n","protected":false},"excerpt":{"rendered":"<p>ARTIGOS &#8211; IMUNOHEMATOLOGIA Escolha o tema de sua prefer\u00eancia: CONTROLE DE QUALIDADE INTERNO EM IMUNO-HEMATOLOGIA NO CENTRO DE HEMATOLOGIA E HEMOTERAPIA DO MARANH\u00c3O &#8211; HEMOMAR RELA\u00c7\u00c3O ENTRE OS ANT\u00cdGENOS DOS GRUPOS SANGU\u00cdNEOS E DIFERENTES DOEN\u00c7AS INFECCIOSAS INFLU\u00caNCIA DA VITAMINA D [&hellip;]<\/p>\n","protected":false},"author":1,"featured_media":0,"parent":5070,"menu_order":0,"comment_status":"closed","ping_status":"closed","template":"","meta":{"_uag_custom_page_level_css":"","_joinchat":[],"footnotes":""},"class_list":["post-5073","page","type-page","status-publish","hentry"],"uagb_featured_image_src":{"full":false,"thumbnail":false,"medium":false,"medium_large":false,"large":false,"1536x1536":false,"2048x2048":false,"post-thumbnail":false,"business-hub-blog":false,"business-hub-work":false},"uagb_author_info":{"display_name":"real","author_link":"https:\/\/www.ciencianews.com.br\/index.php\/author\/real\/"},"uagb_comment_info":0,"uagb_excerpt":"ARTIGOS &#8211; IMUNOHEMATOLOGIA Escolha o tema de sua prefer\u00eancia: CONTROLE DE QUALIDADE INTERNO EM IMUNO-HEMATOLOGIA NO CENTRO DE HEMATOLOGIA E HEMOTERAPIA DO MARANH\u00c3O &#8211; HEMOMAR RELA\u00c7\u00c3O ENTRE OS ANT\u00cdGENOS DOS GRUPOS SANGU\u00cdNEOS E DIFERENTES DOEN\u00c7AS INFECCIOSAS INFLU\u00caNCIA DA VITAMINA D [&hellip;]","_links":{"self":[{"href":"https:\/\/www.ciencianews.com.br\/index.php\/wp-json\/wp\/v2\/pages\/5073","targetHints":{"allow":["GET"]}}],"collection":[{"href":"https:\/\/www.ciencianews.com.br\/index.php\/wp-json\/wp\/v2\/pages"}],"about":[{"href":"https:\/\/www.ciencianews.com.br\/index.php\/wp-json\/wp\/v2\/types\/page"}],"author":[{"embeddable":true,"href":"https:\/\/www.ciencianews.com.br\/index.php\/wp-json\/wp\/v2\/users\/1"}],"replies":[{"embeddable":true,"href":"https:\/\/www.ciencianews.com.br\/index.php\/wp-json\/wp\/v2\/comments?post=5073"}],"version-history":[{"count":15,"href":"https:\/\/www.ciencianews.com.br\/index.php\/wp-json\/wp\/v2\/pages\/5073\/revisions"}],"predecessor-version":[{"id":8086,"href":"https:\/\/www.ciencianews.com.br\/index.php\/wp-json\/wp\/v2\/pages\/5073\/revisions\/8086"}],"up":[{"embeddable":true,"href":"https:\/\/www.ciencianews.com.br\/index.php\/wp-json\/wp\/v2\/pages\/5070"}],"wp:attachment":[{"href":"https:\/\/www.ciencianews.com.br\/index.php\/wp-json\/wp\/v2\/media?parent=5073"}],"curies":[{"name":"wp","href":"https:\/\/api.w.org\/{rel}","templated":true}]}}