{"id":5099,"date":"2019-08-19T14:42:58","date_gmt":"2019-08-19T14:42:58","guid":{"rendered":"http:\/\/www.ciencianews.com.br\/?page_id=5099"},"modified":"2019-12-18T11:04:28","modified_gmt":"2019-12-18T11:04:28","slug":"artigos-de-bioquimica-clinica","status":"publish","type":"page","link":"https:\/\/www.ciencianews.com.br\/index.php\/home\/biblioteca_digital\/biblioteca-digital-bioquimica-clinica\/b-d-bioquimica-clinica\/artigos-de-bioquimica-clinica\/","title":{"rendered":"ARTIGOS DE BIOQU\u00cdMICA CL\u00cdNICA"},"content":{"rendered":"<h1 align=\"center\"><span style=\"color: #000000;\"><strong> ARTIGOS &#8211; BIOQU\u00cdMICA CL\u00cdNICA <\/strong><\/span><\/h1>\n<p><strong>Escolha o tema de sua prefer\u00eancia:<\/strong><\/p>\n<ol>\n<li>\n<h4><em><strong><a title=\"ASPECTOS GERAIS DA HEMOCROMATOSE E SUAS IMPLICA\u00c7\u00d5ES\" href=\"http:\/\/www.ciencianews.com.br\/arquivos\/ACET\/IMAGENS\/biblioteca-digital\/bioquimica-clinica\/bioquimica-clinica\/1-Aspectos-gerais-da-hemocr.PDF\" target=\"_blank\"> ASPECTOS GERAIS DA HEMOCROMATOSE E SUAS IMPLICA\u00c7\u00d5ES<\/a><\/strong><\/em><\/h4>\n<\/li>\n<li>\n<h4><em><strong><a title=\"HEMOCROMATOSE HEREDIT\u00c1RIA\" href=\"http:\/\/www.ciencianews.com.br\/arquivos\/ACET\/IMAGENS\/biblioteca-digital\/bioquimica-clinica\/bioquimica-clinica\/2-Hemocromatose-hereditaria.pdf\" target=\"_blank\"> HEMOCROMATOSE HEREDIT\u00c1RIA <\/a><\/strong><\/em><\/h4>\n<\/li>\n<li>\n<h4><em><strong><a title=\"METABOLISMO DAS BILIRRUBINAS \u2013 DANO HEP\u00c1TICO\" href=\"http:\/\/www.ciencianews.com.br\/arquivos\/ACET\/IMAGENS\/biblioteca-digital\/bioquimica-clinica\/bioquimica-clinica\/3-Metabolismo-das-bilirrubi.pdf\" target=\"_blank\">METABOLISMO DAS BILIRRUBINAS \u2013 DANO HEP\u00c1TICO<\/a><\/strong><\/em><\/h4>\n<\/li>\n<li>\n<h4><em><strong><a title=\"DIST\u00daRBIOS DO EQUIL\u00cdBRIO \u00c1CIDO-B\u00c1SICO\" href=\"http:\/\/www.ciencianews.com.br\/arquivos\/ACET\/IMAGENS\/biblioteca-digital\/bioquimica-clinica\/bioquimica-clinica\/4-Disturbios-do-equilibrio.pdf\" target=\"_blank\"> DIST\u00daRBIOS DO EQUIL\u00cdBRIO \u00c1CIDO-B\u00c1SICO <\/a><\/strong><\/em><\/h4>\n<\/li>\n<li>\n<h4><em><strong><a title=\"INSUFICI\u00caNCIA RENAL AGUDA\" href=\"http:\/\/www.ciencianews.com.br\/arquivos\/ACET\/IMAGENS\/biblioteca-digital\/bioquimica-clinica\/bioquimica-clinica\/5-Insuficiencia-renal-aguda.pdf\" target=\"_blank\"> INSUFICI\u00caNCIA RENAL AGUDA <\/a><\/strong><\/em><\/h4>\n<\/li>\n<li>\n<h4><em><strong><a title=\"AVALIA\u00c7\u00c3O DO USO DE ANTICOAGULANTES EM AMOSTRAS DESTINADAS A DOSAGEM DE UR\u00c9IA NO SANGUE\" href=\"http:\/\/www.ciencianews.com.br\/arquivos\/ACET\/IMAGENS\/biblioteca-digital\/bioquimica-clinica\/bioquimica-clinica\/6-Avaliacao-do-uso-de-antico.pdf\" target=\"_blank\"> AVALIA\u00c7\u00c3O DO USO DE ANTICOAGULANTES EM AMOSTRAS DESTINADAS A DOSAGEM DE UR\u00c9IA NO SANGUE <\/a><\/strong><\/em><\/h4>\n<\/li>\n<li>\n<h4><em><strong><a title=\"PROCESSO FISIOL\u00d3GICO E AVALIA\u00c7\u00c3O LABORATORIAL DA HEMOSTASIA\" href=\"http:\/\/www.ciencianews.com.br\/arquivos\/ACET\/IMAGENS\/biblioteca-digital\/bioquimica-clinica\/bioquimica-clinica\/7-Processo-fisiologico-e-av.pdf\" target=\"_blank\"> PROCESSO FISIOL\u00d3GICO E AVALIA\u00c7\u00c3O LABORATORIAL DA HEMOSTASIA <\/a><\/strong><\/em><\/h4>\n<\/li>\n<li>\n<h4><em><strong><a title=\"PREVAL\u00caNCIA DE FERRITINA ELEVADA EM PACIENTES COM PSA AUMENTADO\" href=\"http:\/\/www.ciencianews.com.br\/arquivos\/ACET\/IMAGENS\/biblioteca-digital\/bioquimica-clinica\/bioquimica-clinica\/8-Prevalencia-de-ferritina.pdf\" target=\"_blank\"> PREVAL\u00caNCIA DE FERRITINA ELEVADA EM PACIENTES COM PSA AUMENTADO <\/a><\/strong><\/em><\/h4>\n<\/li>\n<li>\n<h4><em><strong><a title=\"CORRELA\u00c7\u00c3O DOS RESULTADOS ACIMA DA LINEARIDADE PARA HbA1c POR HPLC COM PERFIS HETEROZIG\u00d3TICOS PARA HEMOGLOBINAS VARIANTES\" href=\"http:\/\/www.ciencianews.com.br\/arquivos\/ACET\/IMAGENS\/biblioteca-digital\/bioquimica-clinica\/bioquimica-clinica\/9-Correlacao-dos-resultados.pdf\" target=\"_blank\"> CORRELA\u00c7\u00c3O DOS RESULTADOS ACIMA DA LINEARIDADE PARA HbA1c POR HPLC COM PERFIS HETEROZIG\u00d3TICOS PARA HEMOGLOBINAS VARIANTES<\/a><\/strong><\/em><\/h4>\n<\/li>\n<li>\n<h4><em><strong><a title=\"ESTUDO SOBRE INSUFICI\u00caNCIA RENAL\" href=\"http:\/\/www.ciencianews.com.br\/arquivos\/ACET\/IMAGENS\/biblioteca-digital\/bioquimica-clinica\/bioquimica-clinica\/10-Um-estudo-sobre-insufici.pdf\" target=\"_blank\"> ESTUDO SOBRE INSUFICI\u00caNCIA RENAL <\/a><\/strong><\/em><\/h4>\n<\/li>\n<li>\n<h4><em><strong><a title=\"DEFICI\u00caNCIA DE \u00c1CIDO F\u00d3LICO NA GRAVIDEZ\"  href=\"http:\/\/www.ciencianews.com.br\/arquivos\/ACET\/IMAGENS\/biblioteca-digital\/bioquimica-clinica\/bioquimica-clinica\/11-deficiencia-de-acido-fo.pdf\" target=\"_blank\"> DEFICI\u00caNCIA DE \u00c1CIDO F\u00d3LICO NA GRAVIDEZ <\/a><\/strong><\/em><\/h4>\n<\/li>\n<li>\n<h4><em><strong><a title=\"AN\u00c1LISE DE DIFERENTES METODOLOGIAS PARA VELOCIDADE DE HEMOSSEDIMENTA\u00c7\u00c3O \u2013 VHS E SUA COMPARA\u00c7\u00c3O COM A PROTEINA CREATIVA - PCR\"  href=\"http:\/\/www.ciencianews.com.br\/arquivos\/ACET\/IMAGENS\/biblioteca-digital\/bioquimica-clinica\/bioquimica-clinica\/12-Analises-de-diferentes.pdf\" target=\"_blank\"> AN\u00c1LISE DE DIFERENTES METODOLOGIAS PARA VELOCIDADE DE HEMOSSEDIMENTA\u00c7\u00c3O \u2013 VHS E SUA COMPARA\u00c7\u00c3O COM A PROTEINA CREATIVA &#8211; PCR <\/a><\/strong><\/em><\/h4>\n<\/li>\n<li>\n<h4><em><strong><a title=\"ICTER\u00cdCIA NEONATAL\"  href=\"http:\/\/www.ciencianews.com.br\/arquivos\/ACET\/IMAGENS\/biblioteca-digital\/bioquimica-clinica\/bioquimica-clinica\/13-Ictericia-neonatal.pdf\" target=\"_blank\"> ICTER\u00cdCIA NEONATAL <\/a><\/strong><\/em><\/h4>\n<\/li>\n<li>\n<h4><em><strong><a title=\"A PRESEN\u00c7A DE OXALATO DE CALCIO, RESULTANTE DE CALCULOS RENAIS NOS HABITANTES DE BURITAMA ESTADO DE S\u00c3O PAULO\"  href=\"http:\/\/www.ciencianews.com.br\/arquivos\/ACET\/IMAGENS\/biblioteca-digital\/bioquimica-clinica\/bioquimica-clinica\/14-Presenca-de-oxalato.pdf\" target=\"_blank\"> A PRESEN\u00c7A DE OXALATO DE CALCIO, RESULTANTE DE CALCULOS RENAIS NOS HABITANTES DE BURITAMA ESTADO DE S\u00c3O PAULO <\/a><\/strong><\/em><\/h4>\n<\/li>\n<li>\n<h4><em><strong><a title=\" MARCADORES DE DOEN\u00c7AS CARD\u00cdACAS\"  href=\"http:\/\/www.ciencianews.com.br\/arquivos\/ACET\/IMAGENS\/biblioteca-digital\/bioquimica-clinica\/bioquimica-clinica\/15-Marcadores-de-doenca.pdf\" target=\"_blank\">  MARCADORES DE DOEN\u00c7AS CARD\u00cdACAS <\/a><\/strong><\/em><\/h4>\n<\/li>\n<li>\n<h4><em><strong><a title=\"DIAGN\u00d3STICO LABORATORIAL DAS HEPATITES B E C\"  href=\"http:\/\/www.ciencianews.com.br\/arquivos\/ACET\/IMAGENS\/biblioteca-digital\/bioquimica-clinica\/bioquimica-clinica\/16-Diagnostico-laboratoria.pdf\" target=\"_blank\"> DIAGN\u00d3STICO LABORATORIAL DAS HEPATITES B E C<\/a><\/strong><\/em><\/h4>\n<\/li>\n<li>\n<h4><em><strong><a title=\"EXPRESS\u00c3O DO GENE p53 E C\u00c2NCER DE PELE N\u00c3O MELANOMA\"  href=\"\nhttp:\/\/www.ciencianews.com.br\/arquivos\/ACET\/IMAGENS\/biblioteca-digital\/bioquimica-clinica\/bioquimica-clinica\/17-Expressao-do-gene.pdf\" target=\"_blank\"> EXPRESS\u00c3O DO GENE p53 E C\u00c2NCER DE PELE N\u00c3O MELANOMA<\/a><\/strong><\/em><\/h4>\n<\/li>\n<li>\n<h4><em><strong><a title=\"DISLIPIDEMIAS\"  href=\"http:\/\/www.ciencianews.com.br\/arquivos\/ACET\/IMAGENS\/biblioteca-digital\/bioquimica-clinica\/bioquimica-clinica\/18-Dislipidemias.pdf\" target=\"_blank\"> DISLIPIDEMIAS<\/a><\/strong><\/em><\/h4>\n<\/li>\n<li>\n<h4><em><strong><a title=\"DIAGNOSTICO LABORATORIAL DAS DISLIPIDEMIAS\"  href=\"http:\/\/www.ciencianews.com.br\/arquivos\/ACET\/IMAGENS\/biblioteca-digital\/bioquimica-clinica\/bioquimica-clinica\/19-Diagnosticodas-lipidem.pdf\" target=\"_blank\"> DIAGNOSTICO LABORATORIAL DAS DISLIPIDEMIAS<\/a><\/strong><\/em><\/h4>\n<\/li>\n<li>\n<h4><em><strong><a title=\"AVALIA\u00c7\u00c3O DE PAR\u00c2METROS DE ESTRESSE OXIDATIVO EM PACIENTES DE HEMODIALISE\"  href=\"http:\/\/www.ciencianews.com.br\/arquivos\/ACET\/IMAGENS\/biblioteca-digital\/bioquimica-clinica\/bioquimica-clinica\/20-Avaliacao-de-parametro.pdf\" target=\"_blank\"> AVALIA\u00c7\u00c3O DE PAR\u00c2METROS DE ESTRESSE OXIDATIVO EM PACIENTES DE HEMODIALISE <\/a><\/strong><\/em><\/h4>\n<\/li>\n<li>\n<h4><em><strong><a title=\"EXAME DE L\u00cdQUIDO CEFALORRAQUIDIANO\"  href=\"\nhttp:\/\/www.ciencianews.com.br\/arquivos\/ACET\/IMAGENS\/biblioteca-digital\/bioquimica-clinica\/bioquimica-clinica\/21-Exame-liquido.pdf\" target=\"_blank\"> EXAME DE L\u00cdQUIDO CEFALORRAQUIDIANO<\/a><\/strong><\/em><\/h4>\n<\/li>\n<li>\n<h4><em><strong><a title=\"HEMOCROMATOSE HEREDIT\u00c1RIA\"  href=\"http:\/\/www.ciencianews.com.br\/arquivos\/ACET\/IMAGENS\/biblioteca-digital\/bioquimica-clinica\/bioquimica-clinica\/22-Hemocromatose-hereditar.pdf\" target=\"_blank\"> HEMOCROMATOSE HEREDIT\u00c1RIA <\/a><\/strong><\/em><\/h4>\n<\/li>\n<li>\n<h4><em><strong><a title=\"ALGUNS ASPECTOS RELEVANTES SOBRE A FERRITINA NO SANGUE\"  href=\"http:\/\/www.ciencianews.com.br\/arquivos\/ACET\/IMAGENS\/biblioteca-digital\/bioquimica-clinica\/bioquimica-clinica\/23.pdf\" target=\"_blank\"> ALGUNS ASPECTOS RELEVANTES SOBRE A FERRITINA NO SANGUE <\/a><\/strong><\/em><\/h4>\n<\/li>\n<div style=\"text-align: center;\">\n<p>[ezcol_1third]<br \/>\n<a href=\"http:\/\/www.ciencianews.com.br\/index.php\/home\/biblioteca_digital\/biblioteca-digital-bioquimica-clinica\/b-d-bioquimica-clinica\/\"> <img loading=\"lazy\" decoding=\"async\" src=\"http:\/\/www.ciencianews.com.br\/wp-content\/uploads\/2019\/08\/voltar-150x150.png\" alt=\"voltar\" width=\"70\" height=\"70\" class=\"alignnone size-thumbnail wp-image-4997\" srcset=\"https:\/\/www.ciencianews.com.br\/wp-content\/uploads\/2019\/08\/voltar-150x150.png 150w, https:\/\/www.ciencianews.com.br\/wp-content\/uploads\/2019\/08\/voltar-250x250.png 250w, https:\/\/www.ciencianews.com.br\/wp-content\/uploads\/2019\/08\/voltar.png 256w\" sizes=\"auto, (max-width: 70px) 100vw, 70px\" \/> <\/p>\n<div style=\"color: #000000; text-align: center; font-size: 15px; font-weight: bold;\">Voltar<\/a><\/p>\n<\/div>\n<p>[\/ezcol_1third]<br \/>\n[ezcol_1third]<br \/>\n<a href=\"http:\/\/www.ciencianews.com.br\/index.php\/home\/biblioteca_digital\/\"> <img loading=\"lazy\" decoding=\"async\" src=\"http:\/\/www.ciencianews.com.br\/wp-content\/uploads\/2019\/08\/home-150x150.jpg\" alt=\"home\" width=\"70\" height=\"70\" class=\"alignnone size-thumbnail wp-image-4996\" srcset=\"https:\/\/www.ciencianews.com.br\/wp-content\/uploads\/2019\/08\/home-150x150.jpg 150w, https:\/\/www.ciencianews.com.br\/wp-content\/uploads\/2019\/08\/home.jpg 225w\" sizes=\"auto, (max-width: 70px) 100vw, 70px\" \/> <\/p>\n<div style=\"color: #000000; text-align: center; font-size: 15px; font-weight: bold;\">Biblioteca Digital<\/a><\/p>\n<\/div>\n<p>[\/ezcol_1third]<br \/>\n[ezcol_1third_end]<br \/>\n<a href=\"http:\/\/www.ciencianews.com.br\/index.php\/home\/biblioteca_digital\/biblioteca-digital-bioquimica-clinica\/b-d-bioquimica-clinica-hormonios\/\"> <img loading=\"lazy\" decoding=\"async\" src=\"http:\/\/www.ciencianews.com.br\/wp-content\/uploads\/2019\/08\/avancar-150x150.png\" alt=\"avancar\" width=\"70\" height=\"70\" class=\"alignnone size-thumbnail wp-image-4995\" srcset=\"https:\/\/www.ciencianews.com.br\/wp-content\/uploads\/2019\/08\/avancar-150x150.png 150w, https:\/\/www.ciencianews.com.br\/wp-content\/uploads\/2019\/08\/avancar-250x250.png 250w, https:\/\/www.ciencianews.com.br\/wp-content\/uploads\/2019\/08\/avancar.png 256w\" sizes=\"auto, (max-width: 70px) 100vw, 70px\" \/> <\/p>\n<div style=\"color: #000000; text-align: center; font-size: 15px; font-weight: bold;\">Pr\u00f3ximo T\u00f3pico: &#8220;BIOQU\u00cdMICA CL\u00cdNICA &#8211; HORM\u00d4NIOS&#8221;<\/a><\/p>\n<\/div>\n<p>[\/ezcol_1third_end]<\/p>\n<\/div>\n","protected":false},"excerpt":{"rendered":"<p>ARTIGOS &#8211; BIOQU\u00cdMICA CL\u00cdNICA Escolha o tema de sua prefer\u00eancia: ASPECTOS GERAIS DA HEMOCROMATOSE E SUAS IMPLICA\u00c7\u00d5ES HEMOCROMATOSE HEREDIT\u00c1RIA METABOLISMO DAS BILIRRUBINAS \u2013 DANO HEP\u00c1TICO DIST\u00daRBIOS DO EQUIL\u00cdBRIO \u00c1CIDO-B\u00c1SICO INSUFICI\u00caNCIA RENAL AGUDA AVALIA\u00c7\u00c3O DO USO DE ANTICOAGULANTES EM AMOSTRAS DESTINADAS [&hellip;]<\/p>\n","protected":false},"author":1,"featured_media":0,"parent":5094,"menu_order":0,"comment_status":"closed","ping_status":"closed","template":"","meta":{"_uag_custom_page_level_css":"","_joinchat":[],"footnotes":""},"class_list":["post-5099","page","type-page","status-publish","hentry"],"uagb_featured_image_src":{"full":false,"thumbnail":false,"medium":false,"medium_large":false,"large":false,"1536x1536":false,"2048x2048":false,"post-thumbnail":false,"business-hub-blog":false,"business-hub-work":false},"uagb_author_info":{"display_name":"real","author_link":"https:\/\/www.ciencianews.com.br\/index.php\/author\/real\/"},"uagb_comment_info":0,"uagb_excerpt":"ARTIGOS &#8211; BIOQU\u00cdMICA CL\u00cdNICA Escolha o tema de sua prefer\u00eancia: ASPECTOS GERAIS DA HEMOCROMATOSE E SUAS IMPLICA\u00c7\u00d5ES HEMOCROMATOSE HEREDIT\u00c1RIA METABOLISMO DAS BILIRRUBINAS \u2013 DANO HEP\u00c1TICO DIST\u00daRBIOS DO EQUIL\u00cdBRIO \u00c1CIDO-B\u00c1SICO INSUFICI\u00caNCIA RENAL AGUDA AVALIA\u00c7\u00c3O DO USO DE ANTICOAGULANTES EM AMOSTRAS DESTINADAS [&hellip;]","_links":{"self":[{"href":"https:\/\/www.ciencianews.com.br\/index.php\/wp-json\/wp\/v2\/pages\/5099","targetHints":{"allow":["GET"]}}],"collection":[{"href":"https:\/\/www.ciencianews.com.br\/index.php\/wp-json\/wp\/v2\/pages"}],"about":[{"href":"https:\/\/www.ciencianews.com.br\/index.php\/wp-json\/wp\/v2\/types\/page"}],"author":[{"embeddable":true,"href":"https:\/\/www.ciencianews.com.br\/index.php\/wp-json\/wp\/v2\/users\/1"}],"replies":[{"embeddable":true,"href":"https:\/\/www.ciencianews.com.br\/index.php\/wp-json\/wp\/v2\/comments?post=5099"}],"version-history":[{"count":5,"href":"https:\/\/www.ciencianews.com.br\/index.php\/wp-json\/wp\/v2\/pages\/5099\/revisions"}],"predecessor-version":[{"id":6775,"href":"https:\/\/www.ciencianews.com.br\/index.php\/wp-json\/wp\/v2\/pages\/5099\/revisions\/6775"}],"up":[{"embeddable":true,"href":"https:\/\/www.ciencianews.com.br\/index.php\/wp-json\/wp\/v2\/pages\/5094"}],"wp:attachment":[{"href":"https:\/\/www.ciencianews.com.br\/index.php\/wp-json\/wp\/v2\/media?parent=5099"}],"curies":[{"name":"wp","href":"https:\/\/api.w.org\/{rel}","templated":true}]}}