{"id":5113,"date":"2019-08-19T18:50:21","date_gmt":"2019-08-19T18:50:21","guid":{"rendered":"http:\/\/www.ciencianews.com.br\/?page_id=5113"},"modified":"2020-12-24T12:02:39","modified_gmt":"2020-12-24T12:02:39","slug":"artigos-de-hormonios","status":"publish","type":"page","link":"https:\/\/www.ciencianews.com.br\/index.php\/home\/biblioteca_digital\/biblioteca-digital-bioquimica-clinica\/b-d-bioquimica-clinica-hormonios\/artigos-de-hormonios\/","title":{"rendered":"ARTIGOS DE HORM\u00d4NIOS"},"content":{"rendered":"\n<ol class=\"wp-block-list\"><li><em><strong><a rel=\"noreferrer noopener\" href=\"http:\/\/www.ciencianews.com.br\/arquivos\/ACET\/IMAGENS\/biblioteca-digital\/bioquimica-clinica\/hormonios\/1-Diabetes-mellitus-tipo-1.pdf\" target=\"_blank\">DIABETES MELLITUS TIPO I E SUA CORRELA\u00c7\u00c3O COM O SISTEMA IMUNOL\u00d3GICO<\/a><\/strong><\/em><\/li><li><em><strong><a rel=\"noreferrer noopener\" href=\"http:\/\/www.ciencianews.com.br\/arquivos\/ACET\/IMAGENS\/biblioteca-digital\/bioquimica-clinica\/hormonios\/2-Hipotireodismo-congenito.pdf\" target=\"_blank\">HIPOTIREOIDISMO CONG\u00caNITO<\/a><\/strong><\/em><\/li><li><em><strong><a rel=\"noreferrer noopener\" href=\"http:\/\/www.ciencianews.com.br\/arquivos\/ACET\/IMAGENS\/biblioteca-digital\/bioquimica-clinica\/hormonios\/3-Hipotireodismo.pdf\" target=\"_blank\">HIPOTIREOIDISMO<\/a><\/strong><\/em><\/li><li><em><strong><a rel=\"noreferrer noopener\" href=\"http:\/\/www.ciencianews.com.br\/arquivos\/ACET\/IMAGENS\/biblioteca-digital\/bioquimica-clinica\/hormonios\/4-Hipotireodismo-congenito-realidade-da-triagem-neonatos-no-Brasil.pdf\" target=\"_blank\">HIPOTIREOIDISMO CONG\u00caNITO: REALIDADE DA TRIAGEM NEONATAL NO BRASIL<\/a><\/strong><\/em><\/li><li><em><strong><a rel=\"noreferrer noopener\" href=\"http:\/\/www.ciencianews.com.br\/arquivos\/ACET\/IMAGENS\/biblioteca-digital\/bioquimica-clinica\/hormonios\/5-Prevencao-de-diabetes-melittus-tipo-2.pdf\" target=\"_blank\">PREVEN\u00c7\u00c3O DO DIABETES MELLITUS TIPO 2<\/a><\/strong><\/em><\/li><li><em><strong><a rel=\"noreferrer noopener\" href=\"http:\/\/www.ciencianews.com.br\/arquivos\/ACET\/IMAGENS\/biblioteca-digital\/bioquimica-clinica\/hormonios\/6-Estudo-comparativo-entre-diagnostico-de-diabetes-tipos-1-e-2.pdf\" target=\"_blank\">ESTUDO COMPARATIVO ENTRE O DIAGN\u00d3STICO DE DIABETES TIPO 1 E TIPO 2<\/a><\/strong><\/em><\/li><li><em><strong><a rel=\"noreferrer noopener\" href=\"http:\/\/www.ciencianews.com.br\/arquivos\/ACET\/IMAGENS\/biblioteca-digital\/bioquimica-clinica\/hormonios\/7-Hipopituarismo.pdf\" target=\"_blank\">HIPOPITUITARISMO<\/a><\/strong><\/em><\/li><li><em><strong><a rel=\"noreferrer noopener\" href=\"http:\/\/www.ciencianews.com.br\/arquivos\/ACET\/IMAGENS\/biblioteca-digital\/bioquimica-clinica\/hormonios\/8-Sindrome-metabolica.pdf\" target=\"_blank\">S\u00cdNDROME METAB\u00d3LICA<\/a><\/strong><\/em><\/li><li><em><strong><a rel=\"noreferrer noopener\" href=\"http:\/\/www.ciencianews.com.br\/arquivos\/ACET\/IMAGENS\/biblioteca-digital\/bioquimica-clinica\/hormonios\/9-Importancia-da-dosagem-dos-hormonios-renina-angiotensina-aldosterona-em-pacientes-hipertensos.pdf\" target=\"_blank\">IMPORT\u00c2NCIA DA DOSAGEM DOS HORM\u00d4NIOS RENINA-ANGIOTENSINA-ALDOSTERONA(SRAA) EM PACIENTES HIPERTENSOS<\/a><\/strong><\/em><\/li><li><em><strong><a rel=\"noreferrer noopener\" href=\"http:\/\/www.ciencianews.com.br\/arquivos\/ACET\/IMAGENS\/biblioteca-digital\/bioquimica-clinica\/hormonios\/10-O-hipotireodismo-e-a-gravidez.pdf\" target=\"_blank\">O HIPOTIROIDISMO E A GRAVIDEZ<\/a><\/strong><\/em><\/li><li><em><strong><a rel=\"noreferrer noopener\" href=\"http:\/\/www.ciencianews.com.br\/arquivos\/ACET\/IMAGENS\/biblioteca-digital\/bioquimica-clinica\/hormonios\/11-Investigacao-laboratorial-para-a-sindrome-metabolica.pdf\" target=\"_blank\">INVESTIGA\u00c7\u00c3O LABORATORIAL PARA A S\u00cdNDROME METAB\u00d3LICA<\/a><\/strong><\/em><\/li><li><em><strong><a rel=\"noreferrer noopener\" href=\"http:\/\/www.ciencianews.com.br\/arquivos\/ACET\/IMAGENS\/biblioteca-digital\/bioquimica-clinica\/hormonios\/12-Dosagem-de-frutosamina-como-alternativa.pdf\" target=\"_blank\">DOSAGEM DE FRUTOSAMINA COMO ALTERNATIVA NO CONTROLE GLICEMICO EM PACIENTES DIAB\u00c9TICOS E COM PRESEN\u00c7A DE HEMOGLOBINAS VARIANTES<\/a><\/strong><\/em><\/li><li><em><strong><a rel=\"noreferrer noopener\" href=\"http:\/\/www.ciencianews.com.br\/arquivos\/ACET\/IMAGENS\/biblioteca-digital\/bioquimica-clinica\/hormonios\/13-Hipotireoidismo-congenito.pdf\" target=\"_blank\">HIPOTIREOIDISMO CONG\u00caNITO<\/a><\/strong><\/em><\/li><li><em><strong><a rel=\"noreferrer noopener\" href=\"http:\/\/www.ciencianews.com.br\/arquivos\/ACET\/IMAGENS\/biblioteca-digital\/bioquimica-clinica\/hormonios\/14-Tireoide-associada-a-cancer-de-tireoide.pdf\" target=\"_blank\">TIRE\u00d3IDE ASSOCIADO A C\u00c2NCER DE TIRE\u00d3IDE<\/a><\/strong><\/em><\/li><li><em><strong><a rel=\"noreferrer noopener\" href=\"http:\/\/www.ciencianews.com.br\/arquivos\/ACET\/IMAGENS\/biblioteca-digital\/bioquimica-clinica\/hormonios\/15-Incidentaloma-da-supra-renal.pdf\" target=\"_blank\">INCIDENTALOMA DE SUPRA-RENAL<\/a><\/strong><\/em><\/li><li><em><strong><a rel=\"noreferrer noopener\" href=\"http:\/\/www.ciencianews.com.br\/arquivos\/ACET\/IMAGENS\/biblioteca-digital\/bioquimica-clinica\/hormonios\/16-Sindrome-do-ovario-policistico-e-a-obesidade.pdf\" target=\"_blank\">S\u00cdNDROME DO OV\u00c1RIO POLIC\u00cdSTICO E A OBESIDADE<\/a><\/strong><\/em><\/li><li><em><strong><a rel=\"noreferrer noopener\" href=\"http:\/\/www.ciencianews.com.br\/arquivos\/ACET\/IMAGENS\/biblioteca-digital\/bioquimica-clinica\/hormonios\/17-Avaliacao-do-perfil-lipidico-e-de-prevalencia-de-dislipidemias-em-adultos.pdf\" target=\"_blank\">AVALIA\u00c7\u00c3O DO PERFIL LIP\u00cdDICO E DE PREVAL\u00caNCIA DE DISLIPIDEMIAS EM ADULTOS<\/a><\/strong><\/em><\/li><li><em><strong><a rel=\"noreferrer noopener\" href=\"http:\/\/www.ciencianews.com.br\/arquivos\/ACET\/IMAGENS\/biblioteca-digital\/bioquimica-clinica\/hormonios\/18-Acromegalia-manifestacoes-clinicas-e-laboratoriais.pdf\" target=\"_blank\">ACROMEGALIA: MANIFESTA\u00c7\u00d5ES CL\u00cdNICAS,DIAGN\u00d3STICO E TRATAMENTO<\/a><\/strong><\/em><\/li><li><em><strong><a rel=\"noreferrer noopener\" href=\"http:\/\/www.ciencianews.com.br\/arquivos\/ACET\/IMAGENS\/biblioteca-digital\/bioquimica-clinica\/hormonios\/19-Hipotireoidismo.pdf\" target=\"_blank\">HIPOTIREOIDISMO<\/a><\/strong><\/em><\/li><li><em><strong><a rel=\"noreferrer noopener\" href=\"http:\/\/www.ciencianews.com.br\/arquivos\/ACET\/IMAGENS\/biblioteca-digital\/bioquimica-clinica\/hormonios\/20-Sindrome-metabolica.pdf\" target=\"_blank\">S\u00cdNDROME METAB\u00d3LICA<\/a><\/strong><\/em><\/li><li><em><strong><a rel=\"noreferrer noopener\" href=\"http:\/\/www.ciencianews.com.br\/arquivos\/ACET\/IMAGENS\/biblioteca-digital\/bioquimica-clinica\/hormonios\/21-Diabetes-mellitus-uma-visao-geral.pdf\" target=\"_blank\">DIABETES MELLITUS: UMA VIS\u00c3O GERAL<\/a><\/strong><\/em><\/li><li><em><strong><a rel=\"noreferrer noopener\" href=\"http:\/\/www.ciencianews.com.br\/arquivos\/ACET\/IMAGENS\/biblioteca-digital\/bioquimica-clinica\/hormonios\/22-Prevalencia-de-hipotireoidismo-subclinico-em-pacientes-atendidos-em-lab-de-Ribeirao-Preto-SP.pdf\" target=\"_blank\">PREVAL\u00caNCIA DE HIPOTIREOIDISMO SUBCL\u00cdNICO EM PACIENTES ATENDIDOS EM LABORAT\u00d3RIO DE AN\u00c1LISES CL\u00cdNICAS DE RIBEIR\u00c3O PRETO \u2013 SP<\/a><\/strong><\/em><\/li><li><em><strong><a rel=\"noreferrer noopener\" href=\"http:\/\/www.ciencianews.com.br\/arquivos\/ACET\/IMAGENS\/biblioteca-digital\/bioquimica-clinica\/hormonios\/23-Sindrome-do-ovario-policistico-Diagnostico.pdf\" target=\"_blank\">S\u00cdNDROME DOS OV\u00c1RIOS POLIC\u00cdSTICOS: DIAGN\u00d3STICO<\/a><\/strong><\/em><\/li><li><em><strong><a rel=\"noreferrer noopener\" href=\"http:\/\/www.ciencianews.com.br\/arquivos\/ACET\/IMAGENS\/biblioteca-digital\/bioquimica-clinica\/hormonios\/24-A-complexidade-da-sindrome-metabolica.pdf\" target=\"_blank\">A COMPLEXIDADE DA S\u00cdNDROME METAB\u00d3LICA<\/a><\/strong><\/em><\/li><li><em><strong><a rel=\"noreferrer noopener\" href=\"http:\/\/www.ciencianews.com.br\/arquivos\/ACET\/IMAGENS\/biblioteca-digital\/bioquimica-clinica\/hormonios\/25-Diabetes.pdf\" target=\"_blank\">DIABETES<\/a><\/strong><\/em><\/li><li><em><strong><a rel=\"noreferrer noopener\" href=\"http:\/\/www.ciencianews.com.br\/arquivos\/ACET\/IMAGENS\/biblioteca-digital\/bioquimica-clinica\/hormonios\/26-Acromegalia.pdf\" target=\"_blank\">ACROMEGALIA<\/a><\/strong><\/em><\/li><li><em><strong><a rel=\"noreferrer noopener\" href=\"http:\/\/www.ciencianews.com.br\/arquivos\/ACET\/IMAGENS\/biblioteca-digital\/bioquimica-clinica\/hormonios\/27-Fisiologia-da-tireoide-e-avaliacao-laboratorial.pdf\" target=\"_blank\">FISIOLOGIA DA TIREOIDE E AVALIA\u00c7\u00c3O LABORATORIAL<\/a><\/strong><\/em><\/li><li><em><strong><a rel=\"noreferrer noopener\" href=\"http:\/\/www.ciencianews.com.br\/arquivos\/ACET\/IMAGENS\/biblioteca-digital\/bioquimica-clinica\/hormonios\/28-Sindrome-do-eutiroidiano-doente.pdf\" target=\"_blank\">S\u00cdNDROME DO EUTIROIDIANO DOENTE<\/a><\/strong><\/em><\/li><li><em><strong><a rel=\"noreferrer noopener\" href=\"http:\/\/www.ciencianews.com.br\/arquivos\/ACET\/IMAGENS\/biblioteca-digital\/bioquimica-clinica\/hormonios\/29-Fenilcetonuria-enfoque-laboratorial.pdf\" target=\"_blank\">FENILCETON\u00daRIA: ENFOQUE LABORATORIAL<\/a><\/strong><\/em><\/li><li><em><strong><a rel=\"noreferrer noopener\" href=\"http:\/\/www.ciencianews.com.br\/arquivos\/ACET\/IMAGENS\/biblioteca-digital\/bioquimica-clinica\/hormonios\/30-Complicacoes-tireoidianas-na-gestacao.pdf\" target=\"_blank\">COMPLICA\u00c7\u00d5ES TIREOIDIANAS NA GESTA\u00c7\u00c3O<\/a><\/strong><\/em><\/li><li><em><strong><a rel=\"noreferrer noopener\" href=\"http:\/\/www.ciencianews.com.br\/arquivos\/ACET\/IMAGENS\/biblioteca-digital\/bioquimica-clinica\/hormonios\/31-A-incidencia-de-diabetes-mellitus-no-laboratorio-municipal-de-Guatigua-PR.pdf\" target=\"_blank\">INCID\u00caNCIA DE DIABETES MELLITUS NO LABORAT\u00d3RIO DO CENTRO DE SA\u00daDE NO MUNIC\u00cdPIO DE QUATIGU\u00c1 \u2013 PR<\/a><\/strong><\/em><\/li><li><em><strong><a rel=\"noreferrer noopener\" href=\"http:\/\/www.ciencianews.com.br\/arquivos\/ACET\/IMAGENS\/biblioteca-digital\/bioquimica-clinica\/hormonios\/32-Hipotireoidismo-Subclinico.pdf\" target=\"_blank\">HIPOTIREOIDISMO SUBCL\u00cdNICO: INCID\u00caNCIA DE CASOS EM MULHERES DA REGI\u00c3O CENTRAL DO ESTADO DE S\u00c3O PAULO<\/a><\/strong><\/em><\/li><li><em><strong><a rel=\"noreferrer noopener\" href=\"http:\/\/www.ciencianews.com.br\/arquivos\/ACET\/IMAGENS\/biblioteca-digital\/bioquimica-clinica\/hormonios\/33.pdf\" target=\"_blank\">DIABETES MELLITUS: A IMPORT\u00c2NCIA DO DIAGN\u00d3STICO E DO TRATAMENTO<\/a><\/strong><\/em><\/li><li><em><strong><a rel=\"noreferrer noopener\" href=\"http:\/\/www.ciencianews.com.br\/arquivos\/ACET\/IMAGENS\/biblioteca-digital\/bioquimica-clinica\/hormonios\/34.pdf\" target=\"_blank\">DIABETES MELLITUS<\/a><\/strong><\/em><\/li><li><em><strong><a rel=\"noreferrer noopener\" href=\"http:\/\/www.ciencianews.com.br\/arquivos\/ACET\/IMAGENS\/biblioteca-digital\/bioquimica-clinica\/hormonios\/35.pdf\" target=\"_blank\">A CONTRIBUI\u00c7\u00c3O DAS AN\u00c1LISES CL\u00cdNICAS NO ACOMPANHAMENTO DA DIABETES MELLITUS<\/a><\/strong><\/em><\/li><li><a href=\"http:\/\/www.ciencianews.com.br\/arquivos\/ACET\/IMAGENS\/biblioteca-digital\/bioquimica-clinica\/hormonios\/36.pdf\" target=\"_blank\" rel=\"noreferrer noopener\"><strong>A CONTRIBUI\u00c7\u00c3O DAS AN\u00c1LISES CL\u00cdNICAS NO ACOMPANHAMENTO DA DIABETES MELLITUS. REVIS\u00c3O<\/strong><\/a><\/li><li><a href=\"http:\/\/www.ciencianews.com.br\/arquivos\/ACET\/IMAGENS\/biblioteca-digital\/bioquimica-clinica\/hormonios\/37.pdf\" target=\"_blank\" rel=\"noreferrer noopener\"><strong>OBESIDADE E DIABETES MELLITUS II<\/strong><\/a><\/li><li><strong><a href=\"http:\/\/www.ciencianews.com.br\/arquivos\/ACET\/IMAGENS\/biblioteca-digital\/bioquimica-clinica\/hormonios\/38.pdf\" target=\"_blank\" rel=\"noreferrer noopener\">MARCADORES RENAIS DE NEFROPATIA EM IDOSOS<\/a><\/strong><\/li><\/ol>\n\n\n\n<p><\/p>\n\n\n\n<div class=\"wp-block-columns is-layout-flex wp-container-core-columns-is-layout-9d6595d7 wp-block-columns-is-layout-flex\">\n<div class=\"wp-block-column is-layout-flow wp-block-column-is-layout-flow\">\n<div class=\"wp-block-image\"><figure class=\"aligncenter size-large is-resized\"><img loading=\"lazy\" decoding=\"async\" src=\"https:\/\/www.ciencianews.com.br\/wp-content\/uploads\/2019\/08\/voltar-150x150.png\" alt=\"\" width=\"70\" height=\"70\"\/><figcaption><a href=\"https:\/\/www.ciencianews.com.br\/index.php\/home\/biblioteca_digital\/biblioteca-digital-bioquimica-clinica\/b-d-bioquimica-clinica-hormonios\/\"><strong>Voltar<\/strong><\/a><\/figcaption><\/figure><\/div>\n<\/div>\n\n\n\n<div class=\"wp-block-column is-layout-flow wp-block-column-is-layout-flow\">\n<div class=\"wp-block-image\"><figure class=\"aligncenter size-large is-resized\"><img loading=\"lazy\" decoding=\"async\" src=\"https:\/\/www.ciencianews.com.br\/wp-content\/uploads\/2019\/08\/home-150x150.jpg\" alt=\"\" width=\"70\" height=\"70\"\/><figcaption><strong><a href=\"https:\/\/www.ciencianews.com.br\/index.php\/home\/biblioteca_digital\/\">Biblioteca Digital<\/a><\/strong><\/figcaption><\/figure><\/div>\n<\/div>\n\n\n\n<div class=\"wp-block-column is-layout-flow wp-block-column-is-layout-flow\">\n<div class=\"wp-block-image\"><figure class=\"aligncenter size-large is-resized\"><img loading=\"lazy\" decoding=\"async\" src=\"https:\/\/www.ciencianews.com.br\/wp-content\/uploads\/2019\/08\/avancar-150x150.png\" alt=\"\" width=\"70\" height=\"70\"\/><figcaption><strong><a href=\"https:\/\/www.ciencianews.com.br\/index.php\/home\/biblioteca_digital\/b-d-imunohematologia\/\">Pr\u00f3ximo T\u00f3pico: &#8220;IMUNOHEMATOLOGIA&#8221;<\/a><\/strong><\/figcaption><\/figure><\/div>\n<\/div>\n<\/div>\n","protected":false},"excerpt":{"rendered":"<p>DIABETES MELLITUS TIPO I E SUA CORRELA\u00c7\u00c3O COM O SISTEMA IMUNOL\u00d3GICO HIPOTIREOIDISMO CONG\u00caNITO HIPOTIREOIDISMO HIPOTIREOIDISMO CONG\u00caNITO: REALIDADE DA TRIAGEM NEONATAL NO BRASIL PREVEN\u00c7\u00c3O DO DIABETES MELLITUS TIPO 2 ESTUDO COMPARATIVO ENTRE O DIAGN\u00d3STICO DE DIABETES TIPO 1 E TIPO 2 [&hellip;]<\/p>\n","protected":false},"author":1,"featured_media":0,"parent":5109,"menu_order":0,"comment_status":"closed","ping_status":"closed","template":"","meta":{"_uag_custom_page_level_css":"","_joinchat":[],"footnotes":""},"class_list":["post-5113","page","type-page","status-publish","hentry"],"uagb_featured_image_src":{"full":false,"thumbnail":false,"medium":false,"medium_large":false,"large":false,"1536x1536":false,"2048x2048":false,"post-thumbnail":false,"business-hub-blog":false,"business-hub-work":false},"uagb_author_info":{"display_name":"real","author_link":"https:\/\/www.ciencianews.com.br\/index.php\/author\/real\/"},"uagb_comment_info":0,"uagb_excerpt":"DIABETES MELLITUS TIPO I E SUA CORRELA\u00c7\u00c3O COM O SISTEMA IMUNOL\u00d3GICO HIPOTIREOIDISMO CONG\u00caNITO HIPOTIREOIDISMO HIPOTIREOIDISMO CONG\u00caNITO: REALIDADE DA TRIAGEM NEONATAL NO BRASIL PREVEN\u00c7\u00c3O DO DIABETES MELLITUS TIPO 2 ESTUDO COMPARATIVO ENTRE O DIAGN\u00d3STICO DE DIABETES TIPO 1 E TIPO 2 [&hellip;]","_links":{"self":[{"href":"https:\/\/www.ciencianews.com.br\/index.php\/wp-json\/wp\/v2\/pages\/5113","targetHints":{"allow":["GET"]}}],"collection":[{"href":"https:\/\/www.ciencianews.com.br\/index.php\/wp-json\/wp\/v2\/pages"}],"about":[{"href":"https:\/\/www.ciencianews.com.br\/index.php\/wp-json\/wp\/v2\/types\/page"}],"author":[{"embeddable":true,"href":"https:\/\/www.ciencianews.com.br\/index.php\/wp-json\/wp\/v2\/users\/1"}],"replies":[{"embeddable":true,"href":"https:\/\/www.ciencianews.com.br\/index.php\/wp-json\/wp\/v2\/comments?post=5113"}],"version-history":[{"count":9,"href":"https:\/\/www.ciencianews.com.br\/index.php\/wp-json\/wp\/v2\/pages\/5113\/revisions"}],"predecessor-version":[{"id":6548,"href":"https:\/\/www.ciencianews.com.br\/index.php\/wp-json\/wp\/v2\/pages\/5113\/revisions\/6548"}],"up":[{"embeddable":true,"href":"https:\/\/www.ciencianews.com.br\/index.php\/wp-json\/wp\/v2\/pages\/5109"}],"wp:attachment":[{"href":"https:\/\/www.ciencianews.com.br\/index.php\/wp-json\/wp\/v2\/media?parent=5113"}],"curies":[{"name":"wp","href":"https:\/\/api.w.org\/{rel}","templated":true}]}}