{"id":5156,"date":"2019-08-20T14:44:10","date_gmt":"2019-08-20T14:44:10","guid":{"rendered":"http:\/\/www.ciencianews.com.br\/?page_id=5156"},"modified":"2019-09-03T22:37:13","modified_gmt":"2019-09-03T22:37:13","slug":"biblioteca-digital-temas-gerais-de-saude","status":"publish","type":"page","link":"https:\/\/www.ciencianews.com.br\/index.php\/home\/biblioteca_digital\/b-d-outros-temas\/biblioteca-digital-temas-gerais-de-saude\/","title":{"rendered":"Biblioteca Digital \u2013 TEMAS GERAIS DE SA\u00daDE"},"content":{"rendered":"<h1 align=\"center\"><span style=\"color: #000000;\"><strong> TEMAS GERAIS DE SA\u00daDE<\/strong><\/span><\/h1>\n<div style=\"text-align: center;\">\n<p>[ezcol_1third]<br \/>\n<a href=\"http:\/\/www.ciencianews.com.br\/arquivos\/ACET\/IMAGENS\/biblioteca-digital\/outros_temas\/temas_gerais_saude\/Titulos-e-sumarios-dos-artigos.pdf\" target=\"_blank\"><img loading=\"lazy\" decoding=\"async\" src=\"http:\/\/www.ciencianews.com.br\/wp-content\/uploads\/2019\/08\/subtema3-150x150.png\" alt=\"subtema3\" width=\"150\" height=\"150\" class=\"alignnone size-thumbnail wp-image-5011\" srcset=\"https:\/\/www.ciencianews.com.br\/wp-content\/uploads\/2019\/08\/subtema3-150x150.png 150w, https:\/\/www.ciencianews.com.br\/wp-content\/uploads\/2019\/08\/subtema3-300x300.png 300w, https:\/\/www.ciencianews.com.br\/wp-content\/uploads\/2019\/08\/subtema3-500x500.png 500w, https:\/\/www.ciencianews.com.br\/wp-content\/uploads\/2019\/08\/subtema3-250x250.png 250w, https:\/\/www.ciencianews.com.br\/wp-content\/uploads\/2019\/08\/subtema3-680x680.png 680w, https:\/\/www.ciencianews.com.br\/wp-content\/uploads\/2019\/08\/subtema3-940x940.png 940w, https:\/\/www.ciencianews.com.br\/wp-content\/uploads\/2019\/08\/subtema3.png 1024w\" sizes=\"auto, (max-width: 150px) 100vw, 150px\" \/><\/p>\n<div style=\"color: #000000; text-align: center; font-size: 15px; font-weight: bold;\">T\u00edtulos, Autores e Sum\u00e1rios<\/a><\/p>\n<\/div>\n<p>[\/ezcol_1third]<br \/>\n[ezcol_1third]<br \/>\n<a href=\"http:\/\/www.ciencianews.com.br\/index.php\/home\/biblioteca_digital\/b-d-outros-temas\/biblioteca-digital-temas-gerais-de-saude\/artigos-em-temas-gerais-de-saude\/\"><img loading=\"lazy\" decoding=\"async\" src=\"http:\/\/www.ciencianews.com.br\/wp-content\/uploads\/2019\/08\/subtema1-150x150.png\" alt=\"subtema1\" width=\"150\" height=\"150\" class=\"alignnone size-thumbnail wp-image-5010\" srcset=\"https:\/\/www.ciencianews.com.br\/wp-content\/uploads\/2019\/08\/subtema1-150x150.png 150w, https:\/\/www.ciencianews.com.br\/wp-content\/uploads\/2019\/08\/subtema1-300x300.png 300w, https:\/\/www.ciencianews.com.br\/wp-content\/uploads\/2019\/08\/subtema1-500x500.png 500w, https:\/\/www.ciencianews.com.br\/wp-content\/uploads\/2019\/08\/subtema1-250x250.png 250w, https:\/\/www.ciencianews.com.br\/wp-content\/uploads\/2019\/08\/subtema1-680x680.png 680w, https:\/\/www.ciencianews.com.br\/wp-content\/uploads\/2019\/08\/subtema1-940x940.png 940w, https:\/\/www.ciencianews.com.br\/wp-content\/uploads\/2019\/08\/subtema1.png 1024w\" sizes=\"auto, (max-width: 150px) 100vw, 150px\" \/><\/p>\n<div style=\"color: #000000; text-align: center; font-size: 15px; font-weight: bold;\">Artigos<\/a><\/p>\n<\/div>\n<p>[\/ezcol_1third]<\/p>\n<p>[ezcol_1third_end]<br \/>\n[\/ezcol_1third_end]<\/p>\n<\/div>\n<p>&nbsp;<br \/>\n&nbsp;<\/p>\n<div style=\"text-align: center;\">\n<p>[ezcol_1third]<br \/>\n<a href=\"http:\/\/www.ciencianews.com.br\/index.php\/home\/biblioteca_digital\/b-d-outros-temas\/\"> <img loading=\"lazy\" decoding=\"async\" src=\"http:\/\/www.ciencianews.com.br\/wp-content\/uploads\/2019\/08\/voltar-150x150.png\" alt=\"voltar\" width=\"70\" height=\"70\" class=\"alignnone size-thumbnail wp-image-4997\" srcset=\"https:\/\/www.ciencianews.com.br\/wp-content\/uploads\/2019\/08\/voltar-150x150.png 150w, https:\/\/www.ciencianews.com.br\/wp-content\/uploads\/2019\/08\/voltar-250x250.png 250w, https:\/\/www.ciencianews.com.br\/wp-content\/uploads\/2019\/08\/voltar.png 256w\" sizes=\"auto, (max-width: 70px) 100vw, 70px\" \/> <\/p>\n<div style=\"color: #000000; text-align: center; font-size: 15px; font-weight: bold;\">Voltar<\/a><\/p>\n<\/div>\n<p>[\/ezcol_1third]<br \/>\n[ezcol_1third]<br \/>\n<a href=\"http:\/\/www.ciencianews.com.br\/index.php\/home\/biblioteca_digital\/\"> <img loading=\"lazy\" decoding=\"async\" src=\"http:\/\/www.ciencianews.com.br\/wp-content\/uploads\/2019\/08\/home-150x150.jpg\" alt=\"home\" width=\"70\" height=\"70\" class=\"alignnone size-thumbnail wp-image-4996\" srcset=\"https:\/\/www.ciencianews.com.br\/wp-content\/uploads\/2019\/08\/home-150x150.jpg 150w, https:\/\/www.ciencianews.com.br\/wp-content\/uploads\/2019\/08\/home.jpg 225w\" sizes=\"auto, (max-width: 70px) 100vw, 70px\" \/> <\/p>\n<div style=\"color: #000000; text-align: center; font-size: 15px; font-weight: bold;\">Biblioteca Digital<\/a><\/p>\n<\/div>\n<p>[\/ezcol_1third]<\/p>\n<p>[ezcol_1third_end]<br \/>\n[\/ezcol_1third_end]<\/p>\n<\/div>\n","protected":false},"excerpt":{"rendered":"<p>TEMAS GERAIS DE SA\u00daDE [ezcol_1third] T\u00edtulos, Autores e Sum\u00e1rios [\/ezcol_1third] [ezcol_1third] Artigos [\/ezcol_1third] [ezcol_1third_end] [\/ezcol_1third_end] &nbsp; &nbsp; [ezcol_1third] Voltar [\/ezcol_1third] [ezcol_1third] Biblioteca Digital [\/ezcol_1third] [ezcol_1third_end] [\/ezcol_1third_end]<\/p>\n","protected":false},"author":1,"featured_media":0,"parent":5126,"menu_order":0,"comment_status":"closed","ping_status":"closed","template":"","meta":{"_uag_custom_page_level_css":"","_joinchat":[],"footnotes":""},"class_list":["post-5156","page","type-page","status-publish","hentry"],"uagb_featured_image_src":{"full":false,"thumbnail":false,"medium":false,"medium_large":false,"large":false,"1536x1536":false,"2048x2048":false,"post-thumbnail":false,"business-hub-blog":false,"business-hub-work":false},"uagb_author_info":{"display_name":"real","author_link":"https:\/\/www.ciencianews.com.br\/index.php\/author\/real\/"},"uagb_comment_info":0,"uagb_excerpt":"TEMAS GERAIS DE SA\u00daDE [ezcol_1third] T\u00edtulos, Autores e Sum\u00e1rios [\/ezcol_1third] [ezcol_1third] Artigos [\/ezcol_1third] [ezcol_1third_end] [\/ezcol_1third_end] &nbsp; &nbsp; [ezcol_1third] Voltar [\/ezcol_1third] [ezcol_1third] Biblioteca Digital [\/ezcol_1third] [ezcol_1third_end] [\/ezcol_1third_end]","_links":{"self":[{"href":"https:\/\/www.ciencianews.com.br\/index.php\/wp-json\/wp\/v2\/pages\/5156","targetHints":{"allow":["GET"]}}],"collection":[{"href":"https:\/\/www.ciencianews.com.br\/index.php\/wp-json\/wp\/v2\/pages"}],"about":[{"href":"https:\/\/www.ciencianews.com.br\/index.php\/wp-json\/wp\/v2\/types\/page"}],"author":[{"embeddable":true,"href":"https:\/\/www.ciencianews.com.br\/index.php\/wp-json\/wp\/v2\/users\/1"}],"replies":[{"embeddable":true,"href":"https:\/\/www.ciencianews.com.br\/index.php\/wp-json\/wp\/v2\/comments?post=5156"}],"version-history":[{"count":4,"href":"https:\/\/www.ciencianews.com.br\/index.php\/wp-json\/wp\/v2\/pages\/5156\/revisions"}],"predecessor-version":[{"id":5285,"href":"https:\/\/www.ciencianews.com.br\/index.php\/wp-json\/wp\/v2\/pages\/5156\/revisions\/5285"}],"up":[{"embeddable":true,"href":"https:\/\/www.ciencianews.com.br\/index.php\/wp-json\/wp\/v2\/pages\/5126"}],"wp:attachment":[{"href":"https:\/\/www.ciencianews.com.br\/index.php\/wp-json\/wp\/v2\/media?parent=5156"}],"curies":[{"name":"wp","href":"https:\/\/api.w.org\/{rel}","templated":true}]}}