{"id":5177,"date":"2019-08-21T14:06:50","date_gmt":"2019-08-21T14:06:50","guid":{"rendered":"http:\/\/www.ciencianews.com.br\/?page_id=5177"},"modified":"2025-05-15T20:46:22","modified_gmt":"2025-05-15T20:46:22","slug":"artigos-de-microbiologia-avaliacoes-especificas-em-microbiologia","status":"publish","type":"page","link":"https:\/\/www.ciencianews.com.br\/index.php\/home\/biblioteca_digital\/biblioteca-digital-microbiologia\/b-d-microbiologia-avaliacoes-especificas-em-microbiologia\/artigos-de-microbiologia-avaliacoes-especificas-em-microbiologia\/","title":{"rendered":"ARTIGOS DE MICROBIOLOGIA &#8211; Avalia\u00e7\u00f5es espec\u00edficas em Microbiologia"},"content":{"rendered":"<h1 align=\"center\"><span style=\"color: #000000;\"><strong> ARTIGOS <\/strong><\/span><\/h1>\n<p><strong>Escolha o tema de sua prefer\u00eancia:<\/strong><\/p>\n<ol>\n<li style=\"list-style-type: none;\">\n<ol>\n<li>\n<h4><em><strong><a title=\"UROCULTURA - IMPORT\u00c2NCIA CL\u00cdNICA\" href=\"http:\/\/www.ciencianews.com.br\/arquivos\/ACET\/IMAGENS\/biblioteca-digital\/microbiologia\/avaliacoes_especificas\/1-Urucultura-importancia-clinica.pdf\" target=\"_blank\" rel=\"noopener noreferrer\"> UROCULTURA &#8211; IMPORT\u00c2NCIA CL\u00cdNICA <\/a><\/strong><\/em><\/h4>\n<\/li>\n<li>\n<h4><em><strong><a title=\"PRINCIPAIS CARACTER\u00cdSTICAS DOS STREPTOCOCCUS DO GRUPO B \" href=\"http:\/\/www.ciencianews.com.br\/arquivos\/ACET\/IMAGENS\/biblioteca-digital\/microbiologia\/avaliacoes_especificas\/2-PRIN.pdf\" target=\"_blank\" rel=\"noopener noreferrer\"> PRINCIPAIS CARACTER\u00cdSTICAS DOS STREPTOCOCCUS DO GRUPO B <\/a><\/strong><\/em><\/h4>\n<\/li>\n<li>\n<h4><em><strong><a title=\"BACTERIOSCOPIA VAGINAL NA ROTINA LABORATORIAL\" href=\"http:\/\/www.ciencianews.com.br\/arquivos\/ACET\/IMAGENS\/biblioteca-digital\/microbiologia\/avaliacoes_especificas\/3-Bacterioscopia-vaginal-na-rotina-laboratorial.pdf\" target=\"_blank\" rel=\"noopener noreferrer\"> BACTERIOSCOPIA VAGINAL NA ROTINA LABORATORIAL<\/a><\/strong><\/em><\/h4>\n<\/li>\n<li>\n<h4><em><strong><a title=\"RELEV\u00c2NCIA DO DIAGN\u00d3STICO DIFERENCIAL DA PARACOCCIDIOIDOMICOSE\" href=\"http:\/\/www.ciencianews.com.br\/arquivos\/ACET\/IMAGENS\/biblioteca-digital\/microbiologia\/avaliacoes_especificas\/4-RELE.pdf\" target=\"_blank\" rel=\"noopener noreferrer\"> RELEV\u00c2NCIA DO DIAGN\u00d3STICO DIFERENCIAL DA PARACOCCIDIOIDOMICOSE <\/a><\/strong><\/em><\/h4>\n<\/li>\n<li>\n<h4><em><strong><a title=\"O DIAGN\u00d3STICO LABORATORIAL DA MENINGITE BACTERIANA POR STREPTOCOCCUS PNEUMONIAE: M\u00c9TODOS CONVENCIONAIS, N\u00c3O CONVENCIONAIS E BIOLOGIA MOLECULAR\" href=\"http:\/\/www.ciencianews.com.br\/arquivos\/ACET\/IMAGENS\/biblioteca-digital\/microbiologia\/avaliacoes_especificas\/5-DIAG1.PDF\" target=\"_blank\" rel=\"noopener noreferrer\"> O DIAGN\u00d3STICO LABORATORIAL DA MENINGITE BACTERIANA POR STREPTOCOCCUS PNEUMONIAE: M\u00c9TODOS CONVENCIONAIS, N\u00c3O CONVENCIONAIS E BIOLOGIA MOLECULAR <\/a><\/strong><\/em><\/h4>\n<\/li>\n<li>\n<h4><em><strong><a title=\"CORRELA\u00c7\u00c3O ENTRE ASPECTOS BACTERIOL\u00d3GICOS DO EXAME DE URINA SIMPLES E O CRESCIMENTO BACTERIANO EM UROCULTURAS\" href=\"http:\/\/www.ciencianews.com.br\/arquivos\/ACET\/IMAGENS\/biblioteca-digital\/microbiologia\/avaliacoes_especificas\/6-CORR1.pdf\" target=\"_blank\" rel=\"noopener noreferrer\"> CORRELA\u00c7\u00c3O ENTRE ASPECTOS BACTERIOL\u00d3GICOS DO EXAME DE URINA SIMPLES E O CRESCIMENTO BACTERIANO EM UROCULTURAS <\/a><\/strong><\/em><\/h4>\n<\/li>\n<li>\n<h4><em><strong><a title=\"FITOTER\u00c1PICOS COMO ESTRAT\u00c9GIA PARA SUPERAR A RESIST\u00caNCIA AOS ANTIMICROBIANOS\" href=\"http:\/\/www.ciencianews.com.br\/arquivos\/ACET\/IMAGENS\/biblioteca-digital\/microbiologia\/avaliacoes_especificas\/7-FITO1.PDF\" target=\"_blank\" rel=\"noopener noreferrer\"> FITOTER\u00c1PICOS COMO ESTRAT\u00c9GIA PARA SUPERAR A RESIST\u00caNCIA AOS ANTIMICROBIANOS <\/a><\/strong><\/em><\/h4>\n<\/li>\n<li>\n<h4><em><strong><a title=\"AVAN\u00c7OS DE DIAGN\u00d3STICOS LABORATORIAIS DA ESCHERICHIA COLI ENTEROPATOG\u00caNICA\" href=\"http:\/\/www.ciencianews.com.br\/arquivos\/ACET\/IMAGENS\/biblioteca-digital\/microbiologia\/avaliacoes_especificas\/8-AVAN1.PDF\" target=\"_blank\" rel=\"noopener noreferrer\"> AVAN\u00c7OS DE DIAGN\u00d3STICOS LABORATORIAIS DA ESCHERICHIA COLI ENTEROPATOG\u00caNICA <\/a><\/strong><\/em><\/h4>\n<\/li>\n<li>\n<h4><em><strong><a title=\"DIAGN\u00d3STICO LABORATORIAL DA INFEC\u00c7\u00c3O EM GESTANTES CAUSADA POR STREPTOCOCCUS AGALACTIAE\" href=\"http:\/\/www.ciencianews.com.br\/arquivos\/ACET\/IMAGENS\/biblioteca-digital\/microbiologia\/avaliacoes_especificas\/9-DIAG1.PDF\" target=\"_blank\" rel=\"noopener noreferrer\"> DIAGN\u00d3STICO LABORATORIAL DA INFEC\u00c7\u00c3O EM GESTANTES CAUSADA POR STREPTOCOCCUS AGALACTIAE<\/a><\/strong><\/em><\/h4>\n<\/li>\n<li>\n<h4><em><strong><a title=\"ESPOROTRICOSE HUMANA \" href=\"http:\/\/www.ciencianews.com.br\/arquivos\/ACET\/IMAGENS\/biblioteca-digital\/microbiologia\/avaliacoes_especificas\/10-Esporotricose-humana.pdf\" target=\"_blank\" rel=\"noopener noreferrer\"> ESPOROTRICOSE HUMANA <\/a><\/strong><\/em><\/h4>\n<\/li>\n<li>\n<h4><em><strong><a title=\" AVALIA\u00c7\u00c3O DA ATIVIDADE ANTIMICROBIANA IN VITRO DE \u00d3LEO ESSENCIAL DE ALHO SOBRE BACT\u00c9RIAS PATOG\u00caNICAS\" href=\"http:\/\/www.ciencianews.com.br\/arquivos\/ACET\/IMAGENS\/biblioteca-digital\/microbiologia\/avaliacoes_especificas\/11-AVA.PDF\" target=\"_blank\" rel=\"noopener noreferrer\"> AVALIA\u00c7\u00c3O DA ATIVIDADE ANTIMICROBIANA IN VITRO DE \u00d3LEO ESSENCIAL DE ALHO SOBRE BACT\u00c9RIAS PATOG\u00caNICAS <\/a><\/strong><\/em><\/h4>\n<\/li>\n<li>\n<h4><em><strong><a title=\"IMPORT\u00c2NCIA DA ENZIMA METALO \u03b2 LACTAMASE\" href=\"http:\/\/www.ciencianews.com.br\/arquivos\/ACET\/IMAGENS\/biblioteca-digital\/microbiologia\/avaliacoes_especificas\/12-Importancia-da-enzima-metalobetalactamase.pdf\" target=\"_blank\" rel=\"noopener noreferrer\"> IMPORT\u00c2NCIA DA ENZIMA METALO \u03b2 LACTAMASE <\/a><\/strong><\/em><\/h4>\n<\/li>\n<li>\n<h4><em><strong><a title=\"COLORA\u00c7\u00d5ES USADAS EM MICROBIOLOGIA\" href=\"http:\/\/www.ciencianews.com.br\/arquivos\/ACET\/IMAGENS\/biblioteca-digital\/microbiologia\/avaliacoes_especificas\/13-Coloracoes-usadas-em-microbiologia.pdf\" target=\"_blank\" rel=\"noopener noreferrer\"> COLORA\u00c7\u00d5ES USADAS EM MICROBIOLOGIA <\/a><\/strong><\/em><\/h4>\n<\/li>\n<li>\n<h4><em><strong><a title=\"MORFOLOGIA E ULTRAESTRUTURA BACTERIANA GRAM NEGATIVA\" href=\"http:\/\/www.ciencianews.com.br\/arquivos\/ACET\/IMAGENS\/biblioteca-digital\/microbiologia\/avaliacoes_especificas\/14-Morfologia-e-ultraestrutura-bacteriana-gram-negativa.pdf\" target=\"_blank\" rel=\"noopener noreferrer\"> MORFOLOGIA E ULTRAESTRUTURA BACTERIANA GRAM NEGATIVA <\/a><\/strong><\/em><\/h4>\n<\/li>\n<li>\n<h4><em><strong><a title=\"MICOSES F\u00daNGICAS \" href=\"http:\/\/www.ciencianews.com.br\/arquivos\/ACET\/IMAGENS\/biblioteca-digital\/microbiologia\/avaliacoes_especificas\/15-Micoses-fungicas.pdf\" target=\"_blank\" rel=\"noopener noreferrer\"> MICOSES F\u00daNGICAS <\/a><\/strong><\/em><\/h4>\n<\/li>\n<li>\n<h4><em><strong><a title=\"CRIPTOCOCOSE MENINGE\" href=\"http:\/\/www.ciencianews.com.br\/arquivos\/ACET\/IMAGENS\/biblioteca-digital\/microbiologia\/avaliacoes_especificas\/16-Criptococose-meningea-em-pacientes-imunodeprimidos.pdf\" target=\"_blank\" rel=\"noopener noreferrer\"> CRIPTOCOCOSE MENINGE<\/a><\/strong><\/em><\/h4>\n<\/li>\n<li>\n<h4><em><strong><a title=\"CARACTER\u00cdSTICAS E COMBATE \u00c0 BIOFILME BACTERIANO\" href=\"http:\/\/www.ciencianews.com.br\/arquivos\/ACET\/IMAGENS\/biblioteca-digital\/microbiologia\/avaliacoes_especificas\/17-Caracteristicas-e-combate-a-biofilme-bacteriano.pdf\" target=\"_blank\" rel=\"noopener noreferrer\"> CARACTER\u00cdSTICAS E COMBATE \u00c0 BIOFILME BACTERIANO IMEDIATAS<\/a><\/strong><\/em><\/h4>\n<\/li>\n<li>\n<h4><em><strong><a title=\"DIAGN\u00d3STICO LABORATORIAL DA S\u00cdFILIS, Treponema pallidum Schaudin 1905 (Spirochaetales: Treponemataceae) ATRAVES DAS TECNICAS VDRL E FTA-ABS\" href=\"http:\/\/www.ciencianews.com.br\/arquivos\/ACET\/IMAGENS\/biblioteca-digital\/microbiologia\/avaliacoes_especificas\/18-DIA1.PDF\" target=\"_blank\" rel=\"noopener noreferrer\"> DIAGN\u00d3STICO LABORATORIAL DA S\u00cdFILIS, Treponema pallidum Schaudin 1905 (Spirochaetales: Treponemataceae) ATRAVES DAS TECNICAS VDRL E FTA-ABS<\/a><\/strong><\/em><\/h4>\n<\/li>\n<li>\n<h4><em><strong><a title=\"CULTURA DE URINA: LUCRO OU PREJU\u00cdZO PARA O LABORAT\u00d3RIO DE AN\u00c1LISES CL\u00cdNICAS?\" href=\"http:\/\/www.ciencianews.com.br\/arquivos\/ACET\/IMAGENS\/biblioteca-digital\/microbiologia\/avaliacoes_especificas\/19-CUL1.pdf\" target=\"_blank\" rel=\"noopener noreferrer\"> CULTURA DE URINA: LUCRO OU PREJU\u00cdZO PARA O LABORAT\u00d3RIO DE<br \/>\nAN\u00c1LISES CL\u00cdNICAS?<\/a><\/strong><\/em><\/h4>\n<\/li>\n<li>\n<h4><em><strong><a title=\"VANTAGENS E DESVANTAGENS DE MALDI-TOF MS EM RELA\u00c7\u00c3O AOS M\u00c9TODOS MICROBIOL\u00d3GICOS TRADICIONAIS\" href=\"http:\/\/www.ciencianews.com.br\/arquivos\/ACET\/IMAGENS\/biblioteca-digital\/microbiologia\/avaliacoes_especificas\/20-VAN1.pdf\" target=\"_blank\" rel=\"noopener noreferrer\"> VANTAGENS E DESVANTAGENS DE MALDI-TOF MS EM RELA\u00c7\u00c3O AOS M\u00c9TODOS MICROBIOL\u00d3GICOS TRADICIONAIS <\/a><\/strong><\/em><\/h4>\n<\/li>\n<li>\n<h4><em><strong><a title=\"MICRO-ORGANISMOS ISOLADOS DE PONTAS DE CATETERES VENOSOS CENTRAL E PERFIL DE SUSCETIBILIDADE ANTIMICROBIANA\" href=\"http:\/\/www.ciencianews.com.br\/arquivos\/ACET\/IMAGENS\/biblioteca-digital\/microbiologia\/avaliacoes_especificas\/21-MIC1.pdf\" target=\"_blank\" rel=\"noopener noreferrer\"> MICRO-ORGANISMOS ISOLADOS DE PONTAS DE CATETERES VENOSOS CENTRAL E PERFIL DE SUSCETIBILIDADE ANTIMICROBIANA<\/a><\/strong><\/em><\/h4>\n<\/li>\n<li>\n<h4><em><strong><a title=\"BIOFILME EM CATETERES HOSPITALARES E PR\u00d3TESES\" href=\"http:\/\/www.ciencianews.com.br\/arquivos\/ACET\/IMAGENS\/biblioteca-digital\/microbiologia\/avaliacoes_especificas\/22-Biofilme-em-cateteres-hospitalares-e-proteses.pdf\" target=\"_blank\" rel=\"noopener noreferrer\"> BIOFILME EM CATETERES HOSPITALARES E PR\u00d3TESES <\/a><\/strong><\/em><\/h4>\n<\/li>\n<li>\n<h4><em><strong><a title=\"CONTROLE MICROBIOL\u00d3GICO DE LEITE MATERNO EM BANCO DE LEITE HUMANO: REVIS\u00c3O DE LITERATURA\" href=\"http:\/\/www.ciencianews.com.br\/arquivos\/ACET\/IMAGENS\/biblioteca-digital\/microbiologia\/avaliacoes_especificas\/23-CON.pdf\" target=\"_blank\" rel=\"noopener noreferrer\"> CONTROLE MICROBIOL\u00d3GICO DE LEITE MATERNO EM BANCO DE LEITE HUMANO: REVIS\u00c3O DE LITERATURA <\/a><\/strong><\/em><\/h4>\n<\/li>\n<li>\n<h4><em><strong><a title=\"ANEMIA FALCIFORME: ASPECTOS GERAIS\" href=\"http:\/\/www.ciencianews.com.br\/arquivos\/ACET\/IMAGENS\/biblioteca-digital\/microbiologia\/avaliacoes_especificas\/24-Anemia-Falciforme-aspectos-gerais.pdf\" target=\"_blank\" rel=\"noopener noreferrer\"> ANEMIA FALCIFORME: ASPECTOS GERAIS <\/a><\/strong><\/em><\/h4>\n<\/li>\n<li>\n<h4><em><strong><a title=\"NOVAS METODOLOGIAS PARA DIAGN\u00d3STICO DA HANSEN\u00cdASE\" href=\"http:\/\/www.ciencianews.com.br\/arquivos\/ACET\/IMAGENS\/biblioteca-digital\/microbiologia\/avaliacoes_especificas\/25-Novas-metodologias-para-diagnostico-da-hanseniase.PDF\" target=\"_blank\" rel=\"noopener noreferrer\"> NOVAS METODOLOGIAS PARA DIAGN\u00d3STICO DA HANSEN\u00cdASE <\/a><\/strong><\/em><\/h4>\n<\/li>\n<li>\n<h4><em><strong><a title=\"QUALIDADE NO PREPARO DE MEIOS DE CULTURA DESIDRATADOS\" href=\"http:\/\/www.ciencianews.com.br\/arquivos\/ACET\/IMAGENS\/biblioteca-digital\/microbiologia\/avaliacoes_especificas\/26-QUA.PDF\" target=\"_blank\" rel=\"noopener noreferrer\"> QUALIDADE NO PREPARO DE MEIOS DE CULTURA DESIDRATADOS <\/a><\/strong><\/em><\/h4>\n<\/li>\n<li>\n<h4><em><strong><a title=\"EXAME LABORATORIAL DA URINA E UROCULTURA: UMA VIS\u00c3O GERAL\" href=\"http:\/\/www.ciencianews.com.br\/arquivos\/ACET\/IMAGENS\/biblioteca-digital\/microbiologia\/avaliacoes_especificas\/27-EXA.PDF\" target=\"_blank\" rel=\"noopener noreferrer\"> EXAME LABORATORIAL DA URINA E UROCULTURA: UMA VIS\u00c3O GERAL <\/a><\/strong><\/em><\/h4>\n<\/li>\n<li>\n<h4><em><strong><a title=\"PROCEDIMENTOS MICROBIOL\u00d3GICOS ADOTADOS PARA O DIAGN\u00d3STICO DE COCOS GRAM-POSITIVOS EM URINAS\" href=\"http:\/\/www.ciencianews.com.br\/arquivos\/ACET\/IMAGENS\/biblioteca-digital\/microbiologia\/avaliacoes_especificas\/28-Procedimentos-biologicos.pdf\" target=\"_blank\" rel=\"noopener noreferrer\"> PROCEDIMENTOS MICROBIOL\u00d3GICOS ADOTADOS PARA O DIAGN\u00d3STICO DE COCOS GRAM-POSITIVOS EM URINAS <\/a><\/strong><\/em><\/h4>\n<\/li>\n<li>\n<h4><em><strong><a title=\"DIAGN\u00d3STICO LABORATORIAL DA M.TUBERCULOSE: VANTAGENS E DESVANTAGENS PRESENTES NESSES M\u00c9TODOS E COMO O M\u00c9TODO DA PCR PODE AJUDAR NO DIAGN\u00d3STICO DA DOEN\u00c7A\" href=\"http:\/\/www.ciencianews.com.br\/arquivos\/ACET\/IMAGENS\/biblioteca-digital\/microbiologia\/avaliacoes_especificas\/29-Diagnostico-laboratorial-da-M.pdf\" target=\"_blank\" rel=\"noopener noreferrer\"> DIAGN\u00d3STICO LABORATORIAL DA M.TUBERCULOSE: VANTAGENS E DESVANTAGENS PRESENTES NESSES M\u00c9TODOS E COMO O M\u00c9TODO DA PCR PODE AJUDAR NO DIAGN\u00d3STICO DA DOEN\u00c7A <\/a><\/strong><\/em><\/h4>\n<\/li>\n<li>\n<h4><em><strong><a title=\"ATIVIDADE ANTIMICROBIANA DA CURCUMINA NA FORMA\u00c7\u00c3O DE BIOFILMES E C\u00c1RIE DENTAL\" href=\"http:\/\/www.ciencianews.com.br\/arquivos\/ACET\/IMAGENS\/biblioteca-digital\/microbiologia\/avaliacoes_especificas\/30-Atividade-antimicrobiana.pdf\" target=\"_blank\" rel=\"noopener noreferrer\"> ATIVIDADE ANTIMICROBIANA DA CURCUMINA NA FORMA\u00c7\u00c3O DE BIOFILMES E C\u00c1RIE DENTAL <\/a><\/strong><\/em><\/h4>\n<\/li>\n<li>\n<h4><em><strong><a title=\"NOVOS ANTIBI\u00d3TICOS CONTRA BACT\u00c9RIAS GRAM POSITIVAS\" href=\"http:\/\/www.ciencianews.com.br\/arquivos\/ACET\/IMAGENS\/biblioteca-digital\/microbiologia\/avaliacoes_especificas\/31-novos-antibioticos-contra-bacterias.pdf\" target=\"_blank\" rel=\"noopener noreferrer\"> NOVOS ANTIBI\u00d3TICOS CONTRA BACT\u00c9RIAS GRAM POSITIVAS <\/a><\/strong><\/em><\/h4>\n<\/li>\n<li>\n<h4><em><strong><a title=\"A IMPORT\u00c2NCIA DO DIAGN\u00d3STICO LABORAT\u00d3RIAL NA DIFERENCIA\u00c7\u00c3O DAS MENINGITES\" href=\"http:\/\/www.ciencianews.com.br\/arquivos\/ACET\/IMAGENS\/biblioteca-digital\/microbiologia\/avaliacoes_especificas\/32-A-importancia-do-diagnostico-laboratorial-diferencial.pdf\" target=\"_blank\" rel=\"noopener noreferrer\"> A IMPORT\u00c2NCIA DO DIAGN\u00d3STICO LABORAT\u00d3RIAL NA DIFERENCIA\u00c7\u00c3O DAS MENINGITES <\/a><\/strong><\/em><\/h4>\n<\/li>\n<li>\n<h4><em><strong><a title=\"AVALIA\u00c7\u00c3O DA ATIVIDADE ANTIMICROBIANA IN VITRO DE \u00d3LEO ESSENCIAL DE ALHO SOBRE BACT\u00c9RIAS PATOG\u00caNICAS\" href=\"http:\/\/www.ciencianews.com.br\/arquivos\/ACET\/IMAGENS\/biblioteca-digital\/microbiologia\/avaliacoes_especificas\/33-AVA.PDF\" target=\"_blank\" rel=\"noopener noreferrer\"> AVALIA\u00c7\u00c3O DA ATIVIDADE ANTIMICROBIANA IN VITRO DE \u00d3LEO ESSENCIAL DE ALHO SOBRE BACT\u00c9RIAS PATOG\u00caNICAS <\/a><\/strong><\/em><\/h4>\n<\/li>\n<li>\n<h4><em><strong><a title=\"COLORA\u00c7\u00d5ES USADAS EM MICROBIOLOGIA\" href=\"http:\/\/www.ciencianews.com.br\/arquivos\/ACET\/IMAGENS\/biblioteca-digital\/microbiologia\/avaliacoes_especificas\/34-Coloracoes-usadas-em-micro-biologia.pdf\" target=\"_blank\" rel=\"noopener noreferrer\"> COLORA\u00c7\u00d5ES USADAS EM MICROBIOLOGIA <\/a><\/strong><\/em><\/h4>\n<\/li>\n<li>\n<h4><em><strong><a title=\"CULTURA EM ANAER\u00d3BIOS\" href=\"http:\/\/www.ciencianews.com.br\/arquivos\/ACET\/IMAGENS\/biblioteca-digital\/microbiologia\/avaliacoes_especificas\/35-Cultura-em-anaerobios.pdf\" target=\"_blank\" rel=\"noopener noreferrer\"> CULTURA EM ANAER\u00d3BIOS <\/a><\/strong><\/em><\/h4>\n<\/li>\n<li>\n<h4><em><strong><a title=\"BIOFILME EM CATETERES HOSPITALARES E PR\u00d3TESES\" href=\"http:\/\/www.ciencianews.com.br\/arquivos\/ACET\/IMAGENS\/biblioteca-digital\/microbiologia\/avaliacoes_especificas\/36-Biofilme-em-cateteres-hospitalares-e-proteses.pdf\" target=\"_blank\" rel=\"noopener noreferrer\"> BIOFILME EM CATETERES HOSPITALARES E PR\u00d3TESES <\/a><\/strong><\/em><\/h4>\n<\/li>\n<li>\n<h4><em><strong><a title=\"CORRELA\u00c7\u00c3O ENTRE ASPECTOS BACTERIOL\u00d3GICOS DO EXAME DE URINA SIMPLES E O CRESCIMENTO BACTERIANO EM UROCULTURAS: PREVAL\u00caNCIA E INCID\u00caNCIA EM UM LABORAT\u00d3RIO DO INTERIOR DE MATO GROSSO\" href=\"http:\/\/www.ciencianews.com.br\/arquivos\/ACET\/IMAGENS\/biblioteca-digital\/microbiologia\/avaliacoes_especificas\/37-Correlacao-entre-aspectos-bacteriologicos.pdf\" target=\"_blank\" rel=\"noopener noreferrer\"> CORRELA\u00c7\u00c3O ENTRE ASPECTOS BACTERIOL\u00d3GICOS DO EXAME DE URINA SIMPLES E O CRESCIMENTO BACTERIANO EM UROCULTURAS: PREVAL\u00caNCIA E INCID\u00caNCIA EM UM LABORAT\u00d3RIO DO INTERIOR DE MATO GROSSO <\/a><\/strong><\/em><\/h4>\n<\/li>\n<li>\n<h4><em><strong><a title=\"CONTROLE MICROBIOL\u00d3GICO DE LEITE MATERNO EM BANCO DE LEITE HUMANO: REVIS\u00c3O DE LITERATURA\" href=\"http:\/\/www.ciencianews.com.br\/arquivos\/ACET\/IMAGENS\/biblioteca-digital\/microbiologia\/avaliacoes_especificas\/38-Controle-microbiologico-de-leite-materno.pdf\" target=\"_blank\" rel=\"noopener noreferrer\"> CONTROLE MICROBIOL\u00d3GICO DE LEITE MATERNO EM BANCO DE LEITE HUMANO: REVIS\u00c3O DE LITERATURA <\/a><\/strong><\/em><\/h4>\n<\/li>\n<li>\n<h4><em><strong><a title=\"NOVAS METODOLOGIAS PARA DIAGN\u00d3STICO DA HANSEN\u00cdASE\" href=\"http:\/\/www.ciencianews.com.br\/arquivos\/ACET\/IMAGENS\/biblioteca-digital\/microbiologia\/avaliacoes_especificas\/39-Novas-metodologias-para-o-diagnostico-da-Hanseniase.pdf\" target=\"_blank\" rel=\"noopener noreferrer\"> NOVAS METODOLOGIAS PARA DIAGN\u00d3STICO DA HANSEN\u00cdASE <\/a><\/strong><\/em><\/h4>\n<\/li>\n<li>\n<h4><em><strong><a title=\"SEMEADURA PRIM\u00c1RIA DE AMOSTRAS BIOL\u00d3GICAS EM LABORAT\u00d3RIO DE MICROBIOLOGIA\" href=\"http:\/\/www.ciencianews.com.br\/arquivos\/ACET\/IMAGENS\/biblioteca-digital\/microbiologia\/avaliacoes_especificas\/40-SEM.pdf\" target=\"_blank\" rel=\"noopener noreferrer\"> SEMEADURA PRIM\u00c1RIA DE AMOSTRAS BIOL\u00d3GICAS EM LABORAT\u00d3RIO DE MICROBIOLOGIA <\/a><\/strong><\/em><\/h4>\n<\/li>\n<li>\n<h4><em><strong><a title=\"AVALIA\u00c7\u00c3O E COMPARA\u00c7\u00c3O DOS RESULTADOS OBTIDOS COM CROMAGAR\" href=\"http:\/\/www.ciencianews.com.br\/arquivos\/ACET\/IMAGENS\/biblioteca-digital\/microbiologia\/avaliacoes_especificas\/41.pdf\" target=\"_blank\" rel=\"noopener noreferrer\">AVALIA\u00c7\u00c3O E COMPARA\u00c7\u00c3O DOS RESULTADOS OBTIDOS COM CROMAGAR <\/a><\/strong><\/em><\/h4>\n<\/li>\n<li>\n<h4><em><strong><a title=\"AVALIA\u00c7\u00c3O DA QUALIDADE DOS DISCOS DE ANTIMICROBIANOS PARA TESTES\" href=\"http:\/\/www.ciencianews.com.br\/arquivos\/ACET\/IMAGENS\/biblioteca-digital\/microbiologia\/avaliacoes_especificas\/42.pdf\" target=\"_blank\" rel=\"noopener noreferrer\">AVALIA\u00c7\u00c3O DA QUALIDADE DOS DISCOS DE ANTIMICROBIANOS PARA TESTES<\/a><\/strong><\/em><\/h4>\n<\/li>\n<li>\n<h4><em><strong><a title=\"AVALIA\u00c7\u00c3O DA QUALIDADE DOS DISCOS DE ANTIMICROBIANOS PARA TESTES\" href=\"https:\/\/ciencianews.com.br\/arquivos\/ACET\/IMAGENS\/biblioteca-digital\/microbiologia\/avaliacoes_especificas\/2023-%C3%81gua%20ozonizada%20-%20%20efeito%20de%20desinfec%C3%A7%C3%A3o%20e%20suas%20aplica%C3%A7%C3%B5es%20na%20medicina%20-%20B%C3%A1rbara%20Vidigal%20Fonseca.pdf\" target=\"_blank\" rel=\"noopener noreferrer\">\u00c1GUA OZONIZADA: EFEITO DE DESINFEC\u00c7\u00c3O E SUAS APLICA\u00c7\u00d5ES NA MEDICINA<\/a><\/strong><\/em><\/h4>\n<\/li>\n<li>\n<h4><em><strong><a title=\"AVALIA\u00c7\u00c3O DA QUALIDADE DOS DISCOS DE ANTIMICROBIANOS PARA TESTES\" href=\"https:\/\/ciencianews.com.br\/arquivos\/ACET\/IMAGENS\/biblioteca-digital\/microbiologia\/avaliacoes_especificas\/Bianka%20Forato.pdf\" target=\"_blank\" rel=\"noopener noreferrer\">A IMPORT\u00c2NCIA DA GEST\u00c3O DA QUALIDADE NA PRODU\u00c7\u00c3O DE MEIOS DE CULTURA NO \u00c2MBITO AMBULATORIAL<\/a><\/strong><\/em><\/h4>\n<\/li>\n<li>\n<h4><em><strong><a title=\"AVALIA\u00c7\u00c3O DA QUALIDADE DOS DISCOS DE ANTIMICROBIANOS PARA TESTES\" href=\"https:\/\/ciencianews.com.br\/arquivos\/ACET\/IMAGENS\/biblioteca-digital\/microbiologia\/avaliacoes_especificas\/Mirella%20Roberta%20Correa%20Scramin%20P%C3%B3s%20Microbiologia%20(1).pdf\" target=\"_blank\" rel=\"noopener noreferrer\">EXPOSI\u00c7\u00c3O DESNECESS\u00c1RIA A ANTIMICROBIANOS PELA CONTAMINA\u00c7\u00c3O DA<br \/>\nHEMOCULTURA NO \u00c2MBITO HOSPITALAR: UMA REVIS\u00c3O BIBLIOGR\u00c1FICA<\/a><\/strong><\/em><\/h4>\n<\/li>\n<li>\n<h4><em><strong><a title=\"AVALIA\u00c7\u00c3O DA QUALIDADE DOS DISCOS DE ANTIMICROBIANOS PARA TESTES\" href=\"https:\/\/ciencianews.com.br\/arquivos\/ACET\/IMAGENS\/biblioteca-digital\/microbiologia\/avaliacoes_especificas\/natalia%20de%20vittis%20bueno%20da%20silva%201%20-%20pesquisa%20de%20campo.pdf\" target=\"_blank\" rel=\"noopener noreferrer\">INVESTIGA\u00c7\u00c3O DE PERFIL BACTERIOL\u00d3GICO EM CATETER DE PACIENTES INTERNADOS<\/a><\/strong><\/em><\/h4>\n<\/li>\n<\/ol>\n<\/li>\n<\/ol>\n<div style=\"text-align: center;\">\n<p>[ezcol_1third]<br \/>\n<a href=\"http:\/\/www.ciencianews.com.br\/index.php\/home\/biblioteca_digital\/biblioteca-digital-microbiologia\/b-d-microbiologia-avaliacoes-especificas-em-microbiologia\/\"> <img loading=\"lazy\" decoding=\"async\" class=\"alignnone size-thumbnail wp-image-4997\" src=\"http:\/\/www.ciencianews.com.br\/wp-content\/uploads\/2019\/08\/voltar-150x150.png\" alt=\"voltar\" width=\"70\" height=\"70\" srcset=\"https:\/\/www.ciencianews.com.br\/wp-content\/uploads\/2019\/08\/voltar-150x150.png 150w, https:\/\/www.ciencianews.com.br\/wp-content\/uploads\/2019\/08\/voltar-250x250.png 250w, https:\/\/www.ciencianews.com.br\/wp-content\/uploads\/2019\/08\/voltar.png 256w\" sizes=\"auto, (max-width: 70px) 100vw, 70px\" \/> <\/a><\/p>\n<div style=\"color: #000000; text-align: center; font-size: 15px; font-weight: bold;\"><a href=\"http:\/\/www.ciencianews.com.br\/index.php\/home\/biblioteca_digital\/biblioteca-digital-microbiologia\/b-d-microbiologia-avaliacoes-especificas-em-microbiologia\/\">Voltar<\/a><\/p>\n<\/div>\n<p>[\/ezcol_1third]<br \/>\n[ezcol_1third]<br \/>\n<a href=\"http:\/\/www.ciencianews.com.br\/index.php\/home\/biblioteca_digital\/\"> <img loading=\"lazy\" decoding=\"async\" class=\"alignnone size-thumbnail wp-image-4996\" src=\"http:\/\/www.ciencianews.com.br\/wp-content\/uploads\/2019\/08\/home-150x150.jpg\" alt=\"home\" width=\"70\" height=\"70\" srcset=\"https:\/\/www.ciencianews.com.br\/wp-content\/uploads\/2019\/08\/home-150x150.jpg 150w, https:\/\/www.ciencianews.com.br\/wp-content\/uploads\/2019\/08\/home.jpg 225w\" sizes=\"auto, (max-width: 70px) 100vw, 70px\" \/> <\/a><\/p>\n<div style=\"color: #000000; text-align: center; font-size: 15px; font-weight: bold;\"><a href=\"http:\/\/www.ciencianews.com.br\/index.php\/home\/biblioteca_digital\/\">Biblioteca Digital<\/a><\/p>\n<\/div>\n<p>[\/ezcol_1third]<br \/>\n[ezcol_1third_end]<br \/>\n<a href=\"http:\/\/www.ciencianews.com.br\/index.php\/home\/biblioteca_digital\/biblioteca-digital-microbiologia\/b-d-microbiologia-hepatites-e-outras-viroses\/\"> <img loading=\"lazy\" decoding=\"async\" class=\"alignnone size-thumbnail wp-image-4995\" src=\"http:\/\/www.ciencianews.com.br\/wp-content\/uploads\/2019\/08\/avancar-150x150.png\" alt=\"avancar\" width=\"70\" height=\"70\" srcset=\"https:\/\/www.ciencianews.com.br\/wp-content\/uploads\/2019\/08\/avancar-150x150.png 150w, https:\/\/www.ciencianews.com.br\/wp-content\/uploads\/2019\/08\/avancar-250x250.png 250w, https:\/\/www.ciencianews.com.br\/wp-content\/uploads\/2019\/08\/avancar.png 256w\" sizes=\"auto, (max-width: 70px) 100vw, 70px\" \/> <\/a><\/p>\n<div style=\"color: #000000; text-align: center; font-size: 15px; font-weight: bold;\"><a href=\"http:\/\/www.ciencianews.com.br\/index.php\/home\/biblioteca_digital\/biblioteca-digital-microbiologia\/b-d-microbiologia-hepatites-e-outras-viroses\/\">Pr\u00f3ximo T\u00f3pico: &#8220;Hepatites e outras viroses&#8221;<\/a><\/p>\n<\/div>\n<p>[\/ezcol_1third_end]<\/p>\n<\/div>\n","protected":false},"excerpt":{"rendered":"<p>ARTIGOS Escolha o tema de sua prefer\u00eancia: UROCULTURA &#8211; IMPORT\u00c2NCIA CL\u00cdNICA PRINCIPAIS CARACTER\u00cdSTICAS DOS STREPTOCOCCUS DO GRUPO B BACTERIOSCOPIA VAGINAL NA ROTINA LABORATORIAL RELEV\u00c2NCIA DO DIAGN\u00d3STICO DIFERENCIAL DA PARACOCCIDIOIDOMICOSE O DIAGN\u00d3STICO LABORATORIAL DA MENINGITE BACTERIANA POR STREPTOCOCCUS PNEUMONIAE: M\u00c9TODOS CONVENCIONAIS, [&hellip;]<\/p>\n","protected":false},"author":1,"featured_media":0,"parent":5173,"menu_order":0,"comment_status":"closed","ping_status":"closed","template":"","meta":{"_uag_custom_page_level_css":"","_joinchat":[],"footnotes":""},"class_list":["post-5177","page","type-page","status-publish","hentry"],"uagb_featured_image_src":{"full":false,"thumbnail":false,"medium":false,"medium_large":false,"large":false,"1536x1536":false,"2048x2048":false,"post-thumbnail":false,"business-hub-blog":false,"business-hub-work":false},"uagb_author_info":{"display_name":"real","author_link":"https:\/\/www.ciencianews.com.br\/index.php\/author\/real\/"},"uagb_comment_info":0,"uagb_excerpt":"ARTIGOS Escolha o tema de sua prefer\u00eancia: UROCULTURA &#8211; IMPORT\u00c2NCIA CL\u00cdNICA PRINCIPAIS CARACTER\u00cdSTICAS DOS STREPTOCOCCUS DO GRUPO B BACTERIOSCOPIA VAGINAL NA ROTINA LABORATORIAL RELEV\u00c2NCIA DO DIAGN\u00d3STICO DIFERENCIAL DA PARACOCCIDIOIDOMICOSE O DIAGN\u00d3STICO LABORATORIAL DA MENINGITE BACTERIANA POR STREPTOCOCCUS PNEUMONIAE: M\u00c9TODOS CONVENCIONAIS, [&hellip;]","_links":{"self":[{"href":"https:\/\/www.ciencianews.com.br\/index.php\/wp-json\/wp\/v2\/pages\/5177","targetHints":{"allow":["GET"]}}],"collection":[{"href":"https:\/\/www.ciencianews.com.br\/index.php\/wp-json\/wp\/v2\/pages"}],"about":[{"href":"https:\/\/www.ciencianews.com.br\/index.php\/wp-json\/wp\/v2\/types\/page"}],"author":[{"embeddable":true,"href":"https:\/\/www.ciencianews.com.br\/index.php\/wp-json\/wp\/v2\/users\/1"}],"replies":[{"embeddable":true,"href":"https:\/\/www.ciencianews.com.br\/index.php\/wp-json\/wp\/v2\/comments?post=5177"}],"version-history":[{"count":12,"href":"https:\/\/www.ciencianews.com.br\/index.php\/wp-json\/wp\/v2\/pages\/5177\/revisions"}],"predecessor-version":[{"id":7687,"href":"https:\/\/www.ciencianews.com.br\/index.php\/wp-json\/wp\/v2\/pages\/5177\/revisions\/7687"}],"up":[{"embeddable":true,"href":"https:\/\/www.ciencianews.com.br\/index.php\/wp-json\/wp\/v2\/pages\/5173"}],"wp:attachment":[{"href":"https:\/\/www.ciencianews.com.br\/index.php\/wp-json\/wp\/v2\/media?parent=5177"}],"curies":[{"name":"wp","href":"https:\/\/api.w.org\/{rel}","templated":true}]}}