{"id":5232,"date":"2019-08-23T12:19:28","date_gmt":"2019-08-23T12:19:28","guid":{"rendered":"http:\/\/www.ciencianews.com.br\/?page_id=5232"},"modified":"2025-05-16T18:36:33","modified_gmt":"2025-05-16T18:36:33","slug":"biblioteca-digital-microbiologia-microbiologia-em-saude-publica","status":"publish","type":"page","link":"https:\/\/www.ciencianews.com.br\/index.php\/home\/biblioteca_digital\/biblioteca-digital-microbiologia\/b-d-microbiologia-microbiologia-em-saude-publica\/biblioteca-digital-microbiologia-microbiologia-em-saude-publica\/","title":{"rendered":"Biblioteca Digital \u2013 Microbiologia \u2013 Microbiologia em sa\u00fade p\u00fablica"},"content":{"rendered":"<h1 align=\"center\"><span style=\"color: #000000;\"><strong> ARTIGOS <\/strong><\/span><\/h1>\n<p><strong>Escolha o tema de sua prefer\u00eancia:<\/strong><\/p>\n<ol>\n<li style=\"list-style-type: none;\">\n<ol>\n<li>\n<h4><em><strong><a title=\"SALMONELOSE: UM DESAFIO PARA SA\u00daDE P\u00daBLICA\" href=\"http:\/\/www.ciencianews.com.br\/arquivos\/ACET\/IMAGENS\/biblioteca-digital\/microbiologia\/microbiologia_saude_publica\/1-Salmonelose-um-desafio-para-a-saude-publica.pdf\" target=\"_blank\" rel=\"noopener noreferrer\"> SALMONELOSE: UM DESAFIO PARA SA\u00daDE P\u00daBLICA <\/a><\/strong><\/em><\/h4>\n<\/li>\n<li>\n<h4><em><strong><a title=\"LISTERIA MONOCYTOGENES : UM RISCO NEGLIGENCIADO \" href=\"http:\/\/www.ciencianews.com.br\/arquivos\/ACET\/IMAGENS\/biblioteca-digital\/microbiologia\/microbiologia_saude_publica\/2-Listeria-monocytogenes-um-risco-negligenciado.pdf\" target=\"_blank\" rel=\"noopener noreferrer\"> LISTERIA MONOCYTOGENES : UM RISCO NEGLIGENCIADO <\/a><\/strong><\/em><\/h4>\n<\/li>\n<li>\n<h4><em><strong><a title=\"ACINETOBACTER BAUMANII: INCID\u00caNCIA E ATIVIDADE ANTIBI\u00d3TICA, EM UM HOSPITAL ESCOLA DE MINAS GERAIS, NO ANO DE 2012\" href=\"http:\/\/www.ciencianews.com.br\/arquivos\/ACET\/IMAGENS\/biblioteca-digital\/microbiologia\/microbiologia_saude_publica\/3-Acinetobacter-baumanii-Incidencia-e-atividade-antibiotica.pdf\" target=\"_blank\" rel=\"noopener noreferrer\"> ACINETOBACTER BAUMANII: INCID\u00caNCIA E ATIVIDADE ANTIBI\u00d3TICA, EM UM HOSPITAL ESCOLA DE MINAS GERAIS, NO ANO DE 2012<\/a><\/strong><\/em><\/h4>\n<\/li>\n<li>\n<h4><em><strong><a title=\"A IMPORT\u00c2NCIA DO DIAGN\u00d3STICO DE STREPTOCOCCUS DO GRUPO B EM GESTANTES\" href=\"http:\/\/www.ciencianews.com.br\/arquivos\/ACET\/IMAGENS\/biblioteca-digital\/microbiologia\/microbiologia_saude_publica\/4-A-Importancia-do-Diagnostico-de-Streptococcus-do-Grupo-B-em-Gestantes.pdf\" target=\"_blank\" rel=\"noopener noreferrer\"> A IMPORT\u00c2NCIA DO DIAGN\u00d3STICO DE STREPTOCOCCUS DO GRUPO B EM GESTANTES <\/a><\/strong><\/em><\/h4>\n<\/li>\n<li>\n<h4><em><strong><a title=\"CONTROLE DE INFEC\u00c7\u00c3O DAS BACT\u00c9RIAS RESISTENTES AO AMBIENTE HOSPITALAR\" href=\"http:\/\/www.ciencianews.com.br\/arquivos\/ACET\/IMAGENS\/biblioteca-digital\/microbiologia\/microbiologia_saude_publica\/5-Controle-de-infeccao-das-bacterias-resistentes-ao-ambiente-hospitalar.pdf\" target=\"_blank\" rel=\"noopener noreferrer\"> CONTROLE DE INFEC\u00c7\u00c3O DAS BACT\u00c9RIAS RESISTENTES AO AMBIENTE HOSPITALAR <\/a><\/strong><\/em><\/h4>\n<\/li>\n<li>\n<h4><em><strong><a title=\"INVESTIGA\u00c7\u00c3O DE BETA-LACTAMASES EM KLEBSIELLA PNEUMONIAE E ESCHERICHA COLI DE UM HOSPITAL TERCI\u00c1RIO DE CAMPO GRANDE-MS\" href=\"http:\/\/www.ciencianews.com.br\/arquivos\/ACET\/IMAGENS\/biblioteca-digital\/microbiologia\/microbiologia_saude_publica\/6-INVE.PDF\" target=\"_blank\" rel=\"noopener noreferrer\"> INVESTIGA\u00c7\u00c3O DE BETA-LACTAMASES EM KLEBSIELLA PNEUMONIAE E ESCHERICHA COLI DE UM HOSPITAL TERCI\u00c1RIO DE CAMPO GRANDE-MS <\/a><\/strong><\/em><\/h4>\n<\/li>\n<li>\n<h4><em><strong><a title=\"O ENSINO DE MICROBIOLOGIA NO ENSINO M\u00c9DIO\" href=\"http:\/\/www.ciencianews.com.br\/arquivos\/ACET\/IMAGENS\/biblioteca-digital\/microbiologia\/microbiologia_saude_publica\/7-Ensino-de-microbiologia-no-ensino-medio.pdf\" target=\"_blank\" rel=\"noopener noreferrer\"> O ENSINO DE MICROBIOLOGIA NO ENSINO M\u00c9DIO<\/a><\/strong><\/em><\/h4>\n<\/li>\n<li>\n<h4><em><strong><a title=\"INCID\u00caNCIA DE ENTEROCOCCUS FAECALIS E ENTEROCOCCUS FAECIUM ISOLADOS DE CULTURAS DE VIGIL\u00c2NCIA RESISTENTES AOS GLICOPEPT\u00cdDEOS EM UM HOSPITAL DE UBERL\u00c2NDIA - MG\" target=\"_blank\" rel=\"noopener noreferrer\"> INCID\u00caNCIA DE ENTEROCOCCUS FAECALIS E ENTEROCOCCUS FAECIUM ISOLADOS DE CULTURAS DE VIGIL\u00c2NCIA RESISTENTES AOS GLICOPEPT\u00cdDEOS EM UM HOSPITAL DE UBERL\u00c2NDIA &#8211; MG <\/a><\/strong><\/em><\/h4>\n<\/li>\n<li>\n<h4><em><strong><a title=\"GENERALIDADES DA HANSEN\u00cdASE NO BRASIL\" href=\"http:\/\/www.ciencianews.com.br\/arquivos\/ACET\/IMAGENS\/biblioteca-digital\/microbiologia\/microbiologia_saude_publica\/9-Generalidades-da-hanseniase-no-Brasil-Revisao-da-literatura.pdf\" target=\"_blank\" rel=\"noopener noreferrer\"> GENERALIDADES DA HANSEN\u00cdASE NO BRASIL<\/a><\/strong><\/em><\/h4>\n<\/li>\n<li>\n<h4><em><strong><a title=\"CARACTERIZA\u00c7\u00c3O E PERFIL EPIDEMIOL\u00d3GICO DE S\u00cdFILIS DE UM MUNIC\u00cdPIO DO INTERIOR DE S\u00c3O PAULO, NOS ANOS DE 2017 A 2018 \" href=\"http:\/\/www.ciencianews.com.br\/arquivos\/ACET\/IMAGENS\/biblioteca-digital\/microbiologia\/microbiologia_saude_publica\/10-CAR.pdf\" target=\"_blank\" rel=\"noopener noreferrer\"> CARACTERIZA\u00c7\u00c3O E PERFIL EPIDEMIOL\u00d3GICO DE S\u00cdFILIS DE UM MUNIC\u00cdPIO DO INTERIOR DE S\u00c3O PAULO, NOS ANOS DE 2017 A 2018 <\/a><\/strong><\/em><\/h4>\n<\/li>\n<li>\n<h4><em><strong><a title=\"TUBERCULOSE\" href=\"http:\/\/www.ciencianews.com.br\/arquivos\/ACET\/IMAGENS\/biblioteca-digital\/microbiologia\/microbiologia_saude_publica\/11-Tuberculose.pdf\" target=\"_blank\" rel=\"noopener noreferrer\"> TUBERCULOSE <\/a><\/strong><\/em><\/h4>\n<\/li>\n<li>\n<h4><em><strong><a title=\"AVALIA\u00c7\u00c3O BACILOSC\u00d3PICA DE PACIENTES COM SUSPEITA DE HANSEN\u00cdASE EM UMA UNIDADE DE SA\u00daDE PUBLICA NO MUNIC\u00cdPIO DE JATA\u00cd-GOI\u00c1S\" href=\"http:\/\/www.ciencianews.com.br\/arquivos\/ACET\/IMAGENS\/biblioteca-digital\/microbiologia\/microbiologia_saude_publica\/12-AVA.pdf\" target=\"_blank\" rel=\"noopener noreferrer\"> AVALIA\u00c7\u00c3O BACILOSC\u00d3PICA DE PACIENTES COM SUSPEITA DE HANSEN\u00cdASE EM UMA UNIDADE DE SA\u00daDE PUBLICA NO MUNIC\u00cdPIO DE JATA\u00cd-GOI\u00c1S<\/a><\/strong><\/em><\/h4>\n<\/li>\n<li>\n<h4><em><strong><a title=\"PREVAL\u00caNCIA E SUSCEPTIBILIDADE ANTIMICROBIANA DE ESP\u00c9CIES MYCOPLASMA HOMINIS E UREAPLASMA UREALYTICUM EM AMOSTRA COLETADA DE PACIENTES MULHERES PARAGUAIAS ATENDIDAS EM LABORATORIO DE ANALISES\" href=\"http:\/\/www.ciencianews.com.br\/arquivos\/ACET\/IMAGENS\/biblioteca-digital\/microbiologia\/microbiologia_saude_publica\/13-Prevalencia-e-susceptibilidade-antimicrobiana-de-especies-mycoplasma.pdf\" target=\"_blank\" rel=\"noopener noreferrer\"> PREVAL\u00caNCIA E SUSCEPTIBILIDADE ANTIMICROBIANA DE ESP\u00c9CIES MYCOPLASMA HOMINIS E UREAPLASMA UREALYTICUM EM AMOSTRA COLETADA DE PACIENTES MULHERES PARAGUAIAS ATENDIDAS EM LABORATORIO DE ANALISES<\/a><\/strong><\/em><\/h4>\n<\/li>\n<li>\n<h4><em><strong><a title=\"INCID\u00caNCIA DE STREPTOCOCCUS AGALACTIAE EM GESTANTES, ISOLADOS EM CULTURAS DE SWAB VAGINAL, NO MUNIC\u00cdPIO DE ARACRUZ \u2013 ES\" href=\"http:\/\/www.ciencianews.com.br\/arquivos\/ACET\/IMAGENS\/biblioteca-digital\/microbiologia\/microbiologia_saude_publica\/14-Incidencia-de-treptococcus-agalactiae-em-gestantes.pdf\" target=\"_blank\" rel=\"noopener noreferrer\"> INCID\u00caNCIA DE STREPTOCOCCUS AGALACTIAE EM GESTANTES, ISOLADOS EM CULTURAS DE SWAB VAGINAL, NO MUNIC\u00cdPIO DE ARACRUZ \u2013 ES<\/a><\/strong><\/em><\/h4>\n<\/li>\n<li>\n<h4><em><strong><a title=\"AVALIA\u00c7\u00c3O DA MICROBIOTA BACTERIANA E F\u00daNGICA EM TATAMES DE ACADEMIA DE MMA NO MUNIC\u00cdPIO DE LINHARES\/ ES\" href=\"http:\/\/www.ciencianews.com.br\/arquivos\/ACET\/IMAGENS\/biblioteca-digital\/microbiologia\/microbiologia_saude_publica\/15-AVA.PDF\" target=\"_blank\" rel=\"noopener noreferrer\"> AVALIA\u00c7\u00c3O DA MICROBIOTA BACTERIANA E F\u00daNGICA EM TATAMES DE ACADEMIA DE MMA NO MUNIC\u00cdPIO DE LINHARES\/ ES <\/a><\/strong><\/em><\/h4>\n<\/li>\n<li>\n<h4><em><strong><a title=\"A INCID\u00caNCIA DA INFEC\u00c7\u00c3O HOSPITALAR POR ACINETOBACTER BAUMANNII\" href=\"http:\/\/www.ciencianews.com.br\/arquivos\/ACET\/IMAGENS\/biblioteca-digital\/microbiologia\/microbiologia_saude_publica\/16-A-incidencia-da-infeccao-hospitalar-por-Acinetobacter-Baumanni.pdf\" target=\"_blank\" rel=\"noopener noreferrer\"> A INCID\u00caNCIA DA INFEC\u00c7\u00c3O HOSPITALAR POR ACINETOBACTER BAUMANNII<\/a><\/strong><\/em><\/h4>\n<\/li>\n<li>\n<h4><em><strong><a title=\" IMPORT\u00c2NCIA DO DIAGN\u00d3STICO DE STREPTOCOCCUS AGALACTIAE E SEU TRATAMENTO EM GESTANTES\" href=\"http:\/\/www.ciencianews.com.br\/arquivos\/ACET\/IMAGENS\/biblioteca-digital\/microbiologia\/microbiologia_saude_publica\/17-Importancia-do-diagnostico-de-Streptococcus-AgalactiaE.pdf\" target=\"_blank\" rel=\"noopener noreferrer\"> IMPORT\u00c2NCIA DO DIAGN\u00d3STICO DE STREPTOCOCCUS AGALACTIAE E SEU TRATAMENTO EM GESTANTES<\/a><\/strong><\/em><\/h4>\n<\/li>\n<li>\n<h4><em><strong><a title=\"OCORR\u00caNCIA DE ACINETOBACTER BAUMANNII ISOLADOS DE ESP\u00c9CIMES CL\u00cdNICOS RESISTENTE A CARBAPEN\u00caMICOS EM UM HOSPITAL P\u00daBLICO DE UBERL\u00c2NDIA-MG BRASIL, ENTRE 2011 A 2013\" href=\"http:\/\/www.ciencianews.com.br\/arquivos\/ACET\/IMAGENS\/biblioteca-digital\/microbiologia\/microbiologia_saude_publica\/18-OCO.pdf\" target=\"_blank\" rel=\"noopener noreferrer\"> OCORR\u00caNCIA DE ACINETOBACTER BAUMANNII ISOLADOS DE ESP\u00c9CIMES CL\u00cdNICOS RESISTENTE A CARBAPEN\u00caMICOS EM UM HOSPITAL P\u00daBLICO DE UBERL\u00c2NDIA-MG BRASIL, ENTRE 2011 A 2013<\/a><\/strong><\/em><\/h4>\n<\/li>\n<li>\n<h4><em><strong><a title=\"PREVAL\u00caNCIA DA INFEC\u00c7\u00c3O POR HIV EM PACIENTES ATENDIDOS EM UNIDADE B\u00c1SICA DE SA\u00daDE DO INTERIOR DE S\u00c3O PAULO\" href=\"http:\/\/www.ciencianews.com.br\/arquivos\/ACET\/IMAGENS\/biblioteca-digital\/microbiologia\/microbiologia_saude_publica\/19-Prevalencia-de-infeccao-por-HIV-em-pacientes.pdf\" target=\"_blank\" rel=\"noopener noreferrer\"> PREVAL\u00caNCIA DA INFEC\u00c7\u00c3O POR HIV EM PACIENTES ATENDIDOS EM UNIDADE B\u00c1SICA DE SA\u00daDE DO INTERIOR DE S\u00c3O PAULO<\/a><\/strong><\/em><\/h4>\n<\/li>\n<li>\n<h4><em><strong><a title=\"ESCHERICHIA COLI COMO AGENTE CAUSADOR DE INFEC\u00c7\u00c3O DO TRATO URIN\u00c1RIO NA CIDADE DE CACOAL \u2013 RO\" href=\"http:\/\/www.ciencianews.com.br\/arquivos\/ACET\/IMAGENS\/biblioteca-digital\/microbiologia\/microbiologia_saude_publica\/20-Escherichia-coli-como-agente-causador-de-infeccao.pdf\" target=\"_blank\" rel=\"noopener noreferrer\"> ESCHERICHIA COLI COMO AGENTE CAUSADOR DE INFEC\u00c7\u00c3O DO TRATO URIN\u00c1RIO NA CIDADE DE CACOAL \u2013 RO <\/a><\/strong><\/em><\/h4>\n<\/li>\n<li>\n<h4><em><strong><a title=\" TUBERCULOSE: UMA VIS\u00c3O GERAL ATRAVEZ DOS TEMPOS\" href=\"http:\/\/www.ciencianews.com.br\/arquivos\/ACET\/IMAGENS\/biblioteca-digital\/microbiologia\/microbiologia_saude_publica\/21-Tuberculose-uma-visao-geral-atraves-dos-tempos.pdf\" target=\"_blank\" rel=\"noopener noreferrer\"> TUBERCULOSE: UMA VIS\u00c3O GERAL ATRAVEZ DOS TEMPOS<\/a><\/strong><\/em><\/h4>\n<\/li>\n<li>\n<h4><em><strong><a title=\"DOEN\u00c7A TRANSMITIDA POR ALIMENTOS: CAMPILOBACTERIOSE\" href=\"http:\/\/www.ciencianews.com.br\/arquivos\/ACET\/IMAGENS\/biblioteca-digital\/microbiologia\/microbiologia_saude_publica\/22-Doenca-transmitida-por-alimentos-Campilobacteriose.pdf\" target=\"_blank\" rel=\"noopener noreferrer\"> DOEN\u00c7A TRANSMITIDA POR ALIMENTOS: CAMPILOBACTERIOSE<\/a><\/strong><\/em><\/h4>\n<\/li>\n<li>\n<h4><em><strong><a title=\" PERFIL EPIDEMIOL\u00d3GICO E MOLECULAR DE ACINETOBACTER BAUMANNII RESISTENTE A POLIMIXINAS\" href=\"http:\/\/www.ciencianews.com.br\/arquivos\/ACET\/IMAGENS\/biblioteca-digital\/microbiologia\/microbiologia_saude_publica\/23-Perfil-epidemiologico-e-molecular.PDF\" target=\"_blank\" rel=\"noopener noreferrer\"> PERFIL EPIDEMIOL\u00d3GICO E MOLECULAR DE ACINETOBACTER BAUMANNII RESISTENTE A POLIMIXINAS <\/a><\/strong><\/em><\/h4>\n<\/li>\n<li>\n<h4><em><strong><a title=\"INFEC\u00c7\u00c3O POR STREPTOCOCCUS AGALACTIAE EM GESTANTES: REVIS\u00c3O DE LITERATURA\" href=\"http:\/\/www.ciencianews.com.br\/arquivos\/ACET\/IMAGENS\/biblioteca-digital\/microbiologia\/microbiologia_saude_publica\/24-Infecaoo-por-S-agalactiae-em-gestantes.pdf\" target=\"_blank\" rel=\"noopener noreferrer\"> INFEC\u00c7\u00c3O POR STREPTOCOCCUS AGALACTIAE EM GESTANTES: REVIS\u00c3O DE LITERATURA <\/a><\/strong><\/em><\/h4>\n<\/li>\n<li>\n<h4><em><strong><a title=\"SITUA\u00c7\u00c3O EPIDEMIOL\u00d3GICA DA COQUELUCHE NO ESTADO DE S\u00c3O PAULO, 2001 - 2016\" href=\"http:\/\/www.ciencianews.com.br\/arquivos\/ACET\/IMAGENS\/biblioteca-digital\/microbiologia\/microbiologia_saude_publica\/25-Situacao-epidemiologica-da-coqueluche-no-estado-de-SP.pdf\" target=\"_blank\" rel=\"noopener noreferrer\"> SITUA\u00c7\u00c3O EPIDEMIOL\u00d3GICA DA COQUELUCHE NO ESTADO DE S\u00c3O PAULO, 2001 &#8211; 2016 <\/a><\/strong><\/em><\/h4>\n<\/li>\n<li>\n<h4><em><strong><a title=\"PSEUDOMONAS AERUGINOSA EM AMBIENTE HOSPITALAR\" href=\"http:\/\/www.ciencianews.com.br\/arquivos\/ACET\/IMAGENS\/biblioteca-digital\/microbiologia\/microbiologia_saude_publica\/26-Pseudomonas-aeruginosa-em-ambiente-hospitalar.pdf\" target=\"_blank\" rel=\"noopener noreferrer\"> PSEUDOMONAS AERUGINOSA EM AMBIENTE HOSPITALAR <\/a><\/strong><\/em><\/h4>\n<\/li>\n<li>\n<h4><em><strong><a title=\"DIAGN\u00d3STICO DA TUBERCULOSE\" href=\"http:\/\/www.ciencianews.com.br\/arquivos\/ACET\/IMAGENS\/biblioteca-digital\/microbiologia\/microbiologia_saude_publica\/27-Diagnostico-da-Tuberculose.pdf\" target=\"_blank\" rel=\"noopener noreferrer\"> DIAGN\u00d3STICO DA TUBERCULOSE <\/a><\/strong><\/em><\/h4>\n<\/li>\n<li>\n<h4><em><strong><a title=\"AVALIA\u00c7\u00c3O DA MICROBIOTA BACTERIANA PRESENTE EM AMOSTRA DE APARELHOS CELULARES DE EMPREGADOS E ESTAGI\u00c1RIOS DO HOSPITAL GERAL UNIVERSIT\u00c1RIO\" href=\"http:\/\/www.ciencianews.com.br\/arquivos\/ACET\/IMAGENS\/biblioteca-digital\/microbiologia\/microbiologia_saude_publica\/28-Avaliacao-da-microbiota-bacteriana-em-aparelhos-celulares.pdf\" target=\"_blank\" rel=\"noopener noreferrer\"> AVALIA\u00c7\u00c3O DA MICROBIOTA BACTERIANA PRESENTE EM AMOSTRA DE APARELHOS CELULARES DE EMPREGADOS E ESTAGI\u00c1RIOS DO HOSPITAL GERAL UNIVERSIT\u00c1RIO<\/a><\/strong><\/em><\/h4>\n<\/li>\n<li>\n<h4><em><strong><a title=\"PSEUDOMONAS AERUGINOSA EM LENTES DE CONTATO\" href=\"http:\/\/www.ciencianews.com.br\/arquivos\/ACET\/IMAGENS\/biblioteca-digital\/microbiologia\/microbiologia_saude_publica\/29-Pseudomonas-aeruginosa-em-lentes-de-contato.pdf\" target=\"_blank\" rel=\"noopener noreferrer\"> PSEUDOMONAS AERUGINOSA EM LENTES DE CONTATO<\/a><\/strong><\/em><\/h4>\n<\/li>\n<li>\n<h4><em><strong><a title=\"LISTERIA MONOCYTOGENES : UM RISCO NEGLIGENCIADO\" href=\"http:\/\/www.ciencianews.com.br\/arquivos\/ACET\/IMAGENS\/biblioteca-digital\/microbiologia\/microbiologia_saude_publica\/30-Listeria-monocytogenes-risco-negligenciado.pdf\" target=\"_blank\" rel=\"noopener noreferrer\"> LISTERIA MONOCYTOGENES : UM RISCO NEGLIGENCIADO <\/a><\/strong><\/em><\/h4>\n<\/li>\n<li>\n<h4><em><strong><a title=\"CONTAMINA\u00c7\u00c3O DE STREPTOCOCUS BETA HEMOL\u00cdTICO (GRUPO B) EM GR\u00c1VIDAS\" href=\"http:\/\/www.ciencianews.com.br\/arquivos\/ACET\/IMAGENS\/biblioteca-digital\/microbiologia\/microbiologia_saude_publica\/31-Contaminacao-de-Streptococcus-beta-hemoliticos-do-grupo-B-em-gravidas.pdf\" target=\"_blank\" rel=\"noopener noreferrer\"> CONTAMINA\u00c7\u00c3O DE STREPTOCOCUS BETA HEMOL\u00cdTICO (GRUPO B) EM GR\u00c1VIDAS <\/a><\/strong><\/em><\/h4>\n<\/li>\n<li>\n<h4><em><strong><a title=\"PARACOCCIDIOIDES BRASILIENSIS\" href=\"http:\/\/www.ciencianews.com.br\/arquivos\/ACET\/IMAGENS\/biblioteca-digital\/microbiologia\/microbiologia_saude_publica\/32-MET.PDF\" target=\"_blank\" rel=\"noopener noreferrer\"> METALOBETALACTAMASES: UMA REALIDADE EM HOSPITAIS BRASILEIROS <\/a><\/strong><\/em><\/h4>\n<\/li>\n<li>\n<h4><em><strong><a title=\"ESPOROTRICOSE HUMANA\" href=\"http:\/\/www.ciencianews.com.br\/arquivos\/ACET\/IMAGENS\/biblioteca-digital\/microbiologia\/microbiologia_saude_publica\/33-Paracoccidioidomicose.pdf\" target=\"_blank\" rel=\"noopener noreferrer\"> PARACOCCIDIOIDES BRASILIENSIS <\/a><\/strong><\/em><\/h4>\n<\/li>\n<li>\n<h4><em><strong><a title=\"RELEV\u00c2NCIA DIAGN\u00d3STICA DO STREPTOCOCCUS AGALACTIAE EM GESTANTES\" href=\"http:\/\/www.ciencianews.com.br\/arquivos\/ACET\/IMAGENS\/biblioteca-digital\/microbiologia\/microbiologia_saude_publica\/34-Eporotricose-humana.pdf\" target=\"_blank\" rel=\"noopener noreferrer\"> ESPOROTRICOSE HUMANA <\/a><\/strong><\/em><\/h4>\n<\/li>\n<li>\n<h4><em><strong><a title=\"RELEV\u00c2NCIA DIAGN\u00d3STICA DO STREPTOCOCCUS AGALACTIAE EM GESTANTES\" href=\"http:\/\/www.ciencianews.com.br\/arquivos\/ACET\/IMAGENS\/biblioteca-digital\/microbiologia\/microbiologia_saude_publica\/35-Relevancia-diagnostica-do-Streptococcus-agalctiae-em-gestantes.pdf\" target=\"_blank\" rel=\"noopener noreferrer\"> RELEV\u00c2NCIA DIAGN\u00d3STICA DO STREPTOCOCCUS AGALACTIAE EM GESTANTES <\/a><\/strong><\/em><\/h4>\n<\/li>\n<li>\n<h4><em><strong><a title=\"IMP\u00d4RTANCIA DA CULTURA DE VIGIL\u00c2NCIA NA SEGURAN\u00c7A DE PACIENTES HOSPITALIZADOS\" href=\"http:\/\/www.ciencianews.com.br\/arquivos\/ACET\/IMAGENS\/biblioteca-digital\/microbiologia\/microbiologia_saude_publica\/36.pdf\" target=\"_blank\" rel=\"noopener noreferrer\">IMP\u00d4RTANCIA DA CULTURA DE VIGIL\u00c2NCIA NA SEGURAN\u00c7A DE PACIENTES HOSPITALIZADOS <\/a><\/strong><\/em><\/h4>\n<\/li>\n<li>\n<h4><em><strong><a title=\"AN\u00c1LISES QUALITATIVAS E QUANTITATIVAS DA INCID\u00caNCIA DE CASOS DE TUBERCULOSE NO MUNIC\u00cdPIO DE ARAPOR\u00c3 - MG\" href=\"http:\/\/www.ciencianews.com.br\/arquivos\/ACET\/IMAGENS\/biblioteca-digital\/microbiologia\/microbiologia_saude_publica\/37.pdf\" target=\"_blank\" rel=\"noopener noreferrer\">AN\u00c1LISES QUALITATIVAS E QUANTITATIVAS DA INCID\u00caNCIA DE CASOS DE TUBERCULOSE NO MUNIC\u00cdPIO DE ARAPOR\u00c3 &#8211; MG<\/a><\/strong><\/em><\/h4>\n<\/li>\n<li>\n<h4><a href=\"https:\/\/www.ciencianews.com.br\/arquivos\/ACET\/IMAGENS\/biblioteca-digital\/microbiologia\/microbiologia_saude_publica\/HANSEN%C3%8DASE%20UMA%20QUEST%C3%83O%20DE%20SA%C3%9ADE%20P%C3%9ABLICA%20NO%20BRASIL%20-%20Nat%C3%A1lia_Oliveira%20dos%20Santos.pdf\"><em><strong>HANSEN\u00cdASE UMA QUEST\u00c3O DE SA\u00daDE P\u00daBLICA NO BRASIL<\/strong><\/em><\/a><\/h4>\n<\/li>\n<li>\n<h4><a href=\"https:\/\/ciencianews.com.br\/arquivos\/ACET\/IMAGENS\/biblioteca-digital\/microbiologia\/microbiologia_saude_publica\/2023-EPIDEMIOLOGIA%20DA%20SEPSE%20PREVAL%C3%8ANCIA,%20FATORES%20DE%20RISCO%20E%20%20P%C3%A2mela%20Santos%20Ferreira.pdf\"><em><strong>EPIDEMIOLOGIA DA SEPSE: PREVAL\u00caNCIA, FATORES DE RISCO E IMPACTO NA SA\u00daDE P\u00daBLICA<\/strong><\/em><\/a><\/h4>\n<\/li>\n<li>\n<h4><a href=\"https:\/\/ciencianews.com.br\/arquivos\/ACET\/IMAGENS\/biblioteca-digital\/microbiologia\/microbiologia_saude_publica\/40_Julia_%20de_%20Almeida_%20Boff.pdf\"><em><strong>EPIDEMIOLOGIA DAS INFEC\u00c7\u00d5ES CAUSADAS POR ASPERGILLUS SPP<\/strong><\/em><\/a><\/h4>\n<\/li>\n<li>\n<h4><a href=\"https:\/\/ciencianews.com.br\/arquivos\/ACET\/IMAGENS\/biblioteca-digital\/microbiologia\/microbiologia_saude_publica\/41_Karina_%20Guedes.pdf\"><em><strong>EPIDEMIOLOGIA E DISSEMINA\u00c7\u00c3O DE CANDIDA AURIS: ESTUDO DE CASOS EM DIFERENTES REGI\u00d5ES DO MUNDODAS<\/strong><\/em><\/a><\/h4>\n<\/li>\n<li>\n<h4><a href=\"https:\/\/ciencianews.com.br\/arquivos\/ACET\/IMAGENS\/biblioteca-digital\/microbiologia\/microbiologia_saude_publica\/42_Natani.pdf\"><em><strong>ESTUDO DO AUMENTO DE MICOSES CAUSADAS POR FUNGOS TRANSMITIDOS EM BARBEARIAS<\/strong><\/em><\/a><\/h4>\n<\/li>\n<li>\n<h4><a href=\"https:\/\/ciencianews.com.br\/arquivos\/ACET\/IMAGENS\/biblioteca-digital\/microbiologia\/microbiologia_saude_publica\/43_Rayane_Padoan_Candida_albicans_O_problema_de_sa%C3%BAde_p%C3%BAblica.pdf\"><em><strong>CANDIDA ALBICANS \u2013 O PROBLEMA DE SA\u00daDE P\u00daBLICA DO BRASIL<\/strong><\/em><\/a><\/h4>\n<\/li>\n<li>\n<h4><a href=\"https:\/\/ciencianews.com.br\/arquivos\/ACET\/IMAGENS\/biblioteca-digital\/microbiologia\/microbiologia_saude_publica\/44_juliana_Delgado.pdf\"><em><strong>A RELEV\u00c2NCIA\/INCID\u00caNCIA DA C\u00c2NDIDA SPP. EM INFEC\u00c7\u00d5ES HOSPITALARES: UMA REVIS\u00c3O SISTEM\u00c1TICA DA LITERATURA<\/strong><\/em><\/a><\/h4>\n<\/li>\n<\/ol>\n<\/li>\n<\/ol>\n<div style=\"text-align: center;\">\n<p>[ezcol_1third]<br \/>\n<a href=\"http:\/\/www.ciencianews.com.br\/index.php\/home\/biblioteca_digital\/biblioteca-digital-microbiologia\/b-d-microbiologia-microbiologia-em-saude-publica\/\"> <img loading=\"lazy\" decoding=\"async\" class=\"alignnone size-thumbnail wp-image-4997\" src=\"http:\/\/www.ciencianews.com.br\/wp-content\/uploads\/2019\/08\/voltar-150x150.png\" alt=\"voltar\" width=\"70\" height=\"70\" srcset=\"https:\/\/www.ciencianews.com.br\/wp-content\/uploads\/2019\/08\/voltar-150x150.png 150w, https:\/\/www.ciencianews.com.br\/wp-content\/uploads\/2019\/08\/voltar-250x250.png 250w, https:\/\/www.ciencianews.com.br\/wp-content\/uploads\/2019\/08\/voltar.png 256w\" sizes=\"auto, (max-width: 70px) 100vw, 70px\" \/> <\/a><\/p>\n<div style=\"color: #000000; text-align: center; font-size: 15px; font-weight: bold;\"><a href=\"http:\/\/www.ciencianews.com.br\/index.php\/home\/biblioteca_digital\/biblioteca-digital-microbiologia\/b-d-microbiologia-microbiologia-em-saude-publica\/\">Voltar<\/a><\/p>\n<\/div>\n<p>[\/ezcol_1third]<br \/>\n[ezcol_1third]<br \/>\n<a href=\"http:\/\/www.ciencianews.com.br\/index.php\/home\/biblioteca_digital\/\"> <img loading=\"lazy\" decoding=\"async\" class=\"alignnone size-thumbnail wp-image-4996\" src=\"http:\/\/www.ciencianews.com.br\/wp-content\/uploads\/2019\/08\/home-150x150.jpg\" alt=\"home\" width=\"70\" height=\"70\" srcset=\"https:\/\/www.ciencianews.com.br\/wp-content\/uploads\/2019\/08\/home-150x150.jpg 150w, https:\/\/www.ciencianews.com.br\/wp-content\/uploads\/2019\/08\/home.jpg 225w\" sizes=\"auto, (max-width: 70px) 100vw, 70px\" \/> <\/a><\/p>\n<div style=\"color: #000000; text-align: center; font-size: 15px; font-weight: bold;\"><a href=\"http:\/\/www.ciencianews.com.br\/index.php\/home\/biblioteca_digital\/\">Biblioteca Digital<\/a><\/p>\n<\/div>\n<p>[\/ezcol_1third]<br \/>\n[ezcol_1third_end]<br \/>\n<a href=\"http:\/\/www.ciencianews.com.br\/index.php\/home\/biblioteca_digital\/biblioteca-digital-bioquimica-clinica\/\"> <img loading=\"lazy\" decoding=\"async\" class=\"alignnone size-thumbnail wp-image-4995\" src=\"http:\/\/www.ciencianews.com.br\/wp-content\/uploads\/2019\/08\/avancar-150x150.png\" alt=\"avancar\" width=\"70\" height=\"70\" srcset=\"https:\/\/www.ciencianews.com.br\/wp-content\/uploads\/2019\/08\/avancar-150x150.png 150w, https:\/\/www.ciencianews.com.br\/wp-content\/uploads\/2019\/08\/avancar-250x250.png 250w, https:\/\/www.ciencianews.com.br\/wp-content\/uploads\/2019\/08\/avancar.png 256w\" sizes=\"auto, (max-width: 70px) 100vw, 70px\" \/> <\/a><\/p>\n<div style=\"color: #000000; text-align: center; font-size: 15px; font-weight: bold;\"><a href=\"http:\/\/www.ciencianews.com.br\/index.php\/home\/biblioteca_digital\/biblioteca-digital-bioquimica-clinica\/\">Pr\u00f3ximo T\u00f3pico: &#8220;BIOQU\u00cdMICA CL\u00cdNICA&#8221;<\/a><\/p>\n<\/div>\n<p>[\/ezcol_1third_end]<\/p>\n<\/div>\n","protected":false},"excerpt":{"rendered":"<p>ARTIGOS Escolha o tema de sua prefer\u00eancia: SALMONELOSE: UM DESAFIO PARA SA\u00daDE P\u00daBLICA LISTERIA MONOCYTOGENES : UM RISCO NEGLIGENCIADO ACINETOBACTER BAUMANII: INCID\u00caNCIA E ATIVIDADE ANTIBI\u00d3TICA, EM UM HOSPITAL ESCOLA DE MINAS GERAIS, NO ANO DE 2012 A IMPORT\u00c2NCIA DO DIAGN\u00d3STICO [&hellip;]<\/p>\n","protected":false},"author":1,"featured_media":0,"parent":5229,"menu_order":0,"comment_status":"closed","ping_status":"closed","template":"","meta":{"_uag_custom_page_level_css":"","_joinchat":[],"footnotes":""},"class_list":["post-5232","page","type-page","status-publish","hentry"],"uagb_featured_image_src":{"full":false,"thumbnail":false,"medium":false,"medium_large":false,"large":false,"1536x1536":false,"2048x2048":false,"post-thumbnail":false,"business-hub-blog":false,"business-hub-work":false},"uagb_author_info":{"display_name":"real","author_link":"https:\/\/www.ciencianews.com.br\/index.php\/author\/real\/"},"uagb_comment_info":0,"uagb_excerpt":"ARTIGOS Escolha o tema de sua prefer\u00eancia: SALMONELOSE: UM DESAFIO PARA SA\u00daDE P\u00daBLICA LISTERIA MONOCYTOGENES : UM RISCO NEGLIGENCIADO ACINETOBACTER BAUMANII: INCID\u00caNCIA E ATIVIDADE ANTIBI\u00d3TICA, EM UM HOSPITAL ESCOLA DE MINAS GERAIS, NO ANO DE 2012 A IMPORT\u00c2NCIA DO DIAGN\u00d3STICO [&hellip;]","_links":{"self":[{"href":"https:\/\/www.ciencianews.com.br\/index.php\/wp-json\/wp\/v2\/pages\/5232","targetHints":{"allow":["GET"]}}],"collection":[{"href":"https:\/\/www.ciencianews.com.br\/index.php\/wp-json\/wp\/v2\/pages"}],"about":[{"href":"https:\/\/www.ciencianews.com.br\/index.php\/wp-json\/wp\/v2\/types\/page"}],"author":[{"embeddable":true,"href":"https:\/\/www.ciencianews.com.br\/index.php\/wp-json\/wp\/v2\/users\/1"}],"replies":[{"embeddable":true,"href":"https:\/\/www.ciencianews.com.br\/index.php\/wp-json\/wp\/v2\/comments?post=5232"}],"version-history":[{"count":10,"href":"https:\/\/www.ciencianews.com.br\/index.php\/wp-json\/wp\/v2\/pages\/5232\/revisions"}],"predecessor-version":[{"id":7694,"href":"https:\/\/www.ciencianews.com.br\/index.php\/wp-json\/wp\/v2\/pages\/5232\/revisions\/7694"}],"up":[{"embeddable":true,"href":"https:\/\/www.ciencianews.com.br\/index.php\/wp-json\/wp\/v2\/pages\/5229"}],"wp:attachment":[{"href":"https:\/\/www.ciencianews.com.br\/index.php\/wp-json\/wp\/v2\/media?parent=5232"}],"curies":[{"name":"wp","href":"https:\/\/api.w.org\/{rel}","templated":true}]}}