{"id":5297,"date":"2019-09-03T23:21:10","date_gmt":"2019-09-03T23:21:10","guid":{"rendered":"http:\/\/www.ciencianews.com.br\/?page_id=5297"},"modified":"2019-09-03T23:23:18","modified_gmt":"2019-09-03T23:23:18","slug":"artigos-de-analises-clinicas-em-medicina-veterinaria","status":"publish","type":"page","link":"https:\/\/www.ciencianews.com.br\/index.php\/home\/biblioteca_digital\/b-d-outros-temas\/biblioteca-digital-citologia-patologica\/artigos-de-analises-clinicas-em-medicina-veterinaria\/","title":{"rendered":"ARTIGOS DE AN\u00c1LISES CL\u00cdNICAS EM MEDICINA VETERIN\u00c1RIA"},"content":{"rendered":"<h1 align=\"center\"><span style=\"color: #000000;\"><strong>ARTIGOS<\/strong><\/span><\/h1>\n<\/p>\n<p><strong>Escolha o tema de sua prefer\u00eancia:<\/strong><\/p>\n<ol>\n<li>\n<h4><em><strong><a title=\"DESENVOLVIMENTO DE ATLAS HEMATOL\u00d3GICO EM FORMA DE APLICATIVO PARA SUPORTE AOS PROFISSIONAIS DE LABORAT\u00d3RIO\" href=\"http:\/\/www.ciencianews.com.br\/arquivos\/ACET\/IMAGENS\/biblioteca-digital\/outros_temas\/citologia_patologica\/1-Aplicativo-de-citologia-hematologica.pdf\" target=\"_blank\"> DESENVOLVIMENTO DE ATLAS HEMATOL\u00d3GICO EM FORMA DE APLICATIVO PARA SUPORTE AOS PROFISSIONAIS DE LABORAT\u00d3RIO<\/a><\/strong><\/em><\/h4>\n<\/li>\n<li>\n<h4><em><strong><a title=\"C\u00c9LULAS-TRONCO MESENQUIMAIS\" href=\"http:\/\/www.ciencianews.com.br\/arquivos\/ACET\/IMAGENS\/biblioteca-digital\/outros_temas\/citologia_patologica\/2-Celulas-tronco-mesenquimais.pdf\" target=\"_blank\"> C\u00c9LULAS-TRONCO MESENQUIMAIS<\/a><\/strong><\/em><\/h4>\n<\/li>\n<li>\n<h4><em><strong><a title=\"LES\u00d5ES PR\u00c9-CANCEROSAS MALPIGHIANAS DO COLO UTERINO E A INFLU\u00caNCIA DO PAPILOMAV\u00cdRUS HUMANO (HPV)\" href=\"http:\/\/www.ciencianews.com.br\/arquivos\/ACET\/IMAGENS\/biblioteca-digital\/outros_temas\/citologia_patologica\/3-Lesoes-pre-cancerosas-malpighianas-do-colo-do-utero-e-influencia-do-HPV.pdf\" target=\"_blank\"> LES\u00d5ES PR\u00c9-CANCEROSAS MALPIGHIANAS DO COLO UTERINO E A INFLU\u00caNCIA DO PAPILOMAV\u00cdRUS HUMANO (HPV)<\/a><\/strong><\/em><\/h4>\n<\/li>\n<li>\n<h4><em><strong><a title=\"MORFOLOGIA DA ESPERMATOG\u00caNESE\" href=\"http:\/\/www.ciencianews.com.br\/arquivos\/ACET\/IMAGENS\/biblioteca-digital\/outros_temas\/citologia_patologica\/4-Morfologia-da-espermatogenese.pdf\" target=\"_blank\"> MORFOLOGIA DA ESPERMATOG\u00caNESE<\/a><\/strong><\/em><\/h4>\n<\/li>\n<li>\n<h4><em><strong><a title=\"USO DA T\u00c9CNICA DE CITOGEN\u00c9TICA CL\u00c1SSICA NA DETEC\u00c7\u00c3O DO CROMOSSOMO PHILADELPHIA EM PACIENTES COM LEUCEMIA MIEL\u00d3IDE CR\u00d4NICA\" href=\"http:\/\/www.ciencianews.com.br\/arquivos\/ACET\/IMAGENS\/biblioteca-digital\/outros_temas\/citologia_patologica\/5-Atlas-citologico-de-conclusao-do-curso-de-citologia-clinica-e-laboratorial-da-academia.pdf\" target=\"_blank\"> USO DA T\u00c9CNICA DE CITOGEN\u00c9TICA CL\u00c1SSICA NA DETEC\u00c7\u00c3O DO CROMOSSOMO PHILADELPHIA EM PACIENTES COM LEUCEMIA MIEL\u00d3IDE CR\u00d4NICA<\/a><\/strong><\/em><\/h4>\n<\/li>\n<li>\n<h4><em><strong><a title=\"CITOLOGIA DAS LEUCEMIAS LINFOC\u00cdTICA E MIEL\u00d3IDE CR\u00d4NICA E AGUDA\" href=\"http:\/\/www.ciencianews.com.br\/arquivos\/ACET\/IMAGENS\/biblioteca-digital\/outros_temas\/citologia_patologica\/6-Citologia-das-leucemias.pdf\" target=\"_blank\"> CITOLOGIA DAS LEUCEMIAS LINFOC\u00cdTICA E MIEL\u00d3IDE CR\u00d4NICA E AGUDA<\/a><\/strong><\/em><\/h4>\n<\/li>\n<li>\n<h4><em><strong><a title=\"ESTUDO CITOGEN\u00c9TICO E MOLECULAR EM MIELOMA M\u00daLTIPLO\" href=\"http:\/\/www.ciencianews.com.br\/arquivos\/ACET\/IMAGENS\/biblioteca-digital\/outros_temas\/citologia_patologica\/7-Estudo-citogenetico-e-molecular-em-Mieloma-multiplo.pdf\" target=\"_blank\"> ESTUDO CITOGEN\u00c9TICO E MOLECULAR EM MIELOMA M\u00daLTIPLO<\/a><\/strong><\/em><\/h4>\n<\/li>\n<li>\n<h4><em><strong><a title=\"METAPLASIA ESCAMOSA IMATURA\" href=\"http:\/\/www.ciencianews.com.br\/arquivos\/ACET\/IMAGENS\/biblioteca-digital\/outros_temas\/citologia_patologica\/8-Metaplasia-escamosa-imatura.pdf\" target=\"_blank\"> METAPLASIA ESCAMOSA IMATURA<\/a><\/strong><\/em><\/h4>\n<\/li>\n<li>\n<h4><em><strong><a title=\"O HEMOGRAMA NAS LEUCEMIAS AGUDAS\" href=\"http:\/\/www.ciencianews.com.br\/arquivos\/ACET\/IMAGENS\/biblioteca-digital\/outros_temas\/citologia_patologica\/9-O-hemograma-nas-leucemias-agudas.pdf\" target=\"_blank\"> O HEMOGRAMA NAS LEUCEMIAS AGUDAS<\/a><\/strong><\/em><\/h4>\n<\/li>\n<li>\n<h4><em><strong><a title=\"IMPORT\u00c2NCIA DO ESPERMOGRAMA COMO INSTRUMENTO DE DIAGN\u00d3STICO DA INFERTILIDADE MASCULINA\" href=\"http:\/\/www.ciencianews.com.br\/arquivos\/ACET\/IMAGENS\/biblioteca-digital\/outros_temas\/citologia_patologica\/10-A-importancia-do-espermograma-como-instrumento-de-diagnostico-da-infertilidade-masculina.pdf\" target=\"_blank\"> IMPORT\u00c2NCIA DO ESPERMOGRAMA COMO INSTRUMENTO DE DIAGN\u00d3STICO DA INFERTILIDADE MASCULINA<\/a><\/strong><\/em><\/h4>\n<\/li>\n<li>\n<h4><em><strong><a title=\"C\u00c9LULA ESPUMOSA NA ARTERIOSCLEROSE\" href=\"http:\/\/www.ciencianews.com.br\/arquivos\/ACET\/IMAGENS\/biblioteca-digital\/outros_temas\/citologia_patologica\/11-Celula-espumosa-na-arteriosclerose.pdf\" target=\"_blank\"> C\u00c9LULA ESPUMOSA NA ARTERIOSCLEROSE<\/a><\/strong><\/em><\/h4>\n<\/li>\n<p>&nbsp;<br \/>\n&nbsp;<\/p>\n<div style=\"text-align: center;\">\n<p>[ezcol_1third]<br \/>\n<a href=\"http:\/\/www.ciencianews.com.br\/index.php\/home\/biblioteca_digital\/b-d-outros-temas\/biblioteca-digital-citologia-patologica\/\"> <img loading=\"lazy\" decoding=\"async\" src=\"http:\/\/www.ciencianews.com.br\/wp-content\/uploads\/2019\/08\/voltar-150x150.png\" alt=\"voltar\" width=\"70\" height=\"70\" class=\"alignnone size-thumbnail wp-image-4997\" srcset=\"https:\/\/www.ciencianews.com.br\/wp-content\/uploads\/2019\/08\/voltar-150x150.png 150w, https:\/\/www.ciencianews.com.br\/wp-content\/uploads\/2019\/08\/voltar-250x250.png 250w, https:\/\/www.ciencianews.com.br\/wp-content\/uploads\/2019\/08\/voltar.png 256w\" sizes=\"auto, (max-width: 70px) 100vw, 70px\" \/> <\/p>\n<div style=\"color: #000000; text-align: center; font-size: 15px; font-weight: bold;\">Voltar<\/a><\/p>\n<\/div>\n<p>[\/ezcol_1third]<br \/>\n[ezcol_1third]<br \/>\n<a href=\"http:\/\/www.ciencianews.com.br\/index.php\/home\/biblioteca_digital\/\"> <img loading=\"lazy\" decoding=\"async\" src=\"http:\/\/www.ciencianews.com.br\/wp-content\/uploads\/2019\/08\/home-150x150.jpg\" alt=\"home\" width=\"70\" height=\"70\" class=\"alignnone size-thumbnail wp-image-4996\" srcset=\"https:\/\/www.ciencianews.com.br\/wp-content\/uploads\/2019\/08\/home-150x150.jpg 150w, https:\/\/www.ciencianews.com.br\/wp-content\/uploads\/2019\/08\/home.jpg 225w\" sizes=\"auto, (max-width: 70px) 100vw, 70px\" \/> <\/p>\n<div style=\"color: #000000; text-align: center; font-size: 15px; font-weight: bold;\">Biblioteca Digital<\/a><\/p>\n<\/div>\n<p>[\/ezcol_1third]<br \/>\n[ezcol_1third_end]<br \/>\n<a href=\"http:\/\/www.ciencianews.com.br\/index.php\/home\/biblioteca_digital\/b-d-outros-temas\/biblioteca-digital-o-laboratorio-nas-infeccoes\/\"> <img loading=\"lazy\" decoding=\"async\" src=\"http:\/\/www.ciencianews.com.br\/wp-content\/uploads\/2019\/08\/avancar-150x150.png\" alt=\"avancar\" width=\"70\" height=\"70\" class=\"alignnone size-thumbnail wp-image-4995\" srcset=\"https:\/\/www.ciencianews.com.br\/wp-content\/uploads\/2019\/08\/avancar-150x150.png 150w, https:\/\/www.ciencianews.com.br\/wp-content\/uploads\/2019\/08\/avancar-250x250.png 250w, https:\/\/www.ciencianews.com.br\/wp-content\/uploads\/2019\/08\/avancar.png 256w\" sizes=\"auto, (max-width: 70px) 100vw, 70px\" \/> <\/p>\n<div style=\"color: #000000; text-align: center; font-size: 15px; font-weight: bold;\">Pr\u00f3ximo T\u00f3pico: &#8220;LABORAT\u00d3RIO NAS INFEC\u00c7\u00d5ES&#8221;<\/a><\/p>\n<\/div>\n<p>[\/ezcol_1third_end]<\/p>\n<\/div>\n","protected":false},"excerpt":{"rendered":"<p>ARTIGOS Escolha o tema de sua prefer\u00eancia: DESENVOLVIMENTO DE ATLAS HEMATOL\u00d3GICO EM FORMA DE APLICATIVO PARA SUPORTE AOS PROFISSIONAIS DE LABORAT\u00d3RIO C\u00c9LULAS-TRONCO MESENQUIMAIS LES\u00d5ES PR\u00c9-CANCEROSAS MALPIGHIANAS DO COLO UTERINO E A INFLU\u00caNCIA DO PAPILOMAV\u00cdRUS HUMANO (HPV) MORFOLOGIA DA ESPERMATOG\u00caNESE USO [&hellip;]<\/p>\n","protected":false},"author":1,"featured_media":0,"parent":5293,"menu_order":0,"comment_status":"closed","ping_status":"closed","template":"","meta":{"_uag_custom_page_level_css":"","_joinchat":[],"footnotes":""},"class_list":["post-5297","page","type-page","status-publish","hentry"],"uagb_featured_image_src":{"full":false,"thumbnail":false,"medium":false,"medium_large":false,"large":false,"1536x1536":false,"2048x2048":false,"post-thumbnail":false,"business-hub-blog":false,"business-hub-work":false},"uagb_author_info":{"display_name":"real","author_link":"https:\/\/www.ciencianews.com.br\/index.php\/author\/real\/"},"uagb_comment_info":0,"uagb_excerpt":"ARTIGOS Escolha o tema de sua prefer\u00eancia: DESENVOLVIMENTO DE ATLAS HEMATOL\u00d3GICO EM FORMA DE APLICATIVO PARA SUPORTE AOS PROFISSIONAIS DE LABORAT\u00d3RIO C\u00c9LULAS-TRONCO MESENQUIMAIS LES\u00d5ES PR\u00c9-CANCEROSAS MALPIGHIANAS DO COLO UTERINO E A INFLU\u00caNCIA DO PAPILOMAV\u00cdRUS HUMANO (HPV) MORFOLOGIA DA ESPERMATOG\u00caNESE USO [&hellip;]","_links":{"self":[{"href":"https:\/\/www.ciencianews.com.br\/index.php\/wp-json\/wp\/v2\/pages\/5297","targetHints":{"allow":["GET"]}}],"collection":[{"href":"https:\/\/www.ciencianews.com.br\/index.php\/wp-json\/wp\/v2\/pages"}],"about":[{"href":"https:\/\/www.ciencianews.com.br\/index.php\/wp-json\/wp\/v2\/types\/page"}],"author":[{"embeddable":true,"href":"https:\/\/www.ciencianews.com.br\/index.php\/wp-json\/wp\/v2\/users\/1"}],"replies":[{"embeddable":true,"href":"https:\/\/www.ciencianews.com.br\/index.php\/wp-json\/wp\/v2\/comments?post=5297"}],"version-history":[{"count":3,"href":"https:\/\/www.ciencianews.com.br\/index.php\/wp-json\/wp\/v2\/pages\/5297\/revisions"}],"predecessor-version":[{"id":5301,"href":"https:\/\/www.ciencianews.com.br\/index.php\/wp-json\/wp\/v2\/pages\/5297\/revisions\/5301"}],"up":[{"embeddable":true,"href":"https:\/\/www.ciencianews.com.br\/index.php\/wp-json\/wp\/v2\/pages\/5293"}],"wp:attachment":[{"href":"https:\/\/www.ciencianews.com.br\/index.php\/wp-json\/wp\/v2\/media?parent=5297"}],"curies":[{"name":"wp","href":"https:\/\/api.w.org\/{rel}","templated":true}]}}