{"id":5303,"date":"2019-09-07T13:00:58","date_gmt":"2019-09-07T13:00:58","guid":{"rendered":"http:\/\/www.ciencianews.com.br\/?page_id=5303"},"modified":"2020-10-22T12:58:08","modified_gmt":"2020-10-22T12:58:08","slug":"biblioteca-digital-hematologia","status":"publish","type":"page","link":"https:\/\/www.ciencianews.com.br\/index.php\/home\/biblioteca_digital\/biblioteca-digital-hematologia\/","title":{"rendered":"Biblioteca Digital &#8211; HEMATOLOGIA"},"content":{"rendered":"\n<h2 class=\"has-text-align-center wp-block-heading\">HEMATOLOGIA<\/h2>\n\n\n\n<div class=\"wp-block-columns is-layout-flex wp-container-core-columns-is-layout-9d6595d7 wp-block-columns-is-layout-flex\">\n<div class=\"wp-block-column is-layout-flow wp-block-column-is-layout-flow\">\n<div class=\"wp-block-image\"><figure class=\"aligncenter size-large is-resized\"><img loading=\"lazy\" decoding=\"async\" src=\"https:\/\/www.ciencianews.com.br\/wp-content\/uploads\/2019\/08\/subtema1.png\" alt=\"\" width=\"150\" height=\"150\"\/><figcaption><a href=\"https:\/\/www.ciencianews.com.br\/index.php\/home\/biblioteca_digital\/biblioteca-digital-hematologia\/biblioteca-digital-hematologia-padronizacoes-hematologicas\/\"><strong>Padroniza\u00e7\u00f5es hematol\u00f3gicas<\/strong><\/a><\/figcaption><\/figure><\/div>\n<\/div>\n\n\n\n<div class=\"wp-block-column is-layout-flow wp-block-column-is-layout-flow\">\n<div class=\"wp-block-image\"><figure class=\"aligncenter size-large is-resized\"><img loading=\"lazy\" decoding=\"async\" src=\"https:\/\/www.ciencianews.com.br\/wp-content\/uploads\/2019\/08\/subtema2.png\" alt=\"\" width=\"150\" height=\"150\"\/><figcaption><strong><a href=\"https:\/\/www.ciencianews.com.br\/index.php\/home\/biblioteca_digital\/biblioteca-digital-hematologia\/biblioteca-digital-hematologia-plaquetas-e-coagulopatias\/\">Plaquetas e Coagulopatias<\/a><\/strong><\/figcaption><\/figure><\/div>\n<\/div>\n\n\n\n<div class=\"wp-block-column is-layout-flow wp-block-column-is-layout-flow\">\n<div class=\"wp-block-image\"><figure class=\"aligncenter size-large is-resized\"><img loading=\"lazy\" decoding=\"async\" src=\"http:\/\/www.ciencianews.com.br\/wp-content\/uploads\/2019\/08\/subtema3.png\" alt=\"\" class=\"wp-image-5011\" width=\"150\" height=\"150\" srcset=\"https:\/\/www.ciencianews.com.br\/wp-content\/uploads\/2019\/08\/subtema3.png 1024w, https:\/\/www.ciencianews.com.br\/wp-content\/uploads\/2019\/08\/subtema3-150x150.png 150w, https:\/\/www.ciencianews.com.br\/wp-content\/uploads\/2019\/08\/subtema3-300x300.png 300w, https:\/\/www.ciencianews.com.br\/wp-content\/uploads\/2019\/08\/subtema3-500x500.png 500w, https:\/\/www.ciencianews.com.br\/wp-content\/uploads\/2019\/08\/subtema3-250x250.png 250w, https:\/\/www.ciencianews.com.br\/wp-content\/uploads\/2019\/08\/subtema3-680x680.png 680w, https:\/\/www.ciencianews.com.br\/wp-content\/uploads\/2019\/08\/subtema3-940x940.png 940w\" sizes=\"auto, (max-width: 150px) 100vw, 150px\" \/><figcaption><strong><a href=\"https:\/\/www.ciencianews.com.br\/index.php\/home\/biblioteca_digital\/biblioteca-digital-hematologia\/b-d-hematologia-serie-branca\/\">S\u00e9rie Branca<\/a><\/strong><\/figcaption><\/figure><\/div>\n<\/div>\n<\/div>\n\n\n\n<div class=\"wp-block-columns is-layout-flex wp-container-core-columns-is-layout-9d6595d7 wp-block-columns-is-layout-flex\">\n<div class=\"wp-block-column is-layout-flow wp-block-column-is-layout-flow\">\n<div class=\"wp-block-image\"><figure class=\"aligncenter size-large is-resized\"><img loading=\"lazy\" decoding=\"async\" src=\"https:\/\/www.ciencianews.com.br\/wp-content\/uploads\/2019\/08\/microbiologia.png\" alt=\"\" width=\"150\" height=\"150\"\/><figcaption><strong><a href=\"https:\/\/www.ciencianews.com.br\/index.php\/home\/biblioteca_digital\/biblioteca-digital-hematologia\/b-d-hematologia-serie-vermelha\/\">S\u00e9rie vermelha<\/a><\/strong><\/figcaption><\/figure><\/div>\n<\/div>\n\n\n\n<div class=\"wp-block-column is-layout-flow wp-block-column-is-layout-flow\">\n<div class=\"wp-block-image\"><figure class=\"aligncenter size-large is-resized\"><img loading=\"lazy\" decoding=\"async\" src=\"https:\/\/www.ciencianews.com.br\/wp-content\/uploads\/2019\/08\/laboratorio.png\" alt=\"\" width=\"150\" height=\"150\"\/><figcaption><strong><a href=\"https:\/\/www.ciencianews.com.br\/index.php\/home\/biblioteca_digital\/biblioteca-digital-hematologia\/biblioteca-digital-hematologia-temas-relacionados-com-o-hemograma\/\"><\/a><a href=\"https:\/\/www.ciencianews.com.br\/index.php\/home\/biblioteca_digital\/biblioteca-digital-hematologia\/biblioteca-digital-hematologia-temas-relacionados-com-o-hemograma\/\">Temas relacionados com hemograma<\/a><\/strong><\/figcaption><\/figure><\/div>\n<\/div>\n\n\n\n<div class=\"wp-block-column is-layout-flow wp-block-column-is-layout-flow\">\n<div class=\"wp-block-image\"><figure class=\"aligncenter size-large is-resized\"><img loading=\"lazy\" decoding=\"async\" src=\"https:\/\/www.ciencianews.com.br\/wp-content\/uploads\/2019\/08\/hemoterapia.png\" alt=\"\" width=\"150\" height=\"150\"\/><figcaption><strong><a href=\"https:\/\/www.ciencianews.com.br\/index.php\/home\/biblioteca_digital\/biblioteca-digital-hematologia\/bilioteca-digital-hemocromatose\/\">Hemocromatose<\/a><\/strong><\/figcaption><\/figure><\/div>\n<\/div>\n<\/div>\n\n\n\n<div class=\"wp-block-columns is-layout-flex wp-container-core-columns-is-layout-9d6595d7 wp-block-columns-is-layout-flex\">\n<div class=\"wp-block-column is-layout-flow wp-block-column-is-layout-flow\">\n<div class=\"wp-block-image\"><figure class=\"aligncenter size-large is-resized\"><img loading=\"lazy\" decoding=\"async\" src=\"https:\/\/www.ciencianews.com.br\/wp-content\/uploads\/2019\/08\/voltar.png\" alt=\"\" width=\"80\" height=\"80\"\/><figcaption><strong><a href=\"https:\/\/www.ciencianews.com.br\/index.php\/home\/biblioteca_digital\/\">Voltar<\/a><\/strong><\/figcaption><\/figure><\/div>\n<\/div>\n\n\n\n<div class=\"wp-block-column is-layout-flow wp-block-column-is-layout-flow\">\n<div class=\"wp-block-image\"><figure class=\"aligncenter size-large is-resized\"><img loading=\"lazy\" decoding=\"async\" src=\"https:\/\/www.ciencianews.com.br\/wp-content\/uploads\/2019\/08\/home.jpg\" alt=\"\" width=\"80\" height=\"80\"\/><figcaption><strong><a href=\"https:\/\/www.ciencianews.com.br\/index.php\/home\/biblioteca_digital\/\">Biblioteca Digital<\/a><\/strong><\/figcaption><\/figure><\/div>\n<\/div>\n\n\n\n<div class=\"wp-block-column is-layout-flow wp-block-column-is-layout-flow\">\n<div class=\"wp-block-image\"><figure class=\"aligncenter size-large is-resized\"><img loading=\"lazy\" decoding=\"async\" src=\"https:\/\/www.ciencianews.com.br\/wp-content\/uploads\/2019\/08\/avancar.png\" alt=\"\" width=\"80\" height=\"80\"\/><figcaption><strong><a href=\"https:\/\/www.ciencianews.com.br\/index.php\/home\/biblioteca_digital\/biblioteca-digital-hemoterapia\/\">Pr\u00f3ximo T\u00f3pico: &#8220;HEMOTERAPIA&#8221;<\/a><\/strong><\/figcaption><\/figure><\/div>\n<\/div>\n<\/div>\n","protected":false},"excerpt":{"rendered":"<p>HEMATOLOGIA<\/p>\n","protected":false},"author":1,"featured_media":0,"parent":4969,"menu_order":0,"comment_status":"closed","ping_status":"closed","template":"","meta":{"_uag_custom_page_level_css":"","_joinchat":[],"footnotes":""},"class_list":["post-5303","page","type-page","status-publish","hentry"],"uagb_featured_image_src":{"full":false,"thumbnail":false,"medium":false,"medium_large":false,"large":false,"1536x1536":false,"2048x2048":false,"post-thumbnail":false,"business-hub-blog":false,"business-hub-work":false},"uagb_author_info":{"display_name":"real","author_link":"https:\/\/www.ciencianews.com.br\/index.php\/author\/real\/"},"uagb_comment_info":0,"uagb_excerpt":"HEMATOLOGIA","_links":{"self":[{"href":"https:\/\/www.ciencianews.com.br\/index.php\/wp-json\/wp\/v2\/pages\/5303","targetHints":{"allow":["GET"]}}],"collection":[{"href":"https:\/\/www.ciencianews.com.br\/index.php\/wp-json\/wp\/v2\/pages"}],"about":[{"href":"https:\/\/www.ciencianews.com.br\/index.php\/wp-json\/wp\/v2\/types\/page"}],"author":[{"embeddable":true,"href":"https:\/\/www.ciencianews.com.br\/index.php\/wp-json\/wp\/v2\/users\/1"}],"replies":[{"embeddable":true,"href":"https:\/\/www.ciencianews.com.br\/index.php\/wp-json\/wp\/v2\/comments?post=5303"}],"version-history":[{"count":19,"href":"https:\/\/www.ciencianews.com.br\/index.php\/wp-json\/wp\/v2\/pages\/5303\/revisions"}],"predecessor-version":[{"id":6369,"href":"https:\/\/www.ciencianews.com.br\/index.php\/wp-json\/wp\/v2\/pages\/5303\/revisions\/6369"}],"up":[{"embeddable":true,"href":"https:\/\/www.ciencianews.com.br\/index.php\/wp-json\/wp\/v2\/pages\/4969"}],"wp:attachment":[{"href":"https:\/\/www.ciencianews.com.br\/index.php\/wp-json\/wp\/v2\/media?parent=5303"}],"curies":[{"name":"wp","href":"https:\/\/api.w.org\/{rel}","templated":true}]}}