{"id":5322,"date":"2019-09-07T13:49:37","date_gmt":"2019-09-07T13:49:37","guid":{"rendered":"http:\/\/www.ciencianews.com.br\/?page_id=5322"},"modified":"2025-06-10T20:36:10","modified_gmt":"2025-06-10T20:36:10","slug":"artigos-de-hematologia-alteracoes-reacionais-de-leucocitos","status":"publish","type":"page","link":"https:\/\/www.ciencianews.com.br\/index.php\/home\/biblioteca_digital\/biblioteca-digital-hematologia\/b-d-hematologia-serie-branca\/biblioteca-digital-hematologia-artigos-de-alteracoes-reacionais-de-leucocitos\/artigos-de-hematologia-alteracoes-reacionais-de-leucocitos\/","title":{"rendered":"ARTIGOS DE HEMATOLOGIA &#8211; Altera\u00e7\u00f5es reacionais de leuc\u00f3citos"},"content":{"rendered":"\n<h1 class=\"wp-block-heading\"><strong>ARTIGOS<\/strong><\/h1>\n\n\n\n<p><strong>Escolha o tema de sua prefer\u00eancia:<\/strong><\/p>\n\n\n\n<ol class=\"wp-block-list\"><li><em><strong><a rel=\"noreferrer noopener\" href=\"http:\/\/www.ciencianews.com.br\/arquivos\/ACET\/IMAGENS\/biblioteca-digital\/hematologia\/serie_branca\/Alteracoes_reacionais_de_leucocitos\/1-A-importancia-dos-linfocitos-atipicos-nos-processos-virais.pdf\" target=\"_blank\">LINF\u00d3CITOS ATIPICOS NOS PROCESSOS VIRAIS<\/a><\/strong><\/em><\/li><li><em><strong><a rel=\"noreferrer noopener\" href=\"http:\/\/www.ciencianews.com.br\/arquivos\/ACET\/IMAGENS\/biblioteca-digital\/hematologia\/serie_branca\/Alteracoes_reacionais_de_leucocitos\/2-Mononucleose-Infecciosa-conceito-diagnostico-e-tratamento.pdf\" target=\"_blank\">MONONUCLEOSE INFECCIOSA: CONCEITO, DIAGN\u00d3STICO E TRATAMENTO<\/a><\/strong><\/em><\/li><li><em><strong><a rel=\"noreferrer noopener\" href=\"http:\/\/www.ciencianews.com.br\/arquivos\/ACET\/IMAGENS\/biblioteca-digital\/hematologia\/serie_branca\/Alteracoes_reacionais_de_leucocitos\/3-A-influencia-do-macrofago-na-resposta-imune.pdf\" target=\"_blank\">A INFLU\u00caNCIA DO MACR\u00d3FAGO NA RESPOSTA IMUNE<\/a><\/strong><\/em><\/li><li><em><strong><a rel=\"noreferrer noopener\" href=\"http:\/\/www.ciencianews.com.br\/arquivos\/ACET\/IMAGENS\/biblioteca-digital\/hematologia\/serie_branca\/Alteracoes_reacionais_de_leucocitos\/4-Variacao-da-porcentagem-de-monocitos-no-sangue-circulante.pdf\" target=\"_blank\">VARIA\u00c7\u00c3O DA PORCENTAGEM DE MON\u00d3CITOS NO SANGUE CIRCULANTE ANTES E AP\u00d3S A AUTO-HEMOTERAPIA<\/a><\/strong><\/em><\/li><li><em><strong><a rel=\"noreferrer noopener\" href=\"http:\/\/www.ciencianews.com.br\/arquivos\/ACET\/IMAGENS\/biblioteca-digital\/hematologia\/serie_branca\/Alteracoes_reacionais_de_leucocitos\/5-Atividade-dos-eosinofilos.pdf\" target=\"_blank\">ATIVIDADE DOS EOSIN\u00d3FILOS<\/a><\/strong><\/em><\/li><li><em><strong><a rel=\"noreferrer noopener\" href=\"http:\/\/www.ciencianews.com.br\/arquivos\/ACET\/IMAGENS\/biblioteca-digital\/hematologia\/serie_branca\/Alteracoes_reacionais_de_leucocitos\/6-Alteracoes-citologicas-dos-granulocitos-por-uso-de-drogas.pdf\" target=\"_blank\">ALTERA\u00c7\u00d5ES CITOL\u00d3GICAS DOS GRANUL\u00d3CITOS POR USO DE DROGAS<\/a><\/strong><\/em><\/li><li><em><strong><a rel=\"noreferrer noopener\" href=\"http:\/\/www.ciencianews.com.br\/arquivos\/ACET\/IMAGENS\/biblioteca-digital\/hematologia\/serie_branca\/Alteracoes_reacionais_de_leucocitos\/7-Virus-linfotropico-de-celulas-T-humana-tipo-1-2.pdf\" target=\"_blank\">V\u00cdRUS LINFOTR\u00d3PICO DE C\u00c9LULAS T HUMANA \u2013 TIPO 1\/2<\/a><\/strong><\/em><\/li><li><em><strong><a rel=\"noreferrer noopener\" href=\"http:\/\/www.ciencianews.com.br\/arquivos\/ACET\/IMAGENS\/biblioteca-digital\/hematologia\/serie_branca\/Alteracoes_reacionais_de_leucocitos\/8-Linfocitos-e-suas-atipias-reacionais.pdf\" target=\"_blank\">LINF\u00d3CITOS E SUAS ATIPIAS REACIONAIS<\/a><\/strong><\/em><\/li><li><em><strong><a rel=\"noreferrer noopener\" href=\"http:\/\/www.ciencianews.com.br\/arquivos\/ACET\/IMAGENS\/biblioteca-digital\/hematologia\/serie_branca\/Alteracoes_reacionais_de_leucocitos\/9-Imunoterapia-contra-o-cancer-perspectivas-no-uso-de-celulas-NK.pdf\" target=\"_blank\">IMUNOTERAPIA CONTRA O C\u00c2NCER: PERSPECTIVAS NO USO DE C\u00c9LULAS NATURAL KILLER<\/a><\/strong><\/em><\/li><li><em><strong><a rel=\"noreferrer noopener\" href=\"http:\/\/www.ciencianews.com.br\/arquivos\/ACET\/IMAGENS\/biblioteca-digital\/hematologia\/serie_branca\/Alteracoes_reacionais_de_leucocitos\/10-Relacao-de-interdependecia-entre-leucocitos-VHS-e-PCR.pdf\" target=\"_blank\">RELA\u00c7\u00c3O DE INTERDEPEND\u00caNCIA ENTRE LEUCOCITOSE, VHS E PCR NAS INFEC\u00c7\u00d5ES POR DIVERSAS PATOLOGIAS<\/a><\/strong><\/em><\/li><li><em><strong><a rel=\"noreferrer noopener\" href=\"http:\/\/www.ciencianews.com.br\/arquivos\/ACET\/IMAGENS\/biblioteca-digital\/hematologia\/serie_branca\/Alteracoes_reacionais_de_leucocitos\/11-Alteracoes-leucocitarias-em-pacientes-com-lupus-eritematoso.pdf\" target=\"_blank\">ALTERA\u00c7\u00d5ES LEUCOCIT\u00c1RIAS EM PACIENTES COM LUPUS ERITEMATOSO SIST\u00caMICO (LES)<\/a><\/strong><\/em><\/li><li><em><strong><a rel=\"noreferrer noopener\" href=\"http:\/\/www.ciencianews.com.br\/arquivos\/ACET\/IMAGENS\/biblioteca-digital\/hematologia\/serie_branca\/Alteracoes_reacionais_de_leucocitos\/12-Utilizacao-clinica-do-fator-estimulador-de-colonias-granulocit.pdf\" target=\"_blank\">UTILIZA\u00c7\u00c3O CL\u00cdNICA DO FATOR ESTIMULADOR DE COL\u00d4NIAS DE GRANUL\u00d3CITOS (G-CSF)<\/a><\/strong><\/em><\/li><li><em><strong><a rel=\"noreferrer noopener\" href=\"http:\/\/www.ciencianews.com.br\/arquivos\/ACET\/IMAGENS\/biblioteca-digital\/hematologia\/serie_branca\/Alteracoes_reacionais_de_leucocitos\/13-Sindrome-hipereosinofilica.pdf\" target=\"_blank\">S\u00cdNDROME HIPEREOSINOF\u00cdLICA<\/a><\/strong><\/em><\/li><li><em><strong><a rel=\"noreferrer noopener\" href=\"http:\/\/www.ciencianews.com.br\/arquivos\/ACET\/IMAGENS\/biblioteca-digital\/hematologia\/serie_branca\/Alteracoes_reacionais_de_leucocitos\/14-Fisiologia-dos-linfocitos-nos-processos-infecciosos.pdf\" target=\"_blank\">FISIOLOGIA DOS LINF\u00d3CITOS NOS PROCESSOS INFECCIOSOS<\/a><\/strong><\/em><\/li><li><em><strong><a rel=\"noreferrer noopener\" href=\"http:\/\/www.ciencianews.com.br\/arquivos\/ACET\/IMAGENS\/biblioteca-digital\/hematologia\/serie_branca\/Alteracoes_reacionais_de_leucocitos\/15-Como-interpretar-o-grafico-de-dispersao-leucocitaria.pdf\" target=\"_blank\">COMO INTERPRETAR O GR\u00c1FICO DE DISPERS\u00c3O LEUCOCIT\u00c1RIO (DIFERENCIAL): DA TEORIA A PR\u00c1TICA<\/a><\/strong><\/em><\/li><li><em><strong><a rel=\"noreferrer noopener\" href=\"http:\/\/www.ciencianews.com.br\/arquivos\/ACET\/IMAGENS\/biblioteca-digital\/hematologia\/serie_branca\/Alteracoes_reacionais_de_leucocitos\/16-Eosinofilias-reacionais.pdf\" target=\"_blank\">EOSINOFILIAS REACIONAIS<\/a><\/strong><\/em><\/li><li><em><strong><a rel=\"noreferrer noopener\" href=\"http:\/\/www.ciencianews.com.br\/arquivos\/ACET\/IMAGENS\/biblioteca-digital\/hematologia\/serie_branca\/Alteracoes_reacionais_de_leucocitos\/17-Linfocitoses-reacionais.pdf\" target=\"_blank\">LINFOCITOSES REACIONAIS<\/a><\/strong><\/em><\/li><li><em><strong><a rel=\"noreferrer noopener\" href=\"http:\/\/www.ciencianews.com.br\/arquivos\/ACET\/IMAGENS\/biblioteca-digital\/hematologia\/serie_branca\/Alteracoes_reacionais_de_leucocitos\/18-Correlacao-entre-eosinofilia-reacional-com-giardiase.pdf\" target=\"_blank\">A CORRELA\u00c7\u00c3O ENTRE EOSINOFILIA REACIONAL COM GIARD\u00cdASE<\/a><\/strong><\/em><\/li><li><em><strong><a rel=\"noreferrer noopener\" href=\"http:\/\/www.ciencianews.com.br\/arquivos\/ACET\/IMAGENS\/biblioteca-digital\/hematologia\/serie_branca\/Alteracoes_reacionais_de_leucocitos\/19-Atipias-linfocitarias.pdf\" target=\"_blank\">ATIPIAS LINFOCIT\u00c1RIAS<\/a><\/strong><\/em><\/li><li><em><strong><a rel=\"noreferrer noopener\" href=\"http:\/\/www.ciencianews.com.br\/arquivos\/ACET\/IMAGENS\/biblioteca-digital\/hematologia\/serie_branca\/Alteracoes_reacionais_de_leucocitos\/20-Linfocitoa-atipicos-em-pacientes-com-dengue.pdf\" target=\"_blank\">LINF\u00d3CITOS AT\u00cdPICOS EM PACIENTES COM DENGUE: VALOR CL\u00cdNICO E DIAGN\u00d3STICO<\/a><\/strong><\/em><\/li><li><em><strong><a rel=\"noreferrer noopener\" href=\"http:\/\/www.ciencianews.com.br\/arquivos\/ACET\/IMAGENS\/biblioteca-digital\/hematologia\/serie_branca\/Alteracoes_reacionais_de_leucocitos\/21.pdf\" target=\"_blank\">DIFERENCIA\u00c7\u00c3O ENTRE REA\u00c7\u00d5ES LEUCEM\u00d3IDES E LEUCEMIAS<\/a><\/strong><\/em><\/li><li><em><strong><a rel=\"noreferrer noopener\" href=\"http:\/\/www.ciencianews.com.br\/arquivos\/ACET\/IMAGENS\/biblioteca-digital\/hematologia\/serie_branca\/Alteracoes_reacionais_de_leucocitos\/22.pdf\" target=\"_blank\">REA\u00c7\u00c3O LEUCEM\u00d3IDE, UMA REVIS\u00c3O SISTEM\u00c1TICA DE LITERATURA<\/a><\/strong><\/em><\/li><li><em><strong><a rel=\"noreferrer noopener\" href=\"http:\/\/www.ciencianews.com.br\/arquivos\/ACET\/IMAGENS\/biblioteca-digital\/hematologia\/serie_branca\/Alteracoes_reacionais_de_leucocitos\/23.pdf\" target=\"_blank\">LINF\u00d3CITOS REATIVOS<\/a><\/strong><\/em><\/li><li><em><strong><a rel=\"noreferrer noopener\" href=\"http:\/\/www.ciencianews.com.br\/arquivos\/ACET\/IMAGENS\/biblioteca-digital\/hematologia\/serie_branca\/Alteracoes_reacionais_de_leucocitos\/24.pdf\" target=\"_blank\">LEUCOCITOSE NEUTROF\u00cdLICA E REA\u00c7\u00d5ES LEUCEM\u00d3IDES<\/a><\/strong><\/em><\/li><li><a rel=\"noreferrer noopener\" href=\"http:\/\/www.ciencianews.com.br\/arquivos\/ACET\/IMAGENS\/biblioteca-digital\/hematologia\/serie_branca\/Alteracoes_reacionais_de_leucocitos\/25.pdf\" target=\"_blank\"><strong>REA\u00c7\u00d5ES LEUCEM\u00d3IDES EM CRIAN\u00c7AS COM INFEC\u00c7\u00d5ES VIRAIS<\/strong><\/a><\/li><li><strong><a rel=\"noreferrer noopener\" href=\"http:\/\/www.ciencianews.com.br\/arquivos\/ACET\/IMAGENS\/biblioteca-digital\/hematologia\/serie_branca\/Alteracoes_reacionais_de_leucocitos\/26.pdf\" target=\"_blank\">CORRELA\u00c7\u00c3O ENTRE INFEC\u00c7\u00c3O POR V\u00cdRUS EPSTEIN-BAAR E ONCOG\u00caNESE<\/a><\/strong><\/li><li><strong><a rel=\"noreferrer noopener\" href=\"http:\/\/www.ciencianews.com.br\/arquivos\/ACET\/IMAGENS\/biblioteca-digital\/hematologia\/serie_branca\/Alteracoes_reacionais_de_leucocitos\/27.pdf\" target=\"_blank\">IMPORT\u00c2NCIA DA GRANULA\u00c7\u00c3O T\u00d3XICA NO DIAGN\u00d3STICO DA SEPSE<\/a><\/strong><\/li><li><strong><a rel=\"noreferrer noopener\" href=\"https:\/\/www.ciencianews.com.br\/arquivos\/ACET\/IMAGENS\/biblioteca-digital\/hematologia\/serie_branca\/Alteracoes_reacionais_de_leucocitos\/28%20-%20A%20IMPORT%C3%82NCIA%20DO%20LEUCOGRAMA%20NA%20AVALIA%C3%87%C3%83O%20DOS%20PROCESSOS%20INFECCIOSOS%20DE%20DOEN%C3%87AS%20AL%C3%89RGICAS%20-%20LARISSA%20FARIA%20DE%20LIMA.pdf\" target=\"_blank\">A IMPORT\u00c2NCIA DO LEUCOGRAMA NA AVALIA\u00c7\u00c3O DOS PROCESSOS INFECCIOSOS DE DOEN\u00c7AS AL\u00c9RGICAS<\/a><\/strong><\/li><li><strong><a rel=\"noreferrer noopener\" href=\"https:\/\/www.ciencianews.com.br\/arquivos\/ACET\/IMAGENS\/biblioteca-digital\/hematologia\/serie_branca\/Alteracoes_reacionais_de_leucocitos\/30-Linfocitos%20Reactivos%20-%20Emilio%20Gabriel%20Gim%C3%A9nez%20Ocampos.pdf\" target=\"_blank\">LINFOCITOS REACTIVOS<\/a><\/strong><\/li><li><strong><a rel=\"noreferrer noopener\" href=\"https:\/\/www.ciencianews.com.br\/arquivos\/ACET\/IMAGENS\/biblioteca-digital\/hematologia\/serie_branca\/Alteracoes_reacionais_de_leucocitos\/31-Neutropenia%20cong%C3%AAnita%20grave%20ou%20s%C3%ADndrome%20de%20Kostmann%20-%20MARCUS%20VINICIUS%20CARVALHO%20DE%20ANDRADE.pdf\" target=\"_blank\">NEUTROPENIA CONG\u00caNITA GRAVE OU S\u00cdNDROME DE KOSTMANN<\/a><\/strong><\/li><li><strong><a rel=\"noreferrer noopener\" href=\"https:\/\/ciencianews.com.br\/arquivos\/ACET\/IMAGENS\/biblioteca-digital\/hematologia\/serie_branca\/Alteracoes_reacionais_de_leucocitos\/Frequ%C3%AAncia%20da%20leucocitose%20em%20protocolos%20de%20sepse%20a%20a%C3%A7%C3%A3o%20das%20interleucinas%20-%20Mirella%20Ridolfi%20de%20Freitas.pdf\" target=\"_blank\">FREQU\u00caNCIA DE LEUCOCITOSE EM PROTOCOLOS DE SEPSE &#8211; A A\u00c7\u00c3O DAS INTERLEUCINAS<\/a><\/strong><\/li><li><strong><a rel=\"noreferrer noopener\" href=\"https:\/\/ciencianews.com.br\/arquivos\/ACET\/IMAGENS\/biblioteca-digital\/hematologia\/serie_branca\/Alteracoes_reacionais_de_leucocitos\/2023-S%C3%ADndrome%20Hipereosinof%C3%ADlica%20Prim%C3%A1ria%20-%20Ana%20Carolina%20Hortencio%20Garcia.pdf\" target=\"_blank\">S\u00cdNDROME HIPEREOSINOF\u00cdLICA PRIM\u00c1RIA<\/a><\/strong><\/li><li><strong><a rel=\"noreferrer noopener\" href=\"https:\/\/ciencianews.com.br\/arquivos\/ACET\/IMAGENS\/biblioteca-digital\/hematologia\/serie_branca\/Alteracoes_reacionais_de_leucocitos\/33_Bruno%20giorno.pdf\" target=\"_blank\">MONOCYTE DISTRIBUTION WIDTH (MDW) COMO BIOMARCADOR PRECOCE DA SEPSE: REVIS\u00c3O ATUALIZADA DA LITERATURA E IMPLICA\u00c7\u00d5ES CL\u00cdNICAS HIPE<\/a><\/strong><\/li><li><strong><a href=\"https:\/\/ciencianews.com.br\/arquivos\/ACET\/IMAGENS\/biblioteca-digital\/hematologia\/serie_branca\/Alteracoes_reacionais_de_leucocitos\/34_Luis%20Klaus%20Alves%20da%20Rocha.pdf\" target=\"_blank\" rel=\"noreferrer noopener\">AMPLITUDE DE DISTRIBUI\u00c7\u00c3O DE MON\u00d3CITOS (MDW \u2013 MONOCYTE DISTRIBUTION WIDTH) COMO BIOMARCADOR NA SEPTICEMIA \u2013 REVIS\u00c3O LITER\u00c1RIA<\/a><\/strong><\/li><\/ol>\n\n\n\n<div class=\"wp-block-columns is-layout-flex wp-container-core-columns-is-layout-9d6595d7 wp-block-columns-is-layout-flex\">\n<div class=\"wp-block-column is-layout-flow wp-block-column-is-layout-flow\">\n<div class=\"wp-block-image\"><figure class=\"aligncenter size-large is-resized\"><img loading=\"lazy\" decoding=\"async\" src=\"http:\/\/www.ciencianews.com.br\/wp-content\/uploads\/2019\/08\/voltar-150x150.png\" alt=\"\" width=\"70\" height=\"70\"\/><figcaption><a href=\"http:\/\/www.ciencianews.com.br\/index.php\/home\/biblioteca_digital\/biblioteca-digital-hematologia\/b-d-hematologia-serie-branca\/biblioteca-digital-hematologia-artigos-de-alteracoes-reacionais-de-leucocitos\/\"><strong>Voltar<\/strong><\/a><\/figcaption><\/figure><\/div>\n<\/div>\n\n\n\n<div class=\"wp-block-column is-layout-flow wp-block-column-is-layout-flow\">\n<div class=\"wp-block-image\"><figure class=\"aligncenter size-large is-resized\"><img loading=\"lazy\" decoding=\"async\" src=\"http:\/\/www.ciencianews.com.br\/wp-content\/uploads\/2019\/08\/home-150x150.jpg\" alt=\"\" width=\"70\" height=\"70\"\/><figcaption><a href=\"http:\/\/www.ciencianews.com.br\/index.php\/home\/biblioteca_digital\/\"><strong>Biblioteca Digital<\/strong><\/a><\/figcaption><\/figure><\/div>\n<\/div>\n\n\n\n<div class=\"wp-block-column is-layout-flow wp-block-column-is-layout-flow\">\n<div class=\"wp-block-image\"><figure class=\"aligncenter size-large is-resized\"><img loading=\"lazy\" decoding=\"async\" src=\"http:\/\/www.ciencianews.com.br\/wp-content\/uploads\/2019\/08\/avancar-150x150.png\" alt=\"\" width=\"70\" height=\"70\"\/><figcaption><a href=\"http:\/\/www.ciencianews.com.br\/index.php\/home\/biblioteca_digital\/biblioteca-digital-hematologia\/b-d-hematologia-serie-branca\/hematologia-serie-branca-leucemias-linfomas-mieloma\/\"><strong>Pr\u00f3ximo T\u00f3pico: &#8220;HEMATOLOGIA \u2013 Leucemias \u2013 Linfomas \u2013 Mieloma&#8221;<\/strong><\/a><\/figcaption><\/figure><\/div>\n<\/div>\n<\/div>\n","protected":false},"excerpt":{"rendered":"<p>ARTIGOS Escolha o tema de sua prefer\u00eancia: LINF\u00d3CITOS ATIPICOS NOS PROCESSOS VIRAIS MONONUCLEOSE INFECCIOSA: CONCEITO, DIAGN\u00d3STICO E TRATAMENTO A INFLU\u00caNCIA DO MACR\u00d3FAGO NA RESPOSTA IMUNE VARIA\u00c7\u00c3O DA PORCENTAGEM DE MON\u00d3CITOS NO SANGUE CIRCULANTE ANTES E AP\u00d3S A AUTO-HEMOTERAPIA ATIVIDADE DOS [&hellip;]<\/p>\n","protected":false},"author":1,"featured_media":0,"parent":5313,"menu_order":0,"comment_status":"closed","ping_status":"closed","template":"","meta":{"_uag_custom_page_level_css":"","_joinchat":[],"footnotes":""},"class_list":["post-5322","page","type-page","status-publish","hentry"],"uagb_featured_image_src":{"full":false,"thumbnail":false,"medium":false,"medium_large":false,"large":false,"1536x1536":false,"2048x2048":false,"post-thumbnail":false,"business-hub-blog":false,"business-hub-work":false},"uagb_author_info":{"display_name":"real","author_link":"https:\/\/www.ciencianews.com.br\/index.php\/author\/real\/"},"uagb_comment_info":0,"uagb_excerpt":"ARTIGOS Escolha o tema de sua prefer\u00eancia: LINF\u00d3CITOS ATIPICOS NOS PROCESSOS VIRAIS MONONUCLEOSE INFECCIOSA: CONCEITO, DIAGN\u00d3STICO E TRATAMENTO A INFLU\u00caNCIA DO MACR\u00d3FAGO NA RESPOSTA IMUNE VARIA\u00c7\u00c3O DA PORCENTAGEM DE MON\u00d3CITOS NO SANGUE CIRCULANTE ANTES E AP\u00d3S A AUTO-HEMOTERAPIA ATIVIDADE DOS [&hellip;]","_links":{"self":[{"href":"https:\/\/www.ciencianews.com.br\/index.php\/wp-json\/wp\/v2\/pages\/5322","targetHints":{"allow":["GET"]}}],"collection":[{"href":"https:\/\/www.ciencianews.com.br\/index.php\/wp-json\/wp\/v2\/pages"}],"about":[{"href":"https:\/\/www.ciencianews.com.br\/index.php\/wp-json\/wp\/v2\/types\/page"}],"author":[{"embeddable":true,"href":"https:\/\/www.ciencianews.com.br\/index.php\/wp-json\/wp\/v2\/users\/1"}],"replies":[{"embeddable":true,"href":"https:\/\/www.ciencianews.com.br\/index.php\/wp-json\/wp\/v2\/comments?post=5322"}],"version-history":[{"count":13,"href":"https:\/\/www.ciencianews.com.br\/index.php\/wp-json\/wp\/v2\/pages\/5322\/revisions"}],"predecessor-version":[{"id":7730,"href":"https:\/\/www.ciencianews.com.br\/index.php\/wp-json\/wp\/v2\/pages\/5322\/revisions\/7730"}],"up":[{"embeddable":true,"href":"https:\/\/www.ciencianews.com.br\/index.php\/wp-json\/wp\/v2\/pages\/5313"}],"wp:attachment":[{"href":"https:\/\/www.ciencianews.com.br\/index.php\/wp-json\/wp\/v2\/media?parent=5322"}],"curies":[{"name":"wp","href":"https:\/\/api.w.org\/{rel}","templated":true}]}}