{"id":5352,"date":"2019-09-11T00:31:21","date_gmt":"2019-09-11T00:31:21","guid":{"rendered":"http:\/\/www.ciencianews.com.br\/?page_id=5352"},"modified":"2026-02-05T19:53:06","modified_gmt":"2026-02-05T19:53:06","slug":"artigos-de-hematologia-serie-branca-linfomas","status":"publish","type":"page","link":"https:\/\/www.ciencianews.com.br\/index.php\/home\/biblioteca_digital\/biblioteca-digital-hematologia\/b-d-hematologia-serie-branca\/hematologia-serie-branca-leucemias-linfomas-mieloma\/hematologia-serie-branca-linfomas\/artigos-de-hematologia-serie-branca-linfomas\/","title":{"rendered":"ARTIGOS DE HEMATOLOGIA \u2013 S\u00c9RIE BRANCA \u2013 LINFOMAS"},"content":{"rendered":"\n<h1 class=\"wp-block-heading\"><strong>ARTIGOS<\/strong><\/h1>\n\n\n\n<p><strong>Escolha o tema de sua prefer\u00eancia:<\/strong><\/p>\n\n\n\n<ol class=\"wp-block-list\">\n<li><strong><a href=\"http:\/\/www.ciencianews.com.br\/arquivos\/ACET\/IMAGENS\/biblioteca-digital\/hematologia\/serie_branca\/leucemias_linfomas_mieloma\/linfomas\/1-Linfoma-de-Hodgkin.pdf\" target=\"_blank\" rel=\"noreferrer noopener\">LINFOMA DE HODGKIN<\/a><\/strong><\/li>\n\n\n\n<li><strong><a href=\"http:\/\/www.ciencianews.com.br\/arquivos\/ACET\/IMAGENS\/biblioteca-digital\/hematologia\/serie_branca\/leucemias_linfomas_mieloma\/linfomas\/2-Linfoma-Nao-Hodgkin-difuso-de-celulas-grande-B.pdf\" target=\"_blank\" rel=\"noreferrer noopener\">LINFOMA N\u00c3O HODGKIN DIFUSO DE GRANDES C\u00c9LULAS B<\/a><\/strong><\/li>\n\n\n\n<li><strong><a href=\"http:\/\/www.ciencianews.com.br\/arquivos\/ACET\/IMAGENS\/biblioteca-digital\/hematologia\/serie_branca\/leucemias_linfomas_mieloma\/linfomas\/3-Linfoma-de-HodgkinMetodos-diagnosticos-estagiamento-e-tratamento.pdf\" target=\"_blank\" rel=\"noreferrer noopener\">LINFOMA DE HODGKIN: M\u00c9TODOS DIAGN\u00d3STICOS, ESTAGIAMENTO E TRATAMENTO<\/a><\/strong><\/li>\n\n\n\n<li><strong><a href=\"http:\/\/www.ciencianews.com.br\/arquivos\/ACET\/IMAGENS\/biblioteca-digital\/hematologia\/serie_branca\/leucemias_linfomas_mieloma\/linfomas\/4-Tipos-de-diagnostico-em-linfomas-de-Hodgkin-e-nao-Hodgkin.pdf\" target=\"_blank\" rel=\"noreferrer noopener\">TIPOS DE DIAGN\u00d3STICO EM LINFOMAS DE HODGKIN E N\u00c3O HODGKIN<\/a><\/strong><\/li>\n\n\n\n<li><strong><a href=\"http:\/\/www.ciencianews.com.br\/arquivos\/ACET\/IMAGENS\/biblioteca-digital\/hematologia\/serie_branca\/leucemias_linfomas_mieloma\/linfomas\/5-Estimativa-de-linfoma-de-burkitt-associados-ao-virus-epstei.pdf\" target=\"_blank\" rel=\"noreferrer noopener\">ESTIMATIVA DE LINFOMA DE BURKITT ASSOCIADOS AO V\u00cdRUS EPSTEIN-BARR NAS DIVERSAS REGI\u00d5ES DO BRASIL NO ANO DE 2018<\/a><\/strong><\/li>\n\n\n\n<li><strong><a href=\"http:\/\/www.ciencianews.com.br\/arquivos\/ACET\/IMAGENS\/biblioteca-digital\/hematologia\/serie_branca\/leucemias_linfomas_mieloma\/linfomas\/6-Linfomas.pdf\" target=\"_blank\" rel=\"noreferrer noopener\">LINFOMAS<\/a><\/strong><\/li>\n\n\n\n<li><strong><a href=\"http:\/\/www.ciencianews.com.br\/arquivos\/ACET\/IMAGENS\/biblioteca-digital\/hematologia\/serie_branca\/leucemias_linfomas_mieloma\/linfomas\/7-Linfoma-de-nao-Hodgkin-non-Hodgkin-lymphoma.pdf\" target=\"_blank\" rel=\"noreferrer noopener\">LINFOMA DE N\u00c3O HODGKIN NON \u2013 HODGKIN LYMPHOMA<\/a><\/strong><\/li>\n\n\n\n<li><strong><a href=\"http:\/\/www.ciencianews.com.br\/arquivos\/ACET\/IMAGENS\/biblioteca-digital\/hematologia\/serie_branca\/leucemias_linfomas_mieloma\/linfomas\/8-Linfoma-de-Hodgkin.pdf\" target=\"_blank\" rel=\"noreferrer noopener\">LINFOMA DE HODGKIN<\/a><\/strong><\/li>\n\n\n\n<li><strong><a href=\"http:\/\/www.ciencianews.com.br\/arquivos\/ACET\/IMAGENS\/biblioteca-digital\/hematologia\/serie_branca\/leucemias_linfomas_mieloma\/linfomas\/9-A-luta-contra-o-linfoma-de-hodgkin.pdf\" target=\"_blank\" rel=\"noreferrer noopener\">A LUTA CONTRA O LINFOMA DE HODGKIN<\/a><\/strong><\/li>\n\n\n\n<li><strong><a href=\"http:\/\/www.ciencianews.com.br\/arquivos\/ACET\/IMAGENS\/biblioteca-digital\/hematologia\/serie_branca\/leucemias_linfomas_mieloma\/linfomas\/10-Linfoma-malt-gastrico-em-decorrencia-da-infeccao-pelo-Helicobacter-pylori.pdf\" target=\"_blank\" rel=\"noreferrer noopener\">LINFOMA MALT GASTRICO EM DECORR\u00caNCIA DA INFEC\u00c7\u00c3O PELO Helicobacter pylori*<\/a><\/strong><\/li>\n\n\n\n<li><strong><a href=\"http:\/\/www.ciencianews.com.br\/arquivos\/ACET\/IMAGENS\/biblioteca-digital\/hematologia\/serie_branca\/leucemias_linfomas_mieloma\/linfomas\/11-Leucemialinfomas-de-celula-T-do-adulto.pdf\" target=\"_blank\" rel=\"noreferrer noopener\">LEUCEMIA\/LINFOMA DE C\u00c9LULAS T DO ADULTO<\/a><\/strong><\/li>\n\n\n\n<li><strong><a href=\"http:\/\/www.ciencianews.com.br\/arquivos\/ACET\/IMAGENS\/biblioteca-digital\/hematologia\/serie_branca\/leucemias_linfomas_mieloma\/linfomas\/12.pdf\" target=\"_blank\" rel=\"noreferrer noopener\">LINFOMA DE HODGKIN<\/a><\/strong><\/li>\n\n\n\n<li><strong><a href=\"http:\/\/www.ciencianews.com.br\/arquivos\/ACET\/IMAGENS\/biblioteca-digital\/hematologia\/serie_branca\/leucemias_linfomas_mieloma\/linfomas\/13.pdf\" target=\"_blank\" rel=\"noreferrer noopener\">S\u00cdNDROME DE RICHTER<\/a><\/strong><\/li>\n\n\n\n<li><strong><a href=\"http:\/\/www.ciencianews.com.br\/arquivos\/ACET\/IMAGENS\/biblioteca-digital\/hematologia\/serie_branca\/leucemias_linfomas_mieloma\/linfomas\/14.pdf\" target=\"_blank\" rel=\"noreferrer noopener\">LINFOMA N\u00c3O HODGKIN, CARACTERIZA\u00c7\u00c3O E DIAGN\u00d3STICO COM \u00caNFASE EM CITOMETRIA DE FLUXO.<\/a><\/strong><\/li>\n\n\n\n<li><strong><a href=\"http:\/\/www.ciencianews.com.br\/arquivos\/ACET\/IMAGENS\/biblioteca-digital\/hematologia\/serie_branca\/leucemias_linfomas_mieloma\/linfomas\/15.pdf\" target=\"_blank\" rel=\"noreferrer noopener\">VIRUS EPSTEIN-BAAR E O DESENVOLVIMENTO DE LINFOMA DE BURKITT<\/a><\/strong><\/li>\n\n\n\n<li><strong><a href=\"http:\/\/www.ciencianews.com.br\/arquivos\/ACET\/IMAGENS\/biblioteca-digital\/hematologia\/serie_branca\/leucemias_linfomas_mieloma\/linfomas\/16.pdf\" target=\"_blank\" rel=\"noreferrer noopener\">LINFOMA N\u00c3O-HODGKIN (LNH) DIAGN\u00d3STICO POR CITOMETRIA DE FLUXO<\/a><\/strong><\/li>\n\n\n\n<li><strong><a href=\"http:\/\/www.ciencianews.com.br\/arquivos\/ACET\/IMAGENS\/biblioteca-digital\/hematologia\/serie_branca\/leucemias_linfomas_mieloma\/linfomas\/17.pdf\" target=\"_blank\" rel=\"noreferrer noopener\">UTILIZA\u00c7\u00c3O DE C\u00c9LULAS TRONCO PARA TRATAMENTO DE LINFOMA DE HODGKIN<\/a><\/strong><\/li>\n\n\n\n<li><a href=\"http:\/\/www.ciencianews.com.br\/arquivos\/ACET\/IMAGENS\/biblioteca-digital\/hematologia\/serie_branca\/leucemias_linfomas_mieloma\/linfomas\/18.pdf\" target=\"_blank\" rel=\"noreferrer noopener\"><strong>LINFOMA DO MANTO<\/strong><\/a><\/li>\n\n\n\n<li><strong><a href=\"http:\/\/www.ciencianews.com.br\/arquivos\/ACET\/IMAGENS\/biblioteca-digital\/hematologia\/serie_branca\/leucemias_linfomas_mieloma\/linfomas\/19.pdf\" target=\"_blank\" rel=\"noreferrer noopener\">LINFOMA. OTIMIZA\u00c7\u00c3O DA CLASSIFICA\u00c7\u00c3O, DIAGN\u00d3STICO E CONDUTA TERAP\u00caUTICA<\/a><\/strong> <\/li>\n\n\n\n<li><a href=\"http:\/\/www.ciencianews.com.br\/arquivos\/ACET\/IMAGENS\/biblioteca-digital\/hematologia\/serie_branca\/leucemias_linfomas_mieloma\/linfomas\/TCC Laura Caroline Moreira da Silva \u2013 Hematologia \u2013 S\u00e9rie Branca \u2013 Leucemias, linfomas e mielomas \u2013 Linfomas.pdf\"><strong>LINFOMA DE HODGKIN: PREDOMIN\u00c2NCIA LINFOC\u00cdTICA NODULAR, FISIOPATOLOGIA E DIAGN\u00d3STICO<\/strong><\/a><\/li>\n\n\n\n<li><strong><a href=\"https:\/\/www.ciencianews.com.br\/arquivos\/ACET\/IMAGENS\/biblioteca-digital\/hematologia\/serie_branca\/leucemias_linfomas_mieloma\/linfomas\/LINFOMA%20PLASMABL%C3%81STICO%20CARACTER%C3%8DSTICAS%20E%20NOVAS%20PERSPECTIVAS%20DE%20TRATAMENTO%20-%20RUHAMA%20DE%20CASTRO%20SANTOS.pdf\" target=\"_blank\" rel=\"noreferrer noopener\">LINFOMA PLASMABL\u00c1STICO CARACTER\u00cdSTICAS E NOVAS PERSPECTIVAS DE TRATAMENTO<\/a><\/strong><\/li>\n\n\n\n<li><strong><a href=\"https:\/\/www.ciencianews.com.br\/arquivos\/ACET\/IMAGENS\/biblioteca-digital\/hematologia\/serie_branca\/leucemias_linfomas_mieloma\/linfomas\/RELATO_DE_CASO_CITOMETRIA_DE_FLUXO_NO_DIAGN%C3%93STICO_DE_LINFOMA_DE_HOGDKIN_EM_AMOSTRA_DE_LINFONODO%20-%20Luana%20Bjoko.pdf\" target=\"_blank\" rel=\"noreferrer noopener\">RELATO DE CASO CITOMETRIA DE FLUXO NO DIAGN\u00d3STICO DE LINFOMA DE HOGDKIN EM AMOSTRA DE LINFONODO<\/a><\/strong><\/li>\n\n\n\n<li><strong><a href=\"https:\/\/www.ciencianews.com.br\/arquivos\/ACET\/IMAGENS\/biblioteca-digital\/hematologia\/serie_branca\/leucemias_linfomas_mieloma\/linfomas\/TRICOLEUCEMIA%20-%20Crislaine%20Verissimo%20%20Dantas.pdf\" target=\"_blank\" rel=\"noreferrer noopener\">TRICOLEUCEMIA<\/a><\/strong><\/li>\n\n\n\n<li><strong><a href=\"https:\/\/ciencianews.com.br\/arquivos\/ACET\/IMAGENS\/biblioteca-digital\/hematologia\/serie_branca\/leucemias_linfomas_mieloma\/linfomas\/Linfoma%20n%C3%A3o-hodgkin%20de%20c%C3%A9lulas%20do%20manto%20-%20%20uma%20revis%C3%A3o%20de%20literatura%20-%20Luana%20Miranda%20Sestak.pdf\" target=\"_blank\" rel=\"noreferrer noopener\">LINFOMA DAS C\u00c9LULAS DO MANTO &#8211; UMA REVIS\u00c3O DE LITERATURA<\/a><\/strong><\/li>\n\n\n\n<li><strong><a href=\"https:\/\/ciencianews.com.br\/arquivos\/ACET\/IMAGENS\/biblioteca-digital\/hematologia\/serie_branca\/leucemias_linfomas_mieloma\/linfomas\/25_Franciele.pdf\" target=\"_blank\" rel=\"noreferrer noopener\">LINFOMAS: LINFOMA DE HODGKIN E LINFOMA N\u00c3O-HODGKIN, UMA REVIS\u00c3O DE LITERATURA<\/a><\/strong><\/li>\n\n\n\n<li><strong><a href=\"https:\/\/ciencianews.com.br\/arquivos\/ACET\/IMAGENS\/biblioteca-digital\/hematologia\/serie_branca\/leucemias_linfomas_mieloma\/linfomas\/2026_Perfil_clinico_hematologico_genetico_e_imunofenotipico_dos_dois_principais_tipos_de_linfoma_n_hodgnin.pdf\" target=\"_blank\" rel=\"noreferrer noopener\">PERFIL CL\u00cdNICO, HEMATOL\u00d3GICO, GEN\u00c9TICO E IMUNOFENOT\u00cdPICO DOS DOIS PRINCIPAIS TIPOS DE LINFOMA N\u00c3O-HODGKIN: LINFOMA FOLICULAR E LINFOMA DIFUSO DE GRANDES C\u00c9LULAS B<\/a><\/strong><\/li>\n\n\n\n<li><strong><a href=\"https:\/\/ciencianews.com.br\/arquivos\/ACET\/IMAGENS\/biblioteca-digital\/hematologia\/serie_branca\/leucemias_linfomas_mieloma\/linfomas\/2026_Linfoma_Associado_ao_HTLV-1_Relato_de_caso.pdf\" target=\"_blank\" rel=\"noreferrer noopener\">LINFOMA ASSOCIADO AO HTLV-1: RELATO DE CASO<\/a><\/strong><\/li>\n\n\n\n<li><strong><a href=\"https:\/\/ciencianews.com.br\/arquivos\/ACET\/IMAGENS\/biblioteca-digital\/hematologia\/serie_branca\/leucemias_linfomas_mieloma\/linfomas\/2026_A_imunofenotipagem_como_tecnica_diagnostica_para_sindrome_de_sezary.pdf\" target=\"_blank\" rel=\"noreferrer noopener\">IMUNOFENOTIPAGEM POR CITOMETRIA DE FLUXO COMO FERRAMENTA DIAGN\u00d3STICA NA S\u00cdNDROME DE S\u00c9ZARY<\/a><\/strong><\/li>\n<\/ol>\n\n\n\n<div class=\"wp-block-columns is-layout-flex wp-container-core-columns-is-layout-9d6595d7 wp-block-columns-is-layout-flex\">\n<div class=\"wp-block-column is-layout-flow wp-block-column-is-layout-flow\"><div class=\"wp-block-image\">\n<figure class=\"aligncenter size-large is-resized\"><img decoding=\"async\" src=\"http:\/\/www.ciencianews.com.br\/wp-content\/uploads\/2019\/08\/voltar-150x150.png\" alt=\"\" style=\"width:70px;height:70px\"\/><figcaption class=\"wp-element-caption\"><a href=\"http:\/\/www.ciencianews.com.br\/index.php\/home\/biblioteca_digital\/biblioteca-digital-hematologia\/b-d-hematologia-serie-branca\/hematologia-serie-branca-leucemias-linfomas-mieloma\/hematologia-serie-branca-linfomas\/\"><strong>Voltar<\/strong><\/a><\/figcaption><\/figure><\/div><\/div>\n\n\n\n<div class=\"wp-block-column is-layout-flow wp-block-column-is-layout-flow\"><div class=\"wp-block-image\">\n<figure class=\"aligncenter size-large is-resized\"><img decoding=\"async\" src=\"http:\/\/www.ciencianews.com.br\/wp-content\/uploads\/2019\/08\/home-150x150.jpg\" alt=\"\" style=\"width:70px;height:70px\"\/><figcaption class=\"wp-element-caption\"><a href=\"http:\/\/www.ciencianews.com.br\/index.php\/home\/biblioteca_digital\/\"><strong>Biblioteca Digital<\/strong><\/a><\/figcaption><\/figure><\/div><\/div>\n\n\n\n<div class=\"wp-block-column is-layout-flow wp-block-column-is-layout-flow\"><div class=\"wp-block-image\">\n<figure class=\"aligncenter size-large is-resized\"><img decoding=\"async\" src=\"http:\/\/www.ciencianews.com.br\/wp-content\/uploads\/2019\/08\/avancar-150x150.png\" alt=\"\" style=\"width:70px;height:70px\"\/><figcaption class=\"wp-element-caption\"><a href=\"http:\/\/www.ciencianews.com.br\/index.php\/home\/biblioteca_digital\/biblioteca-digital-hematologia\/b-d-hematologia-serie-branca\/hematologia-serie-branca-leucemias-linfomas-mieloma\/hematologia-serie-branca-mielomas\/\"><strong>Pr\u00f3ximo T\u00f3pico: &#8220;MIELOMAS&#8221;<\/strong><\/a><\/figcaption><\/figure><\/div><\/div>\n<\/div>\n","protected":false},"excerpt":{"rendered":"<p>ARTIGOS Escolha o tema de sua prefer\u00eancia:<\/p>\n","protected":false},"author":1,"featured_media":0,"parent":5345,"menu_order":0,"comment_status":"closed","ping_status":"closed","template":"","meta":{"_uag_custom_page_level_css":"","_joinchat":[],"footnotes":""},"class_list":["post-5352","page","type-page","status-publish","hentry"],"uagb_featured_image_src":{"full":false,"thumbnail":false,"medium":false,"medium_large":false,"large":false,"1536x1536":false,"2048x2048":false,"post-thumbnail":false,"business-hub-blog":false,"business-hub-work":false},"uagb_author_info":{"display_name":"real","author_link":"https:\/\/www.ciencianews.com.br\/index.php\/author\/real\/"},"uagb_comment_info":0,"uagb_excerpt":"ARTIGOS Escolha o tema de sua prefer\u00eancia:","_links":{"self":[{"href":"https:\/\/www.ciencianews.com.br\/index.php\/wp-json\/wp\/v2\/pages\/5352","targetHints":{"allow":["GET"]}}],"collection":[{"href":"https:\/\/www.ciencianews.com.br\/index.php\/wp-json\/wp\/v2\/pages"}],"about":[{"href":"https:\/\/www.ciencianews.com.br\/index.php\/wp-json\/wp\/v2\/types\/page"}],"author":[{"embeddable":true,"href":"https:\/\/www.ciencianews.com.br\/index.php\/wp-json\/wp\/v2\/users\/1"}],"replies":[{"embeddable":true,"href":"https:\/\/www.ciencianews.com.br\/index.php\/wp-json\/wp\/v2\/comments?post=5352"}],"version-history":[{"count":16,"href":"https:\/\/www.ciencianews.com.br\/index.php\/wp-json\/wp\/v2\/pages\/5352\/revisions"}],"predecessor-version":[{"id":8100,"href":"https:\/\/www.ciencianews.com.br\/index.php\/wp-json\/wp\/v2\/pages\/5352\/revisions\/8100"}],"up":[{"embeddable":true,"href":"https:\/\/www.ciencianews.com.br\/index.php\/wp-json\/wp\/v2\/pages\/5345"}],"wp:attachment":[{"href":"https:\/\/www.ciencianews.com.br\/index.php\/wp-json\/wp\/v2\/media?parent=5352"}],"curies":[{"name":"wp","href":"https:\/\/api.w.org\/{rel}","templated":true}]}}