{"id":5362,"date":"2019-09-11T01:08:46","date_gmt":"2019-09-11T01:08:46","guid":{"rendered":"http:\/\/www.ciencianews.com.br\/?page_id=5362"},"modified":"2026-02-05T21:32:20","modified_gmt":"2026-02-05T21:32:20","slug":"artigos-de-hematologia-serie-branca-mielomas","status":"publish","type":"page","link":"https:\/\/www.ciencianews.com.br\/index.php\/home\/biblioteca_digital\/biblioteca-digital-hematologia\/b-d-hematologia-serie-branca\/hematologia-serie-branca-leucemias-linfomas-mieloma\/hematologia-serie-branca-mielomas\/artigos-de-hematologia-serie-branca-mielomas\/","title":{"rendered":"ARTIGOS DE HEMATOLOGIA \u2013 S\u00c9RIE BRANCA \u2013 MIELOMAS"},"content":{"rendered":"<h1 align=\"center\"><span style=\"color: #000000;\"><strong> ARTIGOS <\/strong><\/span><\/h1>\n<p><strong>Escolha o tema de sua prefer\u00eancia:<\/strong><\/p>\n<ol>\n<li style=\"list-style-type: none;\">\n<ol>\n<li>\n<h4><em><strong><a title=\" ASPECTOS DO MIELOMA M\u00daLTIPLO E OCORR\u00caNCIA DE INSUFICI\u00caNCIA RENAL\" href=\"http:\/\/www.ciencianews.com.br\/arquivos\/ACET\/IMAGENS\/biblioteca-digital\/hematologia\/serie_branca\/leucemias_linfomas_mieloma\/mielomas\/1-Aspectos-do-mieloma-multiplo-e-ocorrencia-de-insuficiencia-renal.pdf\" target=\"_blank\" rel=\"noopener noreferrer\"> ASPECTOS DO MIELOMA M\u00daLTIPLO E OCORR\u00caNCIA DE INSUFICI\u00caNCIA RENAL <\/a><\/strong><\/em><\/h4>\n<\/li>\n<li>\n<h4><em><strong><a title=\"ASPECTOS GERAIS DO MIELOMA M\u00daLTIPLO\" href=\"http:\/\/www.ciencianews.com.br\/arquivos\/ACET\/IMAGENS\/biblioteca-digital\/hematologia\/serie_branca\/leucemias_linfomas_mieloma\/mielomas\/2-Aspectos-gerais-do-mieloma-multiplo.pdf\" target=\"_blank\" rel=\"noopener noreferrer\"> ASPECTOS GERAIS DO MIELOMA M\u00daLTIPLO<\/a><\/strong><\/em><\/h4>\n<\/li>\n<li>\n<h4><em><strong><a title=\"MIELOMA M\u00daLTIPLO - CONSIDERA\u00c7\u00d5ES ATUAIS\" href=\"http:\/\/www.ciencianews.com.br\/arquivos\/ACET\/IMAGENS\/biblioteca-digital\/hematologia\/serie_branca\/leucemias_linfomas_mieloma\/mielomas\/3-Mieloma-multiplo-Consideracoes-gerais.pdf\" target=\"_blank\" rel=\"noopener noreferrer\">MIELOMA M\u00daLTIPLO &#8211; CONSIDERA\u00c7\u00d5ES ATUAIS <\/a><\/strong><\/em><\/h4>\n<\/li>\n<li>\n<h4><em><strong><a title=\"MIELOMA M\u00daLTIPLO: ASPECTOS CL\u00cdNICOS, DIAGN\u00d3STICO E TRATAMENTO\" href=\"http:\/\/www.ciencianews.com.br\/arquivos\/ACET\/IMAGENS\/biblioteca-digital\/hematologia\/serie_branca\/leucemias_linfomas_mieloma\/mielomas\/4-Mieloma-multiplo-aspectos-clinico-diagnostico-e-tratamento.pdf\" target=\"_blank\" rel=\"noopener noreferrer\">MIELOMA M\u00daLTIPLO: ASPECTOS CL\u00cdNICOS, DIAGN\u00d3STICO E TRATAMENTO <\/a><\/strong><\/em><\/h4>\n<\/li>\n<li>\n<h4><em><strong><a title=\"MIELOMA MULTIPLO\" href=\"http:\/\/www.ciencianews.com.br\/arquivos\/ACET\/IMAGENS\/biblioteca-digital\/hematologia\/serie_branca\/leucemias_linfomas_mieloma\/mielomas\/6-Mieloma-multiplo.pdf\" target=\"_blank\" rel=\"noopener noreferrer\"> MIELOMA MULTIPLO<\/a><\/strong><\/em><\/h4>\n<\/li>\n<li>\n<h4><em><strong><a title=\"MIELOMA M\u00daLTIPLO: MANIFESTA\u00c7\u00d5ES CL\u00cdNICAS DA DOEN\u00c7A\" href=\"http:\/\/www.ciencianews.com.br\/arquivos\/ACET\/IMAGENS\/biblioteca-digital\/hematologia\/serie_branca\/leucemias_linfomas_mieloma\/mielomas\/7-Mieloma-multiplo-manifestacoes-clinicas-da-doenca.pdf\" target=\"_blank\" rel=\"noopener noreferrer\"> MIELOMA M\u00daLTIPLO: MANIFESTA\u00c7\u00d5ES CL\u00cdNICAS DA DOEN\u00c7A<\/a><\/strong><\/em><\/h4>\n<\/li>\n<li>\n<h4><em><strong><a title=\"MIELOMA M\u00daLTIPLO\" href=\"http:\/\/www.ciencianews.com.br\/arquivos\/ACET\/IMAGENS\/biblioteca-digital\/hematologia\/serie_branca\/leucemias_linfomas_mieloma\/mielomas\/8-Mieloma-multiplo.pdf\" target=\"_blank\" rel=\"noopener noreferrer\"> MIELOMA M\u00daLTIPLO &#8211; CONCEITO <\/a><\/strong><\/em><\/h4>\n<\/li>\n<li>\n<h4><em><strong><a title=\"MIELOMA M\u00daLTIPLO - ASPECTOS T\u00c9CNICOS\" href=\"http:\/\/www.ciencianews.com.br\/arquivos\/ACET\/IMAGENS\/biblioteca-digital\/hematologia\/serie_branca\/leucemias_linfomas_mieloma\/mielomas\/9-Mieloma-multiplo-aspectos-tecnicos.pdf\" target=\"_blank\" rel=\"noopener noreferrer\"> MIELOMA M\u00daLTIPLO &#8211; ASPECTOS T\u00c9CNICOS<\/a><\/strong><\/em><\/h4>\n<\/li>\n<li>\n<h4><em><strong><a title=\"LES\u00d5ES \u00d3SSEAS NOS CASOS DE MIELOMA M\u00daLTIPLO\" href=\"http:\/\/www.ciencianews.com.br\/arquivos\/ACET\/IMAGENS\/biblioteca-digital\/hematologia\/serie_branca\/leucemias_linfomas_mieloma\/mielomas\/10-Lesoes-osseas-nos-casos-de-mieloma-multiplo.pdf\" target=\"_blank\" rel=\"noopener noreferrer\"> LES\u00d5ES \u00d3SSEAS NOS CASOS DE MIELOMA M\u00daLTIPLO <\/a><\/strong><\/em><\/h4>\n<\/li>\n<li>\n<h4><em><strong><a title=\"  EXAMES LABORATORIAIS PARA O DIAGN\u00d3STICO DE MIELOMA M\u00daLTIPLO\" href=\"http:\/\/www.ciencianews.com.br\/arquivos\/ACET\/IMAGENS\/biblioteca-digital\/hematologia\/serie_branca\/leucemias_linfomas_mieloma\/mielomas\/11-Exames-laboratoriais-para-o-diagnostico-do-mieloma-multiplo.pdf\" target=\"_blank\" rel=\"noopener noreferrer\"> EXAMES LABORATORIAIS PARA O DIAGN\u00d3STICO DE MIELOMA M\u00daLTIPLO<\/a><\/strong><\/em><\/h4>\n<\/li>\n<li>\n<h4><em><strong><a title=\"MIELOMA M\u00daLTIPLO: CARACTER\u00cdSTICAS CL\u00cdNICAS, DIAGN\u00d3STICO LABORATORIAL E AVAN\u00c7OS TERAP\u00caUTICOS NA MELHORIA DA QUALIDADE DE VIDA DOS PACIENTES DIAGNOSTICADOS\" href=\"http:\/\/www.ciencianews.com.br\/arquivos\/ACET\/IMAGENS\/biblioteca-digital\/hematologia\/serie_branca\/leucemias_linfomas_mieloma\/mielomas\/12-Mieloma-multiplo-e-avancos-terapeuticos-na-melhoria-de-qualidade-de-vida.pdf\" target=\"_blank\" rel=\"noopener noreferrer\"> MIELOMA M\u00daLTIPLO: CARACTER\u00cdSTICAS CL\u00cdNICAS, DIAGN\u00d3STICO LABORATORIAL E AVAN\u00c7OS TERAP\u00caUTICOS NA MELHORIA DA QUALIDADE DE VIDA DOS PACIENTES DIAGNOSTICADOS<\/a><\/strong><\/em><\/h4>\n<\/li>\n<li>\n<h4><em><strong><a title=\"MIELOMA M\u00daLTIPLO - FISIOPATOLOGIA\" href=\"http:\/\/www.ciencianews.com.br\/arquivos\/ACET\/IMAGENS\/biblioteca-digital\/hematologia\/serie_branca\/leucemias_linfomas_mieloma\/mielomas\/13-Mieloma-multiplo.pdf\" target=\"_blank\" rel=\"noopener noreferrer\">MIELOMA M\u00daLTIPLO &#8211; FISIOPATOLOGIA <\/a><\/strong><\/em><\/h4>\n<\/li>\n<li>\n<h4><em><strong><a title=\" PRINCIPAIS MUTA\u00c7\u00d5ES GEN\u00c9TICAS DO MIELOMA M\u00daLTIPLO ASSOCIADAS A AGRESSIVIDADE DA DOEN\u00c7A\" href=\"http:\/\/www.ciencianews.com.br\/arquivos\/ACET\/IMAGENS\/biblioteca-digital\/hematologia\/serie_branca\/leucemias_linfomas_mieloma\/mielomas\/14-Principais-mutacoes-geneticas-do-mieloma-multiplo-associadas-a-agressivi.pdf\" target=\"_blank\" rel=\"noopener noreferrer\"> PRINCIPAIS MUTA\u00c7\u00d5ES GEN\u00c9TICAS DO MIELOMA M\u00daLTIPLO ASSOCIADAS A AGRESSIVIDADE DA DOEN\u00c7A <\/a><\/strong><\/em><\/h4>\n<\/li>\n<li>\n<h4><em><strong><a title=\"MIELOMA M\u00daLTIPLO - DIAGN\u00d3STICO\" href=\"http:\/\/www.ciencianews.com.br\/arquivos\/ACET\/IMAGENS\/biblioteca-digital\/hematologia\/serie_branca\/leucemias_linfomas_mieloma\/mielomas\/15-Mieloma-multiplo.pdf\" target=\"_blank\" rel=\"noopener noreferrer\">MIELOMA M\u00daLTIPLO &#8211; DIAGN\u00d3STICO <\/a><\/strong><\/em><\/h4>\n<\/li>\n<li>\n<h4><em><strong><a title=\"ABORDAGEM CL\u00cdNICO-LABORATORIAL NO DIAGN\u00d3STICO DIFERENCIAL DO MIELOMA M\u00daLTIPLO\" href=\"http:\/\/www.ciencianews.com.br\/arquivos\/ACET\/IMAGENS\/biblioteca-digital\/hematologia\/serie_branca\/leucemias_linfomas_mieloma\/mielomas\/16-Abordagem-clinico-laboratorial-no-diagnostico-diferencial-do-mieloma.pdf\" target=\"_blank\" rel=\"noopener noreferrer\">ABORDAGEM CL\u00cdNICO-LABORATORIAL NO DIAGN\u00d3STICO DIFERENCIAL DO MIELOMA M\u00daLTIPLO <\/a><\/strong><\/em><\/h4>\n<\/li>\n<li>\n<h4><em><strong><a title=\"REPERCUSS\u00d5ES CL\u00cdNICAS E LABORATORIAIS EM PACIENTE COM MIELOMA M\u00daLTIPLO: RELATO DE CASO\" href=\"http:\/\/www.ciencianews.com.br\/arquivos\/ACET\/IMAGENS\/biblioteca-digital\/hematologia\/serie_branca\/leucemias_linfomas_mieloma\/mielomas\/17-Repercussoes-clinicas-e-laboratoriais-em-pacientes-com-MM.pdf\" target=\"_blank\" rel=\"noopener noreferrer\">REPERCUSS\u00d5ES CL\u00cdNICAS E LABORATORIAIS EM PACIENTE COM MIELOMA M\u00daLTIPLO: RELATO DE CASO <\/a><\/strong><\/em><\/h4>\n<\/li>\n<li>\n<h4><em><strong><a title=\"DOEN\u00c7A HEMATOG\u00caNICA: MIELOMA M\u00daLTIPLO\" href=\"http:\/\/www.ciencianews.com.br\/arquivos\/ACET\/IMAGENS\/biblioteca-digital\/hematologia\/serie_branca\/leucemias_linfomas_mieloma\/mielomas\/18-Doenca-hematogenica-mieloma-multiplo.pdf\" target=\"_blank\" rel=\"noopener noreferrer\">DOEN\u00c7A HEMATOG\u00caNICA: MIELOMA M\u00daLTIPLO <\/a><\/strong><\/em><\/h4>\n<\/li>\n<li>\n<h4><em><strong><a title=\"ASPECTOS CL\u00cdNICOS, PATOL\u00d3GICOS E DIAGN\u00d3STICO DO MIELOMA M\u00daLTIPLO\" href=\"http:\/\/www.ciencianews.com.br\/arquivos\/ACET\/IMAGENS\/biblioteca-digital\/hematologia\/serie_branca\/leucemias_linfomas_mieloma\/mielomas\/19-Aspectos-clinicos-patologicos-e-diagnostico-do-mieloma-multiplo.pdf\" target=\"_blank\" rel=\"noopener noreferrer\">ASPECTOS CL\u00cdNICOS, PATOL\u00d3GICOS E DIAGN\u00d3STICO DO MIELOMA M\u00daLTIPLO <\/a><\/strong><\/em><\/h4>\n<\/li>\n<li>\n<h4><em><strong><a title=\"MIELOMA M\u00daLTIPLO - INTRODU\u00c7\u00c3O\" href=\"http:\/\/www.ciencianews.com.br\/arquivos\/ACET\/IMAGENS\/biblioteca-digital\/hematologia\/serie_branca\/leucemias_linfomas_mieloma\/mielomas\/20-Mieloma-multiplo.pdf\" target=\"_blank\" rel=\"noopener noreferrer\">MIELOMA M\u00daLTIPLO &#8211; INTRODU\u00c7\u00c3O <\/a><\/strong><\/em><\/h4>\n<\/li>\n<li>\n<h4><em><strong><a title=\"EFIC\u00c1CIA DOS ANTINEOPL\u00c1SICOS NO TRATAMENTO DO MIELOMA M\u00daLTIPLO\" href=\"http:\/\/www.ciencianews.com.br\/arquivos\/ACET\/IMAGENS\/biblioteca-digital\/hematologia\/serie_branca\/leucemias_linfomas_mieloma\/mielomas\/21-Eficacia-dos-antineoplasicos-no-tratamento-do-MM.pdf\" target=\"_blank\" rel=\"noopener noreferrer\">EFIC\u00c1CIA DOS ANTINEOPL\u00c1SICOS NO TRATAMENTO DO MIELOMA M\u00daLTIPLO <\/a><\/strong><\/em><\/h4>\n<\/li>\n<li>\n<h4><em><strong><a title=\"MIELOMA M\u00daLTIPLO: CONCEITO, DIAGN\u00d3STICO E TRATAMENTO\" href=\"http:\/\/www.ciencianews.com.br\/arquivos\/ACET\/IMAGENS\/biblioteca-digital\/hematologia\/serie_branca\/leucemias_linfomas_mieloma\/mielomas\/22-Mieloma-multiplo-conceito-diagnostico-e-tratamento.pdf\" target=\"_blank\" rel=\"noopener noreferrer\">MIELOMA M\u00daLTIPLO: CONCEITO, DIAGN\u00d3STICO E TRATAMENTO <\/a><\/strong><\/em><\/h4>\n<\/li>\n<li>\n<h4><em><strong><a title=\"MIELOMA M\u00daLTIPLO - UMA REVIS\u00c3O\" href=\"http:\/\/www.ciencianews.com.br\/arquivos\/ACET\/IMAGENS\/biblioteca-digital\/hematologia\/serie_branca\/leucemias_linfomas_mieloma\/mielomas\/23-Mieloma-multiplo-Uma-revisao-ate-2015.pdf\" target=\"_blank\" rel=\"noopener noreferrer\">MIELOMA M\u00daLTIPLO &#8211; UMA REVIS\u00c3O <\/a><\/strong><\/em><\/h4>\n<\/li>\n<li>\n<h4><em><strong><a title=\"MIELOMA M\u00daLTIPLO\" href=\"http:\/\/www.ciencianews.com.br\/arquivos\/ACET\/IMAGENS\/biblioteca-digital\/hematologia\/serie_branca\/leucemias_linfomas_mieloma\/mielomas\/24-Mieloma-multiplo.pdf target=\">MIELOMA M\u00daLTIPLO &#8211; MANIFESTA\u00c7\u00d5ES <\/a><\/strong><\/em><\/h4>\n<\/li>\n<li>\n<h4><em><strong><a title=\"MIELOMA M\u00daLTIPLO E SEUS MARCADORES BIOQU\u00cdMICOS\" href=\"http:\/\/www.ciencianews.com.br\/arquivos\/ACET\/IMAGENS\/biblioteca-digital\/hematologia\/serie_branca\/leucemias_linfomas_mieloma\/mielomas\/25-Mieloma-multiplo-e-seus-marcadores-bioquimicos.pdf\" target=\"_blank\" rel=\"noopener noreferrer\">MIELOMA M\u00daLTIPLO E SEUS MARCADORES BIOQU\u00cdMICOS <\/a><\/strong><\/em><\/h4>\n<\/li>\n<li>\n<h4><em><strong><a title=\" MIELOMA M\u00daLTIPLO: PERFIL PATOL\u00d3GICO, M\u00c9TODOS DIAGN\u00d3STICOS E TRATAMENTO\" href=\"http:\/\/www.ciencianews.com.br\/arquivos\/ACET\/IMAGENS\/biblioteca-digital\/hematologia\/serie_branca\/leucemias_linfomas_mieloma\/mielomas\/25.pdf\" target=\"_blank\" rel=\"noopener noreferrer\"> MIELOMA M\u00daLTIPLO: PERFIL PATOL\u00d3GICO, M\u00c9TODOS DIAGN\u00d3STICOS E TRATAMENTO <\/a><\/strong><\/em><\/h4>\n<\/li>\n<li>\n<h4><em><strong><a title=\"O USO DE DARATUMUMABE EM PACIENTES REC\u00c9M-DIAGNOSTICADOS COM MIELOMA M\u00daLTIPLO INELEG\u00cdVEIS AO TRANSPLANTE AUT\u00d3LOGO DE C\u00c9LULAS TRONCO\" href=\"http:\/\/www.ciencianews.com.br\/arquivos\/ACET\/IMAGENS\/biblioteca-digital\/hematologia\/serie_branca\/leucemias_linfomas_mieloma\/mielomas\/26.pdf\" target=\"_blank\" rel=\"noopener noreferrer\">O USO DE DARATUMUMABE EM PACIENTES REC\u00c9M-DIAGNOSTICADOS COM MIELOMA M\u00daLTIPLO INELEG\u00cdVEIS AO TRANSPLANTE AUT\u00d3LOGO DE C\u00c9LULAS TRONCO<\/a><\/strong><\/em><\/h4>\n<\/li>\n<li>\n<h4><em><strong><a title=\"MIELOMA M\u00daLTIPLO, ABORDAGENS DIAGN\u00d3STICAS\" href=\"http:\/\/www.ciencianews.com.br\/arquivos\/ACET\/IMAGENS\/biblioteca-digital\/hematologia\/serie_branca\/leucemias_linfomas_mieloma\/mielomas\/27.pdf\" target=\"_blank\" rel=\"noopener noreferrer\">MIELOMA M\u00daLTIPLO, ABORDAGENS DIAGN\u00d3STICAS<\/a><\/strong><\/em><\/h4>\n<\/li>\n<li>\n<h4><em><strong><a title=\"MIELOMA M\u00daLTIPLO E METODOLOGIAS LABORATORIAIS DE DIAGN\u00d3STICO\" href=\"http:\/\/www.ciencianews.com.br\/arquivos\/ACET\/IMAGENS\/biblioteca-digital\/hematologia\/serie_branca\/leucemias_linfomas_mieloma\/mielomas\/28.pdf\" target=\"_blank\" rel=\"noopener noreferrer\">MIELOMA M\u00daLTIPLO E METODOLOGIAS LABORATORIAIS DE DIAGN\u00d3STICO<\/a><\/strong><\/em><\/h4>\n<\/li>\n<li>\n<h4><em><strong><a title=\"MIELOMA M\u00daLTIPLO E METODOLOGIAS LABORATORIAIS DE DIAGN\u00d3STICO\" href=\"https:\/\/ciencianews.com.br\/arquivos\/ACET\/IMAGENS\/biblioteca-digital\/hematologia\/serie_branca\/leucemias_linfomas_mieloma\/mielomas\/Armadilhas%20extracelulares%20de%20neutr%C3%B3filos,%20em%20mieloma%20m%C3%BAltiplo%20-%20D%C3%A9bora%20Fel%C3%ADcia%20Vieira%20Ramos.pdf\" target=\"_blank\" rel=\"noopener noreferrer\">ARMADILHAS EXTRACELULARES DE NEUTR\u00d3FILOS NO MIELOMA M\u00daLTIPLO<\/a><\/strong><\/em><\/h4>\n<\/li>\n<li>\n<h4><em><strong><a title=\"MIELOMA M\u00daLTIPLO E METODOLOGIAS LABORATORIAIS DE DIAGN\u00d3STICO\" href=\"https:\/\/ciencianews.com.br\/arquivos\/ACET\/IMAGENS\/biblioteca-digital\/hematologia\/serie_branca\/leucemias_linfomas_mieloma\/mielomas\/CAR-T%20-%20%20uma%20nova%20abordagem%20para%20tratamento%20do%20mieloma%20m%C3%BAltiplo%20%E2%80%93%20artigo%20de%20revis%C3%A3o%20-%20Iolanda%20Silva%20Rafael%20-%20Rosimar%20Almeida%20Castro.pdf\" target=\"_blank\" rel=\"noopener noreferrer\">CAR-T: UMA NOVA ABORDAGEM PARA TRATAMENTO DO MIELOMA M\u00daLTIPLO<\/a><\/strong><\/em><\/h4>\n<\/li>\n<li>\n<h4><em><a href=\"https:\/\/www.ciencianews.com.br\/arquivos\/ACET\/IMAGENS\/biblioteca-digital\/hematologia\/serie_branca\/leucemias_linfomas_mieloma\/mielomas\/Mieloma%20Multiplo%20da%20etiologia%20ao%20diagnostico%20-%20Iranildi%20Alves%20da%20Silva.pdf\" target=\"_blank\" rel=\"noopener noreferrer\"><strong>MIELOMA M\u00daLTIPLO: DA ETIOLOGIA AO DIAGN\u00d3STICO<\/strong><\/a><\/em><\/h4>\n<\/li>\n<li>\n<h4><em><strong><a title=\"MIELOMA M\u00daLTIPLO E METODOLOGIAS LABORATORIAIS DE DIAGN\u00d3STICO\" href=\"https:\/\/www.ciencianews.com.br\/arquivos\/ACET\/IMAGENS\/biblioteca-digital\/hematologia\/serie_branca\/leucemias_linfomas_mieloma\/mielomas\/32_Rafael%20de%20Melo%20Fontes%20(HCL%2023_25).pdf\" target=\"_blank\" rel=\"noopener noreferrer\">PLASM\u00d3CITOS EM SANGUE PERIF\u00c9RICO: UMA REVIS\u00c3O<\/a><\/strong><\/em><\/h4>\n<\/li>\n<li>\n<h4><em><strong><a title=\"MIELOMA M\u00daLTIPLO E METODOLOGIAS LABORATORIAIS DE DIAGN\u00d3STICO\" href=\"https:\/\/ciencianews.com.br\/arquivos\/ACET\/IMAGENS\/biblioteca-digital\/hematologia\/serie_branca\/leucemias_linfomas_mieloma\/mielomas\/2026_Biomarcadores_laboaratoriais_e_sua_rela%C3%A7%C3%A3o_c_o_prognostico_mieloma%20_m%C3%BAltiplo.pdf\" target=\"_blank\" rel=\"noopener noreferrer\">BIOMARCADORES LABORATORIAIS E SUA RELA\u00c7\u00c3O COM O PROGN\u00d3STICO DO MIELOMA M\u00daLTIPLO: UMA REVIS\u00c3O INTEGRATIVA DA LITERATURA<\/a><\/strong><\/em><\/h4>\n<\/li>\n<\/ol>\n<\/li>\n<\/ol>\n<div style=\"text-align: center;\">\n<p>[ezcol_1third]<br \/>\n<a href=\"http:\/\/www.ciencianews.com.br\/index.php\/home\/biblioteca_digital\/biblioteca-digital-hematologia\/b-d-hematologia-serie-branca\/hematologia-serie-branca-leucemias-linfomas-mieloma\/hematologia-serie-branca-mielomas\/\"> <img loading=\"lazy\" decoding=\"async\" class=\"alignnone size-thumbnail wp-image-4997\" src=\"http:\/\/www.ciencianews.com.br\/wp-content\/uploads\/2019\/08\/voltar-150x150.png\" alt=\"voltar\" width=\"70\" height=\"70\" srcset=\"https:\/\/www.ciencianews.com.br\/wp-content\/uploads\/2019\/08\/voltar-150x150.png 150w, https:\/\/www.ciencianews.com.br\/wp-content\/uploads\/2019\/08\/voltar-250x250.png 250w, https:\/\/www.ciencianews.com.br\/wp-content\/uploads\/2019\/08\/voltar.png 256w\" sizes=\"auto, (max-width: 70px) 100vw, 70px\" \/> <\/a><\/p>\n<div style=\"color: #000000; text-align: center; font-size: 15px; font-weight: bold;\"><a href=\"http:\/\/www.ciencianews.com.br\/index.php\/home\/biblioteca_digital\/biblioteca-digital-hematologia\/b-d-hematologia-serie-branca\/hematologia-serie-branca-leucemias-linfomas-mieloma\/hematologia-serie-branca-mielomas\/\">Voltar<\/a><\/div>\n<p>[\/ezcol_1third]<br \/>\n[ezcol_1third]<br \/>\n<a href=\"http:\/\/www.ciencianews.com.br\/index.php\/home\/biblioteca_digital\/\"> <img loading=\"lazy\" decoding=\"async\" class=\"alignnone size-thumbnail wp-image-4996\" src=\"http:\/\/www.ciencianews.com.br\/wp-content\/uploads\/2019\/08\/home-150x150.jpg\" alt=\"home\" width=\"70\" height=\"70\" srcset=\"https:\/\/www.ciencianews.com.br\/wp-content\/uploads\/2019\/08\/home-150x150.jpg 150w, https:\/\/www.ciencianews.com.br\/wp-content\/uploads\/2019\/08\/home.jpg 225w\" sizes=\"auto, (max-width: 70px) 100vw, 70px\" \/> <\/a><\/p>\n<div style=\"color: #000000; text-align: center; font-size: 15px; font-weight: bold;\"><a href=\"http:\/\/www.ciencianews.com.br\/index.php\/home\/biblioteca_digital\/\">Biblioteca Digital<\/a><\/div>\n<p>[\/ezcol_1third]<br \/>\n[ezcol_1third_end]<br \/>\n<a href=\"http:\/\/www.ciencianews.com.br\/index.php\/home\/biblioteca_digital\/biblioteca-digital-hematologia\/b-d-hematologia-serie-branca\/hematologia-serie-branca-outras-neoplasias-hematologicas\/\"> <img loading=\"lazy\" decoding=\"async\" class=\"alignnone size-thumbnail wp-image-4995\" src=\"http:\/\/www.ciencianews.com.br\/wp-content\/uploads\/2019\/08\/avancar-150x150.png\" alt=\"avancar\" width=\"70\" height=\"70\" srcset=\"https:\/\/www.ciencianews.com.br\/wp-content\/uploads\/2019\/08\/avancar-150x150.png 150w, https:\/\/www.ciencianews.com.br\/wp-content\/uploads\/2019\/08\/avancar-250x250.png 250w, https:\/\/www.ciencianews.com.br\/wp-content\/uploads\/2019\/08\/avancar.png 256w\" sizes=\"auto, (max-width: 70px) 100vw, 70px\" \/> <\/a><\/p>\n<div style=\"color: #000000; text-align: center; font-size: 15px; font-weight: bold;\"><a href=\"http:\/\/www.ciencianews.com.br\/index.php\/home\/biblioteca_digital\/biblioteca-digital-hematologia\/b-d-hematologia-serie-branca\/hematologia-serie-branca-outras-neoplasias-hematologicas\/\">Pr\u00f3ximo T\u00f3pico: &#8220;Outras Neoplasias Hematol\u00f3gicas&#8221;<\/a><\/div>\n<p>[\/ezcol_1third_end]<\/p>\n<\/div>\n","protected":false},"excerpt":{"rendered":"<p>ARTIGOS Escolha o tema de sua prefer\u00eancia: ASPECTOS DO MIELOMA M\u00daLTIPLO E OCORR\u00caNCIA DE INSUFICI\u00caNCIA RENAL ASPECTOS GERAIS DO MIELOMA M\u00daLTIPLO MIELOMA M\u00daLTIPLO &#8211; CONSIDERA\u00c7\u00d5ES ATUAIS MIELOMA M\u00daLTIPLO: ASPECTOS CL\u00cdNICOS, DIAGN\u00d3STICO E TRATAMENTO MIELOMA MULTIPLO MIELOMA M\u00daLTIPLO: MANIFESTA\u00c7\u00d5ES CL\u00cdNICAS DA [&hellip;]<\/p>\n","protected":false},"author":1,"featured_media":0,"parent":5359,"menu_order":0,"comment_status":"closed","ping_status":"closed","template":"","meta":{"_uag_custom_page_level_css":"","_joinchat":[],"footnotes":""},"class_list":["post-5362","page","type-page","status-publish","hentry"],"uagb_featured_image_src":{"full":false,"thumbnail":false,"medium":false,"medium_large":false,"large":false,"1536x1536":false,"2048x2048":false,"post-thumbnail":false,"business-hub-blog":false,"business-hub-work":false},"uagb_author_info":{"display_name":"real","author_link":"https:\/\/www.ciencianews.com.br\/index.php\/author\/real\/"},"uagb_comment_info":0,"uagb_excerpt":"ARTIGOS Escolha o tema de sua prefer\u00eancia: ASPECTOS DO MIELOMA M\u00daLTIPLO E OCORR\u00caNCIA DE INSUFICI\u00caNCIA RENAL ASPECTOS GERAIS DO MIELOMA M\u00daLTIPLO MIELOMA M\u00daLTIPLO &#8211; CONSIDERA\u00c7\u00d5ES ATUAIS MIELOMA M\u00daLTIPLO: ASPECTOS CL\u00cdNICOS, DIAGN\u00d3STICO E TRATAMENTO MIELOMA MULTIPLO MIELOMA M\u00daLTIPLO: MANIFESTA\u00c7\u00d5ES CL\u00cdNICAS DA [&hellip;]","_links":{"self":[{"href":"https:\/\/www.ciencianews.com.br\/index.php\/wp-json\/wp\/v2\/pages\/5362","targetHints":{"allow":["GET"]}}],"collection":[{"href":"https:\/\/www.ciencianews.com.br\/index.php\/wp-json\/wp\/v2\/pages"}],"about":[{"href":"https:\/\/www.ciencianews.com.br\/index.php\/wp-json\/wp\/v2\/types\/page"}],"author":[{"embeddable":true,"href":"https:\/\/www.ciencianews.com.br\/index.php\/wp-json\/wp\/v2\/users\/1"}],"replies":[{"embeddable":true,"href":"https:\/\/www.ciencianews.com.br\/index.php\/wp-json\/wp\/v2\/comments?post=5362"}],"version-history":[{"count":11,"href":"https:\/\/www.ciencianews.com.br\/index.php\/wp-json\/wp\/v2\/pages\/5362\/revisions"}],"predecessor-version":[{"id":8102,"href":"https:\/\/www.ciencianews.com.br\/index.php\/wp-json\/wp\/v2\/pages\/5362\/revisions\/8102"}],"up":[{"embeddable":true,"href":"https:\/\/www.ciencianews.com.br\/index.php\/wp-json\/wp\/v2\/pages\/5359"}],"wp:attachment":[{"href":"https:\/\/www.ciencianews.com.br\/index.php\/wp-json\/wp\/v2\/media?parent=5362"}],"curies":[{"name":"wp","href":"https:\/\/api.w.org\/{rel}","templated":true}]}}