{"id":5387,"date":"2019-09-14T17:41:53","date_gmt":"2019-09-14T17:41:53","guid":{"rendered":"http:\/\/www.ciencianews.com.br\/?page_id=5387"},"modified":"2019-09-16T12:40:39","modified_gmt":"2019-09-16T12:40:39","slug":"biblioteca-digital-hematologia-anemia-aplastica","status":"publish","type":"page","link":"https:\/\/www.ciencianews.com.br\/index.php\/home\/biblioteca_digital\/biblioteca-digital-hematologia\/b-d-hematologia-serie-vermelha\/biblioteca-digital-hematologia-anemia-aplastica\/","title":{"rendered":"Biblioteca Digital &#8211; HEMATOLOGIA &#8211; Anemia Apl\u00e1stica"},"content":{"rendered":"<h1 align=\"center\"><span style=\"color: #000000;\"><strong> HEMATOLOGIA &#8211; Artigos de Anemia Apl\u00e1stica <\/strong><\/span><\/h1>\n<div style=\"text-align: center;\">\n<p>[ezcol_1third]<br \/>\n<a title=\"T\u00cdTULOS E SUM\u00c1RIOS\" href=\"http:\/\/www.ciencianews.com.br\/arquivos\/ACET\/IMAGENS\/biblioteca-digital\/hematologia\/serie_vermelha\/anemia_aplastica\/Titulos-e-sumarios-dos-artigos.pdf\" target=\"_blank\"><img loading=\"lazy\" decoding=\"async\" src=\"http:\/\/www.ciencianews.com.br\/wp-content\/uploads\/2019\/08\/subtema3-150x150.png\" alt=\"subtema3\" width=\"150\" height=\"150\" class=\"alignnone size-thumbnail wp-image-5011\" srcset=\"https:\/\/www.ciencianews.com.br\/wp-content\/uploads\/2019\/08\/subtema3-150x150.png 150w, https:\/\/www.ciencianews.com.br\/wp-content\/uploads\/2019\/08\/subtema3-300x300.png 300w, https:\/\/www.ciencianews.com.br\/wp-content\/uploads\/2019\/08\/subtema3-500x500.png 500w, https:\/\/www.ciencianews.com.br\/wp-content\/uploads\/2019\/08\/subtema3-250x250.png 250w, https:\/\/www.ciencianews.com.br\/wp-content\/uploads\/2019\/08\/subtema3-680x680.png 680w, https:\/\/www.ciencianews.com.br\/wp-content\/uploads\/2019\/08\/subtema3-940x940.png 940w, https:\/\/www.ciencianews.com.br\/wp-content\/uploads\/2019\/08\/subtema3.png 1024w\" sizes=\"auto, (max-width: 150px) 100vw, 150px\" \/><\/p>\n<div style=\"color: #000000; text-align: center; font-size: 15px; font-weight: bold;\">T\u00edtulos, Autores e Sum\u00e1rios<\/a><\/p>\n<\/div>\n<p>[\/ezcol_1third]<br \/>\n[ezcol_1third]<br \/>\n<a href=\"http:\/\/www.ciencianews.com.br\/index.php\/home\/biblioteca_digital\/biblioteca-digital-hematologia\/b-d-hematologia-serie-vermelha\/biblioteca-digital-hematologia-anemia-aplastica\/artigos-de-hematologia-anemia-aplastica\/\"><img loading=\"lazy\" decoding=\"async\" src=\"http:\/\/www.ciencianews.com.br\/wp-content\/uploads\/2019\/08\/subtema1-150x150.png\" alt=\"subtema1\" width=\"150\" height=\"150\" class=\"alignnone size-thumbnail wp-image-5010\" srcset=\"https:\/\/www.ciencianews.com.br\/wp-content\/uploads\/2019\/08\/subtema1-150x150.png 150w, https:\/\/www.ciencianews.com.br\/wp-content\/uploads\/2019\/08\/subtema1-300x300.png 300w, https:\/\/www.ciencianews.com.br\/wp-content\/uploads\/2019\/08\/subtema1-500x500.png 500w, https:\/\/www.ciencianews.com.br\/wp-content\/uploads\/2019\/08\/subtema1-250x250.png 250w, https:\/\/www.ciencianews.com.br\/wp-content\/uploads\/2019\/08\/subtema1-680x680.png 680w, https:\/\/www.ciencianews.com.br\/wp-content\/uploads\/2019\/08\/subtema1-940x940.png 940w, https:\/\/www.ciencianews.com.br\/wp-content\/uploads\/2019\/08\/subtema1.png 1024w\" sizes=\"auto, (max-width: 150px) 100vw, 150px\" \/><\/p>\n<div style=\"color: #000000; text-align: center; font-size: 15px; font-weight: bold;\">Artigos<\/a><\/p>\n<\/div>\n<p>[\/ezcol_1third]<\/p>\n<p>[ezcol_1third_end]<br \/>\n[\/ezcol_1third_end]<\/p>\n<\/div>\n<p>&nbsp;<br \/>\n&nbsp;<\/p>\n<div style=\"text-align: center;\">\n<p>[ezcol_1third]<br \/>\n<a href=\"http:\/\/www.ciencianews.com.br\/index.php\/home\/biblioteca_digital\/biblioteca-digital-hematologia\/b-d-hematologia-serie-vermelha\/\"> <img loading=\"lazy\" decoding=\"async\" src=\"http:\/\/www.ciencianews.com.br\/wp-content\/uploads\/2019\/08\/voltar-150x150.png\" alt=\"voltar\" width=\"70\" height=\"70\" class=\"alignnone size-thumbnail wp-image-4997\" srcset=\"https:\/\/www.ciencianews.com.br\/wp-content\/uploads\/2019\/08\/voltar-150x150.png 150w, https:\/\/www.ciencianews.com.br\/wp-content\/uploads\/2019\/08\/voltar-250x250.png 250w, https:\/\/www.ciencianews.com.br\/wp-content\/uploads\/2019\/08\/voltar.png 256w\" sizes=\"auto, (max-width: 70px) 100vw, 70px\" \/> <\/p>\n<div style=\"color: #000000; text-align: center; font-size: 15px; font-weight: bold;\">Voltar<\/a><\/p>\n<\/div>\n<p>[\/ezcol_1third]<br \/>\n[ezcol_1third]<br \/>\n<a href=\"http:\/\/www.ciencianews.com.br\/index.php\/home\/biblioteca_digital\/\"> <img loading=\"lazy\" decoding=\"async\" src=\"http:\/\/www.ciencianews.com.br\/wp-content\/uploads\/2019\/08\/home-150x150.jpg\" alt=\"home\" width=\"70\" height=\"70\" class=\"alignnone size-thumbnail wp-image-4996\" srcset=\"https:\/\/www.ciencianews.com.br\/wp-content\/uploads\/2019\/08\/home-150x150.jpg 150w, https:\/\/www.ciencianews.com.br\/wp-content\/uploads\/2019\/08\/home.jpg 225w\" sizes=\"auto, (max-width: 70px) 100vw, 70px\" \/> <\/p>\n<div style=\"color: #000000; text-align: center; font-size: 15px; font-weight: bold;\">Biblioteca Digital<\/a><\/p>\n<\/div>\n<p>[\/ezcol_1third]<\/p>\n<p>[ezcol_1third_end]<br \/>\n<a href=\"http:\/\/www.ciencianews.com.br\/index.php\/home\/biblioteca_digital\/biblioteca-digital-hematologia\/b-d-hematologia-serie-vermelha\/hematologia-artigos-de-anemia-falciforme\/\"> <img loading=\"lazy\" decoding=\"async\" src=\"http:\/\/www.ciencianews.com.br\/wp-content\/uploads\/2019\/08\/avancar-150x150.png\" alt=\"avancar\" width=\"70\" height=\"70\" class=\"alignnone size-thumbnail wp-image-4995\" srcset=\"https:\/\/www.ciencianews.com.br\/wp-content\/uploads\/2019\/08\/avancar-150x150.png 150w, https:\/\/www.ciencianews.com.br\/wp-content\/uploads\/2019\/08\/avancar-250x250.png 250w, https:\/\/www.ciencianews.com.br\/wp-content\/uploads\/2019\/08\/avancar.png 256w\" sizes=\"auto, (max-width: 70px) 100vw, 70px\" \/> <\/p>\n<div style=\"color: #000000; text-align: center; font-size: 15px; font-weight: bold;\">Pr\u00f3ximo T\u00f3pico: &#8220;HEMATOLOGIA \u2013 Anemia Falciforme&#8221;<\/a><\/div>\n<p>[\/ezcol_1third_end]\n<\/p><\/div>\n","protected":false},"excerpt":{"rendered":"<p>HEMATOLOGIA &#8211; Artigos de Anemia Apl\u00e1stica [ezcol_1third] T\u00edtulos, Autores e Sum\u00e1rios [\/ezcol_1third] [ezcol_1third] Artigos [\/ezcol_1third] [ezcol_1third_end] [\/ezcol_1third_end] &nbsp; &nbsp; [ezcol_1third] Voltar [\/ezcol_1third] [ezcol_1third] Biblioteca Digital [\/ezcol_1third] [ezcol_1third_end] Pr\u00f3ximo T\u00f3pico: &#8220;HEMATOLOGIA \u2013 Anemia Falciforme&#8221; [\/ezcol_1third_end]<\/p>\n","protected":false},"author":1,"featured_media":0,"parent":5381,"menu_order":0,"comment_status":"closed","ping_status":"closed","template":"","meta":{"_uag_custom_page_level_css":"","_joinchat":[],"footnotes":""},"class_list":["post-5387","page","type-page","status-publish","hentry"],"uagb_featured_image_src":{"full":false,"thumbnail":false,"medium":false,"medium_large":false,"large":false,"1536x1536":false,"2048x2048":false,"post-thumbnail":false,"business-hub-blog":false,"business-hub-work":false},"uagb_author_info":{"display_name":"real","author_link":"https:\/\/www.ciencianews.com.br\/index.php\/author\/real\/"},"uagb_comment_info":0,"uagb_excerpt":"HEMATOLOGIA &#8211; Artigos de Anemia Apl\u00e1stica [ezcol_1third] T\u00edtulos, Autores e Sum\u00e1rios [\/ezcol_1third] [ezcol_1third] Artigos [\/ezcol_1third] [ezcol_1third_end] [\/ezcol_1third_end] &nbsp; &nbsp; [ezcol_1third] Voltar [\/ezcol_1third] [ezcol_1third] Biblioteca Digital [\/ezcol_1third] [ezcol_1third_end] Pr\u00f3ximo T\u00f3pico: &#8220;HEMATOLOGIA \u2013 Anemia Falciforme&#8221; [\/ezcol_1third_end]","_links":{"self":[{"href":"https:\/\/www.ciencianews.com.br\/index.php\/wp-json\/wp\/v2\/pages\/5387","targetHints":{"allow":["GET"]}}],"collection":[{"href":"https:\/\/www.ciencianews.com.br\/index.php\/wp-json\/wp\/v2\/pages"}],"about":[{"href":"https:\/\/www.ciencianews.com.br\/index.php\/wp-json\/wp\/v2\/types\/page"}],"author":[{"embeddable":true,"href":"https:\/\/www.ciencianews.com.br\/index.php\/wp-json\/wp\/v2\/users\/1"}],"replies":[{"embeddable":true,"href":"https:\/\/www.ciencianews.com.br\/index.php\/wp-json\/wp\/v2\/comments?post=5387"}],"version-history":[{"count":3,"href":"https:\/\/www.ciencianews.com.br\/index.php\/wp-json\/wp\/v2\/pages\/5387\/revisions"}],"predecessor-version":[{"id":5400,"href":"https:\/\/www.ciencianews.com.br\/index.php\/wp-json\/wp\/v2\/pages\/5387\/revisions\/5400"}],"up":[{"embeddable":true,"href":"https:\/\/www.ciencianews.com.br\/index.php\/wp-json\/wp\/v2\/pages\/5381"}],"wp:attachment":[{"href":"https:\/\/www.ciencianews.com.br\/index.php\/wp-json\/wp\/v2\/media?parent=5387"}],"curies":[{"name":"wp","href":"https:\/\/api.w.org\/{rel}","templated":true}]}}